{"id":33085,"date":"2025-12-12T18:40:28","date_gmt":"2025-12-12T17:40:28","guid":{"rendered":"https:\/\/test.ecbeaute.com\/?post_type=product&#038;p=33085"},"modified":"2025-12-12T18:40:35","modified_gmt":"2025-12-12T17:40:35","slug":"evoluderm-creme-mains-monoi-hydratante-50ml","status":"publish","type":"product","link":"https:\/\/paracherkaoui.ma\/index.php\/produit\/evoluderm-creme-mains-monoi-hydratante-50ml\/","title":{"rendered":"EVOLUDERM CREME MAINS MONOI HYDRATANTE 50ML"},"content":{"rendered":"<p>Evoluderm, expert des soins sensoriels et naturels, a con\u00e7u cette cr\u00e8me mains unique pour une exp\u00e9rience de beaut\u00e9 et de bien-\u00eatre inoubliable :<br \/>\nFormule Naturelle et V\u00e9gane : L&rsquo;Engagement pour la Douceur ! Cette cr\u00e8me mains est une v\u00e9ritable prouesse de naturalit\u00e9, compos\u00e9e \u00e0 97% d\u2019Ingr\u00e9dients d\u2019Origine Naturelle et V\u00e9gan. Cet engagement fort refl\u00e8te la volont\u00e9 de proposer des produits respectueux de votre peau et de l&rsquo;environnement. Vous pouvez prendre soin de vos mains en toute s\u00e9r\u00e9nit\u00e9, en phase avec vos valeurs.<br \/>\nHydrate et Adoucit la Peau d\u00e8s la Premi\u00e8re Application : L&rsquo;Efficacit\u00e9 Imm\u00e9diate ! Gr\u00e2ce \u00e0 sa formule riche, la Cr\u00e8me Mains Mono\u00ef hydrate et adoucit la peau d\u00e8s la premi\u00e8re application. Elle p\u00e9n\u00e8tre rapidement pour restaurer le film hydrolipidique de l&rsquo;\u00e9piderme, luttant contre la s\u00e9cheresse et les sensations de tiraillement. Vos mains retrouvent instantan\u00e9ment confort et souplesse, pour une douceur incomparable.<br \/>\nSoin Ancestral au Mono\u00ef de Tahiti : L&rsquo;\u00c9lixir des \u00celes ! L&rsquo;ingr\u00e9dient star de cette cr\u00e8me est le pr\u00e9cieux Mono\u00ef de Tahiti, un soin ancestral venu de Polyn\u00e9sie. Cet \u00e9lixir de beaut\u00e9 poss\u00e8de de multiples vertus : il a des propri\u00e9t\u00e9s hydratantes et protectrices, tout en stimulant l\u2019activit\u00e9 cellulaire. Il r\u00e9pare les peaux ab\u00eem\u00e9es et les prot\u00e8ge des agressions ext\u00e9rieures, garantissant une efficacit\u00e9 durable.<br \/>\nTexture L\u00e9g\u00e8re et P\u00e9n\u00e9tration Facile : Un Plaisir au Quotidien ! Malgr\u00e9 sa richesse en Mono\u00ef, la texture fra\u00eeche et l\u00e9g\u00e8re de cette cr\u00e8me la rend incroyablement agr\u00e9able \u00e0 appliquer. Elle p\u00e9n\u00e8tre facilement dans la peau, sans laisser de film gras ou collant. Le r\u00e9sultat est un rendu souple et soyeux, vous permettant de reprendre vos activit\u00e9s imm\u00e9diatement apr\u00e8s l&rsquo;application.<br \/>\nConseils d&rsquo;utilisation :<br \/>\nAppliquez une noisette de cr\u00e8me sur le dos de chacune de vos mains, puis massez d\u00e9licatement jusqu&rsquo;\u00e0 absorption compl\u00e8te. Renouvelez l\u2019op\u00e9ration autant de fois que n\u00e9cessaire au cours de la journ\u00e9e. N\u2019h\u00e9sitez pas \u00e0 insister sur le contour des ongles pour une nutrition cibl\u00e9e des cuticules.<br \/>\nComposition :<br \/>\nWATER (AQUA), GLYCERIN, CETEARYL ALCOHOL, STEARIC ACID, PALMITIC ACID, BUTYROSPERMUM PARKII (SHEA) BUTTER EXTRACT, COCOS NUCIFERA (COCONUT) OIL, CETEARETH-33, PENTYLENE GLYCOL, FRAGRANCE (PARFUM), SODIUM BENZOATE, CHLORPHENESIN, CARBOMER, SODIUM HYDROXIDE, GARDENIA TAITENSIS FLOWER, TOCOPHEROL, HYDROXYCITRONELLAL, AMYL CINNAMAL, HEXYL CINNAMAL, LINALOOL, ALPHA-ISOMETHYL IONONE, GERANIOL.<\/p>\n","protected":false},"excerpt":{"rendered":"<p>Evoluderm, expert des soins sensoriels et naturels, a con\u00e7u cette cr\u00e8me mains unique pour une exp\u00e9rience de beaut\u00e9 et de<\/p>\n","protected":false},"featured_media":33125,"comment_status":"open","ping_status":"closed","template":"","meta":[],"product_brand":[598],"product_cat":[599],"product_tag":[],"class_list":{"0":"post-33085","1":"product","2":"type-product","3":"status-publish","4":"has-post-thumbnail","6":"product_brand-evoluderm","7":"product_cat-soins-mains-et-pieds","9":"first","10":"instock","11":"sale","12":"shipping-taxable","13":"purchasable","14":"product-type-simple"},"yoast_head":"<!-- This site is optimized with the Yoast SEO plugin v26.6 - https:\/\/yoast.com\/wordpress\/plugins\/seo\/ -->\r\n<title>EVOLUDERM CREME MAINS MONOI HYDRATANTE 50ML - Paracherkaoui.ma<\/title>\r\n<meta name=\"robots\" content=\"index, follow, max-snippet:-1, max-image-preview:large, max-video-preview:-1\" \/>\r\n<link rel=\"canonical\" href=\"https:\/\/paracherkaoui.ma\/index.php\/produit\/evoluderm-creme-mains-monoi-hydratante-50ml\/\" \/>\r\n<meta property=\"og:locale\" content=\"fr_FR\" \/>\r\n<meta property=\"og:type\" content=\"article\" \/>\r\n<meta property=\"og:title\" content=\"EVOLUDERM CREME MAINS MONOI HYDRATANTE 50ML - Paracherkaoui.ma\" \/>\r\n<meta property=\"og:description\" content=\"Evoluderm, expert des soins sensoriels et naturels, a con\u00e7u cette cr\u00e8me mains unique pour une exp\u00e9rience de beaut\u00e9 et de\" \/>\r\n<meta property=\"og:url\" content=\"https:\/\/paracherkaoui.ma\/index.php\/produit\/evoluderm-creme-mains-monoi-hydratante-50ml\/\" \/>\r\n<meta property=\"og:site_name\" content=\"Paracherkaoui.ma\" \/>\r\n<meta property=\"article:modified_time\" content=\"2025-12-12T17:40:35+00:00\" \/>\r\n<meta property=\"og:image\" content=\"https:\/\/paracherkaoui.ma\/wp-content\/uploads\/2025\/12\/evoluderm-creme-mains-monoi-hydratante-50ml.jpg\" \/>\r\n\t<meta property=\"og:image:width\" content=\"700\" \/>\r\n\t<meta property=\"og:image:height\" content=\"700\" \/>\r\n\t<meta property=\"og:image:type\" content=\"image\/jpeg\" \/>\r\n<meta name=\"twitter:card\" content=\"summary_large_image\" \/>\r\n<meta name=\"twitter:label1\" content=\"Dur\u00e9e de lecture estim\u00e9e\" \/>\n\t<meta name=\"twitter:data1\" content=\"2 minutes\" \/>\r\n<script type=\"application\/ld+json\" class=\"yoast-schema-graph\">{\"@context\":\"https:\/\/schema.org\",\"@graph\":[{\"@type\":\"WebPage\",\"@id\":\"https:\/\/paracherkaoui.ma\/index.php\/produit\/evoluderm-creme-mains-monoi-hydratante-50ml\/\",\"url\":\"https:\/\/paracherkaoui.ma\/index.php\/produit\/evoluderm-creme-mains-monoi-hydratante-50ml\/\",\"name\":\"EVOLUDERM CREME MAINS MONOI HYDRATANTE 50ML - Paracherkaoui.ma\",\"isPartOf\":{\"@id\":\"https:\/\/paracherkaoui.ma\/#website\"},\"primaryImageOfPage\":{\"@id\":\"https:\/\/paracherkaoui.ma\/index.php\/produit\/evoluderm-creme-mains-monoi-hydratante-50ml\/#primaryimage\"},\"image\":{\"@id\":\"https:\/\/paracherkaoui.ma\/index.php\/produit\/evoluderm-creme-mains-monoi-hydratante-50ml\/#primaryimage\"},\"thumbnailUrl\":\"https:\/\/paracherkaoui.ma\/wp-content\/uploads\/2025\/12\/evoluderm-creme-mains-monoi-hydratante-50ml.jpg\",\"datePublished\":\"2025-12-12T17:40:28+00:00\",\"dateModified\":\"2025-12-12T17:40:35+00:00\",\"breadcrumb\":{\"@id\":\"https:\/\/paracherkaoui.ma\/index.php\/produit\/evoluderm-creme-mains-monoi-hydratante-50ml\/#breadcrumb\"},\"inLanguage\":\"fr-FR\",\"potentialAction\":[{\"@type\":\"ReadAction\",\"target\":[\"https:\/\/paracherkaoui.ma\/index.php\/produit\/evoluderm-creme-mains-monoi-hydratante-50ml\/\"]}]},{\"@type\":\"ImageObject\",\"inLanguage\":\"fr-FR\",\"@id\":\"https:\/\/paracherkaoui.ma\/index.php\/produit\/evoluderm-creme-mains-monoi-hydratante-50ml\/#primaryimage\",\"url\":\"https:\/\/paracherkaoui.ma\/wp-content\/uploads\/2025\/12\/evoluderm-creme-mains-monoi-hydratante-50ml.jpg\",\"contentUrl\":\"https:\/\/paracherkaoui.ma\/wp-content\/uploads\/2025\/12\/evoluderm-creme-mains-monoi-hydratante-50ml.jpg\",\"width\":700,\"height\":700},{\"@type\":\"BreadcrumbList\",\"@id\":\"https:\/\/paracherkaoui.ma\/index.php\/produit\/evoluderm-creme-mains-monoi-hydratante-50ml\/#breadcrumb\",\"itemListElement\":[{\"@type\":\"ListItem\",\"position\":1,\"name\":\"Accueil\",\"item\":\"https:\/\/paracherkaoui.ma\/\"},{\"@type\":\"ListItem\",\"position\":2,\"name\":\"Boutique\",\"item\":\"https:\/\/paracherkaoui.ma\/index.php\/boutique\/\"},{\"@type\":\"ListItem\",\"position\":3,\"name\":\"EVOLUDERM CREME MAINS MONOI HYDRATANTE 50ML\"}]},{\"@type\":\"WebSite\",\"@id\":\"https:\/\/paracherkaoui.ma\/#website\",\"url\":\"https:\/\/paracherkaoui.ma\/\",\"name\":\"Paracherkaoui.ma\",\"description\":\"Achetez en ligne sur Paracherkaoui.ma\",\"potentialAction\":[{\"@type\":\"SearchAction\",\"target\":{\"@type\":\"EntryPoint\",\"urlTemplate\":\"https:\/\/paracherkaoui.ma\/?s={search_term_string}\"},\"query-input\":{\"@type\":\"PropertyValueSpecification\",\"valueRequired\":true,\"valueName\":\"search_term_string\"}}],\"inLanguage\":\"fr-FR\"}]}<\/script>\r\n<!-- \/ Yoast SEO plugin. -->","yoast_head_json":{"title":"EVOLUDERM CREME MAINS MONOI HYDRATANTE 50ML - Paracherkaoui.ma","robots":{"index":"index","follow":"follow","max-snippet":"max-snippet:-1","max-image-preview":"max-image-preview:large","max-video-preview":"max-video-preview:-1"},"canonical":"https:\/\/paracherkaoui.ma\/index.php\/produit\/evoluderm-creme-mains-monoi-hydratante-50ml\/","og_locale":"fr_FR","og_type":"article","og_title":"EVOLUDERM CREME MAINS MONOI HYDRATANTE 50ML - Paracherkaoui.ma","og_description":"Evoluderm, expert des soins sensoriels et naturels, a con\u00e7u cette cr\u00e8me mains unique pour une exp\u00e9rience de beaut\u00e9 et de","og_url":"https:\/\/paracherkaoui.ma\/index.php\/produit\/evoluderm-creme-mains-monoi-hydratante-50ml\/","og_site_name":"Paracherkaoui.ma","article_modified_time":"2025-12-12T17:40:35+00:00","og_image":[{"width":700,"height":700,"url":"https:\/\/paracherkaoui.ma\/wp-content\/uploads\/2025\/12\/evoluderm-creme-mains-monoi-hydratante-50ml.jpg","type":"image\/jpeg"}],"twitter_card":"summary_large_image","twitter_misc":{"Dur\u00e9e de lecture estim\u00e9e":"2 minutes"},"schema":{"@context":"https:\/\/schema.org","@graph":[{"@type":"WebPage","@id":"https:\/\/paracherkaoui.ma\/index.php\/produit\/evoluderm-creme-mains-monoi-hydratante-50ml\/","url":"https:\/\/paracherkaoui.ma\/index.php\/produit\/evoluderm-creme-mains-monoi-hydratante-50ml\/","name":"EVOLUDERM CREME MAINS MONOI HYDRATANTE 50ML - Paracherkaoui.ma","isPartOf":{"@id":"https:\/\/paracherkaoui.ma\/#website"},"primaryImageOfPage":{"@id":"https:\/\/paracherkaoui.ma\/index.php\/produit\/evoluderm-creme-mains-monoi-hydratante-50ml\/#primaryimage"},"image":{"@id":"https:\/\/paracherkaoui.ma\/index.php\/produit\/evoluderm-creme-mains-monoi-hydratante-50ml\/#primaryimage"},"thumbnailUrl":"https:\/\/paracherkaoui.ma\/wp-content\/uploads\/2025\/12\/evoluderm-creme-mains-monoi-hydratante-50ml.jpg","datePublished":"2025-12-12T17:40:28+00:00","dateModified":"2025-12-12T17:40:35+00:00","breadcrumb":{"@id":"https:\/\/paracherkaoui.ma\/index.php\/produit\/evoluderm-creme-mains-monoi-hydratante-50ml\/#breadcrumb"},"inLanguage":"fr-FR","potentialAction":[{"@type":"ReadAction","target":["https:\/\/paracherkaoui.ma\/index.php\/produit\/evoluderm-creme-mains-monoi-hydratante-50ml\/"]}]},{"@type":"ImageObject","inLanguage":"fr-FR","@id":"https:\/\/paracherkaoui.ma\/index.php\/produit\/evoluderm-creme-mains-monoi-hydratante-50ml\/#primaryimage","url":"https:\/\/paracherkaoui.ma\/wp-content\/uploads\/2025\/12\/evoluderm-creme-mains-monoi-hydratante-50ml.jpg","contentUrl":"https:\/\/paracherkaoui.ma\/wp-content\/uploads\/2025\/12\/evoluderm-creme-mains-monoi-hydratante-50ml.jpg","width":700,"height":700},{"@type":"BreadcrumbList","@id":"https:\/\/paracherkaoui.ma\/index.php\/produit\/evoluderm-creme-mains-monoi-hydratante-50ml\/#breadcrumb","itemListElement":[{"@type":"ListItem","position":1,"name":"Accueil","item":"https:\/\/paracherkaoui.ma\/"},{"@type":"ListItem","position":2,"name":"Boutique","item":"https:\/\/paracherkaoui.ma\/index.php\/boutique\/"},{"@type":"ListItem","position":3,"name":"EVOLUDERM CREME MAINS MONOI HYDRATANTE 50ML"}]},{"@type":"WebSite","@id":"https:\/\/paracherkaoui.ma\/#website","url":"https:\/\/paracherkaoui.ma\/","name":"Paracherkaoui.ma","description":"Achetez en ligne sur Paracherkaoui.ma","potentialAction":[{"@type":"SearchAction","target":{"@type":"EntryPoint","urlTemplate":"https:\/\/paracherkaoui.ma\/?s={search_term_string}"},"query-input":{"@type":"PropertyValueSpecification","valueRequired":true,"valueName":"search_term_string"}}],"inLanguage":"fr-FR"}]}},"_links":{"self":[{"href":"https:\/\/paracherkaoui.ma\/index.php\/wp-json\/wp\/v2\/product\/33085","targetHints":{"allow":["GET"]}}],"collection":[{"href":"https:\/\/paracherkaoui.ma\/index.php\/wp-json\/wp\/v2\/product"}],"about":[{"href":"https:\/\/paracherkaoui.ma\/index.php\/wp-json\/wp\/v2\/types\/product"}],"replies":[{"embeddable":true,"href":"https:\/\/paracherkaoui.ma\/index.php\/wp-json\/wp\/v2\/comments?post=33085"}],"version-history":[{"count":1,"href":"https:\/\/paracherkaoui.ma\/index.php\/wp-json\/wp\/v2\/product\/33085\/revisions"}],"predecessor-version":[{"id":33126,"href":"https:\/\/paracherkaoui.ma\/index.php\/wp-json\/wp\/v2\/product\/33085\/revisions\/33126"}],"wp:featuredmedia":[{"embeddable":true,"href":"https:\/\/paracherkaoui.ma\/index.php\/wp-json\/wp\/v2\/media\/33125"}],"wp:attachment":[{"href":"https:\/\/paracherkaoui.ma\/index.php\/wp-json\/wp\/v2\/media?parent=33085"}],"wp:term":[{"taxonomy":"product_brand","embeddable":true,"href":"https:\/\/paracherkaoui.ma\/index.php\/wp-json\/wp\/v2\/product_brand?post=33085"},{"taxonomy":"product_cat","embeddable":true,"href":"https:\/\/paracherkaoui.ma\/index.php\/wp-json\/wp\/v2\/product_cat?post=33085"},{"taxonomy":"product_tag","embeddable":true,"href":"https:\/\/paracherkaoui.ma\/index.php\/wp-json\/wp\/v2\/product_tag?post=33085"}],"curies":[{"name":"wp","href":"https:\/\/api.w.org\/{rel}","templated":true}]}}