{"id":33081,"date":"2025-12-12T18:40:27","date_gmt":"2025-12-12T17:40:27","guid":{"rendered":"https:\/\/test.ecbeaute.com\/?post_type=product&#038;p=33081"},"modified":"2025-12-12T18:40:32","modified_gmt":"2025-12-12T17:40:32","slug":"beter-natural-fiber-2-limes-a-ongles-sans-plastique","status":"publish","type":"product","link":"https:\/\/paracherkaoui.ma\/index.php\/produit\/beter-natural-fiber-2-limes-a-ongles-sans-plastique\/","title":{"rendered":"BETER NATURAL FIBER 2 LIMES A ONGLES SANS PLASTIQUE"},"content":{"rendered":"<p>Prenez soin de vos ongles avec ce lot de 2 limes \u00e0 ongles en bois et corindon abrasif, parfaites pour un limage efficace et respectueux de la structure de l\u2019ongle. Con\u00e7ues pour raccourcir et fa\u00e7onner vos ongles sans les fragiliser, elles offrent un double grain pour une finition impeccable.<br \/>\n\u2714 C\u00f4t\u00e9 gros grain (120\/180) : id\u00e9al pour raccourcir et donner la forme souhait\u00e9e.<br \/>\n\u2714 C\u00f4t\u00e9 grain fin (220) : parfait pour affiner et lisser les bords des ongles avec pr\u00e9cision.<br \/>\nGr\u00e2ce \u00e0 leur design ergonomique et leur mat\u00e9riau naturel, ces limes garantissent une prise en main facile et un confort d\u2019utilisation optimal. Elles conviennent aussi bien aux ongles naturels qu\u2019aux faux ongles, assurant un r\u00e9sultat net et soign\u00e9 \u00e0 chaque utilisation.<br \/>\nConseils d\u2019utilisation :<br \/>\nUtilisez le c\u00f4t\u00e9 gros grain (120\/180) pour raccourcir vos ongles en douceur.<br \/>\nAffinez et lissez avec le c\u00f4t\u00e9 grain fin (220) pour une finition soign\u00e9e.<br \/>\nLimez toujours dans le m\u00eame sens, de l\u2019ext\u00e9rieur vers l\u2019int\u00e9rieur, pour \u00e9viter le d\u00e9doublement.<\/p>\n","protected":false},"excerpt":{"rendered":"<p>Prenez soin de vos ongles avec ce lot de 2 limes \u00e0 ongles en bois et corindon abrasif, parfaites pour<\/p>\n","protected":false},"featured_media":33117,"comment_status":"open","ping_status":"closed","template":"","meta":[],"product_brand":[400],"product_cat":[599],"product_tag":[],"class_list":{"0":"post-33081","1":"product","2":"type-product","3":"status-publish","4":"has-post-thumbnail","6":"product_brand-beter","7":"product_cat-soins-mains-et-pieds","9":"first","10":"instock","11":"sale","12":"shipping-taxable","13":"purchasable","14":"product-type-simple"},"yoast_head":"<!-- This site is optimized with the Yoast SEO plugin v26.6 - https:\/\/yoast.com\/wordpress\/plugins\/seo\/ -->\r\n<title>BETER NATURAL FIBER 2 LIMES A ONGLES SANS PLASTIQUE - Paracherkaoui.ma<\/title>\r\n<meta name=\"robots\" content=\"index, follow, max-snippet:-1, max-image-preview:large, max-video-preview:-1\" \/>\r\n<link rel=\"canonical\" href=\"https:\/\/paracherkaoui.ma\/index.php\/produit\/beter-natural-fiber-2-limes-a-ongles-sans-plastique\/\" \/>\r\n<meta property=\"og:locale\" content=\"fr_FR\" \/>\r\n<meta property=\"og:type\" content=\"article\" \/>\r\n<meta property=\"og:title\" content=\"BETER NATURAL FIBER 2 LIMES A ONGLES SANS PLASTIQUE - Paracherkaoui.ma\" \/>\r\n<meta property=\"og:description\" content=\"Prenez soin de vos ongles avec ce lot de 2 limes \u00e0 ongles en bois et corindon abrasif, parfaites pour\" \/>\r\n<meta property=\"og:url\" content=\"https:\/\/paracherkaoui.ma\/index.php\/produit\/beter-natural-fiber-2-limes-a-ongles-sans-plastique\/\" \/>\r\n<meta property=\"og:site_name\" content=\"Paracherkaoui.ma\" \/>\r\n<meta property=\"article:modified_time\" content=\"2025-12-12T17:40:32+00:00\" \/>\r\n<meta property=\"og:image\" content=\"https:\/\/paracherkaoui.ma\/wp-content\/uploads\/2025\/12\/beter-beter-natural-fiber-2-limes-a-ongles-sans-plastique-soins-mains-et-pieds.jpg\" \/>\r\n\t<meta property=\"og:image:width\" content=\"700\" \/>\r\n\t<meta property=\"og:image:height\" content=\"700\" \/>\r\n\t<meta property=\"og:image:type\" content=\"image\/jpeg\" \/>\r\n<meta name=\"twitter:card\" content=\"summary_large_image\" \/>\r\n<meta name=\"twitter:label1\" content=\"Dur\u00e9e de lecture estim\u00e9e\" \/>\n\t<meta name=\"twitter:data1\" content=\"1 minute\" \/>\r\n<script type=\"application\/ld+json\" class=\"yoast-schema-graph\">{\"@context\":\"https:\/\/schema.org\",\"@graph\":[{\"@type\":\"WebPage\",\"@id\":\"https:\/\/paracherkaoui.ma\/index.php\/produit\/beter-natural-fiber-2-limes-a-ongles-sans-plastique\/\",\"url\":\"https:\/\/paracherkaoui.ma\/index.php\/produit\/beter-natural-fiber-2-limes-a-ongles-sans-plastique\/\",\"name\":\"BETER NATURAL FIBER 2 LIMES A ONGLES SANS PLASTIQUE - Paracherkaoui.ma\",\"isPartOf\":{\"@id\":\"https:\/\/paracherkaoui.ma\/#website\"},\"primaryImageOfPage\":{\"@id\":\"https:\/\/paracherkaoui.ma\/index.php\/produit\/beter-natural-fiber-2-limes-a-ongles-sans-plastique\/#primaryimage\"},\"image\":{\"@id\":\"https:\/\/paracherkaoui.ma\/index.php\/produit\/beter-natural-fiber-2-limes-a-ongles-sans-plastique\/#primaryimage\"},\"thumbnailUrl\":\"https:\/\/paracherkaoui.ma\/wp-content\/uploads\/2025\/12\/beter-beter-natural-fiber-2-limes-a-ongles-sans-plastique-soins-mains-et-pieds.jpg\",\"datePublished\":\"2025-12-12T17:40:27+00:00\",\"dateModified\":\"2025-12-12T17:40:32+00:00\",\"breadcrumb\":{\"@id\":\"https:\/\/paracherkaoui.ma\/index.php\/produit\/beter-natural-fiber-2-limes-a-ongles-sans-plastique\/#breadcrumb\"},\"inLanguage\":\"fr-FR\",\"potentialAction\":[{\"@type\":\"ReadAction\",\"target\":[\"https:\/\/paracherkaoui.ma\/index.php\/produit\/beter-natural-fiber-2-limes-a-ongles-sans-plastique\/\"]}]},{\"@type\":\"ImageObject\",\"inLanguage\":\"fr-FR\",\"@id\":\"https:\/\/paracherkaoui.ma\/index.php\/produit\/beter-natural-fiber-2-limes-a-ongles-sans-plastique\/#primaryimage\",\"url\":\"https:\/\/paracherkaoui.ma\/wp-content\/uploads\/2025\/12\/beter-beter-natural-fiber-2-limes-a-ongles-sans-plastique-soins-mains-et-pieds.jpg\",\"contentUrl\":\"https:\/\/paracherkaoui.ma\/wp-content\/uploads\/2025\/12\/beter-beter-natural-fiber-2-limes-a-ongles-sans-plastique-soins-mains-et-pieds.jpg\",\"width\":700,\"height\":700},{\"@type\":\"BreadcrumbList\",\"@id\":\"https:\/\/paracherkaoui.ma\/index.php\/produit\/beter-natural-fiber-2-limes-a-ongles-sans-plastique\/#breadcrumb\",\"itemListElement\":[{\"@type\":\"ListItem\",\"position\":1,\"name\":\"Accueil\",\"item\":\"https:\/\/paracherkaoui.ma\/\"},{\"@type\":\"ListItem\",\"position\":2,\"name\":\"Boutique\",\"item\":\"https:\/\/paracherkaoui.ma\/index.php\/boutique\/\"},{\"@type\":\"ListItem\",\"position\":3,\"name\":\"BETER NATURAL FIBER 2 LIMES A ONGLES SANS PLASTIQUE\"}]},{\"@type\":\"WebSite\",\"@id\":\"https:\/\/paracherkaoui.ma\/#website\",\"url\":\"https:\/\/paracherkaoui.ma\/\",\"name\":\"Paracherkaoui.ma\",\"description\":\"Achetez en ligne sur Paracherkaoui.ma\",\"potentialAction\":[{\"@type\":\"SearchAction\",\"target\":{\"@type\":\"EntryPoint\",\"urlTemplate\":\"https:\/\/paracherkaoui.ma\/?s={search_term_string}\"},\"query-input\":{\"@type\":\"PropertyValueSpecification\",\"valueRequired\":true,\"valueName\":\"search_term_string\"}}],\"inLanguage\":\"fr-FR\"}]}<\/script>\r\n<!-- \/ Yoast SEO plugin. -->","yoast_head_json":{"title":"BETER NATURAL FIBER 2 LIMES A ONGLES SANS PLASTIQUE - Paracherkaoui.ma","robots":{"index":"index","follow":"follow","max-snippet":"max-snippet:-1","max-image-preview":"max-image-preview:large","max-video-preview":"max-video-preview:-1"},"canonical":"https:\/\/paracherkaoui.ma\/index.php\/produit\/beter-natural-fiber-2-limes-a-ongles-sans-plastique\/","og_locale":"fr_FR","og_type":"article","og_title":"BETER NATURAL FIBER 2 LIMES A ONGLES SANS PLASTIQUE - Paracherkaoui.ma","og_description":"Prenez soin de vos ongles avec ce lot de 2 limes \u00e0 ongles en bois et corindon abrasif, parfaites pour","og_url":"https:\/\/paracherkaoui.ma\/index.php\/produit\/beter-natural-fiber-2-limes-a-ongles-sans-plastique\/","og_site_name":"Paracherkaoui.ma","article_modified_time":"2025-12-12T17:40:32+00:00","og_image":[{"width":700,"height":700,"url":"https:\/\/paracherkaoui.ma\/wp-content\/uploads\/2025\/12\/beter-beter-natural-fiber-2-limes-a-ongles-sans-plastique-soins-mains-et-pieds.jpg","type":"image\/jpeg"}],"twitter_card":"summary_large_image","twitter_misc":{"Dur\u00e9e de lecture estim\u00e9e":"1 minute"},"schema":{"@context":"https:\/\/schema.org","@graph":[{"@type":"WebPage","@id":"https:\/\/paracherkaoui.ma\/index.php\/produit\/beter-natural-fiber-2-limes-a-ongles-sans-plastique\/","url":"https:\/\/paracherkaoui.ma\/index.php\/produit\/beter-natural-fiber-2-limes-a-ongles-sans-plastique\/","name":"BETER NATURAL FIBER 2 LIMES A ONGLES SANS PLASTIQUE - Paracherkaoui.ma","isPartOf":{"@id":"https:\/\/paracherkaoui.ma\/#website"},"primaryImageOfPage":{"@id":"https:\/\/paracherkaoui.ma\/index.php\/produit\/beter-natural-fiber-2-limes-a-ongles-sans-plastique\/#primaryimage"},"image":{"@id":"https:\/\/paracherkaoui.ma\/index.php\/produit\/beter-natural-fiber-2-limes-a-ongles-sans-plastique\/#primaryimage"},"thumbnailUrl":"https:\/\/paracherkaoui.ma\/wp-content\/uploads\/2025\/12\/beter-beter-natural-fiber-2-limes-a-ongles-sans-plastique-soins-mains-et-pieds.jpg","datePublished":"2025-12-12T17:40:27+00:00","dateModified":"2025-12-12T17:40:32+00:00","breadcrumb":{"@id":"https:\/\/paracherkaoui.ma\/index.php\/produit\/beter-natural-fiber-2-limes-a-ongles-sans-plastique\/#breadcrumb"},"inLanguage":"fr-FR","potentialAction":[{"@type":"ReadAction","target":["https:\/\/paracherkaoui.ma\/index.php\/produit\/beter-natural-fiber-2-limes-a-ongles-sans-plastique\/"]}]},{"@type":"ImageObject","inLanguage":"fr-FR","@id":"https:\/\/paracherkaoui.ma\/index.php\/produit\/beter-natural-fiber-2-limes-a-ongles-sans-plastique\/#primaryimage","url":"https:\/\/paracherkaoui.ma\/wp-content\/uploads\/2025\/12\/beter-beter-natural-fiber-2-limes-a-ongles-sans-plastique-soins-mains-et-pieds.jpg","contentUrl":"https:\/\/paracherkaoui.ma\/wp-content\/uploads\/2025\/12\/beter-beter-natural-fiber-2-limes-a-ongles-sans-plastique-soins-mains-et-pieds.jpg","width":700,"height":700},{"@type":"BreadcrumbList","@id":"https:\/\/paracherkaoui.ma\/index.php\/produit\/beter-natural-fiber-2-limes-a-ongles-sans-plastique\/#breadcrumb","itemListElement":[{"@type":"ListItem","position":1,"name":"Accueil","item":"https:\/\/paracherkaoui.ma\/"},{"@type":"ListItem","position":2,"name":"Boutique","item":"https:\/\/paracherkaoui.ma\/index.php\/boutique\/"},{"@type":"ListItem","position":3,"name":"BETER NATURAL FIBER 2 LIMES A ONGLES SANS PLASTIQUE"}]},{"@type":"WebSite","@id":"https:\/\/paracherkaoui.ma\/#website","url":"https:\/\/paracherkaoui.ma\/","name":"Paracherkaoui.ma","description":"Achetez en ligne sur Paracherkaoui.ma","potentialAction":[{"@type":"SearchAction","target":{"@type":"EntryPoint","urlTemplate":"https:\/\/paracherkaoui.ma\/?s={search_term_string}"},"query-input":{"@type":"PropertyValueSpecification","valueRequired":true,"valueName":"search_term_string"}}],"inLanguage":"fr-FR"}]}},"_links":{"self":[{"href":"https:\/\/paracherkaoui.ma\/index.php\/wp-json\/wp\/v2\/product\/33081","targetHints":{"allow":["GET"]}}],"collection":[{"href":"https:\/\/paracherkaoui.ma\/index.php\/wp-json\/wp\/v2\/product"}],"about":[{"href":"https:\/\/paracherkaoui.ma\/index.php\/wp-json\/wp\/v2\/types\/product"}],"replies":[{"embeddable":true,"href":"https:\/\/paracherkaoui.ma\/index.php\/wp-json\/wp\/v2\/comments?post=33081"}],"version-history":[{"count":1,"href":"https:\/\/paracherkaoui.ma\/index.php\/wp-json\/wp\/v2\/product\/33081\/revisions"}],"predecessor-version":[{"id":33118,"href":"https:\/\/paracherkaoui.ma\/index.php\/wp-json\/wp\/v2\/product\/33081\/revisions\/33118"}],"wp:featuredmedia":[{"embeddable":true,"href":"https:\/\/paracherkaoui.ma\/index.php\/wp-json\/wp\/v2\/media\/33117"}],"wp:attachment":[{"href":"https:\/\/paracherkaoui.ma\/index.php\/wp-json\/wp\/v2\/media?parent=33081"}],"wp:term":[{"taxonomy":"product_brand","embeddable":true,"href":"https:\/\/paracherkaoui.ma\/index.php\/wp-json\/wp\/v2\/product_brand?post=33081"},{"taxonomy":"product_cat","embeddable":true,"href":"https:\/\/paracherkaoui.ma\/index.php\/wp-json\/wp\/v2\/product_cat?post=33081"},{"taxonomy":"product_tag","embeddable":true,"href":"https:\/\/paracherkaoui.ma\/index.php\/wp-json\/wp\/v2\/product_tag?post=33081"}],"curies":[{"name":"wp","href":"https:\/\/api.w.org\/{rel}","templated":true}]}}