{"id":33029,"date":"2025-12-12T18:40:13","date_gmt":"2025-12-12T17:40:13","guid":{"rendered":"https:\/\/test.ecbeaute.com\/?post_type=product&#038;p=33029"},"modified":"2025-12-12T18:40:16","modified_gmt":"2025-12-12T17:40:16","slug":"mavala-mava-soin-extreme-pour-les-mains-50ml","status":"publish","type":"product","link":"https:\/\/paracherkaoui.ma\/index.php\/produit\/mavala-mava-soin-extreme-pour-les-mains-50ml\/","title":{"rendered":"MAVALA mava+ soin extreme pour les mains 50ml"},"content":{"rendered":"<p>La cr\u00e8me \u00e0 mains\u00a0MAVA+\u00a0apporte confort aux mains tr\u00e8s s\u00e8ches ou ab\u00eem\u00e9es par des facteurs externes en tout genre (froid, s\u00e9cheresse, variations brutales de temp\u00e9rature, vent, usage de solvants, de d\u00e9tergents). En effet, un complexe v\u00e9g\u00e9tal avec huiles de vip\u00e9rine, de tournesol et pois de merveille forme un bouclier protecteur et filmog\u00e8ne. Le beurre de karit\u00e9, nourrissant et adoucissant, et le bisabolol apaisent la peau tr\u00e8s s\u00e8che, qui \u201ctiraille\u201c. Les bienfaits imm\u00e9diats et \u00e0 long terme: apaisement, douceur, souplesse. Sans parfum.<br \/>\nConseils d&rsquo;utilisation :<br \/>\nA utiliser tous les jours, aussi souvent que souhait\u00e9. Appliquer une noisette de produit sur le dos de la main et masser g\u00e9n\u00e9reusement en insistant sur les zones tr\u00e8s s\u00e8ches, tr\u00e8s irrit\u00e9es.<\/p>\n","protected":false},"excerpt":{"rendered":"<p>La cr\u00e8me \u00e0 mains\u00a0MAVA+\u00a0apporte confort aux mains tr\u00e8s s\u00e8ches ou ab\u00eem\u00e9es par des facteurs externes en tout genre (froid, s\u00e9cheresse,<\/p>\n","protected":false},"featured_media":33061,"comment_status":"open","ping_status":"closed","template":"","meta":[],"product_brand":[546],"product_cat":[599],"product_tag":[],"class_list":{"0":"post-33029","1":"product","2":"type-product","3":"status-publish","4":"has-post-thumbnail","6":"product_brand-mavala","7":"product_cat-soins-mains-et-pieds","9":"first","10":"instock","11":"shipping-taxable","12":"purchasable","13":"product-type-simple"},"yoast_head":"<!-- This site is optimized with the Yoast SEO plugin v26.6 - https:\/\/yoast.com\/wordpress\/plugins\/seo\/ -->\r\n<title>MAVALA mava+ soin extreme pour les mains 50ml - Paracherkaoui.ma<\/title>\r\n<meta name=\"robots\" content=\"index, follow, max-snippet:-1, max-image-preview:large, max-video-preview:-1\" \/>\r\n<link rel=\"canonical\" href=\"https:\/\/paracherkaoui.ma\/index.php\/produit\/mavala-mava-soin-extreme-pour-les-mains-50ml\/\" \/>\r\n<meta property=\"og:locale\" content=\"fr_FR\" \/>\r\n<meta property=\"og:type\" content=\"article\" \/>\r\n<meta property=\"og:title\" content=\"MAVALA mava+ soin extreme pour les mains 50ml - Paracherkaoui.ma\" \/>\r\n<meta property=\"og:description\" content=\"La cr\u00e8me \u00e0 mains\u00a0MAVA+\u00a0apporte confort aux mains tr\u00e8s s\u00e8ches ou ab\u00eem\u00e9es par des facteurs externes en tout genre (froid, s\u00e9cheresse,\" \/>\r\n<meta property=\"og:url\" content=\"https:\/\/paracherkaoui.ma\/index.php\/produit\/mavala-mava-soin-extreme-pour-les-mains-50ml\/\" \/>\r\n<meta property=\"og:site_name\" content=\"Paracherkaoui.ma\" \/>\r\n<meta property=\"article:modified_time\" content=\"2025-12-12T17:40:16+00:00\" \/>\r\n<meta property=\"og:image\" content=\"https:\/\/paracherkaoui.ma\/wp-content\/uploads\/2025\/12\/mavala-mavala-mava-soin-extreme-pour-les-mains-50ml-mains.jpg\" \/>\r\n\t<meta property=\"og:image:width\" content=\"700\" \/>\r\n\t<meta property=\"og:image:height\" content=\"700\" \/>\r\n\t<meta property=\"og:image:type\" content=\"image\/jpeg\" \/>\r\n<meta name=\"twitter:card\" content=\"summary_large_image\" \/>\r\n<meta name=\"twitter:label1\" content=\"Dur\u00e9e de lecture estim\u00e9e\" \/>\n\t<meta name=\"twitter:data1\" content=\"1 minute\" \/>\r\n<script type=\"application\/ld+json\" class=\"yoast-schema-graph\">{\"@context\":\"https:\/\/schema.org\",\"@graph\":[{\"@type\":\"WebPage\",\"@id\":\"https:\/\/paracherkaoui.ma\/index.php\/produit\/mavala-mava-soin-extreme-pour-les-mains-50ml\/\",\"url\":\"https:\/\/paracherkaoui.ma\/index.php\/produit\/mavala-mava-soin-extreme-pour-les-mains-50ml\/\",\"name\":\"MAVALA mava+ soin extreme pour les mains 50ml - Paracherkaoui.ma\",\"isPartOf\":{\"@id\":\"https:\/\/paracherkaoui.ma\/#website\"},\"primaryImageOfPage\":{\"@id\":\"https:\/\/paracherkaoui.ma\/index.php\/produit\/mavala-mava-soin-extreme-pour-les-mains-50ml\/#primaryimage\"},\"image\":{\"@id\":\"https:\/\/paracherkaoui.ma\/index.php\/produit\/mavala-mava-soin-extreme-pour-les-mains-50ml\/#primaryimage\"},\"thumbnailUrl\":\"https:\/\/paracherkaoui.ma\/wp-content\/uploads\/2025\/12\/mavala-mavala-mava-soin-extreme-pour-les-mains-50ml-mains.jpg\",\"datePublished\":\"2025-12-12T17:40:13+00:00\",\"dateModified\":\"2025-12-12T17:40:16+00:00\",\"breadcrumb\":{\"@id\":\"https:\/\/paracherkaoui.ma\/index.php\/produit\/mavala-mava-soin-extreme-pour-les-mains-50ml\/#breadcrumb\"},\"inLanguage\":\"fr-FR\",\"potentialAction\":[{\"@type\":\"ReadAction\",\"target\":[\"https:\/\/paracherkaoui.ma\/index.php\/produit\/mavala-mava-soin-extreme-pour-les-mains-50ml\/\"]}]},{\"@type\":\"ImageObject\",\"inLanguage\":\"fr-FR\",\"@id\":\"https:\/\/paracherkaoui.ma\/index.php\/produit\/mavala-mava-soin-extreme-pour-les-mains-50ml\/#primaryimage\",\"url\":\"https:\/\/paracherkaoui.ma\/wp-content\/uploads\/2025\/12\/mavala-mavala-mava-soin-extreme-pour-les-mains-50ml-mains.jpg\",\"contentUrl\":\"https:\/\/paracherkaoui.ma\/wp-content\/uploads\/2025\/12\/mavala-mavala-mava-soin-extreme-pour-les-mains-50ml-mains.jpg\",\"width\":700,\"height\":700},{\"@type\":\"BreadcrumbList\",\"@id\":\"https:\/\/paracherkaoui.ma\/index.php\/produit\/mavala-mava-soin-extreme-pour-les-mains-50ml\/#breadcrumb\",\"itemListElement\":[{\"@type\":\"ListItem\",\"position\":1,\"name\":\"Accueil\",\"item\":\"https:\/\/paracherkaoui.ma\/\"},{\"@type\":\"ListItem\",\"position\":2,\"name\":\"Boutique\",\"item\":\"https:\/\/paracherkaoui.ma\/index.php\/boutique\/\"},{\"@type\":\"ListItem\",\"position\":3,\"name\":\"MAVALA mava+ soin extreme pour les mains 50ml\"}]},{\"@type\":\"WebSite\",\"@id\":\"https:\/\/paracherkaoui.ma\/#website\",\"url\":\"https:\/\/paracherkaoui.ma\/\",\"name\":\"Paracherkaoui.ma\",\"description\":\"Achetez en ligne sur Paracherkaoui.ma\",\"potentialAction\":[{\"@type\":\"SearchAction\",\"target\":{\"@type\":\"EntryPoint\",\"urlTemplate\":\"https:\/\/paracherkaoui.ma\/?s={search_term_string}\"},\"query-input\":{\"@type\":\"PropertyValueSpecification\",\"valueRequired\":true,\"valueName\":\"search_term_string\"}}],\"inLanguage\":\"fr-FR\"}]}<\/script>\r\n<!-- \/ Yoast SEO plugin. -->","yoast_head_json":{"title":"MAVALA mava+ soin extreme pour les mains 50ml - Paracherkaoui.ma","robots":{"index":"index","follow":"follow","max-snippet":"max-snippet:-1","max-image-preview":"max-image-preview:large","max-video-preview":"max-video-preview:-1"},"canonical":"https:\/\/paracherkaoui.ma\/index.php\/produit\/mavala-mava-soin-extreme-pour-les-mains-50ml\/","og_locale":"fr_FR","og_type":"article","og_title":"MAVALA mava+ soin extreme pour les mains 50ml - Paracherkaoui.ma","og_description":"La cr\u00e8me \u00e0 mains\u00a0MAVA+\u00a0apporte confort aux mains tr\u00e8s s\u00e8ches ou ab\u00eem\u00e9es par des facteurs externes en tout genre (froid, s\u00e9cheresse,","og_url":"https:\/\/paracherkaoui.ma\/index.php\/produit\/mavala-mava-soin-extreme-pour-les-mains-50ml\/","og_site_name":"Paracherkaoui.ma","article_modified_time":"2025-12-12T17:40:16+00:00","og_image":[{"width":700,"height":700,"url":"https:\/\/paracherkaoui.ma\/wp-content\/uploads\/2025\/12\/mavala-mavala-mava-soin-extreme-pour-les-mains-50ml-mains.jpg","type":"image\/jpeg"}],"twitter_card":"summary_large_image","twitter_misc":{"Dur\u00e9e de lecture estim\u00e9e":"1 minute"},"schema":{"@context":"https:\/\/schema.org","@graph":[{"@type":"WebPage","@id":"https:\/\/paracherkaoui.ma\/index.php\/produit\/mavala-mava-soin-extreme-pour-les-mains-50ml\/","url":"https:\/\/paracherkaoui.ma\/index.php\/produit\/mavala-mava-soin-extreme-pour-les-mains-50ml\/","name":"MAVALA mava+ soin extreme pour les mains 50ml - Paracherkaoui.ma","isPartOf":{"@id":"https:\/\/paracherkaoui.ma\/#website"},"primaryImageOfPage":{"@id":"https:\/\/paracherkaoui.ma\/index.php\/produit\/mavala-mava-soin-extreme-pour-les-mains-50ml\/#primaryimage"},"image":{"@id":"https:\/\/paracherkaoui.ma\/index.php\/produit\/mavala-mava-soin-extreme-pour-les-mains-50ml\/#primaryimage"},"thumbnailUrl":"https:\/\/paracherkaoui.ma\/wp-content\/uploads\/2025\/12\/mavala-mavala-mava-soin-extreme-pour-les-mains-50ml-mains.jpg","datePublished":"2025-12-12T17:40:13+00:00","dateModified":"2025-12-12T17:40:16+00:00","breadcrumb":{"@id":"https:\/\/paracherkaoui.ma\/index.php\/produit\/mavala-mava-soin-extreme-pour-les-mains-50ml\/#breadcrumb"},"inLanguage":"fr-FR","potentialAction":[{"@type":"ReadAction","target":["https:\/\/paracherkaoui.ma\/index.php\/produit\/mavala-mava-soin-extreme-pour-les-mains-50ml\/"]}]},{"@type":"ImageObject","inLanguage":"fr-FR","@id":"https:\/\/paracherkaoui.ma\/index.php\/produit\/mavala-mava-soin-extreme-pour-les-mains-50ml\/#primaryimage","url":"https:\/\/paracherkaoui.ma\/wp-content\/uploads\/2025\/12\/mavala-mavala-mava-soin-extreme-pour-les-mains-50ml-mains.jpg","contentUrl":"https:\/\/paracherkaoui.ma\/wp-content\/uploads\/2025\/12\/mavala-mavala-mava-soin-extreme-pour-les-mains-50ml-mains.jpg","width":700,"height":700},{"@type":"BreadcrumbList","@id":"https:\/\/paracherkaoui.ma\/index.php\/produit\/mavala-mava-soin-extreme-pour-les-mains-50ml\/#breadcrumb","itemListElement":[{"@type":"ListItem","position":1,"name":"Accueil","item":"https:\/\/paracherkaoui.ma\/"},{"@type":"ListItem","position":2,"name":"Boutique","item":"https:\/\/paracherkaoui.ma\/index.php\/boutique\/"},{"@type":"ListItem","position":3,"name":"MAVALA mava+ soin extreme pour les mains 50ml"}]},{"@type":"WebSite","@id":"https:\/\/paracherkaoui.ma\/#website","url":"https:\/\/paracherkaoui.ma\/","name":"Paracherkaoui.ma","description":"Achetez en ligne sur Paracherkaoui.ma","potentialAction":[{"@type":"SearchAction","target":{"@type":"EntryPoint","urlTemplate":"https:\/\/paracherkaoui.ma\/?s={search_term_string}"},"query-input":{"@type":"PropertyValueSpecification","valueRequired":true,"valueName":"search_term_string"}}],"inLanguage":"fr-FR"}]}},"_links":{"self":[{"href":"https:\/\/paracherkaoui.ma\/index.php\/wp-json\/wp\/v2\/product\/33029","targetHints":{"allow":["GET"]}}],"collection":[{"href":"https:\/\/paracherkaoui.ma\/index.php\/wp-json\/wp\/v2\/product"}],"about":[{"href":"https:\/\/paracherkaoui.ma\/index.php\/wp-json\/wp\/v2\/types\/product"}],"replies":[{"embeddable":true,"href":"https:\/\/paracherkaoui.ma\/index.php\/wp-json\/wp\/v2\/comments?post=33029"}],"version-history":[{"count":1,"href":"https:\/\/paracherkaoui.ma\/index.php\/wp-json\/wp\/v2\/product\/33029\/revisions"}],"predecessor-version":[{"id":33062,"href":"https:\/\/paracherkaoui.ma\/index.php\/wp-json\/wp\/v2\/product\/33029\/revisions\/33062"}],"wp:featuredmedia":[{"embeddable":true,"href":"https:\/\/paracherkaoui.ma\/index.php\/wp-json\/wp\/v2\/media\/33061"}],"wp:attachment":[{"href":"https:\/\/paracherkaoui.ma\/index.php\/wp-json\/wp\/v2\/media?parent=33029"}],"wp:term":[{"taxonomy":"product_brand","embeddable":true,"href":"https:\/\/paracherkaoui.ma\/index.php\/wp-json\/wp\/v2\/product_brand?post=33029"},{"taxonomy":"product_cat","embeddable":true,"href":"https:\/\/paracherkaoui.ma\/index.php\/wp-json\/wp\/v2\/product_cat?post=33029"},{"taxonomy":"product_tag","embeddable":true,"href":"https:\/\/paracherkaoui.ma\/index.php\/wp-json\/wp\/v2\/product_tag?post=33029"}],"curies":[{"name":"wp","href":"https:\/\/api.w.org\/{rel}","templated":true}]}}