{"id":33025,"date":"2025-12-12T18:40:12","date_gmt":"2025-12-12T17:40:12","guid":{"rendered":"https:\/\/test.ecbeaute.com\/?post_type=product&#038;p=33025"},"modified":"2025-12-12T18:40:15","modified_gmt":"2025-12-12T17:40:15","slug":"mavala-cuticle-eau-emolliente-10ml","status":"publish","type":"product","link":"https:\/\/paracherkaoui.ma\/index.php\/produit\/mavala-cuticle-eau-emolliente-10ml\/","title":{"rendered":"MAVALA cuticle eau emolliente 10ml"},"content":{"rendered":"<p>L&rsquo;Eau Emolliente est une formule thixotropique qui permet d&rsquo;\u00e9liminer les peaux mortes du contour de l&rsquo;ongle en une seule application.<br \/>\nElle se pose directement sur les cuticules avec son pinceau.<br \/>\nEn quelques secondes, ces peaux mortes sont ramollies et peuvent \u00ab\u00a0s&rsquo;effacer\u00a0\u00bb \u00e0 l&rsquo;aide du b\u00e2tonnet manucure enrob\u00e9 de coton.<br \/>\nConseils d&rsquo;utilisation:<br \/>\nAppliquer \u00e0 l&rsquo;aide du pinceau une couche d&rsquo;Eau Emolliente sur le contour de l&rsquo;ongle propre et nu. Laisser agir 1 minute, puis rouler doucement les cuticules en arri\u00e8re avec le b\u00e2tonnet manucure dont le bout aura \u00e9t\u00e9 envelopp\u00e9 de coton.<br \/>\nBien se rincer les doigts ensuite.<\/p>\n","protected":false},"excerpt":{"rendered":"<p>L&rsquo;Eau Emolliente est une formule thixotropique qui permet d&rsquo;\u00e9liminer les peaux mortes du contour de l&rsquo;ongle en une seule application.<\/p>\n","protected":false},"featured_media":33053,"comment_status":"open","ping_status":"closed","template":"","meta":[],"product_brand":[546],"product_cat":[599],"product_tag":[],"class_list":{"0":"post-33025","1":"product","2":"type-product","3":"status-publish","4":"has-post-thumbnail","6":"product_brand-mavala","7":"product_cat-soins-mains-et-pieds","9":"first","10":"instock","11":"shipping-taxable","12":"purchasable","13":"product-type-simple"},"yoast_head":"<!-- This site is optimized with the Yoast SEO plugin v26.6 - https:\/\/yoast.com\/wordpress\/plugins\/seo\/ -->\r\n<title>MAVALA cuticle eau emolliente 10ml - Paracherkaoui.ma<\/title>\r\n<meta name=\"robots\" content=\"index, follow, max-snippet:-1, max-image-preview:large, max-video-preview:-1\" \/>\r\n<link rel=\"canonical\" href=\"https:\/\/paracherkaoui.ma\/index.php\/produit\/mavala-cuticle-eau-emolliente-10ml\/\" \/>\r\n<meta property=\"og:locale\" content=\"fr_FR\" \/>\r\n<meta property=\"og:type\" content=\"article\" \/>\r\n<meta property=\"og:title\" content=\"MAVALA cuticle eau emolliente 10ml - Paracherkaoui.ma\" \/>\r\n<meta property=\"og:description\" content=\"L&rsquo;Eau Emolliente est une formule thixotropique qui permet d&rsquo;\u00e9liminer les peaux mortes du contour de l&rsquo;ongle en une seule application.\" \/>\r\n<meta property=\"og:url\" content=\"https:\/\/paracherkaoui.ma\/index.php\/produit\/mavala-cuticle-eau-emolliente-10ml\/\" \/>\r\n<meta property=\"og:site_name\" content=\"Paracherkaoui.ma\" \/>\r\n<meta property=\"article:modified_time\" content=\"2025-12-12T17:40:15+00:00\" \/>\r\n<meta property=\"og:image\" content=\"https:\/\/paracherkaoui.ma\/wp-content\/uploads\/2025\/12\/mavala-mavala-cuticle-eau-emolliente-10ml-mains.jpg\" \/>\r\n\t<meta property=\"og:image:width\" content=\"700\" \/>\r\n\t<meta property=\"og:image:height\" content=\"700\" \/>\r\n\t<meta property=\"og:image:type\" content=\"image\/jpeg\" \/>\r\n<meta name=\"twitter:card\" content=\"summary_large_image\" \/>\r\n<script type=\"application\/ld+json\" class=\"yoast-schema-graph\">{\"@context\":\"https:\/\/schema.org\",\"@graph\":[{\"@type\":\"WebPage\",\"@id\":\"https:\/\/paracherkaoui.ma\/index.php\/produit\/mavala-cuticle-eau-emolliente-10ml\/\",\"url\":\"https:\/\/paracherkaoui.ma\/index.php\/produit\/mavala-cuticle-eau-emolliente-10ml\/\",\"name\":\"MAVALA cuticle eau emolliente 10ml - Paracherkaoui.ma\",\"isPartOf\":{\"@id\":\"https:\/\/paracherkaoui.ma\/#website\"},\"primaryImageOfPage\":{\"@id\":\"https:\/\/paracherkaoui.ma\/index.php\/produit\/mavala-cuticle-eau-emolliente-10ml\/#primaryimage\"},\"image\":{\"@id\":\"https:\/\/paracherkaoui.ma\/index.php\/produit\/mavala-cuticle-eau-emolliente-10ml\/#primaryimage\"},\"thumbnailUrl\":\"https:\/\/paracherkaoui.ma\/wp-content\/uploads\/2025\/12\/mavala-mavala-cuticle-eau-emolliente-10ml-mains.jpg\",\"datePublished\":\"2025-12-12T17:40:12+00:00\",\"dateModified\":\"2025-12-12T17:40:15+00:00\",\"breadcrumb\":{\"@id\":\"https:\/\/paracherkaoui.ma\/index.php\/produit\/mavala-cuticle-eau-emolliente-10ml\/#breadcrumb\"},\"inLanguage\":\"fr-FR\",\"potentialAction\":[{\"@type\":\"ReadAction\",\"target\":[\"https:\/\/paracherkaoui.ma\/index.php\/produit\/mavala-cuticle-eau-emolliente-10ml\/\"]}]},{\"@type\":\"ImageObject\",\"inLanguage\":\"fr-FR\",\"@id\":\"https:\/\/paracherkaoui.ma\/index.php\/produit\/mavala-cuticle-eau-emolliente-10ml\/#primaryimage\",\"url\":\"https:\/\/paracherkaoui.ma\/wp-content\/uploads\/2025\/12\/mavala-mavala-cuticle-eau-emolliente-10ml-mains.jpg\",\"contentUrl\":\"https:\/\/paracherkaoui.ma\/wp-content\/uploads\/2025\/12\/mavala-mavala-cuticle-eau-emolliente-10ml-mains.jpg\",\"width\":700,\"height\":700},{\"@type\":\"BreadcrumbList\",\"@id\":\"https:\/\/paracherkaoui.ma\/index.php\/produit\/mavala-cuticle-eau-emolliente-10ml\/#breadcrumb\",\"itemListElement\":[{\"@type\":\"ListItem\",\"position\":1,\"name\":\"Accueil\",\"item\":\"https:\/\/paracherkaoui.ma\/\"},{\"@type\":\"ListItem\",\"position\":2,\"name\":\"Boutique\",\"item\":\"https:\/\/paracherkaoui.ma\/index.php\/boutique\/\"},{\"@type\":\"ListItem\",\"position\":3,\"name\":\"MAVALA cuticle eau emolliente 10ml\"}]},{\"@type\":\"WebSite\",\"@id\":\"https:\/\/paracherkaoui.ma\/#website\",\"url\":\"https:\/\/paracherkaoui.ma\/\",\"name\":\"Paracherkaoui.ma\",\"description\":\"Achetez en ligne sur Paracherkaoui.ma\",\"potentialAction\":[{\"@type\":\"SearchAction\",\"target\":{\"@type\":\"EntryPoint\",\"urlTemplate\":\"https:\/\/paracherkaoui.ma\/?s={search_term_string}\"},\"query-input\":{\"@type\":\"PropertyValueSpecification\",\"valueRequired\":true,\"valueName\":\"search_term_string\"}}],\"inLanguage\":\"fr-FR\"}]}<\/script>\r\n<!-- \/ Yoast SEO plugin. -->","yoast_head_json":{"title":"MAVALA cuticle eau emolliente 10ml - Paracherkaoui.ma","robots":{"index":"index","follow":"follow","max-snippet":"max-snippet:-1","max-image-preview":"max-image-preview:large","max-video-preview":"max-video-preview:-1"},"canonical":"https:\/\/paracherkaoui.ma\/index.php\/produit\/mavala-cuticle-eau-emolliente-10ml\/","og_locale":"fr_FR","og_type":"article","og_title":"MAVALA cuticle eau emolliente 10ml - Paracherkaoui.ma","og_description":"L&rsquo;Eau Emolliente est une formule thixotropique qui permet d&rsquo;\u00e9liminer les peaux mortes du contour de l&rsquo;ongle en une seule application.","og_url":"https:\/\/paracherkaoui.ma\/index.php\/produit\/mavala-cuticle-eau-emolliente-10ml\/","og_site_name":"Paracherkaoui.ma","article_modified_time":"2025-12-12T17:40:15+00:00","og_image":[{"width":700,"height":700,"url":"https:\/\/paracherkaoui.ma\/wp-content\/uploads\/2025\/12\/mavala-mavala-cuticle-eau-emolliente-10ml-mains.jpg","type":"image\/jpeg"}],"twitter_card":"summary_large_image","schema":{"@context":"https:\/\/schema.org","@graph":[{"@type":"WebPage","@id":"https:\/\/paracherkaoui.ma\/index.php\/produit\/mavala-cuticle-eau-emolliente-10ml\/","url":"https:\/\/paracherkaoui.ma\/index.php\/produit\/mavala-cuticle-eau-emolliente-10ml\/","name":"MAVALA cuticle eau emolliente 10ml - Paracherkaoui.ma","isPartOf":{"@id":"https:\/\/paracherkaoui.ma\/#website"},"primaryImageOfPage":{"@id":"https:\/\/paracherkaoui.ma\/index.php\/produit\/mavala-cuticle-eau-emolliente-10ml\/#primaryimage"},"image":{"@id":"https:\/\/paracherkaoui.ma\/index.php\/produit\/mavala-cuticle-eau-emolliente-10ml\/#primaryimage"},"thumbnailUrl":"https:\/\/paracherkaoui.ma\/wp-content\/uploads\/2025\/12\/mavala-mavala-cuticle-eau-emolliente-10ml-mains.jpg","datePublished":"2025-12-12T17:40:12+00:00","dateModified":"2025-12-12T17:40:15+00:00","breadcrumb":{"@id":"https:\/\/paracherkaoui.ma\/index.php\/produit\/mavala-cuticle-eau-emolliente-10ml\/#breadcrumb"},"inLanguage":"fr-FR","potentialAction":[{"@type":"ReadAction","target":["https:\/\/paracherkaoui.ma\/index.php\/produit\/mavala-cuticle-eau-emolliente-10ml\/"]}]},{"@type":"ImageObject","inLanguage":"fr-FR","@id":"https:\/\/paracherkaoui.ma\/index.php\/produit\/mavala-cuticle-eau-emolliente-10ml\/#primaryimage","url":"https:\/\/paracherkaoui.ma\/wp-content\/uploads\/2025\/12\/mavala-mavala-cuticle-eau-emolliente-10ml-mains.jpg","contentUrl":"https:\/\/paracherkaoui.ma\/wp-content\/uploads\/2025\/12\/mavala-mavala-cuticle-eau-emolliente-10ml-mains.jpg","width":700,"height":700},{"@type":"BreadcrumbList","@id":"https:\/\/paracherkaoui.ma\/index.php\/produit\/mavala-cuticle-eau-emolliente-10ml\/#breadcrumb","itemListElement":[{"@type":"ListItem","position":1,"name":"Accueil","item":"https:\/\/paracherkaoui.ma\/"},{"@type":"ListItem","position":2,"name":"Boutique","item":"https:\/\/paracherkaoui.ma\/index.php\/boutique\/"},{"@type":"ListItem","position":3,"name":"MAVALA cuticle eau emolliente 10ml"}]},{"@type":"WebSite","@id":"https:\/\/paracherkaoui.ma\/#website","url":"https:\/\/paracherkaoui.ma\/","name":"Paracherkaoui.ma","description":"Achetez en ligne sur Paracherkaoui.ma","potentialAction":[{"@type":"SearchAction","target":{"@type":"EntryPoint","urlTemplate":"https:\/\/paracherkaoui.ma\/?s={search_term_string}"},"query-input":{"@type":"PropertyValueSpecification","valueRequired":true,"valueName":"search_term_string"}}],"inLanguage":"fr-FR"}]}},"_links":{"self":[{"href":"https:\/\/paracherkaoui.ma\/index.php\/wp-json\/wp\/v2\/product\/33025","targetHints":{"allow":["GET"]}}],"collection":[{"href":"https:\/\/paracherkaoui.ma\/index.php\/wp-json\/wp\/v2\/product"}],"about":[{"href":"https:\/\/paracherkaoui.ma\/index.php\/wp-json\/wp\/v2\/types\/product"}],"replies":[{"embeddable":true,"href":"https:\/\/paracherkaoui.ma\/index.php\/wp-json\/wp\/v2\/comments?post=33025"}],"version-history":[{"count":1,"href":"https:\/\/paracherkaoui.ma\/index.php\/wp-json\/wp\/v2\/product\/33025\/revisions"}],"predecessor-version":[{"id":33054,"href":"https:\/\/paracherkaoui.ma\/index.php\/wp-json\/wp\/v2\/product\/33025\/revisions\/33054"}],"wp:featuredmedia":[{"embeddable":true,"href":"https:\/\/paracherkaoui.ma\/index.php\/wp-json\/wp\/v2\/media\/33053"}],"wp:attachment":[{"href":"https:\/\/paracherkaoui.ma\/index.php\/wp-json\/wp\/v2\/media?parent=33025"}],"wp:term":[{"taxonomy":"product_brand","embeddable":true,"href":"https:\/\/paracherkaoui.ma\/index.php\/wp-json\/wp\/v2\/product_brand?post=33025"},{"taxonomy":"product_cat","embeddable":true,"href":"https:\/\/paracherkaoui.ma\/index.php\/wp-json\/wp\/v2\/product_cat?post=33025"},{"taxonomy":"product_tag","embeddable":true,"href":"https:\/\/paracherkaoui.ma\/index.php\/wp-json\/wp\/v2\/product_tag?post=33025"}],"curies":[{"name":"wp","href":"https:\/\/api.w.org\/{rel}","templated":true}]}}