{"id":32934,"date":"2025-12-12T18:40:01","date_gmt":"2025-12-12T17:40:01","guid":{"rendered":"https:\/\/test.ecbeaute.com\/?post_type=product&#038;p=32934"},"modified":"2025-12-12T18:40:07","modified_gmt":"2025-12-12T17:40:07","slug":"cattier-creme-mains-seches-75-ml","status":"publish","type":"product","link":"https:\/\/paracherkaoui.ma\/index.php\/produit\/cattier-creme-mains-seches-75-ml\/","title":{"rendered":"CATTIER CREME MAINS SECHES 75 ML"},"content":{"rendered":"<p>La cr\u00e8me mains s\u00e8ches Cattier est formul\u00e9e aux huiles v\u00e9g\u00e9tales et apporte de l&rsquo;argile blanche. Elle va nourrir, hydrater et r\u00e9parer la peau des mains.<\/p>\n<p>La peau de nos mains, expos\u00e9e en permanence et en contact avec de multiples substances, souffre. Ainsi, les produits m\u00e9nagers, le froid ou encore le lavage excessif des mains sont susceptibles d&rsquo;ass\u00e9cher la peau des mains. En soi, cette situation est d\u00e9sagr\u00e9able, mais elle peut \u00e9voluer vers la formation de crevasses au niveau de la peau des mains, particuli\u00e8rement douloureuses. Pour pr\u00e9venir ce ph\u00e9nom\u00e8ne, on peut utiliser une cr\u00e8me pour les mains hydratante et nourrissante.<\/p>\n<p>La cr\u00e8me main s\u00e8ches Cattier contient de l&rsquo;argile blanche, r\u00e9put\u00e9e pour ses vertus apaisantes ainsi qu&rsquo;anti-inflammatoires. Ainsi, elle soulagera la peau irrit\u00e9e des mains. Elle int\u00e8gre \u00e9galement de l&rsquo;huile de noix de para, ou noyer du Br\u00e9sil, \u00e0 haute teneur en acides gras insatur\u00e9s, qui va fortement hydrater la peau. La cr\u00e8me main s\u00e8ches Cattier a \u00e9t\u00e9 \u00e9labor\u00e9e pour r\u00e9parer le film hydro-lipidique de la peau des mains. Il s&rsquo;agit de cette couche protectrice naturelle, qui permet notamment \u00e0 la peau\u00a0maintenir son hydratation.<br \/>\nEnfin, ce soin pour les mains est agr\u00e9ablement parfum\u00e9 gr\u00e2ce \u00e0 ses huiles essentielles. Il p\u00e9n\u00e8tre rapidement, sans laisser un effet gras sur la peau.<\/p>\n","protected":false},"excerpt":{"rendered":"<p>La cr\u00e8me mains s\u00e8ches Cattier est formul\u00e9e aux huiles v\u00e9g\u00e9tales et apporte de l&rsquo;argile blanche. Elle va nourrir, hydrater et<\/p>\n","protected":false},"featured_media":32972,"comment_status":"open","ping_status":"closed","template":"","meta":[],"product_brand":[187],"product_cat":[599],"product_tag":[],"class_list":{"0":"post-32934","1":"product","2":"type-product","3":"status-publish","4":"has-post-thumbnail","6":"product_brand-cattier","7":"product_cat-soins-mains-et-pieds","9":"first","10":"instock","11":"shipping-taxable","12":"purchasable","13":"product-type-simple"},"yoast_head":"<!-- This site is optimized with the Yoast SEO plugin v26.6 - https:\/\/yoast.com\/wordpress\/plugins\/seo\/ -->\r\n<title>CATTIER CREME MAINS SECHES 75 ML - Paracherkaoui.ma<\/title>\r\n<meta name=\"robots\" content=\"index, follow, max-snippet:-1, max-image-preview:large, max-video-preview:-1\" \/>\r\n<link rel=\"canonical\" href=\"https:\/\/paracherkaoui.ma\/index.php\/produit\/cattier-creme-mains-seches-75-ml\/\" \/>\r\n<meta property=\"og:locale\" content=\"fr_FR\" \/>\r\n<meta property=\"og:type\" content=\"article\" \/>\r\n<meta property=\"og:title\" content=\"CATTIER CREME MAINS SECHES 75 ML - Paracherkaoui.ma\" \/>\r\n<meta property=\"og:description\" content=\"La cr\u00e8me mains s\u00e8ches Cattier est formul\u00e9e aux huiles v\u00e9g\u00e9tales et apporte de l&rsquo;argile blanche. Elle va nourrir, hydrater et\" \/>\r\n<meta property=\"og:url\" content=\"https:\/\/paracherkaoui.ma\/index.php\/produit\/cattier-creme-mains-seches-75-ml\/\" \/>\r\n<meta property=\"og:site_name\" content=\"Paracherkaoui.ma\" \/>\r\n<meta property=\"article:modified_time\" content=\"2025-12-12T17:40:07+00:00\" \/>\r\n<meta property=\"og:image\" content=\"https:\/\/paracherkaoui.ma\/wp-content\/uploads\/2025\/12\/cattier-creme-mains-seches-75-ml.jpg\" \/>\r\n\t<meta property=\"og:image:width\" content=\"700\" \/>\r\n\t<meta property=\"og:image:height\" content=\"700\" \/>\r\n\t<meta property=\"og:image:type\" content=\"image\/jpeg\" \/>\r\n<meta name=\"twitter:card\" content=\"summary_large_image\" \/>\r\n<meta name=\"twitter:label1\" content=\"Dur\u00e9e de lecture estim\u00e9e\" \/>\n\t<meta name=\"twitter:data1\" content=\"1 minute\" \/>\r\n<script type=\"application\/ld+json\" class=\"yoast-schema-graph\">{\"@context\":\"https:\/\/schema.org\",\"@graph\":[{\"@type\":\"WebPage\",\"@id\":\"https:\/\/paracherkaoui.ma\/index.php\/produit\/cattier-creme-mains-seches-75-ml\/\",\"url\":\"https:\/\/paracherkaoui.ma\/index.php\/produit\/cattier-creme-mains-seches-75-ml\/\",\"name\":\"CATTIER CREME MAINS SECHES 75 ML - Paracherkaoui.ma\",\"isPartOf\":{\"@id\":\"https:\/\/paracherkaoui.ma\/#website\"},\"primaryImageOfPage\":{\"@id\":\"https:\/\/paracherkaoui.ma\/index.php\/produit\/cattier-creme-mains-seches-75-ml\/#primaryimage\"},\"image\":{\"@id\":\"https:\/\/paracherkaoui.ma\/index.php\/produit\/cattier-creme-mains-seches-75-ml\/#primaryimage\"},\"thumbnailUrl\":\"https:\/\/paracherkaoui.ma\/wp-content\/uploads\/2025\/12\/cattier-creme-mains-seches-75-ml.jpg\",\"datePublished\":\"2025-12-12T17:40:01+00:00\",\"dateModified\":\"2025-12-12T17:40:07+00:00\",\"breadcrumb\":{\"@id\":\"https:\/\/paracherkaoui.ma\/index.php\/produit\/cattier-creme-mains-seches-75-ml\/#breadcrumb\"},\"inLanguage\":\"fr-FR\",\"potentialAction\":[{\"@type\":\"ReadAction\",\"target\":[\"https:\/\/paracherkaoui.ma\/index.php\/produit\/cattier-creme-mains-seches-75-ml\/\"]}]},{\"@type\":\"ImageObject\",\"inLanguage\":\"fr-FR\",\"@id\":\"https:\/\/paracherkaoui.ma\/index.php\/produit\/cattier-creme-mains-seches-75-ml\/#primaryimage\",\"url\":\"https:\/\/paracherkaoui.ma\/wp-content\/uploads\/2025\/12\/cattier-creme-mains-seches-75-ml.jpg\",\"contentUrl\":\"https:\/\/paracherkaoui.ma\/wp-content\/uploads\/2025\/12\/cattier-creme-mains-seches-75-ml.jpg\",\"width\":700,\"height\":700},{\"@type\":\"BreadcrumbList\",\"@id\":\"https:\/\/paracherkaoui.ma\/index.php\/produit\/cattier-creme-mains-seches-75-ml\/#breadcrumb\",\"itemListElement\":[{\"@type\":\"ListItem\",\"position\":1,\"name\":\"Accueil\",\"item\":\"https:\/\/paracherkaoui.ma\/\"},{\"@type\":\"ListItem\",\"position\":2,\"name\":\"Boutique\",\"item\":\"https:\/\/paracherkaoui.ma\/index.php\/boutique\/\"},{\"@type\":\"ListItem\",\"position\":3,\"name\":\"CATTIER CREME MAINS SECHES 75 ML\"}]},{\"@type\":\"WebSite\",\"@id\":\"https:\/\/paracherkaoui.ma\/#website\",\"url\":\"https:\/\/paracherkaoui.ma\/\",\"name\":\"Paracherkaoui.ma\",\"description\":\"Achetez en ligne sur Paracherkaoui.ma\",\"potentialAction\":[{\"@type\":\"SearchAction\",\"target\":{\"@type\":\"EntryPoint\",\"urlTemplate\":\"https:\/\/paracherkaoui.ma\/?s={search_term_string}\"},\"query-input\":{\"@type\":\"PropertyValueSpecification\",\"valueRequired\":true,\"valueName\":\"search_term_string\"}}],\"inLanguage\":\"fr-FR\"}]}<\/script>\r\n<!-- \/ Yoast SEO plugin. -->","yoast_head_json":{"title":"CATTIER CREME MAINS SECHES 75 ML - Paracherkaoui.ma","robots":{"index":"index","follow":"follow","max-snippet":"max-snippet:-1","max-image-preview":"max-image-preview:large","max-video-preview":"max-video-preview:-1"},"canonical":"https:\/\/paracherkaoui.ma\/index.php\/produit\/cattier-creme-mains-seches-75-ml\/","og_locale":"fr_FR","og_type":"article","og_title":"CATTIER CREME MAINS SECHES 75 ML - Paracherkaoui.ma","og_description":"La cr\u00e8me mains s\u00e8ches Cattier est formul\u00e9e aux huiles v\u00e9g\u00e9tales et apporte de l&rsquo;argile blanche. Elle va nourrir, hydrater et","og_url":"https:\/\/paracherkaoui.ma\/index.php\/produit\/cattier-creme-mains-seches-75-ml\/","og_site_name":"Paracherkaoui.ma","article_modified_time":"2025-12-12T17:40:07+00:00","og_image":[{"width":700,"height":700,"url":"https:\/\/paracherkaoui.ma\/wp-content\/uploads\/2025\/12\/cattier-creme-mains-seches-75-ml.jpg","type":"image\/jpeg"}],"twitter_card":"summary_large_image","twitter_misc":{"Dur\u00e9e de lecture estim\u00e9e":"1 minute"},"schema":{"@context":"https:\/\/schema.org","@graph":[{"@type":"WebPage","@id":"https:\/\/paracherkaoui.ma\/index.php\/produit\/cattier-creme-mains-seches-75-ml\/","url":"https:\/\/paracherkaoui.ma\/index.php\/produit\/cattier-creme-mains-seches-75-ml\/","name":"CATTIER CREME MAINS SECHES 75 ML - Paracherkaoui.ma","isPartOf":{"@id":"https:\/\/paracherkaoui.ma\/#website"},"primaryImageOfPage":{"@id":"https:\/\/paracherkaoui.ma\/index.php\/produit\/cattier-creme-mains-seches-75-ml\/#primaryimage"},"image":{"@id":"https:\/\/paracherkaoui.ma\/index.php\/produit\/cattier-creme-mains-seches-75-ml\/#primaryimage"},"thumbnailUrl":"https:\/\/paracherkaoui.ma\/wp-content\/uploads\/2025\/12\/cattier-creme-mains-seches-75-ml.jpg","datePublished":"2025-12-12T17:40:01+00:00","dateModified":"2025-12-12T17:40:07+00:00","breadcrumb":{"@id":"https:\/\/paracherkaoui.ma\/index.php\/produit\/cattier-creme-mains-seches-75-ml\/#breadcrumb"},"inLanguage":"fr-FR","potentialAction":[{"@type":"ReadAction","target":["https:\/\/paracherkaoui.ma\/index.php\/produit\/cattier-creme-mains-seches-75-ml\/"]}]},{"@type":"ImageObject","inLanguage":"fr-FR","@id":"https:\/\/paracherkaoui.ma\/index.php\/produit\/cattier-creme-mains-seches-75-ml\/#primaryimage","url":"https:\/\/paracherkaoui.ma\/wp-content\/uploads\/2025\/12\/cattier-creme-mains-seches-75-ml.jpg","contentUrl":"https:\/\/paracherkaoui.ma\/wp-content\/uploads\/2025\/12\/cattier-creme-mains-seches-75-ml.jpg","width":700,"height":700},{"@type":"BreadcrumbList","@id":"https:\/\/paracherkaoui.ma\/index.php\/produit\/cattier-creme-mains-seches-75-ml\/#breadcrumb","itemListElement":[{"@type":"ListItem","position":1,"name":"Accueil","item":"https:\/\/paracherkaoui.ma\/"},{"@type":"ListItem","position":2,"name":"Boutique","item":"https:\/\/paracherkaoui.ma\/index.php\/boutique\/"},{"@type":"ListItem","position":3,"name":"CATTIER CREME MAINS SECHES 75 ML"}]},{"@type":"WebSite","@id":"https:\/\/paracherkaoui.ma\/#website","url":"https:\/\/paracherkaoui.ma\/","name":"Paracherkaoui.ma","description":"Achetez en ligne sur Paracherkaoui.ma","potentialAction":[{"@type":"SearchAction","target":{"@type":"EntryPoint","urlTemplate":"https:\/\/paracherkaoui.ma\/?s={search_term_string}"},"query-input":{"@type":"PropertyValueSpecification","valueRequired":true,"valueName":"search_term_string"}}],"inLanguage":"fr-FR"}]}},"_links":{"self":[{"href":"https:\/\/paracherkaoui.ma\/index.php\/wp-json\/wp\/v2\/product\/32934","targetHints":{"allow":["GET"]}}],"collection":[{"href":"https:\/\/paracherkaoui.ma\/index.php\/wp-json\/wp\/v2\/product"}],"about":[{"href":"https:\/\/paracherkaoui.ma\/index.php\/wp-json\/wp\/v2\/types\/product"}],"replies":[{"embeddable":true,"href":"https:\/\/paracherkaoui.ma\/index.php\/wp-json\/wp\/v2\/comments?post=32934"}],"version-history":[{"count":1,"href":"https:\/\/paracherkaoui.ma\/index.php\/wp-json\/wp\/v2\/product\/32934\/revisions"}],"predecessor-version":[{"id":32973,"href":"https:\/\/paracherkaoui.ma\/index.php\/wp-json\/wp\/v2\/product\/32934\/revisions\/32973"}],"wp:featuredmedia":[{"embeddable":true,"href":"https:\/\/paracherkaoui.ma\/index.php\/wp-json\/wp\/v2\/media\/32972"}],"wp:attachment":[{"href":"https:\/\/paracherkaoui.ma\/index.php\/wp-json\/wp\/v2\/media?parent=32934"}],"wp:term":[{"taxonomy":"product_brand","embeddable":true,"href":"https:\/\/paracherkaoui.ma\/index.php\/wp-json\/wp\/v2\/product_brand?post=32934"},{"taxonomy":"product_cat","embeddable":true,"href":"https:\/\/paracherkaoui.ma\/index.php\/wp-json\/wp\/v2\/product_cat?post=32934"},{"taxonomy":"product_tag","embeddable":true,"href":"https:\/\/paracherkaoui.ma\/index.php\/wp-json\/wp\/v2\/product_tag?post=32934"}],"curies":[{"name":"wp","href":"https:\/\/api.w.org\/{rel}","templated":true}]}}