{"id":32930,"date":"2025-12-12T18:40:01","date_gmt":"2025-12-12T17:40:01","guid":{"rendered":"https:\/\/test.ecbeaute.com\/?post_type=product&#038;p=32930"},"modified":"2025-12-12T18:40:05","modified_gmt":"2025-12-12T17:40:05","slug":"mavala-stop-stoppe-lenvie-de-se-ronger-les-ongles","status":"publish","type":"product","link":"https:\/\/paracherkaoui.ma\/index.php\/produit\/mavala-stop-stoppe-lenvie-de-se-ronger-les-ongles\/","title":{"rendered":"Mavala Stop Stoppe L\u2019Envie de se Ronger Les Ongles"},"content":{"rendered":"<p>Mavala Stop Stoppe L\u2019Envie de se Ronger Les Ongles 10 ml est un vernis \u00e0 ongles transparent au go\u00fbt amer qui d\u00e9courage rapidement l\u2019envie de porter les doigts \u00e0 la bouche.<br \/>\nIl convient aux adultes et aux enfants.<\/p>\n","protected":false},"excerpt":{"rendered":"<p>Mavala Stop Stoppe L\u2019Envie de se Ronger Les Ongles 10 ml est un vernis \u00e0 ongles transparent au go\u00fbt amer<\/p>\n","protected":false},"featured_media":32964,"comment_status":"open","ping_status":"closed","template":"","meta":[],"product_brand":[546],"product_cat":[599],"product_tag":[],"class_list":{"0":"post-32930","1":"product","2":"type-product","3":"status-publish","4":"has-post-thumbnail","6":"product_brand-mavala","7":"product_cat-soins-mains-et-pieds","9":"first","10":"instock","11":"shipping-taxable","12":"purchasable","13":"product-type-simple"},"yoast_head":"<!-- This site is optimized with the Yoast SEO plugin v26.6 - https:\/\/yoast.com\/wordpress\/plugins\/seo\/ -->\r\n<title>Mavala Stop Stoppe L\u2019Envie de se Ronger Les Ongles - Paracherkaoui.ma<\/title>\r\n<meta name=\"robots\" content=\"index, follow, max-snippet:-1, max-image-preview:large, max-video-preview:-1\" \/>\r\n<link rel=\"canonical\" href=\"https:\/\/paracherkaoui.ma\/index.php\/produit\/mavala-stop-stoppe-lenvie-de-se-ronger-les-ongles\/\" \/>\r\n<meta property=\"og:locale\" content=\"fr_FR\" \/>\r\n<meta property=\"og:type\" content=\"article\" \/>\r\n<meta property=\"og:title\" content=\"Mavala Stop Stoppe L\u2019Envie de se Ronger Les Ongles - Paracherkaoui.ma\" \/>\r\n<meta property=\"og:description\" content=\"Mavala Stop Stoppe L\u2019Envie de se Ronger Les Ongles 10 ml est un vernis \u00e0 ongles transparent au go\u00fbt amer\" \/>\r\n<meta property=\"og:url\" content=\"https:\/\/paracherkaoui.ma\/index.php\/produit\/mavala-stop-stoppe-lenvie-de-se-ronger-les-ongles\/\" \/>\r\n<meta property=\"og:site_name\" content=\"Paracherkaoui.ma\" \/>\r\n<meta property=\"article:modified_time\" content=\"2025-12-12T17:40:05+00:00\" \/>\r\n<meta property=\"og:image\" content=\"https:\/\/paracherkaoui.ma\/wp-content\/uploads\/2025\/12\/mavala-mavala-stop-stoppe-lenvie-de-se-ronger-les-ongles-corps.jpg\" \/>\r\n\t<meta property=\"og:image:width\" content=\"700\" \/>\r\n\t<meta property=\"og:image:height\" content=\"700\" \/>\r\n\t<meta property=\"og:image:type\" content=\"image\/jpeg\" \/>\r\n<meta name=\"twitter:card\" content=\"summary_large_image\" \/>\r\n<script type=\"application\/ld+json\" class=\"yoast-schema-graph\">{\"@context\":\"https:\/\/schema.org\",\"@graph\":[{\"@type\":\"WebPage\",\"@id\":\"https:\/\/paracherkaoui.ma\/index.php\/produit\/mavala-stop-stoppe-lenvie-de-se-ronger-les-ongles\/\",\"url\":\"https:\/\/paracherkaoui.ma\/index.php\/produit\/mavala-stop-stoppe-lenvie-de-se-ronger-les-ongles\/\",\"name\":\"Mavala Stop Stoppe L\u2019Envie de se Ronger Les Ongles - Paracherkaoui.ma\",\"isPartOf\":{\"@id\":\"https:\/\/paracherkaoui.ma\/#website\"},\"primaryImageOfPage\":{\"@id\":\"https:\/\/paracherkaoui.ma\/index.php\/produit\/mavala-stop-stoppe-lenvie-de-se-ronger-les-ongles\/#primaryimage\"},\"image\":{\"@id\":\"https:\/\/paracherkaoui.ma\/index.php\/produit\/mavala-stop-stoppe-lenvie-de-se-ronger-les-ongles\/#primaryimage\"},\"thumbnailUrl\":\"https:\/\/paracherkaoui.ma\/wp-content\/uploads\/2025\/12\/mavala-mavala-stop-stoppe-lenvie-de-se-ronger-les-ongles-corps.jpg\",\"datePublished\":\"2025-12-12T17:40:01+00:00\",\"dateModified\":\"2025-12-12T17:40:05+00:00\",\"breadcrumb\":{\"@id\":\"https:\/\/paracherkaoui.ma\/index.php\/produit\/mavala-stop-stoppe-lenvie-de-se-ronger-les-ongles\/#breadcrumb\"},\"inLanguage\":\"fr-FR\",\"potentialAction\":[{\"@type\":\"ReadAction\",\"target\":[\"https:\/\/paracherkaoui.ma\/index.php\/produit\/mavala-stop-stoppe-lenvie-de-se-ronger-les-ongles\/\"]}]},{\"@type\":\"ImageObject\",\"inLanguage\":\"fr-FR\",\"@id\":\"https:\/\/paracherkaoui.ma\/index.php\/produit\/mavala-stop-stoppe-lenvie-de-se-ronger-les-ongles\/#primaryimage\",\"url\":\"https:\/\/paracherkaoui.ma\/wp-content\/uploads\/2025\/12\/mavala-mavala-stop-stoppe-lenvie-de-se-ronger-les-ongles-corps.jpg\",\"contentUrl\":\"https:\/\/paracherkaoui.ma\/wp-content\/uploads\/2025\/12\/mavala-mavala-stop-stoppe-lenvie-de-se-ronger-les-ongles-corps.jpg\",\"width\":700,\"height\":700},{\"@type\":\"BreadcrumbList\",\"@id\":\"https:\/\/paracherkaoui.ma\/index.php\/produit\/mavala-stop-stoppe-lenvie-de-se-ronger-les-ongles\/#breadcrumb\",\"itemListElement\":[{\"@type\":\"ListItem\",\"position\":1,\"name\":\"Accueil\",\"item\":\"https:\/\/paracherkaoui.ma\/\"},{\"@type\":\"ListItem\",\"position\":2,\"name\":\"Boutique\",\"item\":\"https:\/\/paracherkaoui.ma\/index.php\/boutique\/\"},{\"@type\":\"ListItem\",\"position\":3,\"name\":\"Mavala Stop Stoppe L\u2019Envie de se Ronger Les Ongles\"}]},{\"@type\":\"WebSite\",\"@id\":\"https:\/\/paracherkaoui.ma\/#website\",\"url\":\"https:\/\/paracherkaoui.ma\/\",\"name\":\"Paracherkaoui.ma\",\"description\":\"Achetez en ligne sur Paracherkaoui.ma\",\"potentialAction\":[{\"@type\":\"SearchAction\",\"target\":{\"@type\":\"EntryPoint\",\"urlTemplate\":\"https:\/\/paracherkaoui.ma\/?s={search_term_string}\"},\"query-input\":{\"@type\":\"PropertyValueSpecification\",\"valueRequired\":true,\"valueName\":\"search_term_string\"}}],\"inLanguage\":\"fr-FR\"}]}<\/script>\r\n<!-- \/ Yoast SEO plugin. -->","yoast_head_json":{"title":"Mavala Stop Stoppe L\u2019Envie de se Ronger Les Ongles - Paracherkaoui.ma","robots":{"index":"index","follow":"follow","max-snippet":"max-snippet:-1","max-image-preview":"max-image-preview:large","max-video-preview":"max-video-preview:-1"},"canonical":"https:\/\/paracherkaoui.ma\/index.php\/produit\/mavala-stop-stoppe-lenvie-de-se-ronger-les-ongles\/","og_locale":"fr_FR","og_type":"article","og_title":"Mavala Stop Stoppe L\u2019Envie de se Ronger Les Ongles - Paracherkaoui.ma","og_description":"Mavala Stop Stoppe L\u2019Envie de se Ronger Les Ongles 10 ml est un vernis \u00e0 ongles transparent au go\u00fbt amer","og_url":"https:\/\/paracherkaoui.ma\/index.php\/produit\/mavala-stop-stoppe-lenvie-de-se-ronger-les-ongles\/","og_site_name":"Paracherkaoui.ma","article_modified_time":"2025-12-12T17:40:05+00:00","og_image":[{"width":700,"height":700,"url":"https:\/\/paracherkaoui.ma\/wp-content\/uploads\/2025\/12\/mavala-mavala-stop-stoppe-lenvie-de-se-ronger-les-ongles-corps.jpg","type":"image\/jpeg"}],"twitter_card":"summary_large_image","schema":{"@context":"https:\/\/schema.org","@graph":[{"@type":"WebPage","@id":"https:\/\/paracherkaoui.ma\/index.php\/produit\/mavala-stop-stoppe-lenvie-de-se-ronger-les-ongles\/","url":"https:\/\/paracherkaoui.ma\/index.php\/produit\/mavala-stop-stoppe-lenvie-de-se-ronger-les-ongles\/","name":"Mavala Stop Stoppe L\u2019Envie de se Ronger Les Ongles - Paracherkaoui.ma","isPartOf":{"@id":"https:\/\/paracherkaoui.ma\/#website"},"primaryImageOfPage":{"@id":"https:\/\/paracherkaoui.ma\/index.php\/produit\/mavala-stop-stoppe-lenvie-de-se-ronger-les-ongles\/#primaryimage"},"image":{"@id":"https:\/\/paracherkaoui.ma\/index.php\/produit\/mavala-stop-stoppe-lenvie-de-se-ronger-les-ongles\/#primaryimage"},"thumbnailUrl":"https:\/\/paracherkaoui.ma\/wp-content\/uploads\/2025\/12\/mavala-mavala-stop-stoppe-lenvie-de-se-ronger-les-ongles-corps.jpg","datePublished":"2025-12-12T17:40:01+00:00","dateModified":"2025-12-12T17:40:05+00:00","breadcrumb":{"@id":"https:\/\/paracherkaoui.ma\/index.php\/produit\/mavala-stop-stoppe-lenvie-de-se-ronger-les-ongles\/#breadcrumb"},"inLanguage":"fr-FR","potentialAction":[{"@type":"ReadAction","target":["https:\/\/paracherkaoui.ma\/index.php\/produit\/mavala-stop-stoppe-lenvie-de-se-ronger-les-ongles\/"]}]},{"@type":"ImageObject","inLanguage":"fr-FR","@id":"https:\/\/paracherkaoui.ma\/index.php\/produit\/mavala-stop-stoppe-lenvie-de-se-ronger-les-ongles\/#primaryimage","url":"https:\/\/paracherkaoui.ma\/wp-content\/uploads\/2025\/12\/mavala-mavala-stop-stoppe-lenvie-de-se-ronger-les-ongles-corps.jpg","contentUrl":"https:\/\/paracherkaoui.ma\/wp-content\/uploads\/2025\/12\/mavala-mavala-stop-stoppe-lenvie-de-se-ronger-les-ongles-corps.jpg","width":700,"height":700},{"@type":"BreadcrumbList","@id":"https:\/\/paracherkaoui.ma\/index.php\/produit\/mavala-stop-stoppe-lenvie-de-se-ronger-les-ongles\/#breadcrumb","itemListElement":[{"@type":"ListItem","position":1,"name":"Accueil","item":"https:\/\/paracherkaoui.ma\/"},{"@type":"ListItem","position":2,"name":"Boutique","item":"https:\/\/paracherkaoui.ma\/index.php\/boutique\/"},{"@type":"ListItem","position":3,"name":"Mavala Stop Stoppe L\u2019Envie de se Ronger Les Ongles"}]},{"@type":"WebSite","@id":"https:\/\/paracherkaoui.ma\/#website","url":"https:\/\/paracherkaoui.ma\/","name":"Paracherkaoui.ma","description":"Achetez en ligne sur Paracherkaoui.ma","potentialAction":[{"@type":"SearchAction","target":{"@type":"EntryPoint","urlTemplate":"https:\/\/paracherkaoui.ma\/?s={search_term_string}"},"query-input":{"@type":"PropertyValueSpecification","valueRequired":true,"valueName":"search_term_string"}}],"inLanguage":"fr-FR"}]}},"_links":{"self":[{"href":"https:\/\/paracherkaoui.ma\/index.php\/wp-json\/wp\/v2\/product\/32930","targetHints":{"allow":["GET"]}}],"collection":[{"href":"https:\/\/paracherkaoui.ma\/index.php\/wp-json\/wp\/v2\/product"}],"about":[{"href":"https:\/\/paracherkaoui.ma\/index.php\/wp-json\/wp\/v2\/types\/product"}],"replies":[{"embeddable":true,"href":"https:\/\/paracherkaoui.ma\/index.php\/wp-json\/wp\/v2\/comments?post=32930"}],"version-history":[{"count":1,"href":"https:\/\/paracherkaoui.ma\/index.php\/wp-json\/wp\/v2\/product\/32930\/revisions"}],"predecessor-version":[{"id":32965,"href":"https:\/\/paracherkaoui.ma\/index.php\/wp-json\/wp\/v2\/product\/32930\/revisions\/32965"}],"wp:featuredmedia":[{"embeddable":true,"href":"https:\/\/paracherkaoui.ma\/index.php\/wp-json\/wp\/v2\/media\/32964"}],"wp:attachment":[{"href":"https:\/\/paracherkaoui.ma\/index.php\/wp-json\/wp\/v2\/media?parent=32930"}],"wp:term":[{"taxonomy":"product_brand","embeddable":true,"href":"https:\/\/paracherkaoui.ma\/index.php\/wp-json\/wp\/v2\/product_brand?post=32930"},{"taxonomy":"product_cat","embeddable":true,"href":"https:\/\/paracherkaoui.ma\/index.php\/wp-json\/wp\/v2\/product_cat?post=32930"},{"taxonomy":"product_tag","embeddable":true,"href":"https:\/\/paracherkaoui.ma\/index.php\/wp-json\/wp\/v2\/product_tag?post=32930"}],"curies":[{"name":"wp","href":"https:\/\/api.w.org\/{rel}","templated":true}]}}