{"id":32926,"date":"2025-12-12T18:40:00","date_gmt":"2025-12-12T17:40:00","guid":{"rendered":"https:\/\/test.ecbeaute.com\/?post_type=product&#038;p=32926"},"modified":"2025-12-12T18:40:04","modified_gmt":"2025-12-12T17:40:04","slug":"isispharma-keloplast-scars-spf-50-creme-reparatrice-effet-pansement","status":"publish","type":"product","link":"https:\/\/paracherkaoui.ma\/index.php\/produit\/isispharma-keloplast-scars-spf-50-creme-reparatrice-effet-pansement\/","title":{"rendered":"ISISPHARMA KELOPLAST SCARS (SPF 50+) CREME REPARATRICE EFFET PANSEMENT"},"content":{"rendered":"<p>Isispharma KELOPLAST scars (SPF 50+) Cr\u00e8me r\u00e9paratrice effet pansement \u00a0Tr\u00e8s haute protection UVB\/UVA. Peaux irrit\u00e9es et ab\u00eem\u00e9es<\/p>\n<p>favorise la r\u00e9g\u00e9n\u00e9ration \u00e9pidermique par l\u2019association d\u2019actifs, hydratants, restructurants et reparateurs. Texture effet pansement unique pour prot\u00e9ger la peau des agressions ext\u00e9rieures. Tr\u00e8s haute protection UVB\/UVA 100% min\u00e9rale pour pr\u00e9venir les marques cicatricielles d\u2019hyperpigmentation. La peau est prot\u00e9g\u00e9e, apais\u00e9e et r\u00e9par\u00e9e. Texture non collante et non grasse.<\/p>\n<p>Efficacit\u00e9 cliniquement prouv\u00e9e<\/p>\n<p>PROPRI\u00c9T\u00c9S DES PRINCIPAUX ACTIFS<\/p>\n<p>\u2022\u00a0POLYSACCHARIDE FILMOG\u00c8NE\u00a0: effet pansement \/ protection contre la pollution<\/p>\n<p>\u2022\u00a0100% FILTRES MIN\u00c9RAUX\u00a0: tr\u00e8s haute protection UVB\/UVA SPF 50+ \/ pr\u00e9viennent l\u2019apparition des marques cicatricielles (PIH)<\/p>\n<p>\u2022\u00a0EXTRAIT DE CHARDON DE COTON \/ BEURRE DE CACAO \/ GLYCERINE\u00a0: restructurent, hydratent et r\u00e9parent<\/p>\n<p>Cliquer ici pour plus d\u2019informations sur les actifs<\/p>\n<p>UTILISATION<\/p>\n<p>Appliquer 2 fois par jour pendant 1 mois, en couche \u00e9paisse, sur les zones concern\u00e9es non suintantes, pr\u00e9alablement nettoy\u00e9es et s\u00e9ch\u00e9es ou comme indiqu\u00e9 par votre dermatologue ou professionnel de sant\u00e9. Visage et corps. \u00c9viter le contact avec les yeux. En cas de contact, rincer abondamment \u00e0 l\u2019eau claire. Usage externe.<\/p>\n<p>SANS PARFUM<\/p>\n<p>TEST\u00c9 SOUS CONTR\u00d4LE DERMATOLOGIQUE<\/p>\n","protected":false},"excerpt":{"rendered":"<p>Isispharma KELOPLAST scars (SPF 50+) Cr\u00e8me r\u00e9paratrice effet pansement \u00a0Tr\u00e8s haute protection UVB\/UVA. Peaux irrit\u00e9es et ab\u00eem\u00e9es favorise la r\u00e9g\u00e9n\u00e9ration<\/p>\n","protected":false},"featured_media":32956,"comment_status":"open","ping_status":"closed","template":"","meta":[],"product_brand":[321],"product_cat":[599],"product_tag":[],"class_list":{"0":"post-32926","1":"product","2":"type-product","3":"status-publish","4":"has-post-thumbnail","6":"product_brand-isispharma","7":"product_cat-soins-mains-et-pieds","9":"first","10":"instock","11":"sale","12":"shipping-taxable","13":"purchasable","14":"product-type-simple"},"yoast_head":"<!-- This site is optimized with the Yoast SEO plugin v26.6 - https:\/\/yoast.com\/wordpress\/plugins\/seo\/ -->\r\n<title>ISISPHARMA KELOPLAST SCARS (SPF 50+) CREME REPARATRICE EFFET PANSEMENT - Paracherkaoui.ma<\/title>\r\n<meta name=\"robots\" content=\"index, follow, max-snippet:-1, max-image-preview:large, max-video-preview:-1\" \/>\r\n<link rel=\"canonical\" href=\"https:\/\/paracherkaoui.ma\/index.php\/produit\/isispharma-keloplast-scars-spf-50-creme-reparatrice-effet-pansement\/\" \/>\r\n<meta property=\"og:locale\" content=\"fr_FR\" \/>\r\n<meta property=\"og:type\" content=\"article\" \/>\r\n<meta property=\"og:title\" content=\"ISISPHARMA KELOPLAST SCARS (SPF 50+) CREME REPARATRICE EFFET PANSEMENT - Paracherkaoui.ma\" \/>\r\n<meta property=\"og:description\" content=\"Isispharma KELOPLAST scars (SPF 50+) Cr\u00e8me r\u00e9paratrice effet pansement \u00a0Tr\u00e8s haute protection UVB\/UVA. Peaux irrit\u00e9es et ab\u00eem\u00e9es favorise la r\u00e9g\u00e9n\u00e9ration\" \/>\r\n<meta property=\"og:url\" content=\"https:\/\/paracherkaoui.ma\/index.php\/produit\/isispharma-keloplast-scars-spf-50-creme-reparatrice-effet-pansement\/\" \/>\r\n<meta property=\"og:site_name\" content=\"Paracherkaoui.ma\" \/>\r\n<meta property=\"article:modified_time\" content=\"2025-12-12T17:40:04+00:00\" \/>\r\n<meta property=\"og:image\" content=\"https:\/\/paracherkaoui.ma\/wp-content\/uploads\/2025\/12\/isispharma-isispharma-keloplast-scars-spf-50-creme-reparatrice-effet-pansement-soins-des-pieds.jpg\" \/>\r\n\t<meta property=\"og:image:width\" content=\"700\" \/>\r\n\t<meta property=\"og:image:height\" content=\"700\" \/>\r\n\t<meta property=\"og:image:type\" content=\"image\/jpeg\" \/>\r\n<meta name=\"twitter:card\" content=\"summary_large_image\" \/>\r\n<meta name=\"twitter:label1\" content=\"Dur\u00e9e de lecture estim\u00e9e\" \/>\n\t<meta name=\"twitter:data1\" content=\"1 minute\" \/>\r\n<script type=\"application\/ld+json\" class=\"yoast-schema-graph\">{\"@context\":\"https:\/\/schema.org\",\"@graph\":[{\"@type\":\"WebPage\",\"@id\":\"https:\/\/paracherkaoui.ma\/index.php\/produit\/isispharma-keloplast-scars-spf-50-creme-reparatrice-effet-pansement\/\",\"url\":\"https:\/\/paracherkaoui.ma\/index.php\/produit\/isispharma-keloplast-scars-spf-50-creme-reparatrice-effet-pansement\/\",\"name\":\"ISISPHARMA KELOPLAST SCARS (SPF 50+) CREME REPARATRICE EFFET PANSEMENT - Paracherkaoui.ma\",\"isPartOf\":{\"@id\":\"https:\/\/paracherkaoui.ma\/#website\"},\"primaryImageOfPage\":{\"@id\":\"https:\/\/paracherkaoui.ma\/index.php\/produit\/isispharma-keloplast-scars-spf-50-creme-reparatrice-effet-pansement\/#primaryimage\"},\"image\":{\"@id\":\"https:\/\/paracherkaoui.ma\/index.php\/produit\/isispharma-keloplast-scars-spf-50-creme-reparatrice-effet-pansement\/#primaryimage\"},\"thumbnailUrl\":\"https:\/\/paracherkaoui.ma\/wp-content\/uploads\/2025\/12\/isispharma-isispharma-keloplast-scars-spf-50-creme-reparatrice-effet-pansement-soins-des-pieds.jpg\",\"datePublished\":\"2025-12-12T17:40:00+00:00\",\"dateModified\":\"2025-12-12T17:40:04+00:00\",\"breadcrumb\":{\"@id\":\"https:\/\/paracherkaoui.ma\/index.php\/produit\/isispharma-keloplast-scars-spf-50-creme-reparatrice-effet-pansement\/#breadcrumb\"},\"inLanguage\":\"fr-FR\",\"potentialAction\":[{\"@type\":\"ReadAction\",\"target\":[\"https:\/\/paracherkaoui.ma\/index.php\/produit\/isispharma-keloplast-scars-spf-50-creme-reparatrice-effet-pansement\/\"]}]},{\"@type\":\"ImageObject\",\"inLanguage\":\"fr-FR\",\"@id\":\"https:\/\/paracherkaoui.ma\/index.php\/produit\/isispharma-keloplast-scars-spf-50-creme-reparatrice-effet-pansement\/#primaryimage\",\"url\":\"https:\/\/paracherkaoui.ma\/wp-content\/uploads\/2025\/12\/isispharma-isispharma-keloplast-scars-spf-50-creme-reparatrice-effet-pansement-soins-des-pieds.jpg\",\"contentUrl\":\"https:\/\/paracherkaoui.ma\/wp-content\/uploads\/2025\/12\/isispharma-isispharma-keloplast-scars-spf-50-creme-reparatrice-effet-pansement-soins-des-pieds.jpg\",\"width\":700,\"height\":700},{\"@type\":\"BreadcrumbList\",\"@id\":\"https:\/\/paracherkaoui.ma\/index.php\/produit\/isispharma-keloplast-scars-spf-50-creme-reparatrice-effet-pansement\/#breadcrumb\",\"itemListElement\":[{\"@type\":\"ListItem\",\"position\":1,\"name\":\"Accueil\",\"item\":\"https:\/\/paracherkaoui.ma\/\"},{\"@type\":\"ListItem\",\"position\":2,\"name\":\"Boutique\",\"item\":\"https:\/\/paracherkaoui.ma\/index.php\/boutique\/\"},{\"@type\":\"ListItem\",\"position\":3,\"name\":\"ISISPHARMA KELOPLAST SCARS (SPF 50+) CREME REPARATRICE EFFET PANSEMENT\"}]},{\"@type\":\"WebSite\",\"@id\":\"https:\/\/paracherkaoui.ma\/#website\",\"url\":\"https:\/\/paracherkaoui.ma\/\",\"name\":\"Paracherkaoui.ma\",\"description\":\"Achetez en ligne sur Paracherkaoui.ma\",\"potentialAction\":[{\"@type\":\"SearchAction\",\"target\":{\"@type\":\"EntryPoint\",\"urlTemplate\":\"https:\/\/paracherkaoui.ma\/?s={search_term_string}\"},\"query-input\":{\"@type\":\"PropertyValueSpecification\",\"valueRequired\":true,\"valueName\":\"search_term_string\"}}],\"inLanguage\":\"fr-FR\"}]}<\/script>\r\n<!-- \/ Yoast SEO plugin. -->","yoast_head_json":{"title":"ISISPHARMA KELOPLAST SCARS (SPF 50+) CREME REPARATRICE EFFET PANSEMENT - Paracherkaoui.ma","robots":{"index":"index","follow":"follow","max-snippet":"max-snippet:-1","max-image-preview":"max-image-preview:large","max-video-preview":"max-video-preview:-1"},"canonical":"https:\/\/paracherkaoui.ma\/index.php\/produit\/isispharma-keloplast-scars-spf-50-creme-reparatrice-effet-pansement\/","og_locale":"fr_FR","og_type":"article","og_title":"ISISPHARMA KELOPLAST SCARS (SPF 50+) CREME REPARATRICE EFFET PANSEMENT - Paracherkaoui.ma","og_description":"Isispharma KELOPLAST scars (SPF 50+) Cr\u00e8me r\u00e9paratrice effet pansement \u00a0Tr\u00e8s haute protection UVB\/UVA. Peaux irrit\u00e9es et ab\u00eem\u00e9es favorise la r\u00e9g\u00e9n\u00e9ration","og_url":"https:\/\/paracherkaoui.ma\/index.php\/produit\/isispharma-keloplast-scars-spf-50-creme-reparatrice-effet-pansement\/","og_site_name":"Paracherkaoui.ma","article_modified_time":"2025-12-12T17:40:04+00:00","og_image":[{"width":700,"height":700,"url":"https:\/\/paracherkaoui.ma\/wp-content\/uploads\/2025\/12\/isispharma-isispharma-keloplast-scars-spf-50-creme-reparatrice-effet-pansement-soins-des-pieds.jpg","type":"image\/jpeg"}],"twitter_card":"summary_large_image","twitter_misc":{"Dur\u00e9e de lecture estim\u00e9e":"1 minute"},"schema":{"@context":"https:\/\/schema.org","@graph":[{"@type":"WebPage","@id":"https:\/\/paracherkaoui.ma\/index.php\/produit\/isispharma-keloplast-scars-spf-50-creme-reparatrice-effet-pansement\/","url":"https:\/\/paracherkaoui.ma\/index.php\/produit\/isispharma-keloplast-scars-spf-50-creme-reparatrice-effet-pansement\/","name":"ISISPHARMA KELOPLAST SCARS (SPF 50+) CREME REPARATRICE EFFET PANSEMENT - Paracherkaoui.ma","isPartOf":{"@id":"https:\/\/paracherkaoui.ma\/#website"},"primaryImageOfPage":{"@id":"https:\/\/paracherkaoui.ma\/index.php\/produit\/isispharma-keloplast-scars-spf-50-creme-reparatrice-effet-pansement\/#primaryimage"},"image":{"@id":"https:\/\/paracherkaoui.ma\/index.php\/produit\/isispharma-keloplast-scars-spf-50-creme-reparatrice-effet-pansement\/#primaryimage"},"thumbnailUrl":"https:\/\/paracherkaoui.ma\/wp-content\/uploads\/2025\/12\/isispharma-isispharma-keloplast-scars-spf-50-creme-reparatrice-effet-pansement-soins-des-pieds.jpg","datePublished":"2025-12-12T17:40:00+00:00","dateModified":"2025-12-12T17:40:04+00:00","breadcrumb":{"@id":"https:\/\/paracherkaoui.ma\/index.php\/produit\/isispharma-keloplast-scars-spf-50-creme-reparatrice-effet-pansement\/#breadcrumb"},"inLanguage":"fr-FR","potentialAction":[{"@type":"ReadAction","target":["https:\/\/paracherkaoui.ma\/index.php\/produit\/isispharma-keloplast-scars-spf-50-creme-reparatrice-effet-pansement\/"]}]},{"@type":"ImageObject","inLanguage":"fr-FR","@id":"https:\/\/paracherkaoui.ma\/index.php\/produit\/isispharma-keloplast-scars-spf-50-creme-reparatrice-effet-pansement\/#primaryimage","url":"https:\/\/paracherkaoui.ma\/wp-content\/uploads\/2025\/12\/isispharma-isispharma-keloplast-scars-spf-50-creme-reparatrice-effet-pansement-soins-des-pieds.jpg","contentUrl":"https:\/\/paracherkaoui.ma\/wp-content\/uploads\/2025\/12\/isispharma-isispharma-keloplast-scars-spf-50-creme-reparatrice-effet-pansement-soins-des-pieds.jpg","width":700,"height":700},{"@type":"BreadcrumbList","@id":"https:\/\/paracherkaoui.ma\/index.php\/produit\/isispharma-keloplast-scars-spf-50-creme-reparatrice-effet-pansement\/#breadcrumb","itemListElement":[{"@type":"ListItem","position":1,"name":"Accueil","item":"https:\/\/paracherkaoui.ma\/"},{"@type":"ListItem","position":2,"name":"Boutique","item":"https:\/\/paracherkaoui.ma\/index.php\/boutique\/"},{"@type":"ListItem","position":3,"name":"ISISPHARMA KELOPLAST SCARS (SPF 50+) CREME REPARATRICE EFFET PANSEMENT"}]},{"@type":"WebSite","@id":"https:\/\/paracherkaoui.ma\/#website","url":"https:\/\/paracherkaoui.ma\/","name":"Paracherkaoui.ma","description":"Achetez en ligne sur Paracherkaoui.ma","potentialAction":[{"@type":"SearchAction","target":{"@type":"EntryPoint","urlTemplate":"https:\/\/paracherkaoui.ma\/?s={search_term_string}"},"query-input":{"@type":"PropertyValueSpecification","valueRequired":true,"valueName":"search_term_string"}}],"inLanguage":"fr-FR"}]}},"_links":{"self":[{"href":"https:\/\/paracherkaoui.ma\/index.php\/wp-json\/wp\/v2\/product\/32926","targetHints":{"allow":["GET"]}}],"collection":[{"href":"https:\/\/paracherkaoui.ma\/index.php\/wp-json\/wp\/v2\/product"}],"about":[{"href":"https:\/\/paracherkaoui.ma\/index.php\/wp-json\/wp\/v2\/types\/product"}],"replies":[{"embeddable":true,"href":"https:\/\/paracherkaoui.ma\/index.php\/wp-json\/wp\/v2\/comments?post=32926"}],"version-history":[{"count":1,"href":"https:\/\/paracherkaoui.ma\/index.php\/wp-json\/wp\/v2\/product\/32926\/revisions"}],"predecessor-version":[{"id":32957,"href":"https:\/\/paracherkaoui.ma\/index.php\/wp-json\/wp\/v2\/product\/32926\/revisions\/32957"}],"wp:featuredmedia":[{"embeddable":true,"href":"https:\/\/paracherkaoui.ma\/index.php\/wp-json\/wp\/v2\/media\/32956"}],"wp:attachment":[{"href":"https:\/\/paracherkaoui.ma\/index.php\/wp-json\/wp\/v2\/media?parent=32926"}],"wp:term":[{"taxonomy":"product_brand","embeddable":true,"href":"https:\/\/paracherkaoui.ma\/index.php\/wp-json\/wp\/v2\/product_brand?post=32926"},{"taxonomy":"product_cat","embeddable":true,"href":"https:\/\/paracherkaoui.ma\/index.php\/wp-json\/wp\/v2\/product_cat?post=32926"},{"taxonomy":"product_tag","embeddable":true,"href":"https:\/\/paracherkaoui.ma\/index.php\/wp-json\/wp\/v2\/product_tag?post=32926"}],"curies":[{"name":"wp","href":"https:\/\/api.w.org\/{rel}","templated":true}]}}