{"id":32864,"date":"2025-12-12T18:39:51","date_gmt":"2025-12-12T17:39:51","guid":{"rendered":"https:\/\/test.ecbeaute.com\/?post_type=product&#038;p=32864"},"modified":"2025-12-12T18:39:58","modified_gmt":"2025-12-12T17:39:58","slug":"naturalia-creme-multi-active-mains-30-ml","status":"publish","type":"product","link":"https:\/\/paracherkaoui.ma\/index.php\/produit\/naturalia-creme-multi-active-mains-30-ml\/","title":{"rendered":"NATURALIA CREME MULTI ACTIVE MAINS 30 ML"},"content":{"rendered":"<p>Formul\u00e9e avec des principes actifs d\u2019origine naturelle comme le gel d\u2019aloe vera, aux propri\u00e9t\u00e9s hydratantes, apaisantes et r\u00e9g\u00e9n\u00e9rantes, le th\u00e9 vert, puissant antioxydant qui lutte contre les radicaux libres responsables du vieillissement pr\u00e9matur\u00e9 de la peau et l\u2019huile d\u2019olive qui nourrit et r\u00e9pare la peau et la peau rend douce et soyeuse.<\/p>\n","protected":false},"excerpt":{"rendered":"<p>Formul\u00e9e avec des principes actifs d\u2019origine naturelle comme le gel d\u2019aloe vera, aux propri\u00e9t\u00e9s hydratantes, apaisantes et r\u00e9g\u00e9n\u00e9rantes, le th\u00e9<\/p>\n","protected":false},"featured_media":32918,"comment_status":"open","ping_status":"closed","template":"","meta":[],"product_brand":[289],"product_cat":[599],"product_tag":[],"class_list":{"0":"post-32864","1":"product","2":"type-product","3":"status-publish","4":"has-post-thumbnail","6":"product_brand-naturalia","7":"product_cat-soins-mains-et-pieds","9":"first","10":"instock","11":"sale","12":"shipping-taxable","13":"purchasable","14":"product-type-simple"},"yoast_head":"<!-- This site is optimized with the Yoast SEO plugin v26.6 - https:\/\/yoast.com\/wordpress\/plugins\/seo\/ -->\r\n<title>NATURALIA CREME MULTI ACTIVE MAINS 30 ML - Paracherkaoui.ma<\/title>\r\n<meta name=\"robots\" content=\"index, follow, max-snippet:-1, max-image-preview:large, max-video-preview:-1\" \/>\r\n<link rel=\"canonical\" href=\"https:\/\/paracherkaoui.ma\/index.php\/produit\/naturalia-creme-multi-active-mains-30-ml\/\" \/>\r\n<meta property=\"og:locale\" content=\"fr_FR\" \/>\r\n<meta property=\"og:type\" content=\"article\" \/>\r\n<meta property=\"og:title\" content=\"NATURALIA CREME MULTI ACTIVE MAINS 30 ML - Paracherkaoui.ma\" \/>\r\n<meta property=\"og:description\" content=\"Formul\u00e9e avec des principes actifs d\u2019origine naturelle comme le gel d\u2019aloe vera, aux propri\u00e9t\u00e9s hydratantes, apaisantes et r\u00e9g\u00e9n\u00e9rantes, le th\u00e9\" \/>\r\n<meta property=\"og:url\" content=\"https:\/\/paracherkaoui.ma\/index.php\/produit\/naturalia-creme-multi-active-mains-30-ml\/\" \/>\r\n<meta property=\"og:site_name\" content=\"Paracherkaoui.ma\" \/>\r\n<meta property=\"article:modified_time\" content=\"2025-12-12T17:39:58+00:00\" \/>\r\n<meta property=\"og:image\" content=\"https:\/\/paracherkaoui.ma\/wp-content\/uploads\/2025\/12\/naturalia-naturalia-creme-multi-active-mains-30-ml-mains.jpg\" \/>\r\n\t<meta property=\"og:image:width\" content=\"700\" \/>\r\n\t<meta property=\"og:image:height\" content=\"700\" \/>\r\n\t<meta property=\"og:image:type\" content=\"image\/jpeg\" \/>\r\n<meta name=\"twitter:card\" content=\"summary_large_image\" \/>\r\n<script type=\"application\/ld+json\" class=\"yoast-schema-graph\">{\"@context\":\"https:\/\/schema.org\",\"@graph\":[{\"@type\":\"WebPage\",\"@id\":\"https:\/\/paracherkaoui.ma\/index.php\/produit\/naturalia-creme-multi-active-mains-30-ml\/\",\"url\":\"https:\/\/paracherkaoui.ma\/index.php\/produit\/naturalia-creme-multi-active-mains-30-ml\/\",\"name\":\"NATURALIA CREME MULTI ACTIVE MAINS 30 ML - Paracherkaoui.ma\",\"isPartOf\":{\"@id\":\"https:\/\/paracherkaoui.ma\/#website\"},\"primaryImageOfPage\":{\"@id\":\"https:\/\/paracherkaoui.ma\/index.php\/produit\/naturalia-creme-multi-active-mains-30-ml\/#primaryimage\"},\"image\":{\"@id\":\"https:\/\/paracherkaoui.ma\/index.php\/produit\/naturalia-creme-multi-active-mains-30-ml\/#primaryimage\"},\"thumbnailUrl\":\"https:\/\/paracherkaoui.ma\/wp-content\/uploads\/2025\/12\/naturalia-naturalia-creme-multi-active-mains-30-ml-mains.jpg\",\"datePublished\":\"2025-12-12T17:39:51+00:00\",\"dateModified\":\"2025-12-12T17:39:58+00:00\",\"breadcrumb\":{\"@id\":\"https:\/\/paracherkaoui.ma\/index.php\/produit\/naturalia-creme-multi-active-mains-30-ml\/#breadcrumb\"},\"inLanguage\":\"fr-FR\",\"potentialAction\":[{\"@type\":\"ReadAction\",\"target\":[\"https:\/\/paracherkaoui.ma\/index.php\/produit\/naturalia-creme-multi-active-mains-30-ml\/\"]}]},{\"@type\":\"ImageObject\",\"inLanguage\":\"fr-FR\",\"@id\":\"https:\/\/paracherkaoui.ma\/index.php\/produit\/naturalia-creme-multi-active-mains-30-ml\/#primaryimage\",\"url\":\"https:\/\/paracherkaoui.ma\/wp-content\/uploads\/2025\/12\/naturalia-naturalia-creme-multi-active-mains-30-ml-mains.jpg\",\"contentUrl\":\"https:\/\/paracherkaoui.ma\/wp-content\/uploads\/2025\/12\/naturalia-naturalia-creme-multi-active-mains-30-ml-mains.jpg\",\"width\":700,\"height\":700},{\"@type\":\"BreadcrumbList\",\"@id\":\"https:\/\/paracherkaoui.ma\/index.php\/produit\/naturalia-creme-multi-active-mains-30-ml\/#breadcrumb\",\"itemListElement\":[{\"@type\":\"ListItem\",\"position\":1,\"name\":\"Accueil\",\"item\":\"https:\/\/paracherkaoui.ma\/\"},{\"@type\":\"ListItem\",\"position\":2,\"name\":\"Boutique\",\"item\":\"https:\/\/paracherkaoui.ma\/index.php\/boutique\/\"},{\"@type\":\"ListItem\",\"position\":3,\"name\":\"NATURALIA CREME MULTI ACTIVE MAINS 30 ML\"}]},{\"@type\":\"WebSite\",\"@id\":\"https:\/\/paracherkaoui.ma\/#website\",\"url\":\"https:\/\/paracherkaoui.ma\/\",\"name\":\"Paracherkaoui.ma\",\"description\":\"Achetez en ligne sur Paracherkaoui.ma\",\"potentialAction\":[{\"@type\":\"SearchAction\",\"target\":{\"@type\":\"EntryPoint\",\"urlTemplate\":\"https:\/\/paracherkaoui.ma\/?s={search_term_string}\"},\"query-input\":{\"@type\":\"PropertyValueSpecification\",\"valueRequired\":true,\"valueName\":\"search_term_string\"}}],\"inLanguage\":\"fr-FR\"}]}<\/script>\r\n<!-- \/ Yoast SEO plugin. -->","yoast_head_json":{"title":"NATURALIA CREME MULTI ACTIVE MAINS 30 ML - Paracherkaoui.ma","robots":{"index":"index","follow":"follow","max-snippet":"max-snippet:-1","max-image-preview":"max-image-preview:large","max-video-preview":"max-video-preview:-1"},"canonical":"https:\/\/paracherkaoui.ma\/index.php\/produit\/naturalia-creme-multi-active-mains-30-ml\/","og_locale":"fr_FR","og_type":"article","og_title":"NATURALIA CREME MULTI ACTIVE MAINS 30 ML - Paracherkaoui.ma","og_description":"Formul\u00e9e avec des principes actifs d\u2019origine naturelle comme le gel d\u2019aloe vera, aux propri\u00e9t\u00e9s hydratantes, apaisantes et r\u00e9g\u00e9n\u00e9rantes, le th\u00e9","og_url":"https:\/\/paracherkaoui.ma\/index.php\/produit\/naturalia-creme-multi-active-mains-30-ml\/","og_site_name":"Paracherkaoui.ma","article_modified_time":"2025-12-12T17:39:58+00:00","og_image":[{"width":700,"height":700,"url":"https:\/\/paracherkaoui.ma\/wp-content\/uploads\/2025\/12\/naturalia-naturalia-creme-multi-active-mains-30-ml-mains.jpg","type":"image\/jpeg"}],"twitter_card":"summary_large_image","schema":{"@context":"https:\/\/schema.org","@graph":[{"@type":"WebPage","@id":"https:\/\/paracherkaoui.ma\/index.php\/produit\/naturalia-creme-multi-active-mains-30-ml\/","url":"https:\/\/paracherkaoui.ma\/index.php\/produit\/naturalia-creme-multi-active-mains-30-ml\/","name":"NATURALIA CREME MULTI ACTIVE MAINS 30 ML - Paracherkaoui.ma","isPartOf":{"@id":"https:\/\/paracherkaoui.ma\/#website"},"primaryImageOfPage":{"@id":"https:\/\/paracherkaoui.ma\/index.php\/produit\/naturalia-creme-multi-active-mains-30-ml\/#primaryimage"},"image":{"@id":"https:\/\/paracherkaoui.ma\/index.php\/produit\/naturalia-creme-multi-active-mains-30-ml\/#primaryimage"},"thumbnailUrl":"https:\/\/paracherkaoui.ma\/wp-content\/uploads\/2025\/12\/naturalia-naturalia-creme-multi-active-mains-30-ml-mains.jpg","datePublished":"2025-12-12T17:39:51+00:00","dateModified":"2025-12-12T17:39:58+00:00","breadcrumb":{"@id":"https:\/\/paracherkaoui.ma\/index.php\/produit\/naturalia-creme-multi-active-mains-30-ml\/#breadcrumb"},"inLanguage":"fr-FR","potentialAction":[{"@type":"ReadAction","target":["https:\/\/paracherkaoui.ma\/index.php\/produit\/naturalia-creme-multi-active-mains-30-ml\/"]}]},{"@type":"ImageObject","inLanguage":"fr-FR","@id":"https:\/\/paracherkaoui.ma\/index.php\/produit\/naturalia-creme-multi-active-mains-30-ml\/#primaryimage","url":"https:\/\/paracherkaoui.ma\/wp-content\/uploads\/2025\/12\/naturalia-naturalia-creme-multi-active-mains-30-ml-mains.jpg","contentUrl":"https:\/\/paracherkaoui.ma\/wp-content\/uploads\/2025\/12\/naturalia-naturalia-creme-multi-active-mains-30-ml-mains.jpg","width":700,"height":700},{"@type":"BreadcrumbList","@id":"https:\/\/paracherkaoui.ma\/index.php\/produit\/naturalia-creme-multi-active-mains-30-ml\/#breadcrumb","itemListElement":[{"@type":"ListItem","position":1,"name":"Accueil","item":"https:\/\/paracherkaoui.ma\/"},{"@type":"ListItem","position":2,"name":"Boutique","item":"https:\/\/paracherkaoui.ma\/index.php\/boutique\/"},{"@type":"ListItem","position":3,"name":"NATURALIA CREME MULTI ACTIVE MAINS 30 ML"}]},{"@type":"WebSite","@id":"https:\/\/paracherkaoui.ma\/#website","url":"https:\/\/paracherkaoui.ma\/","name":"Paracherkaoui.ma","description":"Achetez en ligne sur Paracherkaoui.ma","potentialAction":[{"@type":"SearchAction","target":{"@type":"EntryPoint","urlTemplate":"https:\/\/paracherkaoui.ma\/?s={search_term_string}"},"query-input":{"@type":"PropertyValueSpecification","valueRequired":true,"valueName":"search_term_string"}}],"inLanguage":"fr-FR"}]}},"_links":{"self":[{"href":"https:\/\/paracherkaoui.ma\/index.php\/wp-json\/wp\/v2\/product\/32864","targetHints":{"allow":["GET"]}}],"collection":[{"href":"https:\/\/paracherkaoui.ma\/index.php\/wp-json\/wp\/v2\/product"}],"about":[{"href":"https:\/\/paracherkaoui.ma\/index.php\/wp-json\/wp\/v2\/types\/product"}],"replies":[{"embeddable":true,"href":"https:\/\/paracherkaoui.ma\/index.php\/wp-json\/wp\/v2\/comments?post=32864"}],"version-history":[{"count":1,"href":"https:\/\/paracherkaoui.ma\/index.php\/wp-json\/wp\/v2\/product\/32864\/revisions"}],"predecessor-version":[{"id":32919,"href":"https:\/\/paracherkaoui.ma\/index.php\/wp-json\/wp\/v2\/product\/32864\/revisions\/32919"}],"wp:featuredmedia":[{"embeddable":true,"href":"https:\/\/paracherkaoui.ma\/index.php\/wp-json\/wp\/v2\/media\/32918"}],"wp:attachment":[{"href":"https:\/\/paracherkaoui.ma\/index.php\/wp-json\/wp\/v2\/media?parent=32864"}],"wp:term":[{"taxonomy":"product_brand","embeddable":true,"href":"https:\/\/paracherkaoui.ma\/index.php\/wp-json\/wp\/v2\/product_brand?post=32864"},{"taxonomy":"product_cat","embeddable":true,"href":"https:\/\/paracherkaoui.ma\/index.php\/wp-json\/wp\/v2\/product_cat?post=32864"},{"taxonomy":"product_tag","embeddable":true,"href":"https:\/\/paracherkaoui.ma\/index.php\/wp-json\/wp\/v2\/product_tag?post=32864"}],"curies":[{"name":"wp","href":"https:\/\/api.w.org\/{rel}","templated":true}]}}