{"id":32860,"date":"2025-12-12T18:39:50","date_gmt":"2025-12-12T17:39:50","guid":{"rendered":"https:\/\/test.ecbeaute.com\/?post_type=product&#038;p=32860"},"modified":"2025-12-12T18:39:57","modified_gmt":"2025-12-12T17:39:57","slug":"uriage-bariederm-cica-huile-dermatologique-100-ml-3","status":"publish","type":"product","link":"https:\/\/paracherkaoui.ma\/index.php\/produit\/uriage-bariederm-cica-huile-dermatologique-100-ml-3\/","title":{"rendered":"URIAGE BARIEDERM CICA HUILE DERMATOLOGIQUE 100 ML"},"content":{"rendered":"<p>AIDE \u00c1 PR\u00c9VENIR, CORRIGE, ASSOUPLIT<br \/>\nLa CICA-HUILE Dermatologique d&rsquo;Uriage a \u00e9t\u00e9 con\u00e7ue pour le massage des vergetures et des marques r\u00e9centes. Elle accompagne parfaitement votre corps et ses diff\u00e9rentes \u00e9volutions : grossesse, prise de poids, marques post-op\u00e9rations&#8230;<\/p>\n<p>CORRECTION<br \/>\nGr\u00e2ce au Brevet GF-Repair \u00e0 l&rsquo;efficacit\u00e9 r\u00e9paratrice prouv\u00e9e, \u00e0 l&rsquo;huile de Tamanu riche en polyph\u00e9nols favorise la r\u00e9paration de la peau et au squalane v\u00e9g\u00e9tal aide \u00e0 r\u00e9g\u00e9n\u00e9rer le film hydrolipidique de la peau.<\/p>\n<p>PR\u00c9VENTION<br \/>\nGr\u00e2ce \u00e0 l&rsquo;huile de jojoba riche en acide gras, prot\u00e8ge et nourrit la peau, \u00e0 l&rsquo;huile d&rsquo;avocat riche en carot\u00e9no\u00efdes, vitamine C et E qui assouplit la peau et \u00e0 l&rsquo;huile de tournesol naturellement riche en om\u00e9ga-6 et vitamine E qui nourrit intens\u00e9ment la peau.<br \/>\nPeut-\u00eatre utilis\u00e9e avant, pendant, apr\u00e8s la grossesse et durant la p\u00e9riode d&rsquo;allaitement.<\/p>\n","protected":false},"excerpt":{"rendered":"<p>AIDE \u00c1 PR\u00c9VENIR, CORRIGE, ASSOUPLIT La CICA-HUILE Dermatologique d&rsquo;Uriage a \u00e9t\u00e9 con\u00e7ue pour le massage des vergetures et des marques<\/p>\n","protected":false},"featured_media":14323,"comment_status":"open","ping_status":"closed","template":"","meta":[],"product_brand":[130],"product_cat":[599],"product_tag":[],"class_list":{"0":"post-32860","1":"product","2":"type-product","3":"status-publish","4":"has-post-thumbnail","6":"product_brand-uriage","7":"product_cat-soins-mains-et-pieds","9":"first","10":"instock","11":"sale","12":"shipping-taxable","13":"purchasable","14":"product-type-simple"},"yoast_head":"<!-- This site is optimized with the Yoast SEO plugin v26.6 - https:\/\/yoast.com\/wordpress\/plugins\/seo\/ -->\r\n<title>URIAGE BARIEDERM CICA HUILE DERMATOLOGIQUE 100 ML - Paracherkaoui.ma<\/title>\r\n<meta name=\"robots\" content=\"index, follow, max-snippet:-1, max-image-preview:large, max-video-preview:-1\" \/>\r\n<link rel=\"canonical\" href=\"https:\/\/paracherkaoui.ma\/index.php\/produit\/uriage-bariederm-cica-huile-dermatologique-100-ml-3\/\" \/>\r\n<meta property=\"og:locale\" content=\"fr_FR\" \/>\r\n<meta property=\"og:type\" content=\"article\" \/>\r\n<meta property=\"og:title\" content=\"URIAGE BARIEDERM CICA HUILE DERMATOLOGIQUE 100 ML - Paracherkaoui.ma\" \/>\r\n<meta property=\"og:description\" content=\"AIDE \u00c1 PR\u00c9VENIR, CORRIGE, ASSOUPLIT La CICA-HUILE Dermatologique d&rsquo;Uriage a \u00e9t\u00e9 con\u00e7ue pour le massage des vergetures et des marques\" \/>\r\n<meta property=\"og:url\" content=\"https:\/\/paracherkaoui.ma\/index.php\/produit\/uriage-bariederm-cica-huile-dermatologique-100-ml-3\/\" \/>\r\n<meta property=\"og:site_name\" content=\"Paracherkaoui.ma\" \/>\r\n<meta property=\"article:modified_time\" content=\"2025-12-12T17:39:57+00:00\" \/>\r\n<meta property=\"og:image\" content=\"https:\/\/paracherkaoui.ma\/wp-content\/uploads\/2025\/12\/uriage-uriage-bariederm-cica-huile-dermatologique-100-ml-hydratation-corps.jpg\" \/>\r\n\t<meta property=\"og:image:width\" content=\"700\" \/>\r\n\t<meta property=\"og:image:height\" content=\"700\" \/>\r\n\t<meta property=\"og:image:type\" content=\"image\/jpeg\" \/>\r\n<meta name=\"twitter:card\" content=\"summary_large_image\" \/>\r\n<meta name=\"twitter:label1\" content=\"Dur\u00e9e de lecture estim\u00e9e\" \/>\n\t<meta name=\"twitter:data1\" content=\"1 minute\" \/>\r\n<script type=\"application\/ld+json\" class=\"yoast-schema-graph\">{\"@context\":\"https:\/\/schema.org\",\"@graph\":[{\"@type\":\"WebPage\",\"@id\":\"https:\/\/paracherkaoui.ma\/index.php\/produit\/uriage-bariederm-cica-huile-dermatologique-100-ml-3\/\",\"url\":\"https:\/\/paracherkaoui.ma\/index.php\/produit\/uriage-bariederm-cica-huile-dermatologique-100-ml-3\/\",\"name\":\"URIAGE BARIEDERM CICA HUILE DERMATOLOGIQUE 100 ML - Paracherkaoui.ma\",\"isPartOf\":{\"@id\":\"https:\/\/paracherkaoui.ma\/#website\"},\"primaryImageOfPage\":{\"@id\":\"https:\/\/paracherkaoui.ma\/index.php\/produit\/uriage-bariederm-cica-huile-dermatologique-100-ml-3\/#primaryimage\"},\"image\":{\"@id\":\"https:\/\/paracherkaoui.ma\/index.php\/produit\/uriage-bariederm-cica-huile-dermatologique-100-ml-3\/#primaryimage\"},\"thumbnailUrl\":\"https:\/\/paracherkaoui.ma\/wp-content\/uploads\/2025\/12\/uriage-uriage-bariederm-cica-huile-dermatologique-100-ml-hydratation-corps.jpg\",\"datePublished\":\"2025-12-12T17:39:50+00:00\",\"dateModified\":\"2025-12-12T17:39:57+00:00\",\"breadcrumb\":{\"@id\":\"https:\/\/paracherkaoui.ma\/index.php\/produit\/uriage-bariederm-cica-huile-dermatologique-100-ml-3\/#breadcrumb\"},\"inLanguage\":\"fr-FR\",\"potentialAction\":[{\"@type\":\"ReadAction\",\"target\":[\"https:\/\/paracherkaoui.ma\/index.php\/produit\/uriage-bariederm-cica-huile-dermatologique-100-ml-3\/\"]}]},{\"@type\":\"ImageObject\",\"inLanguage\":\"fr-FR\",\"@id\":\"https:\/\/paracherkaoui.ma\/index.php\/produit\/uriage-bariederm-cica-huile-dermatologique-100-ml-3\/#primaryimage\",\"url\":\"https:\/\/paracherkaoui.ma\/wp-content\/uploads\/2025\/12\/uriage-uriage-bariederm-cica-huile-dermatologique-100-ml-hydratation-corps.jpg\",\"contentUrl\":\"https:\/\/paracherkaoui.ma\/wp-content\/uploads\/2025\/12\/uriage-uriage-bariederm-cica-huile-dermatologique-100-ml-hydratation-corps.jpg\",\"width\":700,\"height\":700},{\"@type\":\"BreadcrumbList\",\"@id\":\"https:\/\/paracherkaoui.ma\/index.php\/produit\/uriage-bariederm-cica-huile-dermatologique-100-ml-3\/#breadcrumb\",\"itemListElement\":[{\"@type\":\"ListItem\",\"position\":1,\"name\":\"Accueil\",\"item\":\"https:\/\/paracherkaoui.ma\/\"},{\"@type\":\"ListItem\",\"position\":2,\"name\":\"Boutique\",\"item\":\"https:\/\/paracherkaoui.ma\/index.php\/boutique\/\"},{\"@type\":\"ListItem\",\"position\":3,\"name\":\"URIAGE BARIEDERM CICA HUILE DERMATOLOGIQUE 100 ML\"}]},{\"@type\":\"WebSite\",\"@id\":\"https:\/\/paracherkaoui.ma\/#website\",\"url\":\"https:\/\/paracherkaoui.ma\/\",\"name\":\"Paracherkaoui.ma\",\"description\":\"Achetez en ligne sur Paracherkaoui.ma\",\"potentialAction\":[{\"@type\":\"SearchAction\",\"target\":{\"@type\":\"EntryPoint\",\"urlTemplate\":\"https:\/\/paracherkaoui.ma\/?s={search_term_string}\"},\"query-input\":{\"@type\":\"PropertyValueSpecification\",\"valueRequired\":true,\"valueName\":\"search_term_string\"}}],\"inLanguage\":\"fr-FR\"}]}<\/script>\r\n<!-- \/ Yoast SEO plugin. -->","yoast_head_json":{"title":"URIAGE BARIEDERM CICA HUILE DERMATOLOGIQUE 100 ML - Paracherkaoui.ma","robots":{"index":"index","follow":"follow","max-snippet":"max-snippet:-1","max-image-preview":"max-image-preview:large","max-video-preview":"max-video-preview:-1"},"canonical":"https:\/\/paracherkaoui.ma\/index.php\/produit\/uriage-bariederm-cica-huile-dermatologique-100-ml-3\/","og_locale":"fr_FR","og_type":"article","og_title":"URIAGE BARIEDERM CICA HUILE DERMATOLOGIQUE 100 ML - Paracherkaoui.ma","og_description":"AIDE \u00c1 PR\u00c9VENIR, CORRIGE, ASSOUPLIT La CICA-HUILE Dermatologique d&rsquo;Uriage a \u00e9t\u00e9 con\u00e7ue pour le massage des vergetures et des marques","og_url":"https:\/\/paracherkaoui.ma\/index.php\/produit\/uriage-bariederm-cica-huile-dermatologique-100-ml-3\/","og_site_name":"Paracherkaoui.ma","article_modified_time":"2025-12-12T17:39:57+00:00","og_image":[{"width":700,"height":700,"url":"https:\/\/paracherkaoui.ma\/wp-content\/uploads\/2025\/12\/uriage-uriage-bariederm-cica-huile-dermatologique-100-ml-hydratation-corps.jpg","type":"image\/jpeg"}],"twitter_card":"summary_large_image","twitter_misc":{"Dur\u00e9e de lecture estim\u00e9e":"1 minute"},"schema":{"@context":"https:\/\/schema.org","@graph":[{"@type":"WebPage","@id":"https:\/\/paracherkaoui.ma\/index.php\/produit\/uriage-bariederm-cica-huile-dermatologique-100-ml-3\/","url":"https:\/\/paracherkaoui.ma\/index.php\/produit\/uriage-bariederm-cica-huile-dermatologique-100-ml-3\/","name":"URIAGE BARIEDERM CICA HUILE DERMATOLOGIQUE 100 ML - Paracherkaoui.ma","isPartOf":{"@id":"https:\/\/paracherkaoui.ma\/#website"},"primaryImageOfPage":{"@id":"https:\/\/paracherkaoui.ma\/index.php\/produit\/uriage-bariederm-cica-huile-dermatologique-100-ml-3\/#primaryimage"},"image":{"@id":"https:\/\/paracherkaoui.ma\/index.php\/produit\/uriage-bariederm-cica-huile-dermatologique-100-ml-3\/#primaryimage"},"thumbnailUrl":"https:\/\/paracherkaoui.ma\/wp-content\/uploads\/2025\/12\/uriage-uriage-bariederm-cica-huile-dermatologique-100-ml-hydratation-corps.jpg","datePublished":"2025-12-12T17:39:50+00:00","dateModified":"2025-12-12T17:39:57+00:00","breadcrumb":{"@id":"https:\/\/paracherkaoui.ma\/index.php\/produit\/uriage-bariederm-cica-huile-dermatologique-100-ml-3\/#breadcrumb"},"inLanguage":"fr-FR","potentialAction":[{"@type":"ReadAction","target":["https:\/\/paracherkaoui.ma\/index.php\/produit\/uriage-bariederm-cica-huile-dermatologique-100-ml-3\/"]}]},{"@type":"ImageObject","inLanguage":"fr-FR","@id":"https:\/\/paracherkaoui.ma\/index.php\/produit\/uriage-bariederm-cica-huile-dermatologique-100-ml-3\/#primaryimage","url":"https:\/\/paracherkaoui.ma\/wp-content\/uploads\/2025\/12\/uriage-uriage-bariederm-cica-huile-dermatologique-100-ml-hydratation-corps.jpg","contentUrl":"https:\/\/paracherkaoui.ma\/wp-content\/uploads\/2025\/12\/uriage-uriage-bariederm-cica-huile-dermatologique-100-ml-hydratation-corps.jpg","width":700,"height":700},{"@type":"BreadcrumbList","@id":"https:\/\/paracherkaoui.ma\/index.php\/produit\/uriage-bariederm-cica-huile-dermatologique-100-ml-3\/#breadcrumb","itemListElement":[{"@type":"ListItem","position":1,"name":"Accueil","item":"https:\/\/paracherkaoui.ma\/"},{"@type":"ListItem","position":2,"name":"Boutique","item":"https:\/\/paracherkaoui.ma\/index.php\/boutique\/"},{"@type":"ListItem","position":3,"name":"URIAGE BARIEDERM CICA HUILE DERMATOLOGIQUE 100 ML"}]},{"@type":"WebSite","@id":"https:\/\/paracherkaoui.ma\/#website","url":"https:\/\/paracherkaoui.ma\/","name":"Paracherkaoui.ma","description":"Achetez en ligne sur Paracherkaoui.ma","potentialAction":[{"@type":"SearchAction","target":{"@type":"EntryPoint","urlTemplate":"https:\/\/paracherkaoui.ma\/?s={search_term_string}"},"query-input":{"@type":"PropertyValueSpecification","valueRequired":true,"valueName":"search_term_string"}}],"inLanguage":"fr-FR"}]}},"_links":{"self":[{"href":"https:\/\/paracherkaoui.ma\/index.php\/wp-json\/wp\/v2\/product\/32860","targetHints":{"allow":["GET"]}}],"collection":[{"href":"https:\/\/paracherkaoui.ma\/index.php\/wp-json\/wp\/v2\/product"}],"about":[{"href":"https:\/\/paracherkaoui.ma\/index.php\/wp-json\/wp\/v2\/types\/product"}],"replies":[{"embeddable":true,"href":"https:\/\/paracherkaoui.ma\/index.php\/wp-json\/wp\/v2\/comments?post=32860"}],"version-history":[{"count":1,"href":"https:\/\/paracherkaoui.ma\/index.php\/wp-json\/wp\/v2\/product\/32860\/revisions"}],"predecessor-version":[{"id":32911,"href":"https:\/\/paracherkaoui.ma\/index.php\/wp-json\/wp\/v2\/product\/32860\/revisions\/32911"}],"wp:featuredmedia":[{"embeddable":true,"href":"https:\/\/paracherkaoui.ma\/index.php\/wp-json\/wp\/v2\/media\/14323"}],"wp:attachment":[{"href":"https:\/\/paracherkaoui.ma\/index.php\/wp-json\/wp\/v2\/media?parent=32860"}],"wp:term":[{"taxonomy":"product_brand","embeddable":true,"href":"https:\/\/paracherkaoui.ma\/index.php\/wp-json\/wp\/v2\/product_brand?post=32860"},{"taxonomy":"product_cat","embeddable":true,"href":"https:\/\/paracherkaoui.ma\/index.php\/wp-json\/wp\/v2\/product_cat?post=32860"},{"taxonomy":"product_tag","embeddable":true,"href":"https:\/\/paracherkaoui.ma\/index.php\/wp-json\/wp\/v2\/product_tag?post=32860"}],"curies":[{"name":"wp","href":"https:\/\/api.w.org\/{rel}","templated":true}]}}