{"id":32859,"date":"2025-12-12T18:39:50","date_gmt":"2025-12-12T17:39:50","guid":{"rendered":"https:\/\/test.ecbeaute.com\/?post_type=product&#038;p=32859"},"modified":"2025-12-12T18:39:57","modified_gmt":"2025-12-12T17:39:57","slug":"uriage-bariederm-creme-mains-isolante-reparatrice-50-ml-3","status":"publish","type":"product","link":"https:\/\/paracherkaoui.ma\/index.php\/produit\/uriage-bariederm-creme-mains-isolante-reparatrice-50-ml-3\/","title":{"rendered":"URIAGE BARI\u00c9DERM CR\u00c8ME MAINS ISOLANTE R\u00c9PARATRICE 50 ML"},"content":{"rendered":"<p>La cr\u00e8me Bari\u00e9derm utilise l\u2019association de deux polym\u00e8res pour fournir une action isolante efficace \u00e0 la surface de la peau, cr\u00e9ant ainsi un bouclier contre les futures agressions. Non seulement elle isole, mais elle apaise \u00e9galement gr\u00e2ce \u00e0 la richesse en Eau Thermale d\u2019Uriage, connue pour ses propri\u00e9t\u00e9s calmantes et hydratantes. Cette cr\u00e8me adoucit et nourrit intens\u00e9ment vos mains, laissant la peau douce et souple sans r\u00e9sidu collant.<br \/>\nUn des atouts majeurs de la Bari\u00e9derm Cr\u00e8me est son inclusion de miel de Manuka, un ingr\u00e9dient pr\u00e9cieux reconnu pour ses propri\u00e9t\u00e9s antibact\u00e9riennes. Ce composant assainit la peau, r\u00e9duisant le risque de prolif\u00e9ration bact\u00e9rienne et assurant des mains plus saines.<br \/>\nInvisible \u00e0 l\u2019application, cette cr\u00e8me p\u00e9n\u00e8tre rapidement dans la peau et offre une r\u00e9sistance \u00e0 l\u2019eau, assurant une protection durable tout au long de la journ\u00e9e. URIAGE BARI\u00c9DERM CR\u00c8ME MAINS est donc parfaite pour ceux qui cherchent une solution efficace et pratique pour combattre la s\u00e9cheresse et la fragilit\u00e9 de la peau des mains.<br \/>\nCOMPOSITION<br \/>\nAQUA (WATER, EAU) \u25cf PARAFFINUM LIQUIDUM (MINERAL OIL) \u25cf CETYL PEG\/PPG-10\/1 DIMETHICONE \u25cf BUTYLENE GLYCOL \u25cf GLYCERIN \u25cf STEARYL DIMETHICONE \u25cf SQUALANE \u25cf PEG-7 GLYCERYL COCOATE \u25cf DIMETHICONE \u25cf HYDROGENATED POLYDECENE \u25cf MEL (HONEY) \u25cf PVP \u25cf MAGNESIUM SULFATE \u25cf TAPIOCA STARCH \u25cf CHLORPHENESIN \u25cf o-CYMEN-5-OL \u25cf POLYQUATERNIUM-51 \u25cf POLYMETHYLSILSESQUIOXANE \u25cf CITRIC ACID<br \/>\nCONSEIL D\u2019UTILISATION<br \/>\nAppliquez quotidiennement\u00a0 une petite quantit\u00e9 de cr\u00e8me sur les mains propres et s\u00e8ches. Massez d\u00e9licatement jusqu\u2019\u00e0 absorption compl\u00e8te, en insistant sur les zones les plus s\u00e8ches et ab\u00eem\u00e9es. Utilisez la cr\u00e8me aussi souvent que n\u00e9cessaire, surtout apr\u00e8s le lavage des mains ou l\u2019exposition \u00e0 des produits chimiques.<\/p>\n","protected":false},"excerpt":{"rendered":"<p>La cr\u00e8me Bari\u00e9derm utilise l\u2019association de deux polym\u00e8res pour fournir une action isolante efficace \u00e0 la surface de la peau,<\/p>\n","protected":false},"featured_media":11290,"comment_status":"open","ping_status":"closed","template":"","meta":[],"product_brand":[130],"product_cat":[599],"product_tag":[],"class_list":{"0":"post-32859","1":"product","2":"type-product","3":"status-publish","4":"has-post-thumbnail","6":"product_brand-uriage","7":"product_cat-soins-mains-et-pieds","9":"first","10":"instock","11":"sale","12":"shipping-taxable","13":"purchasable","14":"product-type-simple"},"yoast_head":"<!-- This site is optimized with the Yoast SEO plugin v26.6 - https:\/\/yoast.com\/wordpress\/plugins\/seo\/ -->\r\n<title>URIAGE BARI\u00c9DERM CR\u00c8ME MAINS ISOLANTE R\u00c9PARATRICE 50 ML - Paracherkaoui.ma<\/title>\r\n<meta name=\"robots\" content=\"index, follow, max-snippet:-1, max-image-preview:large, max-video-preview:-1\" \/>\r\n<link rel=\"canonical\" href=\"https:\/\/paracherkaoui.ma\/index.php\/produit\/uriage-bariederm-creme-mains-isolante-reparatrice-50-ml-3\/\" \/>\r\n<meta property=\"og:locale\" content=\"fr_FR\" \/>\r\n<meta property=\"og:type\" content=\"article\" \/>\r\n<meta property=\"og:title\" content=\"URIAGE BARI\u00c9DERM CR\u00c8ME MAINS ISOLANTE R\u00c9PARATRICE 50 ML - Paracherkaoui.ma\" \/>\r\n<meta property=\"og:description\" content=\"La cr\u00e8me Bari\u00e9derm utilise l\u2019association de deux polym\u00e8res pour fournir une action isolante efficace \u00e0 la surface de la peau,\" \/>\r\n<meta property=\"og:url\" content=\"https:\/\/paracherkaoui.ma\/index.php\/produit\/uriage-bariederm-creme-mains-isolante-reparatrice-50-ml-3\/\" \/>\r\n<meta property=\"og:site_name\" content=\"Paracherkaoui.ma\" \/>\r\n<meta property=\"article:modified_time\" content=\"2025-12-12T17:39:57+00:00\" \/>\r\n<meta property=\"og:image\" content=\"https:\/\/paracherkaoui.ma\/wp-content\/uploads\/2025\/12\/uriage-uriage-bariederm-creme-mains-isolante-reparatrice-50-ml-mains.jpg\" \/>\r\n\t<meta property=\"og:image:width\" content=\"700\" \/>\r\n\t<meta property=\"og:image:height\" content=\"700\" \/>\r\n\t<meta property=\"og:image:type\" content=\"image\/jpeg\" \/>\r\n<meta name=\"twitter:card\" content=\"summary_large_image\" \/>\r\n<meta name=\"twitter:label1\" content=\"Dur\u00e9e de lecture estim\u00e9e\" \/>\n\t<meta name=\"twitter:data1\" content=\"1 minute\" \/>\r\n<script type=\"application\/ld+json\" class=\"yoast-schema-graph\">{\"@context\":\"https:\/\/schema.org\",\"@graph\":[{\"@type\":\"WebPage\",\"@id\":\"https:\/\/paracherkaoui.ma\/index.php\/produit\/uriage-bariederm-creme-mains-isolante-reparatrice-50-ml-3\/\",\"url\":\"https:\/\/paracherkaoui.ma\/index.php\/produit\/uriage-bariederm-creme-mains-isolante-reparatrice-50-ml-3\/\",\"name\":\"URIAGE BARI\u00c9DERM CR\u00c8ME MAINS ISOLANTE R\u00c9PARATRICE 50 ML - Paracherkaoui.ma\",\"isPartOf\":{\"@id\":\"https:\/\/paracherkaoui.ma\/#website\"},\"primaryImageOfPage\":{\"@id\":\"https:\/\/paracherkaoui.ma\/index.php\/produit\/uriage-bariederm-creme-mains-isolante-reparatrice-50-ml-3\/#primaryimage\"},\"image\":{\"@id\":\"https:\/\/paracherkaoui.ma\/index.php\/produit\/uriage-bariederm-creme-mains-isolante-reparatrice-50-ml-3\/#primaryimage\"},\"thumbnailUrl\":\"https:\/\/paracherkaoui.ma\/wp-content\/uploads\/2025\/12\/uriage-uriage-bariederm-creme-mains-isolante-reparatrice-50-ml-mains.jpg\",\"datePublished\":\"2025-12-12T17:39:50+00:00\",\"dateModified\":\"2025-12-12T17:39:57+00:00\",\"breadcrumb\":{\"@id\":\"https:\/\/paracherkaoui.ma\/index.php\/produit\/uriage-bariederm-creme-mains-isolante-reparatrice-50-ml-3\/#breadcrumb\"},\"inLanguage\":\"fr-FR\",\"potentialAction\":[{\"@type\":\"ReadAction\",\"target\":[\"https:\/\/paracherkaoui.ma\/index.php\/produit\/uriage-bariederm-creme-mains-isolante-reparatrice-50-ml-3\/\"]}]},{\"@type\":\"ImageObject\",\"inLanguage\":\"fr-FR\",\"@id\":\"https:\/\/paracherkaoui.ma\/index.php\/produit\/uriage-bariederm-creme-mains-isolante-reparatrice-50-ml-3\/#primaryimage\",\"url\":\"https:\/\/paracherkaoui.ma\/wp-content\/uploads\/2025\/12\/uriage-uriage-bariederm-creme-mains-isolante-reparatrice-50-ml-mains.jpg\",\"contentUrl\":\"https:\/\/paracherkaoui.ma\/wp-content\/uploads\/2025\/12\/uriage-uriage-bariederm-creme-mains-isolante-reparatrice-50-ml-mains.jpg\",\"width\":700,\"height\":700},{\"@type\":\"BreadcrumbList\",\"@id\":\"https:\/\/paracherkaoui.ma\/index.php\/produit\/uriage-bariederm-creme-mains-isolante-reparatrice-50-ml-3\/#breadcrumb\",\"itemListElement\":[{\"@type\":\"ListItem\",\"position\":1,\"name\":\"Accueil\",\"item\":\"https:\/\/paracherkaoui.ma\/\"},{\"@type\":\"ListItem\",\"position\":2,\"name\":\"Boutique\",\"item\":\"https:\/\/paracherkaoui.ma\/index.php\/boutique\/\"},{\"@type\":\"ListItem\",\"position\":3,\"name\":\"URIAGE BARI\u00c9DERM CR\u00c8ME MAINS ISOLANTE R\u00c9PARATRICE 50 ML\"}]},{\"@type\":\"WebSite\",\"@id\":\"https:\/\/paracherkaoui.ma\/#website\",\"url\":\"https:\/\/paracherkaoui.ma\/\",\"name\":\"Paracherkaoui.ma\",\"description\":\"Achetez en ligne sur Paracherkaoui.ma\",\"potentialAction\":[{\"@type\":\"SearchAction\",\"target\":{\"@type\":\"EntryPoint\",\"urlTemplate\":\"https:\/\/paracherkaoui.ma\/?s={search_term_string}\"},\"query-input\":{\"@type\":\"PropertyValueSpecification\",\"valueRequired\":true,\"valueName\":\"search_term_string\"}}],\"inLanguage\":\"fr-FR\"}]}<\/script>\r\n<!-- \/ Yoast SEO plugin. -->","yoast_head_json":{"title":"URIAGE BARI\u00c9DERM CR\u00c8ME MAINS ISOLANTE R\u00c9PARATRICE 50 ML - Paracherkaoui.ma","robots":{"index":"index","follow":"follow","max-snippet":"max-snippet:-1","max-image-preview":"max-image-preview:large","max-video-preview":"max-video-preview:-1"},"canonical":"https:\/\/paracherkaoui.ma\/index.php\/produit\/uriage-bariederm-creme-mains-isolante-reparatrice-50-ml-3\/","og_locale":"fr_FR","og_type":"article","og_title":"URIAGE BARI\u00c9DERM CR\u00c8ME MAINS ISOLANTE R\u00c9PARATRICE 50 ML - Paracherkaoui.ma","og_description":"La cr\u00e8me Bari\u00e9derm utilise l\u2019association de deux polym\u00e8res pour fournir une action isolante efficace \u00e0 la surface de la peau,","og_url":"https:\/\/paracherkaoui.ma\/index.php\/produit\/uriage-bariederm-creme-mains-isolante-reparatrice-50-ml-3\/","og_site_name":"Paracherkaoui.ma","article_modified_time":"2025-12-12T17:39:57+00:00","og_image":[{"width":700,"height":700,"url":"https:\/\/paracherkaoui.ma\/wp-content\/uploads\/2025\/12\/uriage-uriage-bariederm-creme-mains-isolante-reparatrice-50-ml-mains.jpg","type":"image\/jpeg"}],"twitter_card":"summary_large_image","twitter_misc":{"Dur\u00e9e de lecture estim\u00e9e":"1 minute"},"schema":{"@context":"https:\/\/schema.org","@graph":[{"@type":"WebPage","@id":"https:\/\/paracherkaoui.ma\/index.php\/produit\/uriage-bariederm-creme-mains-isolante-reparatrice-50-ml-3\/","url":"https:\/\/paracherkaoui.ma\/index.php\/produit\/uriage-bariederm-creme-mains-isolante-reparatrice-50-ml-3\/","name":"URIAGE BARI\u00c9DERM CR\u00c8ME MAINS ISOLANTE R\u00c9PARATRICE 50 ML - Paracherkaoui.ma","isPartOf":{"@id":"https:\/\/paracherkaoui.ma\/#website"},"primaryImageOfPage":{"@id":"https:\/\/paracherkaoui.ma\/index.php\/produit\/uriage-bariederm-creme-mains-isolante-reparatrice-50-ml-3\/#primaryimage"},"image":{"@id":"https:\/\/paracherkaoui.ma\/index.php\/produit\/uriage-bariederm-creme-mains-isolante-reparatrice-50-ml-3\/#primaryimage"},"thumbnailUrl":"https:\/\/paracherkaoui.ma\/wp-content\/uploads\/2025\/12\/uriage-uriage-bariederm-creme-mains-isolante-reparatrice-50-ml-mains.jpg","datePublished":"2025-12-12T17:39:50+00:00","dateModified":"2025-12-12T17:39:57+00:00","breadcrumb":{"@id":"https:\/\/paracherkaoui.ma\/index.php\/produit\/uriage-bariederm-creme-mains-isolante-reparatrice-50-ml-3\/#breadcrumb"},"inLanguage":"fr-FR","potentialAction":[{"@type":"ReadAction","target":["https:\/\/paracherkaoui.ma\/index.php\/produit\/uriage-bariederm-creme-mains-isolante-reparatrice-50-ml-3\/"]}]},{"@type":"ImageObject","inLanguage":"fr-FR","@id":"https:\/\/paracherkaoui.ma\/index.php\/produit\/uriage-bariederm-creme-mains-isolante-reparatrice-50-ml-3\/#primaryimage","url":"https:\/\/paracherkaoui.ma\/wp-content\/uploads\/2025\/12\/uriage-uriage-bariederm-creme-mains-isolante-reparatrice-50-ml-mains.jpg","contentUrl":"https:\/\/paracherkaoui.ma\/wp-content\/uploads\/2025\/12\/uriage-uriage-bariederm-creme-mains-isolante-reparatrice-50-ml-mains.jpg","width":700,"height":700},{"@type":"BreadcrumbList","@id":"https:\/\/paracherkaoui.ma\/index.php\/produit\/uriage-bariederm-creme-mains-isolante-reparatrice-50-ml-3\/#breadcrumb","itemListElement":[{"@type":"ListItem","position":1,"name":"Accueil","item":"https:\/\/paracherkaoui.ma\/"},{"@type":"ListItem","position":2,"name":"Boutique","item":"https:\/\/paracherkaoui.ma\/index.php\/boutique\/"},{"@type":"ListItem","position":3,"name":"URIAGE BARI\u00c9DERM CR\u00c8ME MAINS ISOLANTE R\u00c9PARATRICE 50 ML"}]},{"@type":"WebSite","@id":"https:\/\/paracherkaoui.ma\/#website","url":"https:\/\/paracherkaoui.ma\/","name":"Paracherkaoui.ma","description":"Achetez en ligne sur Paracherkaoui.ma","potentialAction":[{"@type":"SearchAction","target":{"@type":"EntryPoint","urlTemplate":"https:\/\/paracherkaoui.ma\/?s={search_term_string}"},"query-input":{"@type":"PropertyValueSpecification","valueRequired":true,"valueName":"search_term_string"}}],"inLanguage":"fr-FR"}]}},"_links":{"self":[{"href":"https:\/\/paracherkaoui.ma\/index.php\/wp-json\/wp\/v2\/product\/32859","targetHints":{"allow":["GET"]}}],"collection":[{"href":"https:\/\/paracherkaoui.ma\/index.php\/wp-json\/wp\/v2\/product"}],"about":[{"href":"https:\/\/paracherkaoui.ma\/index.php\/wp-json\/wp\/v2\/types\/product"}],"replies":[{"embeddable":true,"href":"https:\/\/paracherkaoui.ma\/index.php\/wp-json\/wp\/v2\/comments?post=32859"}],"version-history":[{"count":1,"href":"https:\/\/paracherkaoui.ma\/index.php\/wp-json\/wp\/v2\/product\/32859\/revisions"}],"predecessor-version":[{"id":32910,"href":"https:\/\/paracherkaoui.ma\/index.php\/wp-json\/wp\/v2\/product\/32859\/revisions\/32910"}],"wp:featuredmedia":[{"embeddable":true,"href":"https:\/\/paracherkaoui.ma\/index.php\/wp-json\/wp\/v2\/media\/11290"}],"wp:attachment":[{"href":"https:\/\/paracherkaoui.ma\/index.php\/wp-json\/wp\/v2\/media?parent=32859"}],"wp:term":[{"taxonomy":"product_brand","embeddable":true,"href":"https:\/\/paracherkaoui.ma\/index.php\/wp-json\/wp\/v2\/product_brand?post=32859"},{"taxonomy":"product_cat","embeddable":true,"href":"https:\/\/paracherkaoui.ma\/index.php\/wp-json\/wp\/v2\/product_cat?post=32859"},{"taxonomy":"product_tag","embeddable":true,"href":"https:\/\/paracherkaoui.ma\/index.php\/wp-json\/wp\/v2\/product_tag?post=32859"}],"curies":[{"name":"wp","href":"https:\/\/api.w.org\/{rel}","templated":true}]}}