{"id":32858,"date":"2025-12-12T18:39:50","date_gmt":"2025-12-12T17:39:50","guid":{"rendered":"https:\/\/test.ecbeaute.com\/?post_type=product&#038;p=32858"},"modified":"2025-12-12T18:39:57","modified_gmt":"2025-12-12T17:39:57","slug":"urgo-ampoules-doigt-et-orteil-petit-format-6","status":"publish","type":"product","link":"https:\/\/paracherkaoui.ma\/index.php\/produit\/urgo-ampoules-doigt-et-orteil-petit-format-6\/","title":{"rendered":"URGO AMPOULES DOIGT ET ORTEIL PETIT FORMAT * 6"},"content":{"rendered":"<p>Gr\u00e2ce \u00e0 sa pastille centrale sur\u00e9paissie, URGO Ampoules Doigt isole l\u2019ampoule des pressions et des frottements pour soulager imm\u00e9diatement la douleur. Au contact de l\u2019ampoule, la technologie hydrocollo\u00efde forme un gel de protection dermo-reconstituant qui favorise la cicatrisation de l\u2019ampoule. Difficiles \u00e0 soigner, les doigts et orteils n\u00e9cessitent des pansements sp\u00e9cifiques. Ultra r\u00e9sistant et gr\u00e2ce \u00e0 son petit format, URGO Ampoules Doigt \u00e9pouse parfaitement la forme de l\u2019orteil ou du doigt pour un traitement efficace des ampoules.<\/p>\n","protected":false},"excerpt":{"rendered":"<p>Gr\u00e2ce \u00e0 sa pastille centrale sur\u00e9paissie, URGO Ampoules Doigt isole l\u2019ampoule des pressions et des frottements pour soulager imm\u00e9diatement la<\/p>\n","protected":false},"featured_media":32908,"comment_status":"open","ping_status":"closed","template":"","meta":[],"product_brand":[601],"product_cat":[599],"product_tag":[],"class_list":{"0":"post-32858","1":"product","2":"type-product","3":"status-publish","4":"has-post-thumbnail","6":"product_brand-urgo","7":"product_cat-soins-mains-et-pieds","9":"first","10":"instock","11":"sale","12":"shipping-taxable","13":"purchasable","14":"product-type-simple"},"yoast_head":"<!-- This site is optimized with the Yoast SEO plugin v26.6 - https:\/\/yoast.com\/wordpress\/plugins\/seo\/ -->\r\n<title>URGO AMPOULES DOIGT ET ORTEIL PETIT FORMAT * 6 - Paracherkaoui.ma<\/title>\r\n<meta name=\"robots\" content=\"index, follow, max-snippet:-1, max-image-preview:large, max-video-preview:-1\" \/>\r\n<link rel=\"canonical\" href=\"https:\/\/paracherkaoui.ma\/index.php\/produit\/urgo-ampoules-doigt-et-orteil-petit-format-6\/\" \/>\r\n<meta property=\"og:locale\" content=\"fr_FR\" \/>\r\n<meta property=\"og:type\" content=\"article\" \/>\r\n<meta property=\"og:title\" content=\"URGO AMPOULES DOIGT ET ORTEIL PETIT FORMAT * 6 - Paracherkaoui.ma\" \/>\r\n<meta property=\"og:description\" content=\"Gr\u00e2ce \u00e0 sa pastille centrale sur\u00e9paissie, URGO Ampoules Doigt isole l\u2019ampoule des pressions et des frottements pour soulager imm\u00e9diatement la\" \/>\r\n<meta property=\"og:url\" content=\"https:\/\/paracherkaoui.ma\/index.php\/produit\/urgo-ampoules-doigt-et-orteil-petit-format-6\/\" \/>\r\n<meta property=\"og:site_name\" content=\"Paracherkaoui.ma\" \/>\r\n<meta property=\"article:modified_time\" content=\"2025-12-12T17:39:57+00:00\" \/>\r\n<meta property=\"og:image\" content=\"https:\/\/paracherkaoui.ma\/wp-content\/uploads\/2025\/12\/urgo-ampoules-doigt-et-orteil-petit-format-6.jpg\" \/>\r\n\t<meta property=\"og:image:width\" content=\"700\" \/>\r\n\t<meta property=\"og:image:height\" content=\"700\" \/>\r\n\t<meta property=\"og:image:type\" content=\"image\/jpeg\" \/>\r\n<meta name=\"twitter:card\" content=\"summary_large_image\" \/>\r\n<script type=\"application\/ld+json\" class=\"yoast-schema-graph\">{\"@context\":\"https:\/\/schema.org\",\"@graph\":[{\"@type\":\"WebPage\",\"@id\":\"https:\/\/paracherkaoui.ma\/index.php\/produit\/urgo-ampoules-doigt-et-orteil-petit-format-6\/\",\"url\":\"https:\/\/paracherkaoui.ma\/index.php\/produit\/urgo-ampoules-doigt-et-orteil-petit-format-6\/\",\"name\":\"URGO AMPOULES DOIGT ET ORTEIL PETIT FORMAT * 6 - Paracherkaoui.ma\",\"isPartOf\":{\"@id\":\"https:\/\/paracherkaoui.ma\/#website\"},\"primaryImageOfPage\":{\"@id\":\"https:\/\/paracherkaoui.ma\/index.php\/produit\/urgo-ampoules-doigt-et-orteil-petit-format-6\/#primaryimage\"},\"image\":{\"@id\":\"https:\/\/paracherkaoui.ma\/index.php\/produit\/urgo-ampoules-doigt-et-orteil-petit-format-6\/#primaryimage\"},\"thumbnailUrl\":\"https:\/\/paracherkaoui.ma\/wp-content\/uploads\/2025\/12\/urgo-ampoules-doigt-et-orteil-petit-format-6.jpg\",\"datePublished\":\"2025-12-12T17:39:50+00:00\",\"dateModified\":\"2025-12-12T17:39:57+00:00\",\"breadcrumb\":{\"@id\":\"https:\/\/paracherkaoui.ma\/index.php\/produit\/urgo-ampoules-doigt-et-orteil-petit-format-6\/#breadcrumb\"},\"inLanguage\":\"fr-FR\",\"potentialAction\":[{\"@type\":\"ReadAction\",\"target\":[\"https:\/\/paracherkaoui.ma\/index.php\/produit\/urgo-ampoules-doigt-et-orteil-petit-format-6\/\"]}]},{\"@type\":\"ImageObject\",\"inLanguage\":\"fr-FR\",\"@id\":\"https:\/\/paracherkaoui.ma\/index.php\/produit\/urgo-ampoules-doigt-et-orteil-petit-format-6\/#primaryimage\",\"url\":\"https:\/\/paracherkaoui.ma\/wp-content\/uploads\/2025\/12\/urgo-ampoules-doigt-et-orteil-petit-format-6.jpg\",\"contentUrl\":\"https:\/\/paracherkaoui.ma\/wp-content\/uploads\/2025\/12\/urgo-ampoules-doigt-et-orteil-petit-format-6.jpg\",\"width\":700,\"height\":700},{\"@type\":\"BreadcrumbList\",\"@id\":\"https:\/\/paracherkaoui.ma\/index.php\/produit\/urgo-ampoules-doigt-et-orteil-petit-format-6\/#breadcrumb\",\"itemListElement\":[{\"@type\":\"ListItem\",\"position\":1,\"name\":\"Accueil\",\"item\":\"https:\/\/paracherkaoui.ma\/\"},{\"@type\":\"ListItem\",\"position\":2,\"name\":\"Boutique\",\"item\":\"https:\/\/paracherkaoui.ma\/index.php\/boutique\/\"},{\"@type\":\"ListItem\",\"position\":3,\"name\":\"URGO AMPOULES DOIGT ET ORTEIL PETIT FORMAT * 6\"}]},{\"@type\":\"WebSite\",\"@id\":\"https:\/\/paracherkaoui.ma\/#website\",\"url\":\"https:\/\/paracherkaoui.ma\/\",\"name\":\"Paracherkaoui.ma\",\"description\":\"Achetez en ligne sur Paracherkaoui.ma\",\"potentialAction\":[{\"@type\":\"SearchAction\",\"target\":{\"@type\":\"EntryPoint\",\"urlTemplate\":\"https:\/\/paracherkaoui.ma\/?s={search_term_string}\"},\"query-input\":{\"@type\":\"PropertyValueSpecification\",\"valueRequired\":true,\"valueName\":\"search_term_string\"}}],\"inLanguage\":\"fr-FR\"}]}<\/script>\r\n<!-- \/ Yoast SEO plugin. -->","yoast_head_json":{"title":"URGO AMPOULES DOIGT ET ORTEIL PETIT FORMAT * 6 - Paracherkaoui.ma","robots":{"index":"index","follow":"follow","max-snippet":"max-snippet:-1","max-image-preview":"max-image-preview:large","max-video-preview":"max-video-preview:-1"},"canonical":"https:\/\/paracherkaoui.ma\/index.php\/produit\/urgo-ampoules-doigt-et-orteil-petit-format-6\/","og_locale":"fr_FR","og_type":"article","og_title":"URGO AMPOULES DOIGT ET ORTEIL PETIT FORMAT * 6 - Paracherkaoui.ma","og_description":"Gr\u00e2ce \u00e0 sa pastille centrale sur\u00e9paissie, URGO Ampoules Doigt isole l\u2019ampoule des pressions et des frottements pour soulager imm\u00e9diatement la","og_url":"https:\/\/paracherkaoui.ma\/index.php\/produit\/urgo-ampoules-doigt-et-orteil-petit-format-6\/","og_site_name":"Paracherkaoui.ma","article_modified_time":"2025-12-12T17:39:57+00:00","og_image":[{"width":700,"height":700,"url":"https:\/\/paracherkaoui.ma\/wp-content\/uploads\/2025\/12\/urgo-ampoules-doigt-et-orteil-petit-format-6.jpg","type":"image\/jpeg"}],"twitter_card":"summary_large_image","schema":{"@context":"https:\/\/schema.org","@graph":[{"@type":"WebPage","@id":"https:\/\/paracherkaoui.ma\/index.php\/produit\/urgo-ampoules-doigt-et-orteil-petit-format-6\/","url":"https:\/\/paracherkaoui.ma\/index.php\/produit\/urgo-ampoules-doigt-et-orteil-petit-format-6\/","name":"URGO AMPOULES DOIGT ET ORTEIL PETIT FORMAT * 6 - Paracherkaoui.ma","isPartOf":{"@id":"https:\/\/paracherkaoui.ma\/#website"},"primaryImageOfPage":{"@id":"https:\/\/paracherkaoui.ma\/index.php\/produit\/urgo-ampoules-doigt-et-orteil-petit-format-6\/#primaryimage"},"image":{"@id":"https:\/\/paracherkaoui.ma\/index.php\/produit\/urgo-ampoules-doigt-et-orteil-petit-format-6\/#primaryimage"},"thumbnailUrl":"https:\/\/paracherkaoui.ma\/wp-content\/uploads\/2025\/12\/urgo-ampoules-doigt-et-orteil-petit-format-6.jpg","datePublished":"2025-12-12T17:39:50+00:00","dateModified":"2025-12-12T17:39:57+00:00","breadcrumb":{"@id":"https:\/\/paracherkaoui.ma\/index.php\/produit\/urgo-ampoules-doigt-et-orteil-petit-format-6\/#breadcrumb"},"inLanguage":"fr-FR","potentialAction":[{"@type":"ReadAction","target":["https:\/\/paracherkaoui.ma\/index.php\/produit\/urgo-ampoules-doigt-et-orteil-petit-format-6\/"]}]},{"@type":"ImageObject","inLanguage":"fr-FR","@id":"https:\/\/paracherkaoui.ma\/index.php\/produit\/urgo-ampoules-doigt-et-orteil-petit-format-6\/#primaryimage","url":"https:\/\/paracherkaoui.ma\/wp-content\/uploads\/2025\/12\/urgo-ampoules-doigt-et-orteil-petit-format-6.jpg","contentUrl":"https:\/\/paracherkaoui.ma\/wp-content\/uploads\/2025\/12\/urgo-ampoules-doigt-et-orteil-petit-format-6.jpg","width":700,"height":700},{"@type":"BreadcrumbList","@id":"https:\/\/paracherkaoui.ma\/index.php\/produit\/urgo-ampoules-doigt-et-orteil-petit-format-6\/#breadcrumb","itemListElement":[{"@type":"ListItem","position":1,"name":"Accueil","item":"https:\/\/paracherkaoui.ma\/"},{"@type":"ListItem","position":2,"name":"Boutique","item":"https:\/\/paracherkaoui.ma\/index.php\/boutique\/"},{"@type":"ListItem","position":3,"name":"URGO AMPOULES DOIGT ET ORTEIL PETIT FORMAT * 6"}]},{"@type":"WebSite","@id":"https:\/\/paracherkaoui.ma\/#website","url":"https:\/\/paracherkaoui.ma\/","name":"Paracherkaoui.ma","description":"Achetez en ligne sur Paracherkaoui.ma","potentialAction":[{"@type":"SearchAction","target":{"@type":"EntryPoint","urlTemplate":"https:\/\/paracherkaoui.ma\/?s={search_term_string}"},"query-input":{"@type":"PropertyValueSpecification","valueRequired":true,"valueName":"search_term_string"}}],"inLanguage":"fr-FR"}]}},"_links":{"self":[{"href":"https:\/\/paracherkaoui.ma\/index.php\/wp-json\/wp\/v2\/product\/32858","targetHints":{"allow":["GET"]}}],"collection":[{"href":"https:\/\/paracherkaoui.ma\/index.php\/wp-json\/wp\/v2\/product"}],"about":[{"href":"https:\/\/paracherkaoui.ma\/index.php\/wp-json\/wp\/v2\/types\/product"}],"replies":[{"embeddable":true,"href":"https:\/\/paracherkaoui.ma\/index.php\/wp-json\/wp\/v2\/comments?post=32858"}],"version-history":[{"count":1,"href":"https:\/\/paracherkaoui.ma\/index.php\/wp-json\/wp\/v2\/product\/32858\/revisions"}],"predecessor-version":[{"id":32909,"href":"https:\/\/paracherkaoui.ma\/index.php\/wp-json\/wp\/v2\/product\/32858\/revisions\/32909"}],"wp:featuredmedia":[{"embeddable":true,"href":"https:\/\/paracherkaoui.ma\/index.php\/wp-json\/wp\/v2\/media\/32908"}],"wp:attachment":[{"href":"https:\/\/paracherkaoui.ma\/index.php\/wp-json\/wp\/v2\/media?parent=32858"}],"wp:term":[{"taxonomy":"product_brand","embeddable":true,"href":"https:\/\/paracherkaoui.ma\/index.php\/wp-json\/wp\/v2\/product_brand?post=32858"},{"taxonomy":"product_cat","embeddable":true,"href":"https:\/\/paracherkaoui.ma\/index.php\/wp-json\/wp\/v2\/product_cat?post=32858"},{"taxonomy":"product_tag","embeddable":true,"href":"https:\/\/paracherkaoui.ma\/index.php\/wp-json\/wp\/v2\/product_tag?post=32858"}],"curies":[{"name":"wp","href":"https:\/\/api.w.org\/{rel}","templated":true}]}}