{"id":32838,"date":"2025-12-12T18:39:49","date_gmt":"2025-12-12T17:39:49","guid":{"rendered":"https:\/\/test.ecbeaute.com\/?post_type=product&#038;p=32838"},"modified":"2025-12-12T18:39:51","modified_gmt":"2025-12-12T17:39:51","slug":"cattier-creme-mains-argile-blanche-anti-tache-anti-age-75-ml","status":"publish","type":"product","link":"https:\/\/paracherkaoui.ma\/index.php\/produit\/cattier-creme-mains-argile-blanche-anti-tache-anti-age-75-ml\/","title":{"rendered":"CATTIER CREME MAINS ARGILE BLANCHE ANTI TACHE ANTI AGE 75 ML"},"content":{"rendered":"<p>Cattier Cr\u00e8me mains est un produit bio qui contient de l\u2019aloe vera bio, de l\u2019huile d\u2019olive bio, du Bisabol et de beurre de karit\u00e9 bio. Le tout agit efficacement sur la peau de votre main tout en lui prot\u00e9geant des agressions ext\u00e9rieures.<br \/>\nUne cr\u00e8me \u00e0 fonctions multiples<br \/>\nCattier cr\u00e8me apporte plusieurs bienfaits pour votre main. Il s\u2019agit d\u2019un produit test\u00e9 sous contr\u00f4le dermatologique dont l\u2019usage a satisfait tous les volontaires qui l\u2019ont utilis\u00e9. C\u2019est un produit anti-tache qui corrige les taches pigmentaires visibles sur votre main. Elle hydrate, apaise, prot\u00e8ge et r\u00e9g\u00e9n\u00e8re la peau tout en lui rendant beaucoup plus douce et souple.<br \/>\nRiche en acides gras essentiels et en vitamine E, Cattier cr\u00e8me est un soin anti-ride qui redonne une nouvelle force et prot\u00e8ge les peaux matures. Ses ingr\u00e9dients sont essentiellement d\u2019origines naturelles et issues de l\u2019agriculture biologique.<br \/>\nPour un usage quotidien<br \/>\nVous pouvez utiliser quotidiennement la cr\u00e8me Cattier sur votre main. Appliquez-la id\u00e9alement le matin et le soir et vous allez aussi vite apercevoir les r\u00e9sultats. Juste apr\u00e8s usage, votre main devient plus tendre et la peau se rajeunit. \u00c0 force de l\u2019utiliser tous les jours,\u00a0les taches brunes sont \u00e9claircies et deviennent moins visibles. De m\u00eame, les rides et ridules sont estomp\u00e9es.<br \/>\nCattier\u00a0cr\u00e8me main est surtout recommand\u00e9e pour ceux ou celles qui ont les mains un peu dures et surtout pour ceux qui souhaitent entretenir quotidiennement leurs mains et les prot\u00e9ger de tous les effets n\u00e9fastes provoqu\u00e9s par la nature, par l\u2019\u00e2ge et par les produits chimiques.<\/p>\n","protected":false},"excerpt":{"rendered":"<p>Cattier Cr\u00e8me mains est un produit bio qui contient de l\u2019aloe vera bio, de l\u2019huile d\u2019olive bio, du Bisabol et<\/p>\n","protected":false},"featured_media":32868,"comment_status":"open","ping_status":"closed","template":"","meta":[],"product_brand":[187],"product_cat":[599],"product_tag":[],"class_list":{"0":"post-32838","1":"product","2":"type-product","3":"status-publish","4":"has-post-thumbnail","6":"product_brand-cattier","7":"product_cat-soins-mains-et-pieds","9":"first","10":"instock","11":"shipping-taxable","12":"purchasable","13":"product-type-simple"},"yoast_head":"<!-- This site is optimized with the Yoast SEO plugin v26.6 - https:\/\/yoast.com\/wordpress\/plugins\/seo\/ -->\r\n<title>CATTIER CREME MAINS ARGILE BLANCHE ANTI TACHE ANTI AGE 75 ML - Paracherkaoui.ma<\/title>\r\n<meta name=\"robots\" content=\"index, follow, max-snippet:-1, max-image-preview:large, max-video-preview:-1\" \/>\r\n<link rel=\"canonical\" href=\"https:\/\/paracherkaoui.ma\/index.php\/produit\/cattier-creme-mains-argile-blanche-anti-tache-anti-age-75-ml\/\" \/>\r\n<meta property=\"og:locale\" content=\"fr_FR\" \/>\r\n<meta property=\"og:type\" content=\"article\" \/>\r\n<meta property=\"og:title\" content=\"CATTIER CREME MAINS ARGILE BLANCHE ANTI TACHE ANTI AGE 75 ML - Paracherkaoui.ma\" \/>\r\n<meta property=\"og:description\" content=\"Cattier Cr\u00e8me mains est un produit bio qui contient de l\u2019aloe vera bio, de l\u2019huile d\u2019olive bio, du Bisabol et\" \/>\r\n<meta property=\"og:url\" content=\"https:\/\/paracherkaoui.ma\/index.php\/produit\/cattier-creme-mains-argile-blanche-anti-tache-anti-age-75-ml\/\" \/>\r\n<meta property=\"og:site_name\" content=\"Paracherkaoui.ma\" \/>\r\n<meta property=\"article:modified_time\" content=\"2025-12-12T17:39:51+00:00\" \/>\r\n<meta property=\"og:image\" content=\"https:\/\/paracherkaoui.ma\/wp-content\/uploads\/2025\/12\/cattier-creme-mains-argile-blanche-anti-tache-anti-age-75-ml.jpg\" \/>\r\n\t<meta property=\"og:image:width\" content=\"700\" \/>\r\n\t<meta property=\"og:image:height\" content=\"700\" \/>\r\n\t<meta property=\"og:image:type\" content=\"image\/jpeg\" \/>\r\n<meta name=\"twitter:card\" content=\"summary_large_image\" \/>\r\n<meta name=\"twitter:label1\" content=\"Dur\u00e9e de lecture estim\u00e9e\" \/>\n\t<meta name=\"twitter:data1\" content=\"1 minute\" \/>\r\n<script type=\"application\/ld+json\" class=\"yoast-schema-graph\">{\"@context\":\"https:\/\/schema.org\",\"@graph\":[{\"@type\":\"WebPage\",\"@id\":\"https:\/\/paracherkaoui.ma\/index.php\/produit\/cattier-creme-mains-argile-blanche-anti-tache-anti-age-75-ml\/\",\"url\":\"https:\/\/paracherkaoui.ma\/index.php\/produit\/cattier-creme-mains-argile-blanche-anti-tache-anti-age-75-ml\/\",\"name\":\"CATTIER CREME MAINS ARGILE BLANCHE ANTI TACHE ANTI AGE 75 ML - Paracherkaoui.ma\",\"isPartOf\":{\"@id\":\"https:\/\/paracherkaoui.ma\/#website\"},\"primaryImageOfPage\":{\"@id\":\"https:\/\/paracherkaoui.ma\/index.php\/produit\/cattier-creme-mains-argile-blanche-anti-tache-anti-age-75-ml\/#primaryimage\"},\"image\":{\"@id\":\"https:\/\/paracherkaoui.ma\/index.php\/produit\/cattier-creme-mains-argile-blanche-anti-tache-anti-age-75-ml\/#primaryimage\"},\"thumbnailUrl\":\"https:\/\/paracherkaoui.ma\/wp-content\/uploads\/2025\/12\/cattier-creme-mains-argile-blanche-anti-tache-anti-age-75-ml.jpg\",\"datePublished\":\"2025-12-12T17:39:49+00:00\",\"dateModified\":\"2025-12-12T17:39:51+00:00\",\"breadcrumb\":{\"@id\":\"https:\/\/paracherkaoui.ma\/index.php\/produit\/cattier-creme-mains-argile-blanche-anti-tache-anti-age-75-ml\/#breadcrumb\"},\"inLanguage\":\"fr-FR\",\"potentialAction\":[{\"@type\":\"ReadAction\",\"target\":[\"https:\/\/paracherkaoui.ma\/index.php\/produit\/cattier-creme-mains-argile-blanche-anti-tache-anti-age-75-ml\/\"]}]},{\"@type\":\"ImageObject\",\"inLanguage\":\"fr-FR\",\"@id\":\"https:\/\/paracherkaoui.ma\/index.php\/produit\/cattier-creme-mains-argile-blanche-anti-tache-anti-age-75-ml\/#primaryimage\",\"url\":\"https:\/\/paracherkaoui.ma\/wp-content\/uploads\/2025\/12\/cattier-creme-mains-argile-blanche-anti-tache-anti-age-75-ml.jpg\",\"contentUrl\":\"https:\/\/paracherkaoui.ma\/wp-content\/uploads\/2025\/12\/cattier-creme-mains-argile-blanche-anti-tache-anti-age-75-ml.jpg\",\"width\":700,\"height\":700},{\"@type\":\"BreadcrumbList\",\"@id\":\"https:\/\/paracherkaoui.ma\/index.php\/produit\/cattier-creme-mains-argile-blanche-anti-tache-anti-age-75-ml\/#breadcrumb\",\"itemListElement\":[{\"@type\":\"ListItem\",\"position\":1,\"name\":\"Accueil\",\"item\":\"https:\/\/paracherkaoui.ma\/\"},{\"@type\":\"ListItem\",\"position\":2,\"name\":\"Boutique\",\"item\":\"https:\/\/paracherkaoui.ma\/index.php\/boutique\/\"},{\"@type\":\"ListItem\",\"position\":3,\"name\":\"CATTIER CREME MAINS ARGILE BLANCHE ANTI TACHE ANTI AGE 75 ML\"}]},{\"@type\":\"WebSite\",\"@id\":\"https:\/\/paracherkaoui.ma\/#website\",\"url\":\"https:\/\/paracherkaoui.ma\/\",\"name\":\"Paracherkaoui.ma\",\"description\":\"Achetez en ligne sur Paracherkaoui.ma\",\"potentialAction\":[{\"@type\":\"SearchAction\",\"target\":{\"@type\":\"EntryPoint\",\"urlTemplate\":\"https:\/\/paracherkaoui.ma\/?s={search_term_string}\"},\"query-input\":{\"@type\":\"PropertyValueSpecification\",\"valueRequired\":true,\"valueName\":\"search_term_string\"}}],\"inLanguage\":\"fr-FR\"}]}<\/script>\r\n<!-- \/ Yoast SEO plugin. -->","yoast_head_json":{"title":"CATTIER CREME MAINS ARGILE BLANCHE ANTI TACHE ANTI AGE 75 ML - Paracherkaoui.ma","robots":{"index":"index","follow":"follow","max-snippet":"max-snippet:-1","max-image-preview":"max-image-preview:large","max-video-preview":"max-video-preview:-1"},"canonical":"https:\/\/paracherkaoui.ma\/index.php\/produit\/cattier-creme-mains-argile-blanche-anti-tache-anti-age-75-ml\/","og_locale":"fr_FR","og_type":"article","og_title":"CATTIER CREME MAINS ARGILE BLANCHE ANTI TACHE ANTI AGE 75 ML - Paracherkaoui.ma","og_description":"Cattier Cr\u00e8me mains est un produit bio qui contient de l\u2019aloe vera bio, de l\u2019huile d\u2019olive bio, du Bisabol et","og_url":"https:\/\/paracherkaoui.ma\/index.php\/produit\/cattier-creme-mains-argile-blanche-anti-tache-anti-age-75-ml\/","og_site_name":"Paracherkaoui.ma","article_modified_time":"2025-12-12T17:39:51+00:00","og_image":[{"width":700,"height":700,"url":"https:\/\/paracherkaoui.ma\/wp-content\/uploads\/2025\/12\/cattier-creme-mains-argile-blanche-anti-tache-anti-age-75-ml.jpg","type":"image\/jpeg"}],"twitter_card":"summary_large_image","twitter_misc":{"Dur\u00e9e de lecture estim\u00e9e":"1 minute"},"schema":{"@context":"https:\/\/schema.org","@graph":[{"@type":"WebPage","@id":"https:\/\/paracherkaoui.ma\/index.php\/produit\/cattier-creme-mains-argile-blanche-anti-tache-anti-age-75-ml\/","url":"https:\/\/paracherkaoui.ma\/index.php\/produit\/cattier-creme-mains-argile-blanche-anti-tache-anti-age-75-ml\/","name":"CATTIER CREME MAINS ARGILE BLANCHE ANTI TACHE ANTI AGE 75 ML - Paracherkaoui.ma","isPartOf":{"@id":"https:\/\/paracherkaoui.ma\/#website"},"primaryImageOfPage":{"@id":"https:\/\/paracherkaoui.ma\/index.php\/produit\/cattier-creme-mains-argile-blanche-anti-tache-anti-age-75-ml\/#primaryimage"},"image":{"@id":"https:\/\/paracherkaoui.ma\/index.php\/produit\/cattier-creme-mains-argile-blanche-anti-tache-anti-age-75-ml\/#primaryimage"},"thumbnailUrl":"https:\/\/paracherkaoui.ma\/wp-content\/uploads\/2025\/12\/cattier-creme-mains-argile-blanche-anti-tache-anti-age-75-ml.jpg","datePublished":"2025-12-12T17:39:49+00:00","dateModified":"2025-12-12T17:39:51+00:00","breadcrumb":{"@id":"https:\/\/paracherkaoui.ma\/index.php\/produit\/cattier-creme-mains-argile-blanche-anti-tache-anti-age-75-ml\/#breadcrumb"},"inLanguage":"fr-FR","potentialAction":[{"@type":"ReadAction","target":["https:\/\/paracherkaoui.ma\/index.php\/produit\/cattier-creme-mains-argile-blanche-anti-tache-anti-age-75-ml\/"]}]},{"@type":"ImageObject","inLanguage":"fr-FR","@id":"https:\/\/paracherkaoui.ma\/index.php\/produit\/cattier-creme-mains-argile-blanche-anti-tache-anti-age-75-ml\/#primaryimage","url":"https:\/\/paracherkaoui.ma\/wp-content\/uploads\/2025\/12\/cattier-creme-mains-argile-blanche-anti-tache-anti-age-75-ml.jpg","contentUrl":"https:\/\/paracherkaoui.ma\/wp-content\/uploads\/2025\/12\/cattier-creme-mains-argile-blanche-anti-tache-anti-age-75-ml.jpg","width":700,"height":700},{"@type":"BreadcrumbList","@id":"https:\/\/paracherkaoui.ma\/index.php\/produit\/cattier-creme-mains-argile-blanche-anti-tache-anti-age-75-ml\/#breadcrumb","itemListElement":[{"@type":"ListItem","position":1,"name":"Accueil","item":"https:\/\/paracherkaoui.ma\/"},{"@type":"ListItem","position":2,"name":"Boutique","item":"https:\/\/paracherkaoui.ma\/index.php\/boutique\/"},{"@type":"ListItem","position":3,"name":"CATTIER CREME MAINS ARGILE BLANCHE ANTI TACHE ANTI AGE 75 ML"}]},{"@type":"WebSite","@id":"https:\/\/paracherkaoui.ma\/#website","url":"https:\/\/paracherkaoui.ma\/","name":"Paracherkaoui.ma","description":"Achetez en ligne sur Paracherkaoui.ma","potentialAction":[{"@type":"SearchAction","target":{"@type":"EntryPoint","urlTemplate":"https:\/\/paracherkaoui.ma\/?s={search_term_string}"},"query-input":{"@type":"PropertyValueSpecification","valueRequired":true,"valueName":"search_term_string"}}],"inLanguage":"fr-FR"}]}},"_links":{"self":[{"href":"https:\/\/paracherkaoui.ma\/index.php\/wp-json\/wp\/v2\/product\/32838","targetHints":{"allow":["GET"]}}],"collection":[{"href":"https:\/\/paracherkaoui.ma\/index.php\/wp-json\/wp\/v2\/product"}],"about":[{"href":"https:\/\/paracherkaoui.ma\/index.php\/wp-json\/wp\/v2\/types\/product"}],"replies":[{"embeddable":true,"href":"https:\/\/paracherkaoui.ma\/index.php\/wp-json\/wp\/v2\/comments?post=32838"}],"version-history":[{"count":1,"href":"https:\/\/paracherkaoui.ma\/index.php\/wp-json\/wp\/v2\/product\/32838\/revisions"}],"predecessor-version":[{"id":32869,"href":"https:\/\/paracherkaoui.ma\/index.php\/wp-json\/wp\/v2\/product\/32838\/revisions\/32869"}],"wp:featuredmedia":[{"embeddable":true,"href":"https:\/\/paracherkaoui.ma\/index.php\/wp-json\/wp\/v2\/media\/32868"}],"wp:attachment":[{"href":"https:\/\/paracherkaoui.ma\/index.php\/wp-json\/wp\/v2\/media?parent=32838"}],"wp:term":[{"taxonomy":"product_brand","embeddable":true,"href":"https:\/\/paracherkaoui.ma\/index.php\/wp-json\/wp\/v2\/product_brand?post=32838"},{"taxonomy":"product_cat","embeddable":true,"href":"https:\/\/paracherkaoui.ma\/index.php\/wp-json\/wp\/v2\/product_cat?post=32838"},{"taxonomy":"product_tag","embeddable":true,"href":"https:\/\/paracherkaoui.ma\/index.php\/wp-json\/wp\/v2\/product_tag?post=32838"}],"curies":[{"name":"wp","href":"https:\/\/api.w.org\/{rel}","templated":true}]}}