{"id":32778,"date":"2025-12-12T18:39:42","date_gmt":"2025-12-12T17:39:42","guid":{"rendered":"https:\/\/test.ecbeaute.com\/?post_type=product&#038;p=32778"},"modified":"2025-12-12T18:39:48","modified_gmt":"2025-12-12T17:39:48","slug":"mavala-huile-seche-vernis-10ml","status":"publish","type":"product","link":"https:\/\/paracherkaoui.ma\/index.php\/produit\/mavala-huile-seche-vernis-10ml\/","title":{"rendered":"MAVALA HUILE SECHE-VERNIS 10ML"},"content":{"rendered":"<p>L\u2019huile s\u00e8che-vernis de MAVALA incolore pour une couleur de vernis intacte, s\u00e8che rapidement le vernis tout en prenant soin des ongles. Les ongles seront prot\u00e9g\u00e9s et renforc\u00e9s face aux chocs quotidiens. En s\u00e9chant rapidement, il \u00e9vite au vernis de s\u2019\u00e9cailler et laisse des ongles brillants et \u00e9clatants. Elle contient \u00e9galement de le\u2019huile de coton aux propri\u00e9t\u00e9s nourrissantes qui laissera les cuticules souples. En seulement quelques secondes, la manucure est parfaite\u00a0!<\/p>\n","protected":false},"excerpt":{"rendered":"<p>L\u2019huile s\u00e8che-vernis de MAVALA incolore pour une couleur de vernis intacte, s\u00e8che rapidement le vernis tout en prenant soin des<\/p>\n","protected":false},"featured_media":32834,"comment_status":"open","ping_status":"closed","template":"","meta":[],"product_brand":[546],"product_cat":[599],"product_tag":[],"class_list":{"0":"post-32778","1":"product","2":"type-product","3":"status-publish","4":"has-post-thumbnail","6":"product_brand-mavala","7":"product_cat-soins-mains-et-pieds","9":"first","10":"instock","11":"shipping-taxable","12":"purchasable","13":"product-type-simple"},"yoast_head":"<!-- This site is optimized with the Yoast SEO plugin v26.6 - https:\/\/yoast.com\/wordpress\/plugins\/seo\/ -->\r\n<title>MAVALA HUILE SECHE-VERNIS 10ML - Paracherkaoui.ma<\/title>\r\n<meta name=\"robots\" content=\"index, follow, max-snippet:-1, max-image-preview:large, max-video-preview:-1\" \/>\r\n<link rel=\"canonical\" href=\"https:\/\/paracherkaoui.ma\/index.php\/produit\/mavala-huile-seche-vernis-10ml\/\" \/>\r\n<meta property=\"og:locale\" content=\"fr_FR\" \/>\r\n<meta property=\"og:type\" content=\"article\" \/>\r\n<meta property=\"og:title\" content=\"MAVALA HUILE SECHE-VERNIS 10ML - Paracherkaoui.ma\" \/>\r\n<meta property=\"og:description\" content=\"L\u2019huile s\u00e8che-vernis de MAVALA incolore pour une couleur de vernis intacte, s\u00e8che rapidement le vernis tout en prenant soin des\" \/>\r\n<meta property=\"og:url\" content=\"https:\/\/paracherkaoui.ma\/index.php\/produit\/mavala-huile-seche-vernis-10ml\/\" \/>\r\n<meta property=\"og:site_name\" content=\"Paracherkaoui.ma\" \/>\r\n<meta property=\"article:modified_time\" content=\"2025-12-12T17:39:48+00:00\" \/>\r\n<meta property=\"og:image\" content=\"https:\/\/paracherkaoui.ma\/wp-content\/uploads\/2025\/12\/mavala-mavala-huile-seche-vernis-10ml-corps.jpg\" \/>\r\n\t<meta property=\"og:image:width\" content=\"700\" \/>\r\n\t<meta property=\"og:image:height\" content=\"700\" \/>\r\n\t<meta property=\"og:image:type\" content=\"image\/jpeg\" \/>\r\n<meta name=\"twitter:card\" content=\"summary_large_image\" \/>\r\n<script type=\"application\/ld+json\" class=\"yoast-schema-graph\">{\"@context\":\"https:\/\/schema.org\",\"@graph\":[{\"@type\":\"WebPage\",\"@id\":\"https:\/\/paracherkaoui.ma\/index.php\/produit\/mavala-huile-seche-vernis-10ml\/\",\"url\":\"https:\/\/paracherkaoui.ma\/index.php\/produit\/mavala-huile-seche-vernis-10ml\/\",\"name\":\"MAVALA HUILE SECHE-VERNIS 10ML - Paracherkaoui.ma\",\"isPartOf\":{\"@id\":\"https:\/\/paracherkaoui.ma\/#website\"},\"primaryImageOfPage\":{\"@id\":\"https:\/\/paracherkaoui.ma\/index.php\/produit\/mavala-huile-seche-vernis-10ml\/#primaryimage\"},\"image\":{\"@id\":\"https:\/\/paracherkaoui.ma\/index.php\/produit\/mavala-huile-seche-vernis-10ml\/#primaryimage\"},\"thumbnailUrl\":\"https:\/\/paracherkaoui.ma\/wp-content\/uploads\/2025\/12\/mavala-mavala-huile-seche-vernis-10ml-corps.jpg\",\"datePublished\":\"2025-12-12T17:39:42+00:00\",\"dateModified\":\"2025-12-12T17:39:48+00:00\",\"breadcrumb\":{\"@id\":\"https:\/\/paracherkaoui.ma\/index.php\/produit\/mavala-huile-seche-vernis-10ml\/#breadcrumb\"},\"inLanguage\":\"fr-FR\",\"potentialAction\":[{\"@type\":\"ReadAction\",\"target\":[\"https:\/\/paracherkaoui.ma\/index.php\/produit\/mavala-huile-seche-vernis-10ml\/\"]}]},{\"@type\":\"ImageObject\",\"inLanguage\":\"fr-FR\",\"@id\":\"https:\/\/paracherkaoui.ma\/index.php\/produit\/mavala-huile-seche-vernis-10ml\/#primaryimage\",\"url\":\"https:\/\/paracherkaoui.ma\/wp-content\/uploads\/2025\/12\/mavala-mavala-huile-seche-vernis-10ml-corps.jpg\",\"contentUrl\":\"https:\/\/paracherkaoui.ma\/wp-content\/uploads\/2025\/12\/mavala-mavala-huile-seche-vernis-10ml-corps.jpg\",\"width\":700,\"height\":700},{\"@type\":\"BreadcrumbList\",\"@id\":\"https:\/\/paracherkaoui.ma\/index.php\/produit\/mavala-huile-seche-vernis-10ml\/#breadcrumb\",\"itemListElement\":[{\"@type\":\"ListItem\",\"position\":1,\"name\":\"Accueil\",\"item\":\"https:\/\/paracherkaoui.ma\/\"},{\"@type\":\"ListItem\",\"position\":2,\"name\":\"Boutique\",\"item\":\"https:\/\/paracherkaoui.ma\/index.php\/boutique\/\"},{\"@type\":\"ListItem\",\"position\":3,\"name\":\"MAVALA HUILE SECHE-VERNIS 10ML\"}]},{\"@type\":\"WebSite\",\"@id\":\"https:\/\/paracherkaoui.ma\/#website\",\"url\":\"https:\/\/paracherkaoui.ma\/\",\"name\":\"Paracherkaoui.ma\",\"description\":\"Achetez en ligne sur Paracherkaoui.ma\",\"potentialAction\":[{\"@type\":\"SearchAction\",\"target\":{\"@type\":\"EntryPoint\",\"urlTemplate\":\"https:\/\/paracherkaoui.ma\/?s={search_term_string}\"},\"query-input\":{\"@type\":\"PropertyValueSpecification\",\"valueRequired\":true,\"valueName\":\"search_term_string\"}}],\"inLanguage\":\"fr-FR\"}]}<\/script>\r\n<!-- \/ Yoast SEO plugin. -->","yoast_head_json":{"title":"MAVALA HUILE SECHE-VERNIS 10ML - Paracherkaoui.ma","robots":{"index":"index","follow":"follow","max-snippet":"max-snippet:-1","max-image-preview":"max-image-preview:large","max-video-preview":"max-video-preview:-1"},"canonical":"https:\/\/paracherkaoui.ma\/index.php\/produit\/mavala-huile-seche-vernis-10ml\/","og_locale":"fr_FR","og_type":"article","og_title":"MAVALA HUILE SECHE-VERNIS 10ML - Paracherkaoui.ma","og_description":"L\u2019huile s\u00e8che-vernis de MAVALA incolore pour une couleur de vernis intacte, s\u00e8che rapidement le vernis tout en prenant soin des","og_url":"https:\/\/paracherkaoui.ma\/index.php\/produit\/mavala-huile-seche-vernis-10ml\/","og_site_name":"Paracherkaoui.ma","article_modified_time":"2025-12-12T17:39:48+00:00","og_image":[{"width":700,"height":700,"url":"https:\/\/paracherkaoui.ma\/wp-content\/uploads\/2025\/12\/mavala-mavala-huile-seche-vernis-10ml-corps.jpg","type":"image\/jpeg"}],"twitter_card":"summary_large_image","schema":{"@context":"https:\/\/schema.org","@graph":[{"@type":"WebPage","@id":"https:\/\/paracherkaoui.ma\/index.php\/produit\/mavala-huile-seche-vernis-10ml\/","url":"https:\/\/paracherkaoui.ma\/index.php\/produit\/mavala-huile-seche-vernis-10ml\/","name":"MAVALA HUILE SECHE-VERNIS 10ML - Paracherkaoui.ma","isPartOf":{"@id":"https:\/\/paracherkaoui.ma\/#website"},"primaryImageOfPage":{"@id":"https:\/\/paracherkaoui.ma\/index.php\/produit\/mavala-huile-seche-vernis-10ml\/#primaryimage"},"image":{"@id":"https:\/\/paracherkaoui.ma\/index.php\/produit\/mavala-huile-seche-vernis-10ml\/#primaryimage"},"thumbnailUrl":"https:\/\/paracherkaoui.ma\/wp-content\/uploads\/2025\/12\/mavala-mavala-huile-seche-vernis-10ml-corps.jpg","datePublished":"2025-12-12T17:39:42+00:00","dateModified":"2025-12-12T17:39:48+00:00","breadcrumb":{"@id":"https:\/\/paracherkaoui.ma\/index.php\/produit\/mavala-huile-seche-vernis-10ml\/#breadcrumb"},"inLanguage":"fr-FR","potentialAction":[{"@type":"ReadAction","target":["https:\/\/paracherkaoui.ma\/index.php\/produit\/mavala-huile-seche-vernis-10ml\/"]}]},{"@type":"ImageObject","inLanguage":"fr-FR","@id":"https:\/\/paracherkaoui.ma\/index.php\/produit\/mavala-huile-seche-vernis-10ml\/#primaryimage","url":"https:\/\/paracherkaoui.ma\/wp-content\/uploads\/2025\/12\/mavala-mavala-huile-seche-vernis-10ml-corps.jpg","contentUrl":"https:\/\/paracherkaoui.ma\/wp-content\/uploads\/2025\/12\/mavala-mavala-huile-seche-vernis-10ml-corps.jpg","width":700,"height":700},{"@type":"BreadcrumbList","@id":"https:\/\/paracherkaoui.ma\/index.php\/produit\/mavala-huile-seche-vernis-10ml\/#breadcrumb","itemListElement":[{"@type":"ListItem","position":1,"name":"Accueil","item":"https:\/\/paracherkaoui.ma\/"},{"@type":"ListItem","position":2,"name":"Boutique","item":"https:\/\/paracherkaoui.ma\/index.php\/boutique\/"},{"@type":"ListItem","position":3,"name":"MAVALA HUILE SECHE-VERNIS 10ML"}]},{"@type":"WebSite","@id":"https:\/\/paracherkaoui.ma\/#website","url":"https:\/\/paracherkaoui.ma\/","name":"Paracherkaoui.ma","description":"Achetez en ligne sur Paracherkaoui.ma","potentialAction":[{"@type":"SearchAction","target":{"@type":"EntryPoint","urlTemplate":"https:\/\/paracherkaoui.ma\/?s={search_term_string}"},"query-input":{"@type":"PropertyValueSpecification","valueRequired":true,"valueName":"search_term_string"}}],"inLanguage":"fr-FR"}]}},"_links":{"self":[{"href":"https:\/\/paracherkaoui.ma\/index.php\/wp-json\/wp\/v2\/product\/32778","targetHints":{"allow":["GET"]}}],"collection":[{"href":"https:\/\/paracherkaoui.ma\/index.php\/wp-json\/wp\/v2\/product"}],"about":[{"href":"https:\/\/paracherkaoui.ma\/index.php\/wp-json\/wp\/v2\/types\/product"}],"replies":[{"embeddable":true,"href":"https:\/\/paracherkaoui.ma\/index.php\/wp-json\/wp\/v2\/comments?post=32778"}],"version-history":[{"count":1,"href":"https:\/\/paracherkaoui.ma\/index.php\/wp-json\/wp\/v2\/product\/32778\/revisions"}],"predecessor-version":[{"id":32835,"href":"https:\/\/paracherkaoui.ma\/index.php\/wp-json\/wp\/v2\/product\/32778\/revisions\/32835"}],"wp:featuredmedia":[{"embeddable":true,"href":"https:\/\/paracherkaoui.ma\/index.php\/wp-json\/wp\/v2\/media\/32834"}],"wp:attachment":[{"href":"https:\/\/paracherkaoui.ma\/index.php\/wp-json\/wp\/v2\/media?parent=32778"}],"wp:term":[{"taxonomy":"product_brand","embeddable":true,"href":"https:\/\/paracherkaoui.ma\/index.php\/wp-json\/wp\/v2\/product_brand?post=32778"},{"taxonomy":"product_cat","embeddable":true,"href":"https:\/\/paracherkaoui.ma\/index.php\/wp-json\/wp\/v2\/product_cat?post=32778"},{"taxonomy":"product_tag","embeddable":true,"href":"https:\/\/paracherkaoui.ma\/index.php\/wp-json\/wp\/v2\/product_tag?post=32778"}],"curies":[{"name":"wp","href":"https:\/\/api.w.org\/{rel}","templated":true}]}}