{"id":32774,"date":"2025-12-12T18:39:42","date_gmt":"2025-12-12T17:39:42","guid":{"rendered":"https:\/\/test.ecbeaute.com\/?post_type=product&#038;p=32774"},"modified":"2025-12-12T18:39:48","modified_gmt":"2025-12-12T17:39:48","slug":"odarym-creme-desodorisante-pieds-48-h-50ml","status":"publish","type":"product","link":"https:\/\/paracherkaoui.ma\/index.php\/produit\/odarym-creme-desodorisante-pieds-48-h-50ml\/","title":{"rendered":"ODARYM CREME DESODORISANTE PIEDS 48 H 50ML"},"content":{"rendered":"<p>Lutter contre les mauvaises odeurs de pieds n&rsquo;a jamais \u00e9t\u00e9 aussi simple avec notre Cr\u00e8me D\u00e9sodorisante pour Pieds. Ce soin innovant, sp\u00e9cialement formul\u00e9 pour cibler les causes des odeurs d\u00e9sagr\u00e9ables, comme la transpiration excessive, les bact\u00e9ries ou les infections fongiques, vous offre fra\u00eecheur et confort tout au long de la journ\u00e9e. Sa formule l\u00e9g\u00e8re p\u00e9n\u00e8tre rapidement sans laisser de fini gras, permettant \u00e0 vos pieds de rester secs, hydrat\u00e9s et parfaitement soign\u00e9s.<br \/>\nCompos\u00e9e d&rsquo;ingr\u00e9dients naturels de haute qualit\u00e9, cette cr\u00e8me d\u00e9sodorisante cr\u00e9e une barri\u00e8re protectrice contre l&rsquo;humidit\u00e9 et les bact\u00e9ries tout en nourrissant la peau. Ses agents apaisants aident \u00e0 pr\u00e9venir l\u2019irritation et la s\u00e9cheresse, souvent caus\u00e9es par les chaussures inappropri\u00e9es ou un manque d&rsquo;hydratation. Fini les pieds malodorants ! Vous pourrez d\u00e9sormais enlever vos chaussures en toute s\u00e9r\u00e9nit\u00e9.<br \/>\nId\u00e9ale pour ceux qui souffrent de transpiration excessive ou d&rsquo;hyperhidrose, cette cr\u00e8me vous accompagnera dans votre quotidien actif, au bureau, lors de vos s\u00e9ances de sport ou de longues marches. Vos pieds resteront secs, frais et revitalis\u00e9s.<br \/>\nComposition :<br \/>\nHuile de coco<br \/>\nArgile blanche<br \/>\nOxyde de zinc<br \/>\nBeurre de karit\u00e9<br \/>\nHuile d\u2019argan ( extrait du noyau )<br \/>\nCire d&rsquo;abeille<br \/>\nHuile essentielle de menthe poivr\u00e9e<br \/>\nHuile essentielle de lavande<br \/>\nHuile essentielle de palmarosa<br \/>\nVitamine E<br \/>\nConseils d&rsquo;utilisation :<br \/>\nAppliquez une noisette de cr\u00e8me d\u00e9sodorisante sur des pieds propres et secs.<br \/>\nMassez d\u00e9licatement jusqu&rsquo;\u00e0 absorption compl\u00e8te, en insistant entre les orteils.<br \/>\nUtilisez matin et soir pour une protection optimale contre les mauvaises odeurs<\/p>\n","protected":false},"excerpt":{"rendered":"<p>Lutter contre les mauvaises odeurs de pieds n&rsquo;a jamais \u00e9t\u00e9 aussi simple avec notre Cr\u00e8me D\u00e9sodorisante pour Pieds. Ce soin<\/p>\n","protected":false},"featured_media":32827,"comment_status":"open","ping_status":"closed","template":"","meta":[],"product_brand":[208],"product_cat":[599],"product_tag":[],"class_list":{"0":"post-32774","1":"product","2":"type-product","3":"status-publish","4":"has-post-thumbnail","6":"product_brand-odarym","7":"product_cat-soins-mains-et-pieds","9":"first","10":"instock","11":"shipping-taxable","12":"purchasable","13":"product-type-simple"},"yoast_head":"<!-- This site is optimized with the Yoast SEO plugin v26.6 - https:\/\/yoast.com\/wordpress\/plugins\/seo\/ -->\r\n<title>ODARYM CREME DESODORISANTE PIEDS 48 H 50ML - Paracherkaoui.ma<\/title>\r\n<meta name=\"robots\" content=\"index, follow, max-snippet:-1, max-image-preview:large, max-video-preview:-1\" \/>\r\n<link rel=\"canonical\" href=\"https:\/\/paracherkaoui.ma\/index.php\/produit\/odarym-creme-desodorisante-pieds-48-h-50ml\/\" \/>\r\n<meta property=\"og:locale\" content=\"fr_FR\" \/>\r\n<meta property=\"og:type\" content=\"article\" \/>\r\n<meta property=\"og:title\" content=\"ODARYM CREME DESODORISANTE PIEDS 48 H 50ML - Paracherkaoui.ma\" \/>\r\n<meta property=\"og:description\" content=\"Lutter contre les mauvaises odeurs de pieds n&rsquo;a jamais \u00e9t\u00e9 aussi simple avec notre Cr\u00e8me D\u00e9sodorisante pour Pieds. Ce soin\" \/>\r\n<meta property=\"og:url\" content=\"https:\/\/paracherkaoui.ma\/index.php\/produit\/odarym-creme-desodorisante-pieds-48-h-50ml\/\" \/>\r\n<meta property=\"og:site_name\" content=\"Paracherkaoui.ma\" \/>\r\n<meta property=\"article:modified_time\" content=\"2025-12-12T17:39:48+00:00\" \/>\r\n<meta property=\"og:image\" content=\"https:\/\/paracherkaoui.ma\/wp-content\/uploads\/2025\/12\/odarym-creme-desodorisante-pieds-48-h-50ml.jpg\" \/>\r\n\t<meta property=\"og:image:width\" content=\"700\" \/>\r\n\t<meta property=\"og:image:height\" content=\"700\" \/>\r\n\t<meta property=\"og:image:type\" content=\"image\/jpeg\" \/>\r\n<meta name=\"twitter:card\" content=\"summary_large_image\" \/>\r\n<meta name=\"twitter:label1\" content=\"Dur\u00e9e de lecture estim\u00e9e\" \/>\n\t<meta name=\"twitter:data1\" content=\"1 minute\" \/>\r\n<script type=\"application\/ld+json\" class=\"yoast-schema-graph\">{\"@context\":\"https:\/\/schema.org\",\"@graph\":[{\"@type\":\"WebPage\",\"@id\":\"https:\/\/paracherkaoui.ma\/index.php\/produit\/odarym-creme-desodorisante-pieds-48-h-50ml\/\",\"url\":\"https:\/\/paracherkaoui.ma\/index.php\/produit\/odarym-creme-desodorisante-pieds-48-h-50ml\/\",\"name\":\"ODARYM CREME DESODORISANTE PIEDS 48 H 50ML - Paracherkaoui.ma\",\"isPartOf\":{\"@id\":\"https:\/\/paracherkaoui.ma\/#website\"},\"primaryImageOfPage\":{\"@id\":\"https:\/\/paracherkaoui.ma\/index.php\/produit\/odarym-creme-desodorisante-pieds-48-h-50ml\/#primaryimage\"},\"image\":{\"@id\":\"https:\/\/paracherkaoui.ma\/index.php\/produit\/odarym-creme-desodorisante-pieds-48-h-50ml\/#primaryimage\"},\"thumbnailUrl\":\"https:\/\/paracherkaoui.ma\/wp-content\/uploads\/2025\/12\/odarym-creme-desodorisante-pieds-48-h-50ml.jpg\",\"datePublished\":\"2025-12-12T17:39:42+00:00\",\"dateModified\":\"2025-12-12T17:39:48+00:00\",\"breadcrumb\":{\"@id\":\"https:\/\/paracherkaoui.ma\/index.php\/produit\/odarym-creme-desodorisante-pieds-48-h-50ml\/#breadcrumb\"},\"inLanguage\":\"fr-FR\",\"potentialAction\":[{\"@type\":\"ReadAction\",\"target\":[\"https:\/\/paracherkaoui.ma\/index.php\/produit\/odarym-creme-desodorisante-pieds-48-h-50ml\/\"]}]},{\"@type\":\"ImageObject\",\"inLanguage\":\"fr-FR\",\"@id\":\"https:\/\/paracherkaoui.ma\/index.php\/produit\/odarym-creme-desodorisante-pieds-48-h-50ml\/#primaryimage\",\"url\":\"https:\/\/paracherkaoui.ma\/wp-content\/uploads\/2025\/12\/odarym-creme-desodorisante-pieds-48-h-50ml.jpg\",\"contentUrl\":\"https:\/\/paracherkaoui.ma\/wp-content\/uploads\/2025\/12\/odarym-creme-desodorisante-pieds-48-h-50ml.jpg\",\"width\":700,\"height\":700},{\"@type\":\"BreadcrumbList\",\"@id\":\"https:\/\/paracherkaoui.ma\/index.php\/produit\/odarym-creme-desodorisante-pieds-48-h-50ml\/#breadcrumb\",\"itemListElement\":[{\"@type\":\"ListItem\",\"position\":1,\"name\":\"Accueil\",\"item\":\"https:\/\/paracherkaoui.ma\/\"},{\"@type\":\"ListItem\",\"position\":2,\"name\":\"Boutique\",\"item\":\"https:\/\/paracherkaoui.ma\/index.php\/boutique\/\"},{\"@type\":\"ListItem\",\"position\":3,\"name\":\"ODARYM CREME DESODORISANTE PIEDS 48 H 50ML\"}]},{\"@type\":\"WebSite\",\"@id\":\"https:\/\/paracherkaoui.ma\/#website\",\"url\":\"https:\/\/paracherkaoui.ma\/\",\"name\":\"Paracherkaoui.ma\",\"description\":\"Achetez en ligne sur Paracherkaoui.ma\",\"potentialAction\":[{\"@type\":\"SearchAction\",\"target\":{\"@type\":\"EntryPoint\",\"urlTemplate\":\"https:\/\/paracherkaoui.ma\/?s={search_term_string}\"},\"query-input\":{\"@type\":\"PropertyValueSpecification\",\"valueRequired\":true,\"valueName\":\"search_term_string\"}}],\"inLanguage\":\"fr-FR\"}]}<\/script>\r\n<!-- \/ Yoast SEO plugin. -->","yoast_head_json":{"title":"ODARYM CREME DESODORISANTE PIEDS 48 H 50ML - Paracherkaoui.ma","robots":{"index":"index","follow":"follow","max-snippet":"max-snippet:-1","max-image-preview":"max-image-preview:large","max-video-preview":"max-video-preview:-1"},"canonical":"https:\/\/paracherkaoui.ma\/index.php\/produit\/odarym-creme-desodorisante-pieds-48-h-50ml\/","og_locale":"fr_FR","og_type":"article","og_title":"ODARYM CREME DESODORISANTE PIEDS 48 H 50ML - Paracherkaoui.ma","og_description":"Lutter contre les mauvaises odeurs de pieds n&rsquo;a jamais \u00e9t\u00e9 aussi simple avec notre Cr\u00e8me D\u00e9sodorisante pour Pieds. Ce soin","og_url":"https:\/\/paracherkaoui.ma\/index.php\/produit\/odarym-creme-desodorisante-pieds-48-h-50ml\/","og_site_name":"Paracherkaoui.ma","article_modified_time":"2025-12-12T17:39:48+00:00","og_image":[{"width":700,"height":700,"url":"https:\/\/paracherkaoui.ma\/wp-content\/uploads\/2025\/12\/odarym-creme-desodorisante-pieds-48-h-50ml.jpg","type":"image\/jpeg"}],"twitter_card":"summary_large_image","twitter_misc":{"Dur\u00e9e de lecture estim\u00e9e":"1 minute"},"schema":{"@context":"https:\/\/schema.org","@graph":[{"@type":"WebPage","@id":"https:\/\/paracherkaoui.ma\/index.php\/produit\/odarym-creme-desodorisante-pieds-48-h-50ml\/","url":"https:\/\/paracherkaoui.ma\/index.php\/produit\/odarym-creme-desodorisante-pieds-48-h-50ml\/","name":"ODARYM CREME DESODORISANTE PIEDS 48 H 50ML - Paracherkaoui.ma","isPartOf":{"@id":"https:\/\/paracherkaoui.ma\/#website"},"primaryImageOfPage":{"@id":"https:\/\/paracherkaoui.ma\/index.php\/produit\/odarym-creme-desodorisante-pieds-48-h-50ml\/#primaryimage"},"image":{"@id":"https:\/\/paracherkaoui.ma\/index.php\/produit\/odarym-creme-desodorisante-pieds-48-h-50ml\/#primaryimage"},"thumbnailUrl":"https:\/\/paracherkaoui.ma\/wp-content\/uploads\/2025\/12\/odarym-creme-desodorisante-pieds-48-h-50ml.jpg","datePublished":"2025-12-12T17:39:42+00:00","dateModified":"2025-12-12T17:39:48+00:00","breadcrumb":{"@id":"https:\/\/paracherkaoui.ma\/index.php\/produit\/odarym-creme-desodorisante-pieds-48-h-50ml\/#breadcrumb"},"inLanguage":"fr-FR","potentialAction":[{"@type":"ReadAction","target":["https:\/\/paracherkaoui.ma\/index.php\/produit\/odarym-creme-desodorisante-pieds-48-h-50ml\/"]}]},{"@type":"ImageObject","inLanguage":"fr-FR","@id":"https:\/\/paracherkaoui.ma\/index.php\/produit\/odarym-creme-desodorisante-pieds-48-h-50ml\/#primaryimage","url":"https:\/\/paracherkaoui.ma\/wp-content\/uploads\/2025\/12\/odarym-creme-desodorisante-pieds-48-h-50ml.jpg","contentUrl":"https:\/\/paracherkaoui.ma\/wp-content\/uploads\/2025\/12\/odarym-creme-desodorisante-pieds-48-h-50ml.jpg","width":700,"height":700},{"@type":"BreadcrumbList","@id":"https:\/\/paracherkaoui.ma\/index.php\/produit\/odarym-creme-desodorisante-pieds-48-h-50ml\/#breadcrumb","itemListElement":[{"@type":"ListItem","position":1,"name":"Accueil","item":"https:\/\/paracherkaoui.ma\/"},{"@type":"ListItem","position":2,"name":"Boutique","item":"https:\/\/paracherkaoui.ma\/index.php\/boutique\/"},{"@type":"ListItem","position":3,"name":"ODARYM CREME DESODORISANTE PIEDS 48 H 50ML"}]},{"@type":"WebSite","@id":"https:\/\/paracherkaoui.ma\/#website","url":"https:\/\/paracherkaoui.ma\/","name":"Paracherkaoui.ma","description":"Achetez en ligne sur Paracherkaoui.ma","potentialAction":[{"@type":"SearchAction","target":{"@type":"EntryPoint","urlTemplate":"https:\/\/paracherkaoui.ma\/?s={search_term_string}"},"query-input":{"@type":"PropertyValueSpecification","valueRequired":true,"valueName":"search_term_string"}}],"inLanguage":"fr-FR"}]}},"_links":{"self":[{"href":"https:\/\/paracherkaoui.ma\/index.php\/wp-json\/wp\/v2\/product\/32774","targetHints":{"allow":["GET"]}}],"collection":[{"href":"https:\/\/paracherkaoui.ma\/index.php\/wp-json\/wp\/v2\/product"}],"about":[{"href":"https:\/\/paracherkaoui.ma\/index.php\/wp-json\/wp\/v2\/types\/product"}],"replies":[{"embeddable":true,"href":"https:\/\/paracherkaoui.ma\/index.php\/wp-json\/wp\/v2\/comments?post=32774"}],"version-history":[{"count":1,"href":"https:\/\/paracherkaoui.ma\/index.php\/wp-json\/wp\/v2\/product\/32774\/revisions"}],"predecessor-version":[{"id":32828,"href":"https:\/\/paracherkaoui.ma\/index.php\/wp-json\/wp\/v2\/product\/32774\/revisions\/32828"}],"wp:featuredmedia":[{"embeddable":true,"href":"https:\/\/paracherkaoui.ma\/index.php\/wp-json\/wp\/v2\/media\/32827"}],"wp:attachment":[{"href":"https:\/\/paracherkaoui.ma\/index.php\/wp-json\/wp\/v2\/media?parent=32774"}],"wp:term":[{"taxonomy":"product_brand","embeddable":true,"href":"https:\/\/paracherkaoui.ma\/index.php\/wp-json\/wp\/v2\/product_brand?post=32774"},{"taxonomy":"product_cat","embeddable":true,"href":"https:\/\/paracherkaoui.ma\/index.php\/wp-json\/wp\/v2\/product_cat?post=32774"},{"taxonomy":"product_tag","embeddable":true,"href":"https:\/\/paracherkaoui.ma\/index.php\/wp-json\/wp\/v2\/product_tag?post=32774"}],"curies":[{"name":"wp","href":"https:\/\/api.w.org\/{rel}","templated":true}]}}