{"id":32773,"date":"2025-12-12T18:39:42","date_gmt":"2025-12-12T17:39:42","guid":{"rendered":"https:\/\/test.ecbeaute.com\/?post_type=product&#038;p=32773"},"modified":"2025-12-12T18:39:47","modified_gmt":"2025-12-12T17:39:47","slug":"kaline-k-repair-nutri-plus-creme-mains-hydratante-50-ml","status":"publish","type":"product","link":"https:\/\/paracherkaoui.ma\/index.php\/produit\/kaline-k-repair-nutri-plus-creme-mains-hydratante-50-ml\/","title":{"rendered":"KALINE K REPAIR NUTRI PLUS CREME MAINS HYDRATANTE 50 ML"},"content":{"rendered":"<p>Gr\u00e2ce \u00e0 sa formulation unique alliant xylitol, beurre de karit\u00e9, glyc\u00e9rine v\u00e9g\u00e9tale et ur\u00e9e, cette cr\u00e8me apaise imm\u00e9diatement les sensations de tiraillement, souvent caus\u00e9es par le froid, les lavages r\u00e9p\u00e9t\u00e9s ou les agressions ext\u00e9rieures. Le beurre de karit\u00e9, riche en acides gras essentiels, apporte souplesse et confort \u00e0 la peau. La glyc\u00e9rine v\u00e9g\u00e9tale assure une hydratation en profondeur, tandis que l\u2019ur\u00e9e aide \u00e0 lisser les rugosit\u00e9s et renforcer la fonction barri\u00e8re de l\u2019\u00e9piderme. Le xylitol, quant \u00e0 lui, participe au maintien de l\u2019hydratation naturelle de la peau.<br \/>\nSa texture douce et non grasse p\u00e9n\u00e8tre rapidement sans laisser de film collant, pour des mains instantan\u00e9ment plus douces et prot\u00e9g\u00e9es. Ce soin est id\u00e9al en toute saison et convient \u00e0 tous les types de peaux, m\u00eame les plus sensibles.<br \/>\nConseils d\u2019utilisation<br \/>\nAppliquer la cr\u00e8me sur les mains plusieurs fois par jour, en insistant sur les zones s\u00e8ches. Masser d\u00e9licatement des doigts vers les poignets jusqu\u2019\u00e0 absorption compl\u00e8te.<br \/>\nComposition<br \/>\nAqua, Glycerin, Butyrospermum Parkii Butter, Xylitol, Urea, Cetearyl Alcohol, Glyceryl Stearate, Parfum, Phenoxyethanol, Ethylhexylglycerin<\/p>\n","protected":false},"excerpt":{"rendered":"<p>Gr\u00e2ce \u00e0 sa formulation unique alliant xylitol, beurre de karit\u00e9, glyc\u00e9rine v\u00e9g\u00e9tale et ur\u00e9e, cette cr\u00e8me apaise imm\u00e9diatement les sensations<\/p>\n","protected":false},"featured_media":32825,"comment_status":"open","ping_status":"closed","template":"","meta":[],"product_brand":[431],"product_cat":[599],"product_tag":[],"class_list":{"0":"post-32773","1":"product","2":"type-product","3":"status-publish","4":"has-post-thumbnail","6":"product_brand-kaline","7":"product_cat-soins-mains-et-pieds","9":"first","10":"instock","11":"sale","12":"shipping-taxable","13":"purchasable","14":"product-type-simple"},"yoast_head":"<!-- This site is optimized with the Yoast SEO plugin v26.6 - https:\/\/yoast.com\/wordpress\/plugins\/seo\/ -->\r\n<title>KALINE K REPAIR NUTRI PLUS CREME MAINS HYDRATANTE 50 ML - Paracherkaoui.ma<\/title>\r\n<meta name=\"robots\" content=\"index, follow, max-snippet:-1, max-image-preview:large, max-video-preview:-1\" \/>\r\n<link rel=\"canonical\" href=\"https:\/\/paracherkaoui.ma\/index.php\/produit\/kaline-k-repair-nutri-plus-creme-mains-hydratante-50-ml\/\" \/>\r\n<meta property=\"og:locale\" content=\"fr_FR\" \/>\r\n<meta property=\"og:type\" content=\"article\" \/>\r\n<meta property=\"og:title\" content=\"KALINE K REPAIR NUTRI PLUS CREME MAINS HYDRATANTE 50 ML - Paracherkaoui.ma\" \/>\r\n<meta property=\"og:description\" content=\"Gr\u00e2ce \u00e0 sa formulation unique alliant xylitol, beurre de karit\u00e9, glyc\u00e9rine v\u00e9g\u00e9tale et ur\u00e9e, cette cr\u00e8me apaise imm\u00e9diatement les sensations\" \/>\r\n<meta property=\"og:url\" content=\"https:\/\/paracherkaoui.ma\/index.php\/produit\/kaline-k-repair-nutri-plus-creme-mains-hydratante-50-ml\/\" \/>\r\n<meta property=\"og:site_name\" content=\"Paracherkaoui.ma\" \/>\r\n<meta property=\"article:modified_time\" content=\"2025-12-12T17:39:47+00:00\" \/>\r\n<meta property=\"og:image\" content=\"https:\/\/paracherkaoui.ma\/wp-content\/uploads\/2025\/12\/kaline-kaline-k-repair-nutri-plus-creme-mains-hydratante-50-ml-soins-mains-et-pieds.jpg\" \/>\r\n\t<meta property=\"og:image:width\" content=\"700\" \/>\r\n\t<meta property=\"og:image:height\" content=\"700\" \/>\r\n\t<meta property=\"og:image:type\" content=\"image\/jpeg\" \/>\r\n<meta name=\"twitter:card\" content=\"summary_large_image\" \/>\r\n<meta name=\"twitter:label1\" content=\"Dur\u00e9e de lecture estim\u00e9e\" \/>\n\t<meta name=\"twitter:data1\" content=\"1 minute\" \/>\r\n<script type=\"application\/ld+json\" class=\"yoast-schema-graph\">{\"@context\":\"https:\/\/schema.org\",\"@graph\":[{\"@type\":\"WebPage\",\"@id\":\"https:\/\/paracherkaoui.ma\/index.php\/produit\/kaline-k-repair-nutri-plus-creme-mains-hydratante-50-ml\/\",\"url\":\"https:\/\/paracherkaoui.ma\/index.php\/produit\/kaline-k-repair-nutri-plus-creme-mains-hydratante-50-ml\/\",\"name\":\"KALINE K REPAIR NUTRI PLUS CREME MAINS HYDRATANTE 50 ML - Paracherkaoui.ma\",\"isPartOf\":{\"@id\":\"https:\/\/paracherkaoui.ma\/#website\"},\"primaryImageOfPage\":{\"@id\":\"https:\/\/paracherkaoui.ma\/index.php\/produit\/kaline-k-repair-nutri-plus-creme-mains-hydratante-50-ml\/#primaryimage\"},\"image\":{\"@id\":\"https:\/\/paracherkaoui.ma\/index.php\/produit\/kaline-k-repair-nutri-plus-creme-mains-hydratante-50-ml\/#primaryimage\"},\"thumbnailUrl\":\"https:\/\/paracherkaoui.ma\/wp-content\/uploads\/2025\/12\/kaline-kaline-k-repair-nutri-plus-creme-mains-hydratante-50-ml-soins-mains-et-pieds.jpg\",\"datePublished\":\"2025-12-12T17:39:42+00:00\",\"dateModified\":\"2025-12-12T17:39:47+00:00\",\"breadcrumb\":{\"@id\":\"https:\/\/paracherkaoui.ma\/index.php\/produit\/kaline-k-repair-nutri-plus-creme-mains-hydratante-50-ml\/#breadcrumb\"},\"inLanguage\":\"fr-FR\",\"potentialAction\":[{\"@type\":\"ReadAction\",\"target\":[\"https:\/\/paracherkaoui.ma\/index.php\/produit\/kaline-k-repair-nutri-plus-creme-mains-hydratante-50-ml\/\"]}]},{\"@type\":\"ImageObject\",\"inLanguage\":\"fr-FR\",\"@id\":\"https:\/\/paracherkaoui.ma\/index.php\/produit\/kaline-k-repair-nutri-plus-creme-mains-hydratante-50-ml\/#primaryimage\",\"url\":\"https:\/\/paracherkaoui.ma\/wp-content\/uploads\/2025\/12\/kaline-kaline-k-repair-nutri-plus-creme-mains-hydratante-50-ml-soins-mains-et-pieds.jpg\",\"contentUrl\":\"https:\/\/paracherkaoui.ma\/wp-content\/uploads\/2025\/12\/kaline-kaline-k-repair-nutri-plus-creme-mains-hydratante-50-ml-soins-mains-et-pieds.jpg\",\"width\":700,\"height\":700},{\"@type\":\"BreadcrumbList\",\"@id\":\"https:\/\/paracherkaoui.ma\/index.php\/produit\/kaline-k-repair-nutri-plus-creme-mains-hydratante-50-ml\/#breadcrumb\",\"itemListElement\":[{\"@type\":\"ListItem\",\"position\":1,\"name\":\"Accueil\",\"item\":\"https:\/\/paracherkaoui.ma\/\"},{\"@type\":\"ListItem\",\"position\":2,\"name\":\"Boutique\",\"item\":\"https:\/\/paracherkaoui.ma\/index.php\/boutique\/\"},{\"@type\":\"ListItem\",\"position\":3,\"name\":\"KALINE K REPAIR NUTRI PLUS CREME MAINS HYDRATANTE 50 ML\"}]},{\"@type\":\"WebSite\",\"@id\":\"https:\/\/paracherkaoui.ma\/#website\",\"url\":\"https:\/\/paracherkaoui.ma\/\",\"name\":\"Paracherkaoui.ma\",\"description\":\"Achetez en ligne sur Paracherkaoui.ma\",\"potentialAction\":[{\"@type\":\"SearchAction\",\"target\":{\"@type\":\"EntryPoint\",\"urlTemplate\":\"https:\/\/paracherkaoui.ma\/?s={search_term_string}\"},\"query-input\":{\"@type\":\"PropertyValueSpecification\",\"valueRequired\":true,\"valueName\":\"search_term_string\"}}],\"inLanguage\":\"fr-FR\"}]}<\/script>\r\n<!-- \/ Yoast SEO plugin. -->","yoast_head_json":{"title":"KALINE K REPAIR NUTRI PLUS CREME MAINS HYDRATANTE 50 ML - Paracherkaoui.ma","robots":{"index":"index","follow":"follow","max-snippet":"max-snippet:-1","max-image-preview":"max-image-preview:large","max-video-preview":"max-video-preview:-1"},"canonical":"https:\/\/paracherkaoui.ma\/index.php\/produit\/kaline-k-repair-nutri-plus-creme-mains-hydratante-50-ml\/","og_locale":"fr_FR","og_type":"article","og_title":"KALINE K REPAIR NUTRI PLUS CREME MAINS HYDRATANTE 50 ML - Paracherkaoui.ma","og_description":"Gr\u00e2ce \u00e0 sa formulation unique alliant xylitol, beurre de karit\u00e9, glyc\u00e9rine v\u00e9g\u00e9tale et ur\u00e9e, cette cr\u00e8me apaise imm\u00e9diatement les sensations","og_url":"https:\/\/paracherkaoui.ma\/index.php\/produit\/kaline-k-repair-nutri-plus-creme-mains-hydratante-50-ml\/","og_site_name":"Paracherkaoui.ma","article_modified_time":"2025-12-12T17:39:47+00:00","og_image":[{"width":700,"height":700,"url":"https:\/\/paracherkaoui.ma\/wp-content\/uploads\/2025\/12\/kaline-kaline-k-repair-nutri-plus-creme-mains-hydratante-50-ml-soins-mains-et-pieds.jpg","type":"image\/jpeg"}],"twitter_card":"summary_large_image","twitter_misc":{"Dur\u00e9e de lecture estim\u00e9e":"1 minute"},"schema":{"@context":"https:\/\/schema.org","@graph":[{"@type":"WebPage","@id":"https:\/\/paracherkaoui.ma\/index.php\/produit\/kaline-k-repair-nutri-plus-creme-mains-hydratante-50-ml\/","url":"https:\/\/paracherkaoui.ma\/index.php\/produit\/kaline-k-repair-nutri-plus-creme-mains-hydratante-50-ml\/","name":"KALINE K REPAIR NUTRI PLUS CREME MAINS HYDRATANTE 50 ML - Paracherkaoui.ma","isPartOf":{"@id":"https:\/\/paracherkaoui.ma\/#website"},"primaryImageOfPage":{"@id":"https:\/\/paracherkaoui.ma\/index.php\/produit\/kaline-k-repair-nutri-plus-creme-mains-hydratante-50-ml\/#primaryimage"},"image":{"@id":"https:\/\/paracherkaoui.ma\/index.php\/produit\/kaline-k-repair-nutri-plus-creme-mains-hydratante-50-ml\/#primaryimage"},"thumbnailUrl":"https:\/\/paracherkaoui.ma\/wp-content\/uploads\/2025\/12\/kaline-kaline-k-repair-nutri-plus-creme-mains-hydratante-50-ml-soins-mains-et-pieds.jpg","datePublished":"2025-12-12T17:39:42+00:00","dateModified":"2025-12-12T17:39:47+00:00","breadcrumb":{"@id":"https:\/\/paracherkaoui.ma\/index.php\/produit\/kaline-k-repair-nutri-plus-creme-mains-hydratante-50-ml\/#breadcrumb"},"inLanguage":"fr-FR","potentialAction":[{"@type":"ReadAction","target":["https:\/\/paracherkaoui.ma\/index.php\/produit\/kaline-k-repair-nutri-plus-creme-mains-hydratante-50-ml\/"]}]},{"@type":"ImageObject","inLanguage":"fr-FR","@id":"https:\/\/paracherkaoui.ma\/index.php\/produit\/kaline-k-repair-nutri-plus-creme-mains-hydratante-50-ml\/#primaryimage","url":"https:\/\/paracherkaoui.ma\/wp-content\/uploads\/2025\/12\/kaline-kaline-k-repair-nutri-plus-creme-mains-hydratante-50-ml-soins-mains-et-pieds.jpg","contentUrl":"https:\/\/paracherkaoui.ma\/wp-content\/uploads\/2025\/12\/kaline-kaline-k-repair-nutri-plus-creme-mains-hydratante-50-ml-soins-mains-et-pieds.jpg","width":700,"height":700},{"@type":"BreadcrumbList","@id":"https:\/\/paracherkaoui.ma\/index.php\/produit\/kaline-k-repair-nutri-plus-creme-mains-hydratante-50-ml\/#breadcrumb","itemListElement":[{"@type":"ListItem","position":1,"name":"Accueil","item":"https:\/\/paracherkaoui.ma\/"},{"@type":"ListItem","position":2,"name":"Boutique","item":"https:\/\/paracherkaoui.ma\/index.php\/boutique\/"},{"@type":"ListItem","position":3,"name":"KALINE K REPAIR NUTRI PLUS CREME MAINS HYDRATANTE 50 ML"}]},{"@type":"WebSite","@id":"https:\/\/paracherkaoui.ma\/#website","url":"https:\/\/paracherkaoui.ma\/","name":"Paracherkaoui.ma","description":"Achetez en ligne sur Paracherkaoui.ma","potentialAction":[{"@type":"SearchAction","target":{"@type":"EntryPoint","urlTemplate":"https:\/\/paracherkaoui.ma\/?s={search_term_string}"},"query-input":{"@type":"PropertyValueSpecification","valueRequired":true,"valueName":"search_term_string"}}],"inLanguage":"fr-FR"}]}},"_links":{"self":[{"href":"https:\/\/paracherkaoui.ma\/index.php\/wp-json\/wp\/v2\/product\/32773","targetHints":{"allow":["GET"]}}],"collection":[{"href":"https:\/\/paracherkaoui.ma\/index.php\/wp-json\/wp\/v2\/product"}],"about":[{"href":"https:\/\/paracherkaoui.ma\/index.php\/wp-json\/wp\/v2\/types\/product"}],"replies":[{"embeddable":true,"href":"https:\/\/paracherkaoui.ma\/index.php\/wp-json\/wp\/v2\/comments?post=32773"}],"version-history":[{"count":1,"href":"https:\/\/paracherkaoui.ma\/index.php\/wp-json\/wp\/v2\/product\/32773\/revisions"}],"predecessor-version":[{"id":32826,"href":"https:\/\/paracherkaoui.ma\/index.php\/wp-json\/wp\/v2\/product\/32773\/revisions\/32826"}],"wp:featuredmedia":[{"embeddable":true,"href":"https:\/\/paracherkaoui.ma\/index.php\/wp-json\/wp\/v2\/media\/32825"}],"wp:attachment":[{"href":"https:\/\/paracherkaoui.ma\/index.php\/wp-json\/wp\/v2\/media?parent=32773"}],"wp:term":[{"taxonomy":"product_brand","embeddable":true,"href":"https:\/\/paracherkaoui.ma\/index.php\/wp-json\/wp\/v2\/product_brand?post=32773"},{"taxonomy":"product_cat","embeddable":true,"href":"https:\/\/paracherkaoui.ma\/index.php\/wp-json\/wp\/v2\/product_cat?post=32773"},{"taxonomy":"product_tag","embeddable":true,"href":"https:\/\/paracherkaoui.ma\/index.php\/wp-json\/wp\/v2\/product_tag?post=32773"}],"curies":[{"name":"wp","href":"https:\/\/api.w.org\/{rel}","templated":true}]}}