{"id":32754,"date":"2025-12-12T18:39:41","date_gmt":"2025-12-12T17:39:41","guid":{"rendered":"https:\/\/test.ecbeaute.com\/?post_type=product&#038;p=32754"},"modified":"2025-12-12T18:39:43","modified_gmt":"2025-12-12T17:39:43","slug":"formes-et-flammes-pince-a-ongles-secateur-12cm-ref30","status":"publish","type":"product","link":"https:\/\/paracherkaoui.ma\/index.php\/produit\/formes-et-flammes-pince-a-ongles-secateur-12cm-ref30\/","title":{"rendered":"FORMES ET FLAMMES PINCE A ONGLES SECATEUR 12CM REF30"},"content":{"rendered":"<p>La pince \u00e0 ongles s\u00e9cateur Formes et Flammes est un instrument destin\u00e9 \u00e0 des soins manucure qui permet de couper vos ongles avec la plus grande pr\u00e9cision.<br \/>\nCelle-ci trouvera ais\u00e9ment sa place dans votre salle de bain parmi les coupes ongles, limes \u00e0 ongles et autres instruments de manucure afin d&rsquo;obtenir une gamme compl\u00e8te destin\u00e9e aux soins de vos mains.<\/p>\n<p>La pince \u00e0 ongles s\u00e9cateur Formes et Flammes poss\u00e8de des lames tranchantes qui couperont vos ongles forts de mani\u00e8re nette et pr\u00e9cise, tout en gardant vos mains loin des coupures gr\u00e2ce \u00e0 son syst\u00e8me de blocage qui vous offre une grande s\u00e9curit\u00e9.<\/p>\n<p>Les poign\u00e9es ergonomiques de la pince \u00e0 ongles s\u00e9cateur Formes et Flammes poss\u00e8dent un syst\u00e8me anti-d\u00e9rapant afin d&rsquo;adopter une bonne prise en mains. Fabriqu\u00e9e \u00e0 base d&rsquo;acier inoxydable, la pince \u00e0 ongles s\u00e9cateur Formes et Flammes r\u00e9siste parfaitement \u00e0 l&rsquo;eau et ne rouille pas pour prendre soin de vos mains de fa\u00e7on durable.<\/p>\n","protected":false},"excerpt":{"rendered":"<p>La pince \u00e0 ongles s\u00e9cateur Formes et Flammes est un instrument destin\u00e9 \u00e0 des soins manucure qui permet de couper<\/p>\n","protected":false},"featured_media":32787,"comment_status":"open","ping_status":"closed","template":"","meta":[],"product_brand":[465],"product_cat":[599],"product_tag":[],"class_list":{"0":"post-32754","1":"product","2":"type-product","3":"status-publish","4":"has-post-thumbnail","6":"product_brand-formes-et-flammes","7":"product_cat-soins-mains-et-pieds","9":"first","10":"instock","11":"sale","12":"shipping-taxable","13":"purchasable","14":"product-type-simple"},"yoast_head":"<!-- This site is optimized with the Yoast SEO plugin v26.6 - https:\/\/yoast.com\/wordpress\/plugins\/seo\/ -->\r\n<title>FORMES ET FLAMMES PINCE A ONGLES SECATEUR 12CM REF30 - Paracherkaoui.ma<\/title>\r\n<meta name=\"robots\" content=\"index, follow, max-snippet:-1, max-image-preview:large, max-video-preview:-1\" \/>\r\n<link rel=\"canonical\" href=\"https:\/\/paracherkaoui.ma\/index.php\/produit\/formes-et-flammes-pince-a-ongles-secateur-12cm-ref30\/\" \/>\r\n<meta property=\"og:locale\" content=\"fr_FR\" \/>\r\n<meta property=\"og:type\" content=\"article\" \/>\r\n<meta property=\"og:title\" content=\"FORMES ET FLAMMES PINCE A ONGLES SECATEUR 12CM REF30 - Paracherkaoui.ma\" \/>\r\n<meta property=\"og:description\" content=\"La pince \u00e0 ongles s\u00e9cateur Formes et Flammes est un instrument destin\u00e9 \u00e0 des soins manucure qui permet de couper\" \/>\r\n<meta property=\"og:url\" content=\"https:\/\/paracherkaoui.ma\/index.php\/produit\/formes-et-flammes-pince-a-ongles-secateur-12cm-ref30\/\" \/>\r\n<meta property=\"og:site_name\" content=\"Paracherkaoui.ma\" \/>\r\n<meta property=\"article:modified_time\" content=\"2025-12-12T17:39:43+00:00\" \/>\r\n<meta property=\"og:image\" content=\"https:\/\/paracherkaoui.ma\/wp-content\/uploads\/2025\/12\/formes-et-flammes-formes-et-flammes-pince-a-ongles-secateur-12cm-ref30-mains.jpg\" \/>\r\n\t<meta property=\"og:image:width\" content=\"700\" \/>\r\n\t<meta property=\"og:image:height\" content=\"700\" \/>\r\n\t<meta property=\"og:image:type\" content=\"image\/jpeg\" \/>\r\n<meta name=\"twitter:card\" content=\"summary_large_image\" \/>\r\n<meta name=\"twitter:label1\" content=\"Dur\u00e9e de lecture estim\u00e9e\" \/>\n\t<meta name=\"twitter:data1\" content=\"1 minute\" \/>\r\n<script type=\"application\/ld+json\" class=\"yoast-schema-graph\">{\"@context\":\"https:\/\/schema.org\",\"@graph\":[{\"@type\":\"WebPage\",\"@id\":\"https:\/\/paracherkaoui.ma\/index.php\/produit\/formes-et-flammes-pince-a-ongles-secateur-12cm-ref30\/\",\"url\":\"https:\/\/paracherkaoui.ma\/index.php\/produit\/formes-et-flammes-pince-a-ongles-secateur-12cm-ref30\/\",\"name\":\"FORMES ET FLAMMES PINCE A ONGLES SECATEUR 12CM REF30 - Paracherkaoui.ma\",\"isPartOf\":{\"@id\":\"https:\/\/paracherkaoui.ma\/#website\"},\"primaryImageOfPage\":{\"@id\":\"https:\/\/paracherkaoui.ma\/index.php\/produit\/formes-et-flammes-pince-a-ongles-secateur-12cm-ref30\/#primaryimage\"},\"image\":{\"@id\":\"https:\/\/paracherkaoui.ma\/index.php\/produit\/formes-et-flammes-pince-a-ongles-secateur-12cm-ref30\/#primaryimage\"},\"thumbnailUrl\":\"https:\/\/paracherkaoui.ma\/wp-content\/uploads\/2025\/12\/formes-et-flammes-formes-et-flammes-pince-a-ongles-secateur-12cm-ref30-mains.jpg\",\"datePublished\":\"2025-12-12T17:39:41+00:00\",\"dateModified\":\"2025-12-12T17:39:43+00:00\",\"breadcrumb\":{\"@id\":\"https:\/\/paracherkaoui.ma\/index.php\/produit\/formes-et-flammes-pince-a-ongles-secateur-12cm-ref30\/#breadcrumb\"},\"inLanguage\":\"fr-FR\",\"potentialAction\":[{\"@type\":\"ReadAction\",\"target\":[\"https:\/\/paracherkaoui.ma\/index.php\/produit\/formes-et-flammes-pince-a-ongles-secateur-12cm-ref30\/\"]}]},{\"@type\":\"ImageObject\",\"inLanguage\":\"fr-FR\",\"@id\":\"https:\/\/paracherkaoui.ma\/index.php\/produit\/formes-et-flammes-pince-a-ongles-secateur-12cm-ref30\/#primaryimage\",\"url\":\"https:\/\/paracherkaoui.ma\/wp-content\/uploads\/2025\/12\/formes-et-flammes-formes-et-flammes-pince-a-ongles-secateur-12cm-ref30-mains.jpg\",\"contentUrl\":\"https:\/\/paracherkaoui.ma\/wp-content\/uploads\/2025\/12\/formes-et-flammes-formes-et-flammes-pince-a-ongles-secateur-12cm-ref30-mains.jpg\",\"width\":700,\"height\":700},{\"@type\":\"BreadcrumbList\",\"@id\":\"https:\/\/paracherkaoui.ma\/index.php\/produit\/formes-et-flammes-pince-a-ongles-secateur-12cm-ref30\/#breadcrumb\",\"itemListElement\":[{\"@type\":\"ListItem\",\"position\":1,\"name\":\"Accueil\",\"item\":\"https:\/\/paracherkaoui.ma\/\"},{\"@type\":\"ListItem\",\"position\":2,\"name\":\"Boutique\",\"item\":\"https:\/\/paracherkaoui.ma\/index.php\/boutique\/\"},{\"@type\":\"ListItem\",\"position\":3,\"name\":\"FORMES ET FLAMMES PINCE A ONGLES SECATEUR 12CM REF30\"}]},{\"@type\":\"WebSite\",\"@id\":\"https:\/\/paracherkaoui.ma\/#website\",\"url\":\"https:\/\/paracherkaoui.ma\/\",\"name\":\"Paracherkaoui.ma\",\"description\":\"Achetez en ligne sur Paracherkaoui.ma\",\"potentialAction\":[{\"@type\":\"SearchAction\",\"target\":{\"@type\":\"EntryPoint\",\"urlTemplate\":\"https:\/\/paracherkaoui.ma\/?s={search_term_string}\"},\"query-input\":{\"@type\":\"PropertyValueSpecification\",\"valueRequired\":true,\"valueName\":\"search_term_string\"}}],\"inLanguage\":\"fr-FR\"}]}<\/script>\r\n<!-- \/ Yoast SEO plugin. -->","yoast_head_json":{"title":"FORMES ET FLAMMES PINCE A ONGLES SECATEUR 12CM REF30 - Paracherkaoui.ma","robots":{"index":"index","follow":"follow","max-snippet":"max-snippet:-1","max-image-preview":"max-image-preview:large","max-video-preview":"max-video-preview:-1"},"canonical":"https:\/\/paracherkaoui.ma\/index.php\/produit\/formes-et-flammes-pince-a-ongles-secateur-12cm-ref30\/","og_locale":"fr_FR","og_type":"article","og_title":"FORMES ET FLAMMES PINCE A ONGLES SECATEUR 12CM REF30 - Paracherkaoui.ma","og_description":"La pince \u00e0 ongles s\u00e9cateur Formes et Flammes est un instrument destin\u00e9 \u00e0 des soins manucure qui permet de couper","og_url":"https:\/\/paracherkaoui.ma\/index.php\/produit\/formes-et-flammes-pince-a-ongles-secateur-12cm-ref30\/","og_site_name":"Paracherkaoui.ma","article_modified_time":"2025-12-12T17:39:43+00:00","og_image":[{"width":700,"height":700,"url":"https:\/\/paracherkaoui.ma\/wp-content\/uploads\/2025\/12\/formes-et-flammes-formes-et-flammes-pince-a-ongles-secateur-12cm-ref30-mains.jpg","type":"image\/jpeg"}],"twitter_card":"summary_large_image","twitter_misc":{"Dur\u00e9e de lecture estim\u00e9e":"1 minute"},"schema":{"@context":"https:\/\/schema.org","@graph":[{"@type":"WebPage","@id":"https:\/\/paracherkaoui.ma\/index.php\/produit\/formes-et-flammes-pince-a-ongles-secateur-12cm-ref30\/","url":"https:\/\/paracherkaoui.ma\/index.php\/produit\/formes-et-flammes-pince-a-ongles-secateur-12cm-ref30\/","name":"FORMES ET FLAMMES PINCE A ONGLES SECATEUR 12CM REF30 - Paracherkaoui.ma","isPartOf":{"@id":"https:\/\/paracherkaoui.ma\/#website"},"primaryImageOfPage":{"@id":"https:\/\/paracherkaoui.ma\/index.php\/produit\/formes-et-flammes-pince-a-ongles-secateur-12cm-ref30\/#primaryimage"},"image":{"@id":"https:\/\/paracherkaoui.ma\/index.php\/produit\/formes-et-flammes-pince-a-ongles-secateur-12cm-ref30\/#primaryimage"},"thumbnailUrl":"https:\/\/paracherkaoui.ma\/wp-content\/uploads\/2025\/12\/formes-et-flammes-formes-et-flammes-pince-a-ongles-secateur-12cm-ref30-mains.jpg","datePublished":"2025-12-12T17:39:41+00:00","dateModified":"2025-12-12T17:39:43+00:00","breadcrumb":{"@id":"https:\/\/paracherkaoui.ma\/index.php\/produit\/formes-et-flammes-pince-a-ongles-secateur-12cm-ref30\/#breadcrumb"},"inLanguage":"fr-FR","potentialAction":[{"@type":"ReadAction","target":["https:\/\/paracherkaoui.ma\/index.php\/produit\/formes-et-flammes-pince-a-ongles-secateur-12cm-ref30\/"]}]},{"@type":"ImageObject","inLanguage":"fr-FR","@id":"https:\/\/paracherkaoui.ma\/index.php\/produit\/formes-et-flammes-pince-a-ongles-secateur-12cm-ref30\/#primaryimage","url":"https:\/\/paracherkaoui.ma\/wp-content\/uploads\/2025\/12\/formes-et-flammes-formes-et-flammes-pince-a-ongles-secateur-12cm-ref30-mains.jpg","contentUrl":"https:\/\/paracherkaoui.ma\/wp-content\/uploads\/2025\/12\/formes-et-flammes-formes-et-flammes-pince-a-ongles-secateur-12cm-ref30-mains.jpg","width":700,"height":700},{"@type":"BreadcrumbList","@id":"https:\/\/paracherkaoui.ma\/index.php\/produit\/formes-et-flammes-pince-a-ongles-secateur-12cm-ref30\/#breadcrumb","itemListElement":[{"@type":"ListItem","position":1,"name":"Accueil","item":"https:\/\/paracherkaoui.ma\/"},{"@type":"ListItem","position":2,"name":"Boutique","item":"https:\/\/paracherkaoui.ma\/index.php\/boutique\/"},{"@type":"ListItem","position":3,"name":"FORMES ET FLAMMES PINCE A ONGLES SECATEUR 12CM REF30"}]},{"@type":"WebSite","@id":"https:\/\/paracherkaoui.ma\/#website","url":"https:\/\/paracherkaoui.ma\/","name":"Paracherkaoui.ma","description":"Achetez en ligne sur Paracherkaoui.ma","potentialAction":[{"@type":"SearchAction","target":{"@type":"EntryPoint","urlTemplate":"https:\/\/paracherkaoui.ma\/?s={search_term_string}"},"query-input":{"@type":"PropertyValueSpecification","valueRequired":true,"valueName":"search_term_string"}}],"inLanguage":"fr-FR"}]}},"_links":{"self":[{"href":"https:\/\/paracherkaoui.ma\/index.php\/wp-json\/wp\/v2\/product\/32754","targetHints":{"allow":["GET"]}}],"collection":[{"href":"https:\/\/paracherkaoui.ma\/index.php\/wp-json\/wp\/v2\/product"}],"about":[{"href":"https:\/\/paracherkaoui.ma\/index.php\/wp-json\/wp\/v2\/types\/product"}],"replies":[{"embeddable":true,"href":"https:\/\/paracherkaoui.ma\/index.php\/wp-json\/wp\/v2\/comments?post=32754"}],"version-history":[{"count":1,"href":"https:\/\/paracherkaoui.ma\/index.php\/wp-json\/wp\/v2\/product\/32754\/revisions"}],"predecessor-version":[{"id":32788,"href":"https:\/\/paracherkaoui.ma\/index.php\/wp-json\/wp\/v2\/product\/32754\/revisions\/32788"}],"wp:featuredmedia":[{"embeddable":true,"href":"https:\/\/paracherkaoui.ma\/index.php\/wp-json\/wp\/v2\/media\/32787"}],"wp:attachment":[{"href":"https:\/\/paracherkaoui.ma\/index.php\/wp-json\/wp\/v2\/media?parent=32754"}],"wp:term":[{"taxonomy":"product_brand","embeddable":true,"href":"https:\/\/paracherkaoui.ma\/index.php\/wp-json\/wp\/v2\/product_brand?post=32754"},{"taxonomy":"product_cat","embeddable":true,"href":"https:\/\/paracherkaoui.ma\/index.php\/wp-json\/wp\/v2\/product_cat?post=32754"},{"taxonomy":"product_tag","embeddable":true,"href":"https:\/\/paracherkaoui.ma\/index.php\/wp-json\/wp\/v2\/product_tag?post=32754"}],"curies":[{"name":"wp","href":"https:\/\/api.w.org\/{rel}","templated":true}]}}