{"id":32672,"date":"2025-12-12T18:39:23","date_gmt":"2025-12-12T17:39:23","guid":{"rendered":"https:\/\/test.ecbeaute.com\/?post_type=product&#038;p=32672"},"modified":"2025-12-12T18:39:31","modified_gmt":"2025-12-12T17:39:31","slug":"benova-creme-mains-multi-soins-spf-50","status":"publish","type":"product","link":"https:\/\/paracherkaoui.ma\/index.php\/produit\/benova-creme-mains-multi-soins-spf-50\/","title":{"rendered":"BENOVA CREME MAINS MULTI SOINS SPF 50+"},"content":{"rendered":"<p>Cette cr\u00e8me est une v\u00e9ritable r\u00e9volution pour le soin des mains. Elle combine \u00e0 la perfection les bienfaits d\u2019une cr\u00e8me hydratante nourrissante et un tr\u00e8s haut niveau de protection solaire (SPF 50+). Sa formule riche p\u00e9n\u00e8tre rapidement sans laisser de film gras, apportant une hydratation profonde et durable. Vos mains retrouvent douceur, souplesse et confort, m\u00eame les plus s\u00e8ches ou ab\u00eem\u00e9es. Fini les sensations de tiraillement et les peaux r\u00eaches !<br \/>\nMais l&rsquo;atout majeur de la Cr\u00e8me Mains Multi-Soins Benova r\u00e9side dans sa protection solaire avanc\u00e9e. Les mains sont souvent n\u00e9glig\u00e9es lors de l&rsquo;application de cr\u00e8me solaire, pourtant elles sont l&rsquo;une des parties du corps les plus expos\u00e9es aux rayons UV. Cette exposition constante est une cause majeure de vieillissement pr\u00e9matur\u00e9, se manifestant par des rides, une perte d&rsquo;\u00e9lasticit\u00e9 et surtout, l&rsquo;apparition de taches pigmentaires (taches de vieillesse). Avec un SPF 50+, cette cr\u00e8me offre un bouclier puissant contre les UVA et UVB, pr\u00e9venant activement ces signes ind\u00e9sirables et prot\u00e9geant le capital jeunesse de vos mains.<br \/>\nConseils d&rsquo;utilisation :<br \/>\nUtilisez la Cr\u00e8me Mains Multi-Soins Benova SPF 50+ quotidiennement, id\u00e9alement le matin et au moins une fois de plus dans la journ\u00e9e si vos mains sont souvent expos\u00e9es.<\/p>\n","protected":false},"excerpt":{"rendered":"<p>Cette cr\u00e8me est une v\u00e9ritable r\u00e9volution pour le soin des mains. Elle combine \u00e0 la perfection les bienfaits d\u2019une cr\u00e8me<\/p>\n","protected":false},"featured_media":32710,"comment_status":"open","ping_status":"closed","template":"","meta":[],"product_brand":[606],"product_cat":[599],"product_tag":[],"class_list":{"0":"post-32672","1":"product","2":"type-product","3":"status-publish","4":"has-post-thumbnail","6":"product_brand-benova","7":"product_cat-soins-mains-et-pieds","9":"first","10":"instock","11":"sale","12":"shipping-taxable","13":"purchasable","14":"product-type-simple"},"yoast_head":"<!-- This site is optimized with the Yoast SEO plugin v26.6 - https:\/\/yoast.com\/wordpress\/plugins\/seo\/ -->\r\n<title>BENOVA CREME MAINS MULTI SOINS SPF 50+ - Paracherkaoui.ma<\/title>\r\n<meta name=\"robots\" content=\"index, follow, max-snippet:-1, max-image-preview:large, max-video-preview:-1\" \/>\r\n<link rel=\"canonical\" href=\"https:\/\/paracherkaoui.ma\/index.php\/produit\/benova-creme-mains-multi-soins-spf-50\/\" \/>\r\n<meta property=\"og:locale\" content=\"fr_FR\" \/>\r\n<meta property=\"og:type\" content=\"article\" \/>\r\n<meta property=\"og:title\" content=\"BENOVA CREME MAINS MULTI SOINS SPF 50+ - Paracherkaoui.ma\" \/>\r\n<meta property=\"og:description\" content=\"Cette cr\u00e8me est une v\u00e9ritable r\u00e9volution pour le soin des mains. Elle combine \u00e0 la perfection les bienfaits d\u2019une cr\u00e8me\" \/>\r\n<meta property=\"og:url\" content=\"https:\/\/paracherkaoui.ma\/index.php\/produit\/benova-creme-mains-multi-soins-spf-50\/\" \/>\r\n<meta property=\"og:site_name\" content=\"Paracherkaoui.ma\" \/>\r\n<meta property=\"article:modified_time\" content=\"2025-12-12T17:39:31+00:00\" \/>\r\n<meta property=\"og:image\" content=\"https:\/\/paracherkaoui.ma\/wp-content\/uploads\/2025\/12\/benova-creme-mains-multi-soins-spf-50.jpg\" \/>\r\n\t<meta property=\"og:image:width\" content=\"700\" \/>\r\n\t<meta property=\"og:image:height\" content=\"700\" \/>\r\n\t<meta property=\"og:image:type\" content=\"image\/jpeg\" \/>\r\n<meta name=\"twitter:card\" content=\"summary_large_image\" \/>\r\n<meta name=\"twitter:label1\" content=\"Dur\u00e9e de lecture estim\u00e9e\" \/>\n\t<meta name=\"twitter:data1\" content=\"1 minute\" \/>\r\n<script type=\"application\/ld+json\" class=\"yoast-schema-graph\">{\"@context\":\"https:\/\/schema.org\",\"@graph\":[{\"@type\":\"WebPage\",\"@id\":\"https:\/\/paracherkaoui.ma\/index.php\/produit\/benova-creme-mains-multi-soins-spf-50\/\",\"url\":\"https:\/\/paracherkaoui.ma\/index.php\/produit\/benova-creme-mains-multi-soins-spf-50\/\",\"name\":\"BENOVA CREME MAINS MULTI SOINS SPF 50+ - Paracherkaoui.ma\",\"isPartOf\":{\"@id\":\"https:\/\/paracherkaoui.ma\/#website\"},\"primaryImageOfPage\":{\"@id\":\"https:\/\/paracherkaoui.ma\/index.php\/produit\/benova-creme-mains-multi-soins-spf-50\/#primaryimage\"},\"image\":{\"@id\":\"https:\/\/paracherkaoui.ma\/index.php\/produit\/benova-creme-mains-multi-soins-spf-50\/#primaryimage\"},\"thumbnailUrl\":\"https:\/\/paracherkaoui.ma\/wp-content\/uploads\/2025\/12\/benova-creme-mains-multi-soins-spf-50.jpg\",\"datePublished\":\"2025-12-12T17:39:23+00:00\",\"dateModified\":\"2025-12-12T17:39:31+00:00\",\"breadcrumb\":{\"@id\":\"https:\/\/paracherkaoui.ma\/index.php\/produit\/benova-creme-mains-multi-soins-spf-50\/#breadcrumb\"},\"inLanguage\":\"fr-FR\",\"potentialAction\":[{\"@type\":\"ReadAction\",\"target\":[\"https:\/\/paracherkaoui.ma\/index.php\/produit\/benova-creme-mains-multi-soins-spf-50\/\"]}]},{\"@type\":\"ImageObject\",\"inLanguage\":\"fr-FR\",\"@id\":\"https:\/\/paracherkaoui.ma\/index.php\/produit\/benova-creme-mains-multi-soins-spf-50\/#primaryimage\",\"url\":\"https:\/\/paracherkaoui.ma\/wp-content\/uploads\/2025\/12\/benova-creme-mains-multi-soins-spf-50.jpg\",\"contentUrl\":\"https:\/\/paracherkaoui.ma\/wp-content\/uploads\/2025\/12\/benova-creme-mains-multi-soins-spf-50.jpg\",\"width\":700,\"height\":700},{\"@type\":\"BreadcrumbList\",\"@id\":\"https:\/\/paracherkaoui.ma\/index.php\/produit\/benova-creme-mains-multi-soins-spf-50\/#breadcrumb\",\"itemListElement\":[{\"@type\":\"ListItem\",\"position\":1,\"name\":\"Accueil\",\"item\":\"https:\/\/paracherkaoui.ma\/\"},{\"@type\":\"ListItem\",\"position\":2,\"name\":\"Boutique\",\"item\":\"https:\/\/paracherkaoui.ma\/index.php\/boutique\/\"},{\"@type\":\"ListItem\",\"position\":3,\"name\":\"BENOVA CREME MAINS MULTI SOINS SPF 50+\"}]},{\"@type\":\"WebSite\",\"@id\":\"https:\/\/paracherkaoui.ma\/#website\",\"url\":\"https:\/\/paracherkaoui.ma\/\",\"name\":\"Paracherkaoui.ma\",\"description\":\"Achetez en ligne sur Paracherkaoui.ma\",\"potentialAction\":[{\"@type\":\"SearchAction\",\"target\":{\"@type\":\"EntryPoint\",\"urlTemplate\":\"https:\/\/paracherkaoui.ma\/?s={search_term_string}\"},\"query-input\":{\"@type\":\"PropertyValueSpecification\",\"valueRequired\":true,\"valueName\":\"search_term_string\"}}],\"inLanguage\":\"fr-FR\"}]}<\/script>\r\n<!-- \/ Yoast SEO plugin. -->","yoast_head_json":{"title":"BENOVA CREME MAINS MULTI SOINS SPF 50+ - Paracherkaoui.ma","robots":{"index":"index","follow":"follow","max-snippet":"max-snippet:-1","max-image-preview":"max-image-preview:large","max-video-preview":"max-video-preview:-1"},"canonical":"https:\/\/paracherkaoui.ma\/index.php\/produit\/benova-creme-mains-multi-soins-spf-50\/","og_locale":"fr_FR","og_type":"article","og_title":"BENOVA CREME MAINS MULTI SOINS SPF 50+ - Paracherkaoui.ma","og_description":"Cette cr\u00e8me est une v\u00e9ritable r\u00e9volution pour le soin des mains. Elle combine \u00e0 la perfection les bienfaits d\u2019une cr\u00e8me","og_url":"https:\/\/paracherkaoui.ma\/index.php\/produit\/benova-creme-mains-multi-soins-spf-50\/","og_site_name":"Paracherkaoui.ma","article_modified_time":"2025-12-12T17:39:31+00:00","og_image":[{"width":700,"height":700,"url":"https:\/\/paracherkaoui.ma\/wp-content\/uploads\/2025\/12\/benova-creme-mains-multi-soins-spf-50.jpg","type":"image\/jpeg"}],"twitter_card":"summary_large_image","twitter_misc":{"Dur\u00e9e de lecture estim\u00e9e":"1 minute"},"schema":{"@context":"https:\/\/schema.org","@graph":[{"@type":"WebPage","@id":"https:\/\/paracherkaoui.ma\/index.php\/produit\/benova-creme-mains-multi-soins-spf-50\/","url":"https:\/\/paracherkaoui.ma\/index.php\/produit\/benova-creme-mains-multi-soins-spf-50\/","name":"BENOVA CREME MAINS MULTI SOINS SPF 50+ - Paracherkaoui.ma","isPartOf":{"@id":"https:\/\/paracherkaoui.ma\/#website"},"primaryImageOfPage":{"@id":"https:\/\/paracherkaoui.ma\/index.php\/produit\/benova-creme-mains-multi-soins-spf-50\/#primaryimage"},"image":{"@id":"https:\/\/paracherkaoui.ma\/index.php\/produit\/benova-creme-mains-multi-soins-spf-50\/#primaryimage"},"thumbnailUrl":"https:\/\/paracherkaoui.ma\/wp-content\/uploads\/2025\/12\/benova-creme-mains-multi-soins-spf-50.jpg","datePublished":"2025-12-12T17:39:23+00:00","dateModified":"2025-12-12T17:39:31+00:00","breadcrumb":{"@id":"https:\/\/paracherkaoui.ma\/index.php\/produit\/benova-creme-mains-multi-soins-spf-50\/#breadcrumb"},"inLanguage":"fr-FR","potentialAction":[{"@type":"ReadAction","target":["https:\/\/paracherkaoui.ma\/index.php\/produit\/benova-creme-mains-multi-soins-spf-50\/"]}]},{"@type":"ImageObject","inLanguage":"fr-FR","@id":"https:\/\/paracherkaoui.ma\/index.php\/produit\/benova-creme-mains-multi-soins-spf-50\/#primaryimage","url":"https:\/\/paracherkaoui.ma\/wp-content\/uploads\/2025\/12\/benova-creme-mains-multi-soins-spf-50.jpg","contentUrl":"https:\/\/paracherkaoui.ma\/wp-content\/uploads\/2025\/12\/benova-creme-mains-multi-soins-spf-50.jpg","width":700,"height":700},{"@type":"BreadcrumbList","@id":"https:\/\/paracherkaoui.ma\/index.php\/produit\/benova-creme-mains-multi-soins-spf-50\/#breadcrumb","itemListElement":[{"@type":"ListItem","position":1,"name":"Accueil","item":"https:\/\/paracherkaoui.ma\/"},{"@type":"ListItem","position":2,"name":"Boutique","item":"https:\/\/paracherkaoui.ma\/index.php\/boutique\/"},{"@type":"ListItem","position":3,"name":"BENOVA CREME MAINS MULTI SOINS SPF 50+"}]},{"@type":"WebSite","@id":"https:\/\/paracherkaoui.ma\/#website","url":"https:\/\/paracherkaoui.ma\/","name":"Paracherkaoui.ma","description":"Achetez en ligne sur Paracherkaoui.ma","potentialAction":[{"@type":"SearchAction","target":{"@type":"EntryPoint","urlTemplate":"https:\/\/paracherkaoui.ma\/?s={search_term_string}"},"query-input":{"@type":"PropertyValueSpecification","valueRequired":true,"valueName":"search_term_string"}}],"inLanguage":"fr-FR"}]}},"_links":{"self":[{"href":"https:\/\/paracherkaoui.ma\/index.php\/wp-json\/wp\/v2\/product\/32672","targetHints":{"allow":["GET"]}}],"collection":[{"href":"https:\/\/paracherkaoui.ma\/index.php\/wp-json\/wp\/v2\/product"}],"about":[{"href":"https:\/\/paracherkaoui.ma\/index.php\/wp-json\/wp\/v2\/types\/product"}],"replies":[{"embeddable":true,"href":"https:\/\/paracherkaoui.ma\/index.php\/wp-json\/wp\/v2\/comments?post=32672"}],"version-history":[{"count":1,"href":"https:\/\/paracherkaoui.ma\/index.php\/wp-json\/wp\/v2\/product\/32672\/revisions"}],"predecessor-version":[{"id":32711,"href":"https:\/\/paracherkaoui.ma\/index.php\/wp-json\/wp\/v2\/product\/32672\/revisions\/32711"}],"wp:featuredmedia":[{"embeddable":true,"href":"https:\/\/paracherkaoui.ma\/index.php\/wp-json\/wp\/v2\/media\/32710"}],"wp:attachment":[{"href":"https:\/\/paracherkaoui.ma\/index.php\/wp-json\/wp\/v2\/media?parent=32672"}],"wp:term":[{"taxonomy":"product_brand","embeddable":true,"href":"https:\/\/paracherkaoui.ma\/index.php\/wp-json\/wp\/v2\/product_brand?post=32672"},{"taxonomy":"product_cat","embeddable":true,"href":"https:\/\/paracherkaoui.ma\/index.php\/wp-json\/wp\/v2\/product_cat?post=32672"},{"taxonomy":"product_tag","embeddable":true,"href":"https:\/\/paracherkaoui.ma\/index.php\/wp-json\/wp\/v2\/product_tag?post=32672"}],"curies":[{"name":"wp","href":"https:\/\/api.w.org\/{rel}","templated":true}]}}