{"id":32665,"date":"2025-12-12T18:39:22","date_gmt":"2025-12-12T17:39:22","guid":{"rendered":"https:\/\/test.ecbeaute.com\/?post_type=product&#038;p=32665"},"modified":"2025-12-12T18:39:27","modified_gmt":"2025-12-12T17:39:27","slug":"laino-creme-mains-pro-intense-50-ml","status":"publish","type":"product","link":"https:\/\/paracherkaoui.ma\/index.php\/produit\/laino-creme-mains-pro-intense-50-ml\/","title":{"rendered":"LAINO CREME MAINS PRO INTENSE 50 ML"},"content":{"rendered":"<p>Description :<br \/>\nV\u00e9ritable concentr\u00e9 d\u2019hydratation* gr\u00e2ce au trio beurre de karit\u00e9, cire d\u2019abeille et glyc\u00e9rine, cette cr\u00e8me r\u00e9pare, r\u00e9g\u00e9n\u00e8re et prot\u00e8ge durablement les mains gerc\u00e9es et ab\u00eem\u00e9es.Non grasse et agr\u00e9ablement parfum\u00e9e, elle procure plaisir et confort \u00e0 l\u2019application.<br \/>\n*Couches sup\u00e9rieures de l\u2019\u00e9piderme.<br \/>\nConseils d&rsquo;utilisation :<br \/>\nAppliquer une noix sur vos mains pr\u00e9alablement nettoy\u00e9es et s\u00e9ch\u00e9es, puis faire p\u00e9n\u00e9trer d\u00e9licatement par des mouvements circulaires.<\/p>\n","protected":false},"excerpt":{"rendered":"<p>Description : V\u00e9ritable concentr\u00e9 d\u2019hydratation* gr\u00e2ce au trio beurre de karit\u00e9, cire d\u2019abeille et glyc\u00e9rine, cette cr\u00e8me r\u00e9pare, r\u00e9g\u00e9n\u00e8re et<\/p>\n","protected":false},"featured_media":32697,"comment_status":"open","ping_status":"closed","template":"","meta":[],"product_brand":[324],"product_cat":[599],"product_tag":[],"class_list":{"0":"post-32665","1":"product","2":"type-product","3":"status-publish","4":"has-post-thumbnail","6":"product_brand-laino","7":"product_cat-soins-mains-et-pieds","9":"first","10":"instock","11":"sale","12":"shipping-taxable","13":"purchasable","14":"product-type-simple"},"yoast_head":"<!-- This site is optimized with the Yoast SEO plugin v26.6 - https:\/\/yoast.com\/wordpress\/plugins\/seo\/ -->\r\n<title>LAINO CREME MAINS PRO INTENSE 50 ML - Paracherkaoui.ma<\/title>\r\n<meta name=\"robots\" content=\"index, follow, max-snippet:-1, max-image-preview:large, max-video-preview:-1\" \/>\r\n<link rel=\"canonical\" href=\"https:\/\/paracherkaoui.ma\/index.php\/produit\/laino-creme-mains-pro-intense-50-ml\/\" \/>\r\n<meta property=\"og:locale\" content=\"fr_FR\" \/>\r\n<meta property=\"og:type\" content=\"article\" \/>\r\n<meta property=\"og:title\" content=\"LAINO CREME MAINS PRO INTENSE 50 ML - Paracherkaoui.ma\" \/>\r\n<meta property=\"og:description\" content=\"Description : V\u00e9ritable concentr\u00e9 d\u2019hydratation* gr\u00e2ce au trio beurre de karit\u00e9, cire d\u2019abeille et glyc\u00e9rine, cette cr\u00e8me r\u00e9pare, r\u00e9g\u00e9n\u00e8re et\" \/>\r\n<meta property=\"og:url\" content=\"https:\/\/paracherkaoui.ma\/index.php\/produit\/laino-creme-mains-pro-intense-50-ml\/\" \/>\r\n<meta property=\"og:site_name\" content=\"Paracherkaoui.ma\" \/>\r\n<meta property=\"article:modified_time\" content=\"2025-12-12T17:39:27+00:00\" \/>\r\n<meta property=\"og:image\" content=\"https:\/\/paracherkaoui.ma\/wp-content\/uploads\/2025\/12\/laino-laino-creme-mains-pro-intense-50-ml-mains.jpg\" \/>\r\n\t<meta property=\"og:image:width\" content=\"700\" \/>\r\n\t<meta property=\"og:image:height\" content=\"700\" \/>\r\n\t<meta property=\"og:image:type\" content=\"image\/jpeg\" \/>\r\n<meta name=\"twitter:card\" content=\"summary_large_image\" \/>\r\n<script type=\"application\/ld+json\" class=\"yoast-schema-graph\">{\"@context\":\"https:\/\/schema.org\",\"@graph\":[{\"@type\":\"WebPage\",\"@id\":\"https:\/\/paracherkaoui.ma\/index.php\/produit\/laino-creme-mains-pro-intense-50-ml\/\",\"url\":\"https:\/\/paracherkaoui.ma\/index.php\/produit\/laino-creme-mains-pro-intense-50-ml\/\",\"name\":\"LAINO CREME MAINS PRO INTENSE 50 ML - Paracherkaoui.ma\",\"isPartOf\":{\"@id\":\"https:\/\/paracherkaoui.ma\/#website\"},\"primaryImageOfPage\":{\"@id\":\"https:\/\/paracherkaoui.ma\/index.php\/produit\/laino-creme-mains-pro-intense-50-ml\/#primaryimage\"},\"image\":{\"@id\":\"https:\/\/paracherkaoui.ma\/index.php\/produit\/laino-creme-mains-pro-intense-50-ml\/#primaryimage\"},\"thumbnailUrl\":\"https:\/\/paracherkaoui.ma\/wp-content\/uploads\/2025\/12\/laino-laino-creme-mains-pro-intense-50-ml-mains.jpg\",\"datePublished\":\"2025-12-12T17:39:22+00:00\",\"dateModified\":\"2025-12-12T17:39:27+00:00\",\"breadcrumb\":{\"@id\":\"https:\/\/paracherkaoui.ma\/index.php\/produit\/laino-creme-mains-pro-intense-50-ml\/#breadcrumb\"},\"inLanguage\":\"fr-FR\",\"potentialAction\":[{\"@type\":\"ReadAction\",\"target\":[\"https:\/\/paracherkaoui.ma\/index.php\/produit\/laino-creme-mains-pro-intense-50-ml\/\"]}]},{\"@type\":\"ImageObject\",\"inLanguage\":\"fr-FR\",\"@id\":\"https:\/\/paracherkaoui.ma\/index.php\/produit\/laino-creme-mains-pro-intense-50-ml\/#primaryimage\",\"url\":\"https:\/\/paracherkaoui.ma\/wp-content\/uploads\/2025\/12\/laino-laino-creme-mains-pro-intense-50-ml-mains.jpg\",\"contentUrl\":\"https:\/\/paracherkaoui.ma\/wp-content\/uploads\/2025\/12\/laino-laino-creme-mains-pro-intense-50-ml-mains.jpg\",\"width\":700,\"height\":700},{\"@type\":\"BreadcrumbList\",\"@id\":\"https:\/\/paracherkaoui.ma\/index.php\/produit\/laino-creme-mains-pro-intense-50-ml\/#breadcrumb\",\"itemListElement\":[{\"@type\":\"ListItem\",\"position\":1,\"name\":\"Accueil\",\"item\":\"https:\/\/paracherkaoui.ma\/\"},{\"@type\":\"ListItem\",\"position\":2,\"name\":\"Boutique\",\"item\":\"https:\/\/paracherkaoui.ma\/index.php\/boutique\/\"},{\"@type\":\"ListItem\",\"position\":3,\"name\":\"LAINO CREME MAINS PRO INTENSE 50 ML\"}]},{\"@type\":\"WebSite\",\"@id\":\"https:\/\/paracherkaoui.ma\/#website\",\"url\":\"https:\/\/paracherkaoui.ma\/\",\"name\":\"Paracherkaoui.ma\",\"description\":\"Achetez en ligne sur Paracherkaoui.ma\",\"potentialAction\":[{\"@type\":\"SearchAction\",\"target\":{\"@type\":\"EntryPoint\",\"urlTemplate\":\"https:\/\/paracherkaoui.ma\/?s={search_term_string}\"},\"query-input\":{\"@type\":\"PropertyValueSpecification\",\"valueRequired\":true,\"valueName\":\"search_term_string\"}}],\"inLanguage\":\"fr-FR\"}]}<\/script>\r\n<!-- \/ Yoast SEO plugin. -->","yoast_head_json":{"title":"LAINO CREME MAINS PRO INTENSE 50 ML - Paracherkaoui.ma","robots":{"index":"index","follow":"follow","max-snippet":"max-snippet:-1","max-image-preview":"max-image-preview:large","max-video-preview":"max-video-preview:-1"},"canonical":"https:\/\/paracherkaoui.ma\/index.php\/produit\/laino-creme-mains-pro-intense-50-ml\/","og_locale":"fr_FR","og_type":"article","og_title":"LAINO CREME MAINS PRO INTENSE 50 ML - Paracherkaoui.ma","og_description":"Description : V\u00e9ritable concentr\u00e9 d\u2019hydratation* gr\u00e2ce au trio beurre de karit\u00e9, cire d\u2019abeille et glyc\u00e9rine, cette cr\u00e8me r\u00e9pare, r\u00e9g\u00e9n\u00e8re et","og_url":"https:\/\/paracherkaoui.ma\/index.php\/produit\/laino-creme-mains-pro-intense-50-ml\/","og_site_name":"Paracherkaoui.ma","article_modified_time":"2025-12-12T17:39:27+00:00","og_image":[{"width":700,"height":700,"url":"https:\/\/paracherkaoui.ma\/wp-content\/uploads\/2025\/12\/laino-laino-creme-mains-pro-intense-50-ml-mains.jpg","type":"image\/jpeg"}],"twitter_card":"summary_large_image","schema":{"@context":"https:\/\/schema.org","@graph":[{"@type":"WebPage","@id":"https:\/\/paracherkaoui.ma\/index.php\/produit\/laino-creme-mains-pro-intense-50-ml\/","url":"https:\/\/paracherkaoui.ma\/index.php\/produit\/laino-creme-mains-pro-intense-50-ml\/","name":"LAINO CREME MAINS PRO INTENSE 50 ML - Paracherkaoui.ma","isPartOf":{"@id":"https:\/\/paracherkaoui.ma\/#website"},"primaryImageOfPage":{"@id":"https:\/\/paracherkaoui.ma\/index.php\/produit\/laino-creme-mains-pro-intense-50-ml\/#primaryimage"},"image":{"@id":"https:\/\/paracherkaoui.ma\/index.php\/produit\/laino-creme-mains-pro-intense-50-ml\/#primaryimage"},"thumbnailUrl":"https:\/\/paracherkaoui.ma\/wp-content\/uploads\/2025\/12\/laino-laino-creme-mains-pro-intense-50-ml-mains.jpg","datePublished":"2025-12-12T17:39:22+00:00","dateModified":"2025-12-12T17:39:27+00:00","breadcrumb":{"@id":"https:\/\/paracherkaoui.ma\/index.php\/produit\/laino-creme-mains-pro-intense-50-ml\/#breadcrumb"},"inLanguage":"fr-FR","potentialAction":[{"@type":"ReadAction","target":["https:\/\/paracherkaoui.ma\/index.php\/produit\/laino-creme-mains-pro-intense-50-ml\/"]}]},{"@type":"ImageObject","inLanguage":"fr-FR","@id":"https:\/\/paracherkaoui.ma\/index.php\/produit\/laino-creme-mains-pro-intense-50-ml\/#primaryimage","url":"https:\/\/paracherkaoui.ma\/wp-content\/uploads\/2025\/12\/laino-laino-creme-mains-pro-intense-50-ml-mains.jpg","contentUrl":"https:\/\/paracherkaoui.ma\/wp-content\/uploads\/2025\/12\/laino-laino-creme-mains-pro-intense-50-ml-mains.jpg","width":700,"height":700},{"@type":"BreadcrumbList","@id":"https:\/\/paracherkaoui.ma\/index.php\/produit\/laino-creme-mains-pro-intense-50-ml\/#breadcrumb","itemListElement":[{"@type":"ListItem","position":1,"name":"Accueil","item":"https:\/\/paracherkaoui.ma\/"},{"@type":"ListItem","position":2,"name":"Boutique","item":"https:\/\/paracherkaoui.ma\/index.php\/boutique\/"},{"@type":"ListItem","position":3,"name":"LAINO CREME MAINS PRO INTENSE 50 ML"}]},{"@type":"WebSite","@id":"https:\/\/paracherkaoui.ma\/#website","url":"https:\/\/paracherkaoui.ma\/","name":"Paracherkaoui.ma","description":"Achetez en ligne sur Paracherkaoui.ma","potentialAction":[{"@type":"SearchAction","target":{"@type":"EntryPoint","urlTemplate":"https:\/\/paracherkaoui.ma\/?s={search_term_string}"},"query-input":{"@type":"PropertyValueSpecification","valueRequired":true,"valueName":"search_term_string"}}],"inLanguage":"fr-FR"}]}},"_links":{"self":[{"href":"https:\/\/paracherkaoui.ma\/index.php\/wp-json\/wp\/v2\/product\/32665","targetHints":{"allow":["GET"]}}],"collection":[{"href":"https:\/\/paracherkaoui.ma\/index.php\/wp-json\/wp\/v2\/product"}],"about":[{"href":"https:\/\/paracherkaoui.ma\/index.php\/wp-json\/wp\/v2\/types\/product"}],"replies":[{"embeddable":true,"href":"https:\/\/paracherkaoui.ma\/index.php\/wp-json\/wp\/v2\/comments?post=32665"}],"version-history":[{"count":1,"href":"https:\/\/paracherkaoui.ma\/index.php\/wp-json\/wp\/v2\/product\/32665\/revisions"}],"predecessor-version":[{"id":32698,"href":"https:\/\/paracherkaoui.ma\/index.php\/wp-json\/wp\/v2\/product\/32665\/revisions\/32698"}],"wp:featuredmedia":[{"embeddable":true,"href":"https:\/\/paracherkaoui.ma\/index.php\/wp-json\/wp\/v2\/media\/32697"}],"wp:attachment":[{"href":"https:\/\/paracherkaoui.ma\/index.php\/wp-json\/wp\/v2\/media?parent=32665"}],"wp:term":[{"taxonomy":"product_brand","embeddable":true,"href":"https:\/\/paracherkaoui.ma\/index.php\/wp-json\/wp\/v2\/product_brand?post=32665"},{"taxonomy":"product_cat","embeddable":true,"href":"https:\/\/paracherkaoui.ma\/index.php\/wp-json\/wp\/v2\/product_cat?post=32665"},{"taxonomy":"product_tag","embeddable":true,"href":"https:\/\/paracherkaoui.ma\/index.php\/wp-json\/wp\/v2\/product_tag?post=32665"}],"curies":[{"name":"wp","href":"https:\/\/api.w.org\/{rel}","templated":true}]}}