{"id":32598,"date":"2025-12-12T18:39:13","date_gmt":"2025-12-12T17:39:13","guid":{"rendered":"https:\/\/test.ecbeaute.com\/?post_type=product&#038;p=32598"},"modified":"2025-12-12T18:39:18","modified_gmt":"2025-12-12T17:39:18","slug":"svr-xerial-fissures-et-crevasses-reparation-des-3-jours-50-ml-3","status":"publish","type":"product","link":"https:\/\/paracherkaoui.ma\/index.php\/produit\/svr-xerial-fissures-et-crevasses-reparation-des-3-jours-50-ml-3\/","title":{"rendered":"SVR XERIAL FISSURES ET CREVASSES REPARATION DES 3 JOURS 50 ML"},"content":{"rendered":"<p>D\u00e9couvrez XERIAL Fissures &#038; Crevasses, votre alli\u00e9 indispensable pour des pieds lisses, r\u00e9par\u00e9s et confortables en un temps record. Con\u00e7u sp\u00e9cialement pour les pieds tr\u00e8s secs, fendill\u00e9s et ab\u00eem\u00e9s, ce soin r\u00e9parateur intensif de 50ml apporte une solution efficace pour apaiser, r\u00e9parer et prot\u00e9ger votre peau en profondeur.<br \/>\nR\u00e9paration et Hydratation en Un Seul Geste<br \/>\nLe soin XERIAL Fissures &#038; Crevasses agit d\u00e8s la premi\u00e8re application. En seulement 24 heures, vos pieds sont d\u00e9j\u00e0 hydrat\u00e9s, nourris et soulag\u00e9s. Gr\u00e2ce \u00e0 l&rsquo;action de la Centella Asiatica, un actif phare reconnu pour ses propri\u00e9t\u00e9s r\u00e9paratrices, votre peau est visiblement plus lisse et confortable. Apr\u00e8s 3 jours d&rsquo;utilisation, les r\u00e9sultats sont impressionnants : la peau est r\u00e9par\u00e9e, les zones de frottements sont moins endommag\u00e9es et les sensations d&rsquo;inconfort sont apais\u00e9es.<br \/>\nTexture Fra\u00eeche et Confortable<br \/>\nSa texture fra\u00eeche, enrichie en panth\u00e9nol, apaise imm\u00e9diatement les sensations d&rsquo;inconfort et isole le pied des agressions ext\u00e9rieures, pr\u00e9venant ainsi l&rsquo;apparition de nouvelles fissures et crevasses. Nourrissante et assouplissante gr\u00e2ce \u00e0 l&rsquo;huile de coco, elle laisse un fini non-gras et non-collant, vous permettant de mettre chaussures, chaussettes ou collants juste apr\u00e8s l&rsquo;application.<br \/>\nEfficacit\u00e9 Clinique Prouv\u00e9e<br \/>\nL&rsquo;efficacit\u00e9 de XERIAL Fissures &#038; Crevasses est d\u00e9montr\u00e9e par des \u00e9tudes cliniques :<br \/>\n-29% de s\u00e9cheresse apr\u00e8s 3 jours<br \/>\n-50% de fissures apr\u00e8s 14 jours<br \/>\n-89% de crevasses apr\u00e8s 14 jours<br \/>\nId\u00e9al pour Tous<br \/>\nQue vous soyez une personne en station debout prolong\u00e9e ou un sportif pratiquant des sports d&rsquo;impact comme la course \u00e0 pied, ce soin est parfait pour vous. Il offre une solution durable pour les pieds tr\u00e8s secs et ab\u00eem\u00e9s, vous permettant de retrouver rapidement confort et bien-\u00eatre.<br \/>\nComposition :<br \/>\nCentella Asiatica : reconnue scientifiquement pour ses propri\u00e9t\u00e9s r\u00e9paratrice, protectrice et apaisante sur les talons fissur\u00e9s9. Elle favorise la r\u00e9paration \u00e9pidermique.<br \/>\nPanth\u00e9nol : mol\u00e9cule de r\u00e9f\u00e9rence en dermatologie, il apaise et hydrate<br \/>\nPr\u00e9biotique : assainit, r\u00e9\u00e9quilibre la flore cutan\u00e9e<br \/>\nAquaporines : naturellement pr\u00e9sentes dans le corps, elles boostent l\u2019hydratation en am\u00e9liorant la capacit\u00e9 hydratante de la glyc\u00e9rine pr\u00e9sente elle-aussi dans la formule.<br \/>\nConseils d&rsquo;utilisation :<br \/>\nAppliquez quotidiennement sur des pieds propres et secs, en insistant sur les zones les plus ab\u00eem\u00e9es et fendill\u00e9es.<\/p>\n","protected":false},"excerpt":{"rendered":"<p>D\u00e9couvrez XERIAL Fissures &#038; Crevasses, votre alli\u00e9 indispensable pour des pieds lisses, r\u00e9par\u00e9s et confortables en un temps record. Con\u00e7u<\/p>\n","protected":false},"featured_media":11388,"comment_status":"open","ping_status":"closed","template":"","meta":[],"product_brand":[133],"product_cat":[599],"product_tag":[],"class_list":{"0":"post-32598","1":"product","2":"type-product","3":"status-publish","4":"has-post-thumbnail","6":"product_brand-svr","7":"product_cat-soins-mains-et-pieds","9":"first","10":"instock","11":"sale","12":"shipping-taxable","13":"purchasable","14":"product-type-simple"},"yoast_head":"<!-- This site is optimized with the Yoast SEO plugin v26.6 - https:\/\/yoast.com\/wordpress\/plugins\/seo\/ -->\r\n<title>SVR XERIAL FISSURES ET CREVASSES REPARATION DES 3 JOURS 50 ML - Paracherkaoui.ma<\/title>\r\n<meta name=\"robots\" content=\"index, follow, max-snippet:-1, max-image-preview:large, max-video-preview:-1\" \/>\r\n<link rel=\"canonical\" href=\"https:\/\/paracherkaoui.ma\/index.php\/produit\/svr-xerial-fissures-et-crevasses-reparation-des-3-jours-50-ml-3\/\" \/>\r\n<meta property=\"og:locale\" content=\"fr_FR\" \/>\r\n<meta property=\"og:type\" content=\"article\" \/>\r\n<meta property=\"og:title\" content=\"SVR XERIAL FISSURES ET CREVASSES REPARATION DES 3 JOURS 50 ML - Paracherkaoui.ma\" \/>\r\n<meta property=\"og:description\" content=\"D\u00e9couvrez XERIAL Fissures &#038; Crevasses, votre alli\u00e9 indispensable pour des pieds lisses, r\u00e9par\u00e9s et confortables en un temps record. Con\u00e7u\" \/>\r\n<meta property=\"og:url\" content=\"https:\/\/paracherkaoui.ma\/index.php\/produit\/svr-xerial-fissures-et-crevasses-reparation-des-3-jours-50-ml-3\/\" \/>\r\n<meta property=\"og:site_name\" content=\"Paracherkaoui.ma\" \/>\r\n<meta property=\"article:modified_time\" content=\"2025-12-12T17:39:18+00:00\" \/>\r\n<meta property=\"og:image\" content=\"https:\/\/paracherkaoui.ma\/wp-content\/uploads\/2025\/12\/svr-svr-xerial-fissures-et-crevasses-reparation-des-3-jours-50-ml-accueil.jpg\" \/>\r\n\t<meta property=\"og:image:width\" content=\"700\" \/>\r\n\t<meta property=\"og:image:height\" content=\"700\" \/>\r\n\t<meta property=\"og:image:type\" content=\"image\/jpeg\" \/>\r\n<meta name=\"twitter:card\" content=\"summary_large_image\" \/>\r\n<meta name=\"twitter:label1\" content=\"Dur\u00e9e de lecture estim\u00e9e\" \/>\n\t<meta name=\"twitter:data1\" content=\"2 minutes\" \/>\r\n<script type=\"application\/ld+json\" class=\"yoast-schema-graph\">{\"@context\":\"https:\/\/schema.org\",\"@graph\":[{\"@type\":\"WebPage\",\"@id\":\"https:\/\/paracherkaoui.ma\/index.php\/produit\/svr-xerial-fissures-et-crevasses-reparation-des-3-jours-50-ml-3\/\",\"url\":\"https:\/\/paracherkaoui.ma\/index.php\/produit\/svr-xerial-fissures-et-crevasses-reparation-des-3-jours-50-ml-3\/\",\"name\":\"SVR XERIAL FISSURES ET CREVASSES REPARATION DES 3 JOURS 50 ML - Paracherkaoui.ma\",\"isPartOf\":{\"@id\":\"https:\/\/paracherkaoui.ma\/#website\"},\"primaryImageOfPage\":{\"@id\":\"https:\/\/paracherkaoui.ma\/index.php\/produit\/svr-xerial-fissures-et-crevasses-reparation-des-3-jours-50-ml-3\/#primaryimage\"},\"image\":{\"@id\":\"https:\/\/paracherkaoui.ma\/index.php\/produit\/svr-xerial-fissures-et-crevasses-reparation-des-3-jours-50-ml-3\/#primaryimage\"},\"thumbnailUrl\":\"https:\/\/paracherkaoui.ma\/wp-content\/uploads\/2025\/12\/svr-svr-xerial-fissures-et-crevasses-reparation-des-3-jours-50-ml-accueil.jpg\",\"datePublished\":\"2025-12-12T17:39:13+00:00\",\"dateModified\":\"2025-12-12T17:39:18+00:00\",\"breadcrumb\":{\"@id\":\"https:\/\/paracherkaoui.ma\/index.php\/produit\/svr-xerial-fissures-et-crevasses-reparation-des-3-jours-50-ml-3\/#breadcrumb\"},\"inLanguage\":\"fr-FR\",\"potentialAction\":[{\"@type\":\"ReadAction\",\"target\":[\"https:\/\/paracherkaoui.ma\/index.php\/produit\/svr-xerial-fissures-et-crevasses-reparation-des-3-jours-50-ml-3\/\"]}]},{\"@type\":\"ImageObject\",\"inLanguage\":\"fr-FR\",\"@id\":\"https:\/\/paracherkaoui.ma\/index.php\/produit\/svr-xerial-fissures-et-crevasses-reparation-des-3-jours-50-ml-3\/#primaryimage\",\"url\":\"https:\/\/paracherkaoui.ma\/wp-content\/uploads\/2025\/12\/svr-svr-xerial-fissures-et-crevasses-reparation-des-3-jours-50-ml-accueil.jpg\",\"contentUrl\":\"https:\/\/paracherkaoui.ma\/wp-content\/uploads\/2025\/12\/svr-svr-xerial-fissures-et-crevasses-reparation-des-3-jours-50-ml-accueil.jpg\",\"width\":700,\"height\":700},{\"@type\":\"BreadcrumbList\",\"@id\":\"https:\/\/paracherkaoui.ma\/index.php\/produit\/svr-xerial-fissures-et-crevasses-reparation-des-3-jours-50-ml-3\/#breadcrumb\",\"itemListElement\":[{\"@type\":\"ListItem\",\"position\":1,\"name\":\"Accueil\",\"item\":\"https:\/\/paracherkaoui.ma\/\"},{\"@type\":\"ListItem\",\"position\":2,\"name\":\"Boutique\",\"item\":\"https:\/\/paracherkaoui.ma\/index.php\/boutique\/\"},{\"@type\":\"ListItem\",\"position\":3,\"name\":\"SVR XERIAL FISSURES ET CREVASSES REPARATION DES 3 JOURS 50 ML\"}]},{\"@type\":\"WebSite\",\"@id\":\"https:\/\/paracherkaoui.ma\/#website\",\"url\":\"https:\/\/paracherkaoui.ma\/\",\"name\":\"Paracherkaoui.ma\",\"description\":\"Achetez en ligne sur Paracherkaoui.ma\",\"potentialAction\":[{\"@type\":\"SearchAction\",\"target\":{\"@type\":\"EntryPoint\",\"urlTemplate\":\"https:\/\/paracherkaoui.ma\/?s={search_term_string}\"},\"query-input\":{\"@type\":\"PropertyValueSpecification\",\"valueRequired\":true,\"valueName\":\"search_term_string\"}}],\"inLanguage\":\"fr-FR\"}]}<\/script>\r\n<!-- \/ Yoast SEO plugin. -->","yoast_head_json":{"title":"SVR XERIAL FISSURES ET CREVASSES REPARATION DES 3 JOURS 50 ML - Paracherkaoui.ma","robots":{"index":"index","follow":"follow","max-snippet":"max-snippet:-1","max-image-preview":"max-image-preview:large","max-video-preview":"max-video-preview:-1"},"canonical":"https:\/\/paracherkaoui.ma\/index.php\/produit\/svr-xerial-fissures-et-crevasses-reparation-des-3-jours-50-ml-3\/","og_locale":"fr_FR","og_type":"article","og_title":"SVR XERIAL FISSURES ET CREVASSES REPARATION DES 3 JOURS 50 ML - Paracherkaoui.ma","og_description":"D\u00e9couvrez XERIAL Fissures &#038; Crevasses, votre alli\u00e9 indispensable pour des pieds lisses, r\u00e9par\u00e9s et confortables en un temps record. Con\u00e7u","og_url":"https:\/\/paracherkaoui.ma\/index.php\/produit\/svr-xerial-fissures-et-crevasses-reparation-des-3-jours-50-ml-3\/","og_site_name":"Paracherkaoui.ma","article_modified_time":"2025-12-12T17:39:18+00:00","og_image":[{"width":700,"height":700,"url":"https:\/\/paracherkaoui.ma\/wp-content\/uploads\/2025\/12\/svr-svr-xerial-fissures-et-crevasses-reparation-des-3-jours-50-ml-accueil.jpg","type":"image\/jpeg"}],"twitter_card":"summary_large_image","twitter_misc":{"Dur\u00e9e de lecture estim\u00e9e":"2 minutes"},"schema":{"@context":"https:\/\/schema.org","@graph":[{"@type":"WebPage","@id":"https:\/\/paracherkaoui.ma\/index.php\/produit\/svr-xerial-fissures-et-crevasses-reparation-des-3-jours-50-ml-3\/","url":"https:\/\/paracherkaoui.ma\/index.php\/produit\/svr-xerial-fissures-et-crevasses-reparation-des-3-jours-50-ml-3\/","name":"SVR XERIAL FISSURES ET CREVASSES REPARATION DES 3 JOURS 50 ML - Paracherkaoui.ma","isPartOf":{"@id":"https:\/\/paracherkaoui.ma\/#website"},"primaryImageOfPage":{"@id":"https:\/\/paracherkaoui.ma\/index.php\/produit\/svr-xerial-fissures-et-crevasses-reparation-des-3-jours-50-ml-3\/#primaryimage"},"image":{"@id":"https:\/\/paracherkaoui.ma\/index.php\/produit\/svr-xerial-fissures-et-crevasses-reparation-des-3-jours-50-ml-3\/#primaryimage"},"thumbnailUrl":"https:\/\/paracherkaoui.ma\/wp-content\/uploads\/2025\/12\/svr-svr-xerial-fissures-et-crevasses-reparation-des-3-jours-50-ml-accueil.jpg","datePublished":"2025-12-12T17:39:13+00:00","dateModified":"2025-12-12T17:39:18+00:00","breadcrumb":{"@id":"https:\/\/paracherkaoui.ma\/index.php\/produit\/svr-xerial-fissures-et-crevasses-reparation-des-3-jours-50-ml-3\/#breadcrumb"},"inLanguage":"fr-FR","potentialAction":[{"@type":"ReadAction","target":["https:\/\/paracherkaoui.ma\/index.php\/produit\/svr-xerial-fissures-et-crevasses-reparation-des-3-jours-50-ml-3\/"]}]},{"@type":"ImageObject","inLanguage":"fr-FR","@id":"https:\/\/paracherkaoui.ma\/index.php\/produit\/svr-xerial-fissures-et-crevasses-reparation-des-3-jours-50-ml-3\/#primaryimage","url":"https:\/\/paracherkaoui.ma\/wp-content\/uploads\/2025\/12\/svr-svr-xerial-fissures-et-crevasses-reparation-des-3-jours-50-ml-accueil.jpg","contentUrl":"https:\/\/paracherkaoui.ma\/wp-content\/uploads\/2025\/12\/svr-svr-xerial-fissures-et-crevasses-reparation-des-3-jours-50-ml-accueil.jpg","width":700,"height":700},{"@type":"BreadcrumbList","@id":"https:\/\/paracherkaoui.ma\/index.php\/produit\/svr-xerial-fissures-et-crevasses-reparation-des-3-jours-50-ml-3\/#breadcrumb","itemListElement":[{"@type":"ListItem","position":1,"name":"Accueil","item":"https:\/\/paracherkaoui.ma\/"},{"@type":"ListItem","position":2,"name":"Boutique","item":"https:\/\/paracherkaoui.ma\/index.php\/boutique\/"},{"@type":"ListItem","position":3,"name":"SVR XERIAL FISSURES ET CREVASSES REPARATION DES 3 JOURS 50 ML"}]},{"@type":"WebSite","@id":"https:\/\/paracherkaoui.ma\/#website","url":"https:\/\/paracherkaoui.ma\/","name":"Paracherkaoui.ma","description":"Achetez en ligne sur Paracherkaoui.ma","potentialAction":[{"@type":"SearchAction","target":{"@type":"EntryPoint","urlTemplate":"https:\/\/paracherkaoui.ma\/?s={search_term_string}"},"query-input":{"@type":"PropertyValueSpecification","valueRequired":true,"valueName":"search_term_string"}}],"inLanguage":"fr-FR"}]}},"_links":{"self":[{"href":"https:\/\/paracherkaoui.ma\/index.php\/wp-json\/wp\/v2\/product\/32598","targetHints":{"allow":["GET"]}}],"collection":[{"href":"https:\/\/paracherkaoui.ma\/index.php\/wp-json\/wp\/v2\/product"}],"about":[{"href":"https:\/\/paracherkaoui.ma\/index.php\/wp-json\/wp\/v2\/types\/product"}],"replies":[{"embeddable":true,"href":"https:\/\/paracherkaoui.ma\/index.php\/wp-json\/wp\/v2\/comments?post=32598"}],"version-history":[{"count":1,"href":"https:\/\/paracherkaoui.ma\/index.php\/wp-json\/wp\/v2\/product\/32598\/revisions"}],"predecessor-version":[{"id":32646,"href":"https:\/\/paracherkaoui.ma\/index.php\/wp-json\/wp\/v2\/product\/32598\/revisions\/32646"}],"wp:featuredmedia":[{"embeddable":true,"href":"https:\/\/paracherkaoui.ma\/index.php\/wp-json\/wp\/v2\/media\/11388"}],"wp:attachment":[{"href":"https:\/\/paracherkaoui.ma\/index.php\/wp-json\/wp\/v2\/media?parent=32598"}],"wp:term":[{"taxonomy":"product_brand","embeddable":true,"href":"https:\/\/paracherkaoui.ma\/index.php\/wp-json\/wp\/v2\/product_brand?post=32598"},{"taxonomy":"product_cat","embeddable":true,"href":"https:\/\/paracherkaoui.ma\/index.php\/wp-json\/wp\/v2\/product_cat?post=32598"},{"taxonomy":"product_tag","embeddable":true,"href":"https:\/\/paracherkaoui.ma\/index.php\/wp-json\/wp\/v2\/product_tag?post=32598"}],"curies":[{"name":"wp","href":"https:\/\/api.w.org\/{rel}","templated":true}]}}