{"id":32595,"date":"2025-12-12T18:39:13","date_gmt":"2025-12-12T17:39:13","guid":{"rendered":"https:\/\/test.ecbeaute.com\/?post_type=product&#038;p=32595"},"modified":"2025-12-12T18:39:18","modified_gmt":"2025-12-12T17:39:18","slug":"beter-lime-a-ongles-saphir","status":"publish","type":"product","link":"https:\/\/paracherkaoui.ma\/index.php\/produit\/beter-lime-a-ongles-saphir\/","title":{"rendered":"BETER LIME A ONGLES SAPHIR"},"content":{"rendered":"<p>Obtenez une manucure parfaite avec la lime \u00e0 ongles saphir BETER, con\u00e7ue pour garantir un limage efficace et durable. Fabriqu\u00e9e avec de la poudre d\u2019\u00e9meri, cette lime offre une r\u00e9sistance exceptionnelle tout en assurant un soin optimal pour vos ongles. Son grain moyen est sp\u00e9cialement adapt\u00e9 aux ongles forts, permettant de les raccourcir et de les fa\u00e7onner avec pr\u00e9cision sans les fragiliser.<br \/>\nGr\u00e2ce \u00e0 sa surface abrasive de haute qualit\u00e9, elle lisse les bords irr\u00e9guliers et pr\u00e9vient l\u2019effilochage, laissant vos ongles nets et soign\u00e9s. Son design ergonomique assure une prise en main confortable, facilitant son utilisation au quotidien. Compacte et r\u00e9sistante, elle vous accompagne partout pour une manucure impeccable \u00e0 tout moment.<br \/>\nConseils d\u2019utilisation :<br \/>\nUtilisez sur des ongles propres et secs pour \u00e9viter de les fragiliser.<br \/>\nLimez toujours dans le m\u00eame sens, de l\u2019ext\u00e9rieur vers le centre, pour \u00e9viter les fissures.<br \/>\nNe faites pas de mouvements de va-et-vient, cela pourrait endommager la structure de l\u2019ongle.<\/p>\n","protected":false},"excerpt":{"rendered":"<p>Obtenez une manucure parfaite avec la lime \u00e0 ongles saphir BETER, con\u00e7ue pour garantir un limage efficace et durable. Fabriqu\u00e9e<\/p>\n","protected":false},"featured_media":32640,"comment_status":"open","ping_status":"closed","template":"","meta":[],"product_brand":[400],"product_cat":[599],"product_tag":[],"class_list":{"0":"post-32595","1":"product","2":"type-product","3":"status-publish","4":"has-post-thumbnail","6":"product_brand-beter","7":"product_cat-soins-mains-et-pieds","9":"first","10":"instock","11":"sale","12":"shipping-taxable","13":"purchasable","14":"product-type-simple"},"yoast_head":"<!-- This site is optimized with the Yoast SEO plugin v26.6 - https:\/\/yoast.com\/wordpress\/plugins\/seo\/ -->\r\n<title>BETER LIME A ONGLES SAPHIR - Paracherkaoui.ma<\/title>\r\n<meta name=\"robots\" content=\"index, follow, max-snippet:-1, max-image-preview:large, max-video-preview:-1\" \/>\r\n<link rel=\"canonical\" href=\"https:\/\/paracherkaoui.ma\/index.php\/produit\/beter-lime-a-ongles-saphir\/\" \/>\r\n<meta property=\"og:locale\" content=\"fr_FR\" \/>\r\n<meta property=\"og:type\" content=\"article\" \/>\r\n<meta property=\"og:title\" content=\"BETER LIME A ONGLES SAPHIR - Paracherkaoui.ma\" \/>\r\n<meta property=\"og:description\" content=\"Obtenez une manucure parfaite avec la lime \u00e0 ongles saphir BETER, con\u00e7ue pour garantir un limage efficace et durable. Fabriqu\u00e9e\" \/>\r\n<meta property=\"og:url\" content=\"https:\/\/paracherkaoui.ma\/index.php\/produit\/beter-lime-a-ongles-saphir\/\" \/>\r\n<meta property=\"og:site_name\" content=\"Paracherkaoui.ma\" \/>\r\n<meta property=\"article:modified_time\" content=\"2025-12-12T17:39:18+00:00\" \/>\r\n<meta property=\"og:image\" content=\"https:\/\/paracherkaoui.ma\/wp-content\/uploads\/2025\/12\/beter-lime-a-ongles-saphir.jpg\" \/>\r\n\t<meta property=\"og:image:width\" content=\"700\" \/>\r\n\t<meta property=\"og:image:height\" content=\"700\" \/>\r\n\t<meta property=\"og:image:type\" content=\"image\/jpeg\" \/>\r\n<meta name=\"twitter:card\" content=\"summary_large_image\" \/>\r\n<meta name=\"twitter:label1\" content=\"Dur\u00e9e de lecture estim\u00e9e\" \/>\n\t<meta name=\"twitter:data1\" content=\"1 minute\" \/>\r\n<script type=\"application\/ld+json\" class=\"yoast-schema-graph\">{\"@context\":\"https:\/\/schema.org\",\"@graph\":[{\"@type\":\"WebPage\",\"@id\":\"https:\/\/paracherkaoui.ma\/index.php\/produit\/beter-lime-a-ongles-saphir\/\",\"url\":\"https:\/\/paracherkaoui.ma\/index.php\/produit\/beter-lime-a-ongles-saphir\/\",\"name\":\"BETER LIME A ONGLES SAPHIR - Paracherkaoui.ma\",\"isPartOf\":{\"@id\":\"https:\/\/paracherkaoui.ma\/#website\"},\"primaryImageOfPage\":{\"@id\":\"https:\/\/paracherkaoui.ma\/index.php\/produit\/beter-lime-a-ongles-saphir\/#primaryimage\"},\"image\":{\"@id\":\"https:\/\/paracherkaoui.ma\/index.php\/produit\/beter-lime-a-ongles-saphir\/#primaryimage\"},\"thumbnailUrl\":\"https:\/\/paracherkaoui.ma\/wp-content\/uploads\/2025\/12\/beter-lime-a-ongles-saphir.jpg\",\"datePublished\":\"2025-12-12T17:39:13+00:00\",\"dateModified\":\"2025-12-12T17:39:18+00:00\",\"breadcrumb\":{\"@id\":\"https:\/\/paracherkaoui.ma\/index.php\/produit\/beter-lime-a-ongles-saphir\/#breadcrumb\"},\"inLanguage\":\"fr-FR\",\"potentialAction\":[{\"@type\":\"ReadAction\",\"target\":[\"https:\/\/paracherkaoui.ma\/index.php\/produit\/beter-lime-a-ongles-saphir\/\"]}]},{\"@type\":\"ImageObject\",\"inLanguage\":\"fr-FR\",\"@id\":\"https:\/\/paracherkaoui.ma\/index.php\/produit\/beter-lime-a-ongles-saphir\/#primaryimage\",\"url\":\"https:\/\/paracherkaoui.ma\/wp-content\/uploads\/2025\/12\/beter-lime-a-ongles-saphir.jpg\",\"contentUrl\":\"https:\/\/paracherkaoui.ma\/wp-content\/uploads\/2025\/12\/beter-lime-a-ongles-saphir.jpg\",\"width\":700,\"height\":700},{\"@type\":\"BreadcrumbList\",\"@id\":\"https:\/\/paracherkaoui.ma\/index.php\/produit\/beter-lime-a-ongles-saphir\/#breadcrumb\",\"itemListElement\":[{\"@type\":\"ListItem\",\"position\":1,\"name\":\"Accueil\",\"item\":\"https:\/\/paracherkaoui.ma\/\"},{\"@type\":\"ListItem\",\"position\":2,\"name\":\"Boutique\",\"item\":\"https:\/\/paracherkaoui.ma\/index.php\/boutique\/\"},{\"@type\":\"ListItem\",\"position\":3,\"name\":\"BETER LIME A ONGLES SAPHIR\"}]},{\"@type\":\"WebSite\",\"@id\":\"https:\/\/paracherkaoui.ma\/#website\",\"url\":\"https:\/\/paracherkaoui.ma\/\",\"name\":\"Paracherkaoui.ma\",\"description\":\"Achetez en ligne sur Paracherkaoui.ma\",\"potentialAction\":[{\"@type\":\"SearchAction\",\"target\":{\"@type\":\"EntryPoint\",\"urlTemplate\":\"https:\/\/paracherkaoui.ma\/?s={search_term_string}\"},\"query-input\":{\"@type\":\"PropertyValueSpecification\",\"valueRequired\":true,\"valueName\":\"search_term_string\"}}],\"inLanguage\":\"fr-FR\"}]}<\/script>\r\n<!-- \/ Yoast SEO plugin. -->","yoast_head_json":{"title":"BETER LIME A ONGLES SAPHIR - Paracherkaoui.ma","robots":{"index":"index","follow":"follow","max-snippet":"max-snippet:-1","max-image-preview":"max-image-preview:large","max-video-preview":"max-video-preview:-1"},"canonical":"https:\/\/paracherkaoui.ma\/index.php\/produit\/beter-lime-a-ongles-saphir\/","og_locale":"fr_FR","og_type":"article","og_title":"BETER LIME A ONGLES SAPHIR - Paracherkaoui.ma","og_description":"Obtenez une manucure parfaite avec la lime \u00e0 ongles saphir BETER, con\u00e7ue pour garantir un limage efficace et durable. Fabriqu\u00e9e","og_url":"https:\/\/paracherkaoui.ma\/index.php\/produit\/beter-lime-a-ongles-saphir\/","og_site_name":"Paracherkaoui.ma","article_modified_time":"2025-12-12T17:39:18+00:00","og_image":[{"width":700,"height":700,"url":"https:\/\/paracherkaoui.ma\/wp-content\/uploads\/2025\/12\/beter-lime-a-ongles-saphir.jpg","type":"image\/jpeg"}],"twitter_card":"summary_large_image","twitter_misc":{"Dur\u00e9e de lecture estim\u00e9e":"1 minute"},"schema":{"@context":"https:\/\/schema.org","@graph":[{"@type":"WebPage","@id":"https:\/\/paracherkaoui.ma\/index.php\/produit\/beter-lime-a-ongles-saphir\/","url":"https:\/\/paracherkaoui.ma\/index.php\/produit\/beter-lime-a-ongles-saphir\/","name":"BETER LIME A ONGLES SAPHIR - Paracherkaoui.ma","isPartOf":{"@id":"https:\/\/paracherkaoui.ma\/#website"},"primaryImageOfPage":{"@id":"https:\/\/paracherkaoui.ma\/index.php\/produit\/beter-lime-a-ongles-saphir\/#primaryimage"},"image":{"@id":"https:\/\/paracherkaoui.ma\/index.php\/produit\/beter-lime-a-ongles-saphir\/#primaryimage"},"thumbnailUrl":"https:\/\/paracherkaoui.ma\/wp-content\/uploads\/2025\/12\/beter-lime-a-ongles-saphir.jpg","datePublished":"2025-12-12T17:39:13+00:00","dateModified":"2025-12-12T17:39:18+00:00","breadcrumb":{"@id":"https:\/\/paracherkaoui.ma\/index.php\/produit\/beter-lime-a-ongles-saphir\/#breadcrumb"},"inLanguage":"fr-FR","potentialAction":[{"@type":"ReadAction","target":["https:\/\/paracherkaoui.ma\/index.php\/produit\/beter-lime-a-ongles-saphir\/"]}]},{"@type":"ImageObject","inLanguage":"fr-FR","@id":"https:\/\/paracherkaoui.ma\/index.php\/produit\/beter-lime-a-ongles-saphir\/#primaryimage","url":"https:\/\/paracherkaoui.ma\/wp-content\/uploads\/2025\/12\/beter-lime-a-ongles-saphir.jpg","contentUrl":"https:\/\/paracherkaoui.ma\/wp-content\/uploads\/2025\/12\/beter-lime-a-ongles-saphir.jpg","width":700,"height":700},{"@type":"BreadcrumbList","@id":"https:\/\/paracherkaoui.ma\/index.php\/produit\/beter-lime-a-ongles-saphir\/#breadcrumb","itemListElement":[{"@type":"ListItem","position":1,"name":"Accueil","item":"https:\/\/paracherkaoui.ma\/"},{"@type":"ListItem","position":2,"name":"Boutique","item":"https:\/\/paracherkaoui.ma\/index.php\/boutique\/"},{"@type":"ListItem","position":3,"name":"BETER LIME A ONGLES SAPHIR"}]},{"@type":"WebSite","@id":"https:\/\/paracherkaoui.ma\/#website","url":"https:\/\/paracherkaoui.ma\/","name":"Paracherkaoui.ma","description":"Achetez en ligne sur Paracherkaoui.ma","potentialAction":[{"@type":"SearchAction","target":{"@type":"EntryPoint","urlTemplate":"https:\/\/paracherkaoui.ma\/?s={search_term_string}"},"query-input":{"@type":"PropertyValueSpecification","valueRequired":true,"valueName":"search_term_string"}}],"inLanguage":"fr-FR"}]}},"_links":{"self":[{"href":"https:\/\/paracherkaoui.ma\/index.php\/wp-json\/wp\/v2\/product\/32595","targetHints":{"allow":["GET"]}}],"collection":[{"href":"https:\/\/paracherkaoui.ma\/index.php\/wp-json\/wp\/v2\/product"}],"about":[{"href":"https:\/\/paracherkaoui.ma\/index.php\/wp-json\/wp\/v2\/types\/product"}],"replies":[{"embeddable":true,"href":"https:\/\/paracherkaoui.ma\/index.php\/wp-json\/wp\/v2\/comments?post=32595"}],"version-history":[{"count":1,"href":"https:\/\/paracherkaoui.ma\/index.php\/wp-json\/wp\/v2\/product\/32595\/revisions"}],"predecessor-version":[{"id":32641,"href":"https:\/\/paracherkaoui.ma\/index.php\/wp-json\/wp\/v2\/product\/32595\/revisions\/32641"}],"wp:featuredmedia":[{"embeddable":true,"href":"https:\/\/paracherkaoui.ma\/index.php\/wp-json\/wp\/v2\/media\/32640"}],"wp:attachment":[{"href":"https:\/\/paracherkaoui.ma\/index.php\/wp-json\/wp\/v2\/media?parent=32595"}],"wp:term":[{"taxonomy":"product_brand","embeddable":true,"href":"https:\/\/paracherkaoui.ma\/index.php\/wp-json\/wp\/v2\/product_brand?post=32595"},{"taxonomy":"product_cat","embeddable":true,"href":"https:\/\/paracherkaoui.ma\/index.php\/wp-json\/wp\/v2\/product_cat?post=32595"},{"taxonomy":"product_tag","embeddable":true,"href":"https:\/\/paracherkaoui.ma\/index.php\/wp-json\/wp\/v2\/product_tag?post=32595"}],"curies":[{"name":"wp","href":"https:\/\/api.w.org\/{rel}","templated":true}]}}