{"id":32508,"date":"2025-12-12T18:38:49","date_gmt":"2025-12-12T17:38:49","guid":{"rendered":"https:\/\/test.ecbeaute.com\/?post_type=product&#038;p=32508"},"modified":"2025-12-12T18:38:59","modified_gmt":"2025-12-12T17:38:59","slug":"nuxe-sweet-lemon-creme-mains-et-ongles-50-ml","status":"publish","type":"product","link":"https:\/\/paracherkaoui.ma\/index.php\/produit\/nuxe-sweet-lemon-creme-mains-et-ongles-50-ml\/","title":{"rendered":"NUXE SWEET LEMON CREME MAINS ET ONGLES 50 ML"},"content":{"rendered":"<p>D\u00e9couvrez la NUXE Sweet Lemon Cr\u00e8me Mains et Ongles 50 ml, un v\u00e9ritable \u00e9lixir de douceur pour vos mains et ongles. Enrichie d\u2019ingr\u00e9dients certifi\u00e9s BIO et Vegan, cette cr\u00e8me vous enveloppe d\u2019un parfum irr\u00e9sistible de citron meringu\u00e9, vous offrant un soin nourrissant tout en prot\u00e9geant vos mains des agressions ext\u00e9rieures comme le vent, le froid et les lavages excessifs. Fini les mains s\u00e8ches et rugueuses : gr\u00e2ce \u00e0 sa formule non grasse et non collante, vos mains retrouvent leur souplesse et leur douceur, et les zones de s\u00e9cheresse disparaissent.<br \/>\nCette cr\u00e8me est id\u00e9ale pour pr\u00e9parer vos mains avant une manucure parfaite. En plus de nourrir intens\u00e9ment, elle sublime vos mains jusqu\u2019au bout des ongles, les laissant hydrat\u00e9es, apais\u00e9es et confortables tout au long de la journ\u00e9e. Test\u00e9e et approuv\u00e9e par 100% des volontaires, elle garantit une hydratation imm\u00e9diate et une peau lisse et douce.<br \/>\nAvec sa texture fondante et son parfum gourmand, elle procure un r\u00e9el moment de plaisir et de bien-\u00eatre \u00e0 chaque application. Ne vous privez plus de ce soin quotidien, essentiel pour des mains parfaitement prot\u00e9g\u00e9es et revitalis\u00e9es.<br \/>\nConseils d&rsquo;utilisation :<br \/>\nAppliquez une noisette de cr\u00e8me sur des mains propres et s\u00e8ches.<br \/>\nMassez d\u00e9licatement les mains, les ongles et les cuticules jusqu\u2019\u00e0 absorption compl\u00e8te.<br \/>\nUtilisez quotidiennement, surtout apr\u00e8s avoir lav\u00e9 les mains ou avant une exposition au froid.<\/p>\n","protected":false},"excerpt":{"rendered":"<p>D\u00e9couvrez la NUXE Sweet Lemon Cr\u00e8me Mains et Ongles 50 ml, un v\u00e9ritable \u00e9lixir de douceur pour vos mains et<\/p>\n","protected":false},"featured_media":32553,"comment_status":"open","ping_status":"closed","template":"","meta":[],"product_brand":[230],"product_cat":[599],"product_tag":[],"class_list":{"0":"post-32508","1":"product","2":"type-product","3":"status-publish","4":"has-post-thumbnail","6":"product_brand-nuxe","7":"product_cat-soins-mains-et-pieds","9":"first","10":"instock","11":"sale","12":"shipping-taxable","13":"purchasable","14":"product-type-simple"},"yoast_head":"<!-- This site is optimized with the Yoast SEO plugin v26.6 - https:\/\/yoast.com\/wordpress\/plugins\/seo\/ -->\r\n<title>NUXE SWEET LEMON CREME MAINS ET ONGLES 50 ML - Paracherkaoui.ma<\/title>\r\n<meta name=\"robots\" content=\"index, follow, max-snippet:-1, max-image-preview:large, max-video-preview:-1\" \/>\r\n<link rel=\"canonical\" href=\"https:\/\/paracherkaoui.ma\/index.php\/produit\/nuxe-sweet-lemon-creme-mains-et-ongles-50-ml\/\" \/>\r\n<meta property=\"og:locale\" content=\"fr_FR\" \/>\r\n<meta property=\"og:type\" content=\"article\" \/>\r\n<meta property=\"og:title\" content=\"NUXE SWEET LEMON CREME MAINS ET ONGLES 50 ML - Paracherkaoui.ma\" \/>\r\n<meta property=\"og:description\" content=\"D\u00e9couvrez la NUXE Sweet Lemon Cr\u00e8me Mains et Ongles 50 ml, un v\u00e9ritable \u00e9lixir de douceur pour vos mains et\" \/>\r\n<meta property=\"og:url\" content=\"https:\/\/paracherkaoui.ma\/index.php\/produit\/nuxe-sweet-lemon-creme-mains-et-ongles-50-ml\/\" \/>\r\n<meta property=\"og:site_name\" content=\"Paracherkaoui.ma\" \/>\r\n<meta property=\"article:modified_time\" content=\"2025-12-12T17:38:59+00:00\" \/>\r\n<meta property=\"og:image\" content=\"https:\/\/paracherkaoui.ma\/wp-content\/uploads\/2025\/12\/nuxe-nuxe-sweet-lemon-creme-mains-et-ongles-50-ml-soins-mains-et-pieds.jpg\" \/>\r\n\t<meta property=\"og:image:width\" content=\"700\" \/>\r\n\t<meta property=\"og:image:height\" content=\"700\" \/>\r\n\t<meta property=\"og:image:type\" content=\"image\/jpeg\" \/>\r\n<meta name=\"twitter:card\" content=\"summary_large_image\" \/>\r\n<meta name=\"twitter:label1\" content=\"Dur\u00e9e de lecture estim\u00e9e\" \/>\n\t<meta name=\"twitter:data1\" content=\"1 minute\" \/>\r\n<script type=\"application\/ld+json\" class=\"yoast-schema-graph\">{\"@context\":\"https:\/\/schema.org\",\"@graph\":[{\"@type\":\"WebPage\",\"@id\":\"https:\/\/paracherkaoui.ma\/index.php\/produit\/nuxe-sweet-lemon-creme-mains-et-ongles-50-ml\/\",\"url\":\"https:\/\/paracherkaoui.ma\/index.php\/produit\/nuxe-sweet-lemon-creme-mains-et-ongles-50-ml\/\",\"name\":\"NUXE SWEET LEMON CREME MAINS ET ONGLES 50 ML - Paracherkaoui.ma\",\"isPartOf\":{\"@id\":\"https:\/\/paracherkaoui.ma\/#website\"},\"primaryImageOfPage\":{\"@id\":\"https:\/\/paracherkaoui.ma\/index.php\/produit\/nuxe-sweet-lemon-creme-mains-et-ongles-50-ml\/#primaryimage\"},\"image\":{\"@id\":\"https:\/\/paracherkaoui.ma\/index.php\/produit\/nuxe-sweet-lemon-creme-mains-et-ongles-50-ml\/#primaryimage\"},\"thumbnailUrl\":\"https:\/\/paracherkaoui.ma\/wp-content\/uploads\/2025\/12\/nuxe-nuxe-sweet-lemon-creme-mains-et-ongles-50-ml-soins-mains-et-pieds.jpg\",\"datePublished\":\"2025-12-12T17:38:49+00:00\",\"dateModified\":\"2025-12-12T17:38:59+00:00\",\"breadcrumb\":{\"@id\":\"https:\/\/paracherkaoui.ma\/index.php\/produit\/nuxe-sweet-lemon-creme-mains-et-ongles-50-ml\/#breadcrumb\"},\"inLanguage\":\"fr-FR\",\"potentialAction\":[{\"@type\":\"ReadAction\",\"target\":[\"https:\/\/paracherkaoui.ma\/index.php\/produit\/nuxe-sweet-lemon-creme-mains-et-ongles-50-ml\/\"]}]},{\"@type\":\"ImageObject\",\"inLanguage\":\"fr-FR\",\"@id\":\"https:\/\/paracherkaoui.ma\/index.php\/produit\/nuxe-sweet-lemon-creme-mains-et-ongles-50-ml\/#primaryimage\",\"url\":\"https:\/\/paracherkaoui.ma\/wp-content\/uploads\/2025\/12\/nuxe-nuxe-sweet-lemon-creme-mains-et-ongles-50-ml-soins-mains-et-pieds.jpg\",\"contentUrl\":\"https:\/\/paracherkaoui.ma\/wp-content\/uploads\/2025\/12\/nuxe-nuxe-sweet-lemon-creme-mains-et-ongles-50-ml-soins-mains-et-pieds.jpg\",\"width\":700,\"height\":700},{\"@type\":\"BreadcrumbList\",\"@id\":\"https:\/\/paracherkaoui.ma\/index.php\/produit\/nuxe-sweet-lemon-creme-mains-et-ongles-50-ml\/#breadcrumb\",\"itemListElement\":[{\"@type\":\"ListItem\",\"position\":1,\"name\":\"Accueil\",\"item\":\"https:\/\/paracherkaoui.ma\/\"},{\"@type\":\"ListItem\",\"position\":2,\"name\":\"Boutique\",\"item\":\"https:\/\/paracherkaoui.ma\/index.php\/boutique\/\"},{\"@type\":\"ListItem\",\"position\":3,\"name\":\"NUXE SWEET LEMON CREME MAINS ET ONGLES 50 ML\"}]},{\"@type\":\"WebSite\",\"@id\":\"https:\/\/paracherkaoui.ma\/#website\",\"url\":\"https:\/\/paracherkaoui.ma\/\",\"name\":\"Paracherkaoui.ma\",\"description\":\"Achetez en ligne sur Paracherkaoui.ma\",\"potentialAction\":[{\"@type\":\"SearchAction\",\"target\":{\"@type\":\"EntryPoint\",\"urlTemplate\":\"https:\/\/paracherkaoui.ma\/?s={search_term_string}\"},\"query-input\":{\"@type\":\"PropertyValueSpecification\",\"valueRequired\":true,\"valueName\":\"search_term_string\"}}],\"inLanguage\":\"fr-FR\"}]}<\/script>\r\n<!-- \/ Yoast SEO plugin. -->","yoast_head_json":{"title":"NUXE SWEET LEMON CREME MAINS ET ONGLES 50 ML - Paracherkaoui.ma","robots":{"index":"index","follow":"follow","max-snippet":"max-snippet:-1","max-image-preview":"max-image-preview:large","max-video-preview":"max-video-preview:-1"},"canonical":"https:\/\/paracherkaoui.ma\/index.php\/produit\/nuxe-sweet-lemon-creme-mains-et-ongles-50-ml\/","og_locale":"fr_FR","og_type":"article","og_title":"NUXE SWEET LEMON CREME MAINS ET ONGLES 50 ML - Paracherkaoui.ma","og_description":"D\u00e9couvrez la NUXE Sweet Lemon Cr\u00e8me Mains et Ongles 50 ml, un v\u00e9ritable \u00e9lixir de douceur pour vos mains et","og_url":"https:\/\/paracherkaoui.ma\/index.php\/produit\/nuxe-sweet-lemon-creme-mains-et-ongles-50-ml\/","og_site_name":"Paracherkaoui.ma","article_modified_time":"2025-12-12T17:38:59+00:00","og_image":[{"width":700,"height":700,"url":"https:\/\/paracherkaoui.ma\/wp-content\/uploads\/2025\/12\/nuxe-nuxe-sweet-lemon-creme-mains-et-ongles-50-ml-soins-mains-et-pieds.jpg","type":"image\/jpeg"}],"twitter_card":"summary_large_image","twitter_misc":{"Dur\u00e9e de lecture estim\u00e9e":"1 minute"},"schema":{"@context":"https:\/\/schema.org","@graph":[{"@type":"WebPage","@id":"https:\/\/paracherkaoui.ma\/index.php\/produit\/nuxe-sweet-lemon-creme-mains-et-ongles-50-ml\/","url":"https:\/\/paracherkaoui.ma\/index.php\/produit\/nuxe-sweet-lemon-creme-mains-et-ongles-50-ml\/","name":"NUXE SWEET LEMON CREME MAINS ET ONGLES 50 ML - Paracherkaoui.ma","isPartOf":{"@id":"https:\/\/paracherkaoui.ma\/#website"},"primaryImageOfPage":{"@id":"https:\/\/paracherkaoui.ma\/index.php\/produit\/nuxe-sweet-lemon-creme-mains-et-ongles-50-ml\/#primaryimage"},"image":{"@id":"https:\/\/paracherkaoui.ma\/index.php\/produit\/nuxe-sweet-lemon-creme-mains-et-ongles-50-ml\/#primaryimage"},"thumbnailUrl":"https:\/\/paracherkaoui.ma\/wp-content\/uploads\/2025\/12\/nuxe-nuxe-sweet-lemon-creme-mains-et-ongles-50-ml-soins-mains-et-pieds.jpg","datePublished":"2025-12-12T17:38:49+00:00","dateModified":"2025-12-12T17:38:59+00:00","breadcrumb":{"@id":"https:\/\/paracherkaoui.ma\/index.php\/produit\/nuxe-sweet-lemon-creme-mains-et-ongles-50-ml\/#breadcrumb"},"inLanguage":"fr-FR","potentialAction":[{"@type":"ReadAction","target":["https:\/\/paracherkaoui.ma\/index.php\/produit\/nuxe-sweet-lemon-creme-mains-et-ongles-50-ml\/"]}]},{"@type":"ImageObject","inLanguage":"fr-FR","@id":"https:\/\/paracherkaoui.ma\/index.php\/produit\/nuxe-sweet-lemon-creme-mains-et-ongles-50-ml\/#primaryimage","url":"https:\/\/paracherkaoui.ma\/wp-content\/uploads\/2025\/12\/nuxe-nuxe-sweet-lemon-creme-mains-et-ongles-50-ml-soins-mains-et-pieds.jpg","contentUrl":"https:\/\/paracherkaoui.ma\/wp-content\/uploads\/2025\/12\/nuxe-nuxe-sweet-lemon-creme-mains-et-ongles-50-ml-soins-mains-et-pieds.jpg","width":700,"height":700},{"@type":"BreadcrumbList","@id":"https:\/\/paracherkaoui.ma\/index.php\/produit\/nuxe-sweet-lemon-creme-mains-et-ongles-50-ml\/#breadcrumb","itemListElement":[{"@type":"ListItem","position":1,"name":"Accueil","item":"https:\/\/paracherkaoui.ma\/"},{"@type":"ListItem","position":2,"name":"Boutique","item":"https:\/\/paracherkaoui.ma\/index.php\/boutique\/"},{"@type":"ListItem","position":3,"name":"NUXE SWEET LEMON CREME MAINS ET ONGLES 50 ML"}]},{"@type":"WebSite","@id":"https:\/\/paracherkaoui.ma\/#website","url":"https:\/\/paracherkaoui.ma\/","name":"Paracherkaoui.ma","description":"Achetez en ligne sur Paracherkaoui.ma","potentialAction":[{"@type":"SearchAction","target":{"@type":"EntryPoint","urlTemplate":"https:\/\/paracherkaoui.ma\/?s={search_term_string}"},"query-input":{"@type":"PropertyValueSpecification","valueRequired":true,"valueName":"search_term_string"}}],"inLanguage":"fr-FR"}]}},"_links":{"self":[{"href":"https:\/\/paracherkaoui.ma\/index.php\/wp-json\/wp\/v2\/product\/32508","targetHints":{"allow":["GET"]}}],"collection":[{"href":"https:\/\/paracherkaoui.ma\/index.php\/wp-json\/wp\/v2\/product"}],"about":[{"href":"https:\/\/paracherkaoui.ma\/index.php\/wp-json\/wp\/v2\/types\/product"}],"replies":[{"embeddable":true,"href":"https:\/\/paracherkaoui.ma\/index.php\/wp-json\/wp\/v2\/comments?post=32508"}],"version-history":[{"count":1,"href":"https:\/\/paracherkaoui.ma\/index.php\/wp-json\/wp\/v2\/product\/32508\/revisions"}],"predecessor-version":[{"id":32554,"href":"https:\/\/paracherkaoui.ma\/index.php\/wp-json\/wp\/v2\/product\/32508\/revisions\/32554"}],"wp:featuredmedia":[{"embeddable":true,"href":"https:\/\/paracherkaoui.ma\/index.php\/wp-json\/wp\/v2\/media\/32553"}],"wp:attachment":[{"href":"https:\/\/paracherkaoui.ma\/index.php\/wp-json\/wp\/v2\/media?parent=32508"}],"wp:term":[{"taxonomy":"product_brand","embeddable":true,"href":"https:\/\/paracherkaoui.ma\/index.php\/wp-json\/wp\/v2\/product_brand?post=32508"},{"taxonomy":"product_cat","embeddable":true,"href":"https:\/\/paracherkaoui.ma\/index.php\/wp-json\/wp\/v2\/product_cat?post=32508"},{"taxonomy":"product_tag","embeddable":true,"href":"https:\/\/paracherkaoui.ma\/index.php\/wp-json\/wp\/v2\/product_tag?post=32508"}],"curies":[{"name":"wp","href":"https:\/\/api.w.org\/{rel}","templated":true}]}}