{"id":32445,"date":"2025-12-12T18:38:25","date_gmt":"2025-12-12T17:38:25","guid":{"rendered":"https:\/\/test.ecbeaute.com\/?post_type=product&#038;p=32445"},"modified":"2025-12-12T18:38:28","modified_gmt":"2025-12-12T17:38:28","slug":"eye-care-vernis-soin-fortifiant-lissant-8-ml","status":"publish","type":"product","link":"https:\/\/paracherkaoui.ma\/index.php\/produit\/eye-care-vernis-soin-fortifiant-lissant-8-ml\/","title":{"rendered":"EYE CARE VERNIS SOIN FORTIFIANT LISSANT 8 ML"},"content":{"rendered":"<p>Ce Vernis Soin est sp\u00e9cialement con\u00e7u pour les personnes aux ongles fragiles, cassants, et \u00e0 l\u2019aspect irr\u00e9gulier. Il est formul\u00e9 pour lisser\u00a0et fortifier\u00a0les ongles stri\u00e9s.<br \/>\nIl r\u00e9duit instantan\u00e9ment l&rsquo;aspect stri\u00e9 des ongles\u00a0gr\u00e2ce \u00e0 sa texture comblante et son association Mica-Titane qui floute le relief de l\u2019ongle. Sa formule est enrichie en Silicium\u00a0et en oligo-\u00e9l\u00e9ments\u00a0afin de renforcer les ongles fragilis\u00e9s.<br \/>\nIl peut \u00eatre utilis\u00e9 seul ou comme base fortifiante avant la pose du vernis.<br \/>\nIl est formul\u00e9 sans parfum, sans tolu\u00e8ne, sans formol ni colophane pour respecter les ongles les plus sensibles.<br \/>\nConseils d&rsquo;utilisation:<br \/>\nApr\u00e8s avoir agit\u00e9 le flacon, appliquer une ou deux couches de vernis, tous les 3 jours, en cure de 1 mois.<br \/>\nNettoyer l&rsquo;ongle \u00e0 l&rsquo;aide d&rsquo;un dissolvant sans ac\u00e9tone avant application.<\/p>\n","protected":false},"excerpt":{"rendered":"<p>Ce Vernis Soin est sp\u00e9cialement con\u00e7u pour les personnes aux ongles fragiles, cassants, et \u00e0 l\u2019aspect irr\u00e9gulier. Il est formul\u00e9<\/p>\n","protected":false},"featured_media":32477,"comment_status":"open","ping_status":"closed","template":"","meta":[],"product_brand":[278],"product_cat":[599],"product_tag":[],"class_list":{"0":"post-32445","1":"product","2":"type-product","3":"status-publish","4":"has-post-thumbnail","6":"product_brand-eye-care","7":"product_cat-soins-mains-et-pieds","9":"first","10":"instock","11":"shipping-taxable","12":"purchasable","13":"product-type-simple"},"yoast_head":"<!-- This site is optimized with the Yoast SEO plugin v26.6 - https:\/\/yoast.com\/wordpress\/plugins\/seo\/ -->\r\n<title>EYE CARE VERNIS SOIN FORTIFIANT LISSANT 8 ML - Paracherkaoui.ma<\/title>\r\n<meta name=\"robots\" content=\"index, follow, max-snippet:-1, max-image-preview:large, max-video-preview:-1\" \/>\r\n<link rel=\"canonical\" href=\"https:\/\/paracherkaoui.ma\/index.php\/produit\/eye-care-vernis-soin-fortifiant-lissant-8-ml\/\" \/>\r\n<meta property=\"og:locale\" content=\"fr_FR\" \/>\r\n<meta property=\"og:type\" content=\"article\" \/>\r\n<meta property=\"og:title\" content=\"EYE CARE VERNIS SOIN FORTIFIANT LISSANT 8 ML - Paracherkaoui.ma\" \/>\r\n<meta property=\"og:description\" content=\"Ce Vernis Soin est sp\u00e9cialement con\u00e7u pour les personnes aux ongles fragiles, cassants, et \u00e0 l\u2019aspect irr\u00e9gulier. Il est formul\u00e9\" \/>\r\n<meta property=\"og:url\" content=\"https:\/\/paracherkaoui.ma\/index.php\/produit\/eye-care-vernis-soin-fortifiant-lissant-8-ml\/\" \/>\r\n<meta property=\"og:site_name\" content=\"Paracherkaoui.ma\" \/>\r\n<meta property=\"article:modified_time\" content=\"2025-12-12T17:38:28+00:00\" \/>\r\n<meta property=\"og:image\" content=\"https:\/\/paracherkaoui.ma\/wp-content\/uploads\/2025\/12\/eye-care-eye-care-vernis-soin-fortifiant-lissant-8-ml-mains.jpg\" \/>\r\n\t<meta property=\"og:image:width\" content=\"700\" \/>\r\n\t<meta property=\"og:image:height\" content=\"700\" \/>\r\n\t<meta property=\"og:image:type\" content=\"image\/jpeg\" \/>\r\n<meta name=\"twitter:card\" content=\"summary_large_image\" \/>\r\n<meta name=\"twitter:label1\" content=\"Dur\u00e9e de lecture estim\u00e9e\" \/>\n\t<meta name=\"twitter:data1\" content=\"1 minute\" \/>\r\n<script type=\"application\/ld+json\" class=\"yoast-schema-graph\">{\"@context\":\"https:\/\/schema.org\",\"@graph\":[{\"@type\":\"WebPage\",\"@id\":\"https:\/\/paracherkaoui.ma\/index.php\/produit\/eye-care-vernis-soin-fortifiant-lissant-8-ml\/\",\"url\":\"https:\/\/paracherkaoui.ma\/index.php\/produit\/eye-care-vernis-soin-fortifiant-lissant-8-ml\/\",\"name\":\"EYE CARE VERNIS SOIN FORTIFIANT LISSANT 8 ML - Paracherkaoui.ma\",\"isPartOf\":{\"@id\":\"https:\/\/paracherkaoui.ma\/#website\"},\"primaryImageOfPage\":{\"@id\":\"https:\/\/paracherkaoui.ma\/index.php\/produit\/eye-care-vernis-soin-fortifiant-lissant-8-ml\/#primaryimage\"},\"image\":{\"@id\":\"https:\/\/paracherkaoui.ma\/index.php\/produit\/eye-care-vernis-soin-fortifiant-lissant-8-ml\/#primaryimage\"},\"thumbnailUrl\":\"https:\/\/paracherkaoui.ma\/wp-content\/uploads\/2025\/12\/eye-care-eye-care-vernis-soin-fortifiant-lissant-8-ml-mains.jpg\",\"datePublished\":\"2025-12-12T17:38:25+00:00\",\"dateModified\":\"2025-12-12T17:38:28+00:00\",\"breadcrumb\":{\"@id\":\"https:\/\/paracherkaoui.ma\/index.php\/produit\/eye-care-vernis-soin-fortifiant-lissant-8-ml\/#breadcrumb\"},\"inLanguage\":\"fr-FR\",\"potentialAction\":[{\"@type\":\"ReadAction\",\"target\":[\"https:\/\/paracherkaoui.ma\/index.php\/produit\/eye-care-vernis-soin-fortifiant-lissant-8-ml\/\"]}]},{\"@type\":\"ImageObject\",\"inLanguage\":\"fr-FR\",\"@id\":\"https:\/\/paracherkaoui.ma\/index.php\/produit\/eye-care-vernis-soin-fortifiant-lissant-8-ml\/#primaryimage\",\"url\":\"https:\/\/paracherkaoui.ma\/wp-content\/uploads\/2025\/12\/eye-care-eye-care-vernis-soin-fortifiant-lissant-8-ml-mains.jpg\",\"contentUrl\":\"https:\/\/paracherkaoui.ma\/wp-content\/uploads\/2025\/12\/eye-care-eye-care-vernis-soin-fortifiant-lissant-8-ml-mains.jpg\",\"width\":700,\"height\":700},{\"@type\":\"BreadcrumbList\",\"@id\":\"https:\/\/paracherkaoui.ma\/index.php\/produit\/eye-care-vernis-soin-fortifiant-lissant-8-ml\/#breadcrumb\",\"itemListElement\":[{\"@type\":\"ListItem\",\"position\":1,\"name\":\"Accueil\",\"item\":\"https:\/\/paracherkaoui.ma\/\"},{\"@type\":\"ListItem\",\"position\":2,\"name\":\"Boutique\",\"item\":\"https:\/\/paracherkaoui.ma\/index.php\/boutique\/\"},{\"@type\":\"ListItem\",\"position\":3,\"name\":\"EYE CARE VERNIS SOIN FORTIFIANT LISSANT 8 ML\"}]},{\"@type\":\"WebSite\",\"@id\":\"https:\/\/paracherkaoui.ma\/#website\",\"url\":\"https:\/\/paracherkaoui.ma\/\",\"name\":\"Paracherkaoui.ma\",\"description\":\"Achetez en ligne sur Paracherkaoui.ma\",\"potentialAction\":[{\"@type\":\"SearchAction\",\"target\":{\"@type\":\"EntryPoint\",\"urlTemplate\":\"https:\/\/paracherkaoui.ma\/?s={search_term_string}\"},\"query-input\":{\"@type\":\"PropertyValueSpecification\",\"valueRequired\":true,\"valueName\":\"search_term_string\"}}],\"inLanguage\":\"fr-FR\"}]}<\/script>\r\n<!-- \/ Yoast SEO plugin. -->","yoast_head_json":{"title":"EYE CARE VERNIS SOIN FORTIFIANT LISSANT 8 ML - Paracherkaoui.ma","robots":{"index":"index","follow":"follow","max-snippet":"max-snippet:-1","max-image-preview":"max-image-preview:large","max-video-preview":"max-video-preview:-1"},"canonical":"https:\/\/paracherkaoui.ma\/index.php\/produit\/eye-care-vernis-soin-fortifiant-lissant-8-ml\/","og_locale":"fr_FR","og_type":"article","og_title":"EYE CARE VERNIS SOIN FORTIFIANT LISSANT 8 ML - Paracherkaoui.ma","og_description":"Ce Vernis Soin est sp\u00e9cialement con\u00e7u pour les personnes aux ongles fragiles, cassants, et \u00e0 l\u2019aspect irr\u00e9gulier. Il est formul\u00e9","og_url":"https:\/\/paracherkaoui.ma\/index.php\/produit\/eye-care-vernis-soin-fortifiant-lissant-8-ml\/","og_site_name":"Paracherkaoui.ma","article_modified_time":"2025-12-12T17:38:28+00:00","og_image":[{"width":700,"height":700,"url":"https:\/\/paracherkaoui.ma\/wp-content\/uploads\/2025\/12\/eye-care-eye-care-vernis-soin-fortifiant-lissant-8-ml-mains.jpg","type":"image\/jpeg"}],"twitter_card":"summary_large_image","twitter_misc":{"Dur\u00e9e de lecture estim\u00e9e":"1 minute"},"schema":{"@context":"https:\/\/schema.org","@graph":[{"@type":"WebPage","@id":"https:\/\/paracherkaoui.ma\/index.php\/produit\/eye-care-vernis-soin-fortifiant-lissant-8-ml\/","url":"https:\/\/paracherkaoui.ma\/index.php\/produit\/eye-care-vernis-soin-fortifiant-lissant-8-ml\/","name":"EYE CARE VERNIS SOIN FORTIFIANT LISSANT 8 ML - Paracherkaoui.ma","isPartOf":{"@id":"https:\/\/paracherkaoui.ma\/#website"},"primaryImageOfPage":{"@id":"https:\/\/paracherkaoui.ma\/index.php\/produit\/eye-care-vernis-soin-fortifiant-lissant-8-ml\/#primaryimage"},"image":{"@id":"https:\/\/paracherkaoui.ma\/index.php\/produit\/eye-care-vernis-soin-fortifiant-lissant-8-ml\/#primaryimage"},"thumbnailUrl":"https:\/\/paracherkaoui.ma\/wp-content\/uploads\/2025\/12\/eye-care-eye-care-vernis-soin-fortifiant-lissant-8-ml-mains.jpg","datePublished":"2025-12-12T17:38:25+00:00","dateModified":"2025-12-12T17:38:28+00:00","breadcrumb":{"@id":"https:\/\/paracherkaoui.ma\/index.php\/produit\/eye-care-vernis-soin-fortifiant-lissant-8-ml\/#breadcrumb"},"inLanguage":"fr-FR","potentialAction":[{"@type":"ReadAction","target":["https:\/\/paracherkaoui.ma\/index.php\/produit\/eye-care-vernis-soin-fortifiant-lissant-8-ml\/"]}]},{"@type":"ImageObject","inLanguage":"fr-FR","@id":"https:\/\/paracherkaoui.ma\/index.php\/produit\/eye-care-vernis-soin-fortifiant-lissant-8-ml\/#primaryimage","url":"https:\/\/paracherkaoui.ma\/wp-content\/uploads\/2025\/12\/eye-care-eye-care-vernis-soin-fortifiant-lissant-8-ml-mains.jpg","contentUrl":"https:\/\/paracherkaoui.ma\/wp-content\/uploads\/2025\/12\/eye-care-eye-care-vernis-soin-fortifiant-lissant-8-ml-mains.jpg","width":700,"height":700},{"@type":"BreadcrumbList","@id":"https:\/\/paracherkaoui.ma\/index.php\/produit\/eye-care-vernis-soin-fortifiant-lissant-8-ml\/#breadcrumb","itemListElement":[{"@type":"ListItem","position":1,"name":"Accueil","item":"https:\/\/paracherkaoui.ma\/"},{"@type":"ListItem","position":2,"name":"Boutique","item":"https:\/\/paracherkaoui.ma\/index.php\/boutique\/"},{"@type":"ListItem","position":3,"name":"EYE CARE VERNIS SOIN FORTIFIANT LISSANT 8 ML"}]},{"@type":"WebSite","@id":"https:\/\/paracherkaoui.ma\/#website","url":"https:\/\/paracherkaoui.ma\/","name":"Paracherkaoui.ma","description":"Achetez en ligne sur Paracherkaoui.ma","potentialAction":[{"@type":"SearchAction","target":{"@type":"EntryPoint","urlTemplate":"https:\/\/paracherkaoui.ma\/?s={search_term_string}"},"query-input":{"@type":"PropertyValueSpecification","valueRequired":true,"valueName":"search_term_string"}}],"inLanguage":"fr-FR"}]}},"_links":{"self":[{"href":"https:\/\/paracherkaoui.ma\/index.php\/wp-json\/wp\/v2\/product\/32445","targetHints":{"allow":["GET"]}}],"collection":[{"href":"https:\/\/paracherkaoui.ma\/index.php\/wp-json\/wp\/v2\/product"}],"about":[{"href":"https:\/\/paracherkaoui.ma\/index.php\/wp-json\/wp\/v2\/types\/product"}],"replies":[{"embeddable":true,"href":"https:\/\/paracherkaoui.ma\/index.php\/wp-json\/wp\/v2\/comments?post=32445"}],"version-history":[{"count":1,"href":"https:\/\/paracherkaoui.ma\/index.php\/wp-json\/wp\/v2\/product\/32445\/revisions"}],"predecessor-version":[{"id":32478,"href":"https:\/\/paracherkaoui.ma\/index.php\/wp-json\/wp\/v2\/product\/32445\/revisions\/32478"}],"wp:featuredmedia":[{"embeddable":true,"href":"https:\/\/paracherkaoui.ma\/index.php\/wp-json\/wp\/v2\/media\/32477"}],"wp:attachment":[{"href":"https:\/\/paracherkaoui.ma\/index.php\/wp-json\/wp\/v2\/media?parent=32445"}],"wp:term":[{"taxonomy":"product_brand","embeddable":true,"href":"https:\/\/paracherkaoui.ma\/index.php\/wp-json\/wp\/v2\/product_brand?post=32445"},{"taxonomy":"product_cat","embeddable":true,"href":"https:\/\/paracherkaoui.ma\/index.php\/wp-json\/wp\/v2\/product_cat?post=32445"},{"taxonomy":"product_tag","embeddable":true,"href":"https:\/\/paracherkaoui.ma\/index.php\/wp-json\/wp\/v2\/product_tag?post=32445"}],"curies":[{"name":"wp","href":"https:\/\/api.w.org\/{rel}","templated":true}]}}