{"id":32437,"date":"2025-12-12T18:38:24","date_gmt":"2025-12-12T17:38:24","guid":{"rendered":"https:\/\/test.ecbeaute.com\/?post_type=product&#038;p=32437"},"modified":"2025-12-12T18:38:27","modified_gmt":"2025-12-12T17:38:27","slug":"vita-citral-gel-reparateur-apaisant-75ml","status":"publish","type":"product","link":"https:\/\/paracherkaoui.ma\/index.php\/produit\/vita-citral-gel-reparateur-apaisant-75ml\/","title":{"rendered":"VITA CITRAL gel r\u00e9parateur apaisant 75ml"},"content":{"rendered":"<p>Le gel r\u00e9parateur pour les mains Vita Citral hydrate et prot\u00e8ge vos mains. Si vous avez les mains s\u00e8ches, gerc\u00e9es ou irrit\u00e9es ce soin est \u00e0 appliquer. Sa formule contenant de la vitamine A et de l&rsquo;alo\u00e9 vera aux vertus anti-inflammatoire, cicatrisante et apaisante.<\/p>\n","protected":false},"excerpt":{"rendered":"<p>Le gel r\u00e9parateur pour les mains Vita Citral hydrate et prot\u00e8ge vos mains. Si vous avez les mains s\u00e8ches, gerc\u00e9es<\/p>\n","protected":false},"featured_media":32461,"comment_status":"open","ping_status":"closed","template":"","meta":[],"product_brand":[544],"product_cat":[599],"product_tag":[],"class_list":{"0":"post-32437","1":"product","2":"type-product","3":"status-publish","4":"has-post-thumbnail","6":"product_brand-vita-citral","7":"product_cat-soins-mains-et-pieds","9":"first","10":"instock","11":"sale","12":"shipping-taxable","13":"purchasable","14":"product-type-simple"},"yoast_head":"<!-- This site is optimized with the Yoast SEO plugin v26.6 - https:\/\/yoast.com\/wordpress\/plugins\/seo\/ -->\r\n<title>VITA CITRAL gel r\u00e9parateur apaisant 75ml - Paracherkaoui.ma<\/title>\r\n<meta name=\"robots\" content=\"index, follow, max-snippet:-1, max-image-preview:large, max-video-preview:-1\" \/>\r\n<link rel=\"canonical\" href=\"https:\/\/paracherkaoui.ma\/index.php\/produit\/vita-citral-gel-reparateur-apaisant-75ml\/\" \/>\r\n<meta property=\"og:locale\" content=\"fr_FR\" \/>\r\n<meta property=\"og:type\" content=\"article\" \/>\r\n<meta property=\"og:title\" content=\"VITA CITRAL gel r\u00e9parateur apaisant 75ml - Paracherkaoui.ma\" \/>\r\n<meta property=\"og:description\" content=\"Le gel r\u00e9parateur pour les mains Vita Citral hydrate et prot\u00e8ge vos mains. Si vous avez les mains s\u00e8ches, gerc\u00e9es\" \/>\r\n<meta property=\"og:url\" content=\"https:\/\/paracherkaoui.ma\/index.php\/produit\/vita-citral-gel-reparateur-apaisant-75ml\/\" \/>\r\n<meta property=\"og:site_name\" content=\"Paracherkaoui.ma\" \/>\r\n<meta property=\"article:modified_time\" content=\"2025-12-12T17:38:27+00:00\" \/>\r\n<meta property=\"og:image\" content=\"https:\/\/paracherkaoui.ma\/wp-content\/uploads\/2025\/12\/vita-citral-gel-reparateur-apaisant-75ml.jpg\" \/>\r\n\t<meta property=\"og:image:width\" content=\"700\" \/>\r\n\t<meta property=\"og:image:height\" content=\"700\" \/>\r\n\t<meta property=\"og:image:type\" content=\"image\/jpeg\" \/>\r\n<meta name=\"twitter:card\" content=\"summary_large_image\" \/>\r\n<script type=\"application\/ld+json\" class=\"yoast-schema-graph\">{\"@context\":\"https:\/\/schema.org\",\"@graph\":[{\"@type\":\"WebPage\",\"@id\":\"https:\/\/paracherkaoui.ma\/index.php\/produit\/vita-citral-gel-reparateur-apaisant-75ml\/\",\"url\":\"https:\/\/paracherkaoui.ma\/index.php\/produit\/vita-citral-gel-reparateur-apaisant-75ml\/\",\"name\":\"VITA CITRAL gel r\u00e9parateur apaisant 75ml - Paracherkaoui.ma\",\"isPartOf\":{\"@id\":\"https:\/\/paracherkaoui.ma\/#website\"},\"primaryImageOfPage\":{\"@id\":\"https:\/\/paracherkaoui.ma\/index.php\/produit\/vita-citral-gel-reparateur-apaisant-75ml\/#primaryimage\"},\"image\":{\"@id\":\"https:\/\/paracherkaoui.ma\/index.php\/produit\/vita-citral-gel-reparateur-apaisant-75ml\/#primaryimage\"},\"thumbnailUrl\":\"https:\/\/paracherkaoui.ma\/wp-content\/uploads\/2025\/12\/vita-citral-gel-reparateur-apaisant-75ml.jpg\",\"datePublished\":\"2025-12-12T17:38:24+00:00\",\"dateModified\":\"2025-12-12T17:38:27+00:00\",\"breadcrumb\":{\"@id\":\"https:\/\/paracherkaoui.ma\/index.php\/produit\/vita-citral-gel-reparateur-apaisant-75ml\/#breadcrumb\"},\"inLanguage\":\"fr-FR\",\"potentialAction\":[{\"@type\":\"ReadAction\",\"target\":[\"https:\/\/paracherkaoui.ma\/index.php\/produit\/vita-citral-gel-reparateur-apaisant-75ml\/\"]}]},{\"@type\":\"ImageObject\",\"inLanguage\":\"fr-FR\",\"@id\":\"https:\/\/paracherkaoui.ma\/index.php\/produit\/vita-citral-gel-reparateur-apaisant-75ml\/#primaryimage\",\"url\":\"https:\/\/paracherkaoui.ma\/wp-content\/uploads\/2025\/12\/vita-citral-gel-reparateur-apaisant-75ml.jpg\",\"contentUrl\":\"https:\/\/paracherkaoui.ma\/wp-content\/uploads\/2025\/12\/vita-citral-gel-reparateur-apaisant-75ml.jpg\",\"width\":700,\"height\":700},{\"@type\":\"BreadcrumbList\",\"@id\":\"https:\/\/paracherkaoui.ma\/index.php\/produit\/vita-citral-gel-reparateur-apaisant-75ml\/#breadcrumb\",\"itemListElement\":[{\"@type\":\"ListItem\",\"position\":1,\"name\":\"Accueil\",\"item\":\"https:\/\/paracherkaoui.ma\/\"},{\"@type\":\"ListItem\",\"position\":2,\"name\":\"Boutique\",\"item\":\"https:\/\/paracherkaoui.ma\/index.php\/boutique\/\"},{\"@type\":\"ListItem\",\"position\":3,\"name\":\"VITA CITRAL gel r\u00e9parateur apaisant 75ml\"}]},{\"@type\":\"WebSite\",\"@id\":\"https:\/\/paracherkaoui.ma\/#website\",\"url\":\"https:\/\/paracherkaoui.ma\/\",\"name\":\"Paracherkaoui.ma\",\"description\":\"Achetez en ligne sur Paracherkaoui.ma\",\"potentialAction\":[{\"@type\":\"SearchAction\",\"target\":{\"@type\":\"EntryPoint\",\"urlTemplate\":\"https:\/\/paracherkaoui.ma\/?s={search_term_string}\"},\"query-input\":{\"@type\":\"PropertyValueSpecification\",\"valueRequired\":true,\"valueName\":\"search_term_string\"}}],\"inLanguage\":\"fr-FR\"}]}<\/script>\r\n<!-- \/ Yoast SEO plugin. -->","yoast_head_json":{"title":"VITA CITRAL gel r\u00e9parateur apaisant 75ml - Paracherkaoui.ma","robots":{"index":"index","follow":"follow","max-snippet":"max-snippet:-1","max-image-preview":"max-image-preview:large","max-video-preview":"max-video-preview:-1"},"canonical":"https:\/\/paracherkaoui.ma\/index.php\/produit\/vita-citral-gel-reparateur-apaisant-75ml\/","og_locale":"fr_FR","og_type":"article","og_title":"VITA CITRAL gel r\u00e9parateur apaisant 75ml - Paracherkaoui.ma","og_description":"Le gel r\u00e9parateur pour les mains Vita Citral hydrate et prot\u00e8ge vos mains. Si vous avez les mains s\u00e8ches, gerc\u00e9es","og_url":"https:\/\/paracherkaoui.ma\/index.php\/produit\/vita-citral-gel-reparateur-apaisant-75ml\/","og_site_name":"Paracherkaoui.ma","article_modified_time":"2025-12-12T17:38:27+00:00","og_image":[{"width":700,"height":700,"url":"https:\/\/paracherkaoui.ma\/wp-content\/uploads\/2025\/12\/vita-citral-gel-reparateur-apaisant-75ml.jpg","type":"image\/jpeg"}],"twitter_card":"summary_large_image","schema":{"@context":"https:\/\/schema.org","@graph":[{"@type":"WebPage","@id":"https:\/\/paracherkaoui.ma\/index.php\/produit\/vita-citral-gel-reparateur-apaisant-75ml\/","url":"https:\/\/paracherkaoui.ma\/index.php\/produit\/vita-citral-gel-reparateur-apaisant-75ml\/","name":"VITA CITRAL gel r\u00e9parateur apaisant 75ml - Paracherkaoui.ma","isPartOf":{"@id":"https:\/\/paracherkaoui.ma\/#website"},"primaryImageOfPage":{"@id":"https:\/\/paracherkaoui.ma\/index.php\/produit\/vita-citral-gel-reparateur-apaisant-75ml\/#primaryimage"},"image":{"@id":"https:\/\/paracherkaoui.ma\/index.php\/produit\/vita-citral-gel-reparateur-apaisant-75ml\/#primaryimage"},"thumbnailUrl":"https:\/\/paracherkaoui.ma\/wp-content\/uploads\/2025\/12\/vita-citral-gel-reparateur-apaisant-75ml.jpg","datePublished":"2025-12-12T17:38:24+00:00","dateModified":"2025-12-12T17:38:27+00:00","breadcrumb":{"@id":"https:\/\/paracherkaoui.ma\/index.php\/produit\/vita-citral-gel-reparateur-apaisant-75ml\/#breadcrumb"},"inLanguage":"fr-FR","potentialAction":[{"@type":"ReadAction","target":["https:\/\/paracherkaoui.ma\/index.php\/produit\/vita-citral-gel-reparateur-apaisant-75ml\/"]}]},{"@type":"ImageObject","inLanguage":"fr-FR","@id":"https:\/\/paracherkaoui.ma\/index.php\/produit\/vita-citral-gel-reparateur-apaisant-75ml\/#primaryimage","url":"https:\/\/paracherkaoui.ma\/wp-content\/uploads\/2025\/12\/vita-citral-gel-reparateur-apaisant-75ml.jpg","contentUrl":"https:\/\/paracherkaoui.ma\/wp-content\/uploads\/2025\/12\/vita-citral-gel-reparateur-apaisant-75ml.jpg","width":700,"height":700},{"@type":"BreadcrumbList","@id":"https:\/\/paracherkaoui.ma\/index.php\/produit\/vita-citral-gel-reparateur-apaisant-75ml\/#breadcrumb","itemListElement":[{"@type":"ListItem","position":1,"name":"Accueil","item":"https:\/\/paracherkaoui.ma\/"},{"@type":"ListItem","position":2,"name":"Boutique","item":"https:\/\/paracherkaoui.ma\/index.php\/boutique\/"},{"@type":"ListItem","position":3,"name":"VITA CITRAL gel r\u00e9parateur apaisant 75ml"}]},{"@type":"WebSite","@id":"https:\/\/paracherkaoui.ma\/#website","url":"https:\/\/paracherkaoui.ma\/","name":"Paracherkaoui.ma","description":"Achetez en ligne sur Paracherkaoui.ma","potentialAction":[{"@type":"SearchAction","target":{"@type":"EntryPoint","urlTemplate":"https:\/\/paracherkaoui.ma\/?s={search_term_string}"},"query-input":{"@type":"PropertyValueSpecification","valueRequired":true,"valueName":"search_term_string"}}],"inLanguage":"fr-FR"}]}},"_links":{"self":[{"href":"https:\/\/paracherkaoui.ma\/index.php\/wp-json\/wp\/v2\/product\/32437","targetHints":{"allow":["GET"]}}],"collection":[{"href":"https:\/\/paracherkaoui.ma\/index.php\/wp-json\/wp\/v2\/product"}],"about":[{"href":"https:\/\/paracherkaoui.ma\/index.php\/wp-json\/wp\/v2\/types\/product"}],"replies":[{"embeddable":true,"href":"https:\/\/paracherkaoui.ma\/index.php\/wp-json\/wp\/v2\/comments?post=32437"}],"version-history":[{"count":1,"href":"https:\/\/paracherkaoui.ma\/index.php\/wp-json\/wp\/v2\/product\/32437\/revisions"}],"predecessor-version":[{"id":32462,"href":"https:\/\/paracherkaoui.ma\/index.php\/wp-json\/wp\/v2\/product\/32437\/revisions\/32462"}],"wp:featuredmedia":[{"embeddable":true,"href":"https:\/\/paracherkaoui.ma\/index.php\/wp-json\/wp\/v2\/media\/32461"}],"wp:attachment":[{"href":"https:\/\/paracherkaoui.ma\/index.php\/wp-json\/wp\/v2\/media?parent=32437"}],"wp:term":[{"taxonomy":"product_brand","embeddable":true,"href":"https:\/\/paracherkaoui.ma\/index.php\/wp-json\/wp\/v2\/product_brand?post=32437"},{"taxonomy":"product_cat","embeddable":true,"href":"https:\/\/paracherkaoui.ma\/index.php\/wp-json\/wp\/v2\/product_cat?post=32437"},{"taxonomy":"product_tag","embeddable":true,"href":"https:\/\/paracherkaoui.ma\/index.php\/wp-json\/wp\/v2\/product_tag?post=32437"}],"curies":[{"name":"wp","href":"https:\/\/api.w.org\/{rel}","templated":true}]}}