{"id":32436,"date":"2025-12-12T18:38:24","date_gmt":"2025-12-12T17:38:24","guid":{"rendered":"https:\/\/test.ecbeaute.com\/?post_type=product&#038;p=32436"},"modified":"2025-12-12T18:38:27","modified_gmt":"2025-12-12T17:38:27","slug":"dcp-kpp-soin-mains-et-pieds-100-ml","status":"publish","type":"product","link":"https:\/\/paracherkaoui.ma\/index.php\/produit\/dcp-kpp-soin-mains-et-pieds-100-ml\/","title":{"rendered":"DCP KPP SOIN MAINS ET PIEDS 100 ML"},"content":{"rendered":"<p>DCP KPP SOIN, est un soin traitant des k\u00e9ratodermies palmo plantaires, des callosit\u00e9s, des cornes et des rugosit\u00e9. DCP KPP SOIN assouplis les plantes des pieds et les paumes des mains et aide \u00e0 \u00e9liminer soigneusement les callosit\u00e9s, les durillons et les cornes.<br \/>\nConseils d&rsquo;utilisation:<br \/>\nAppliquer DCP KPP SOIN sur les paumes des mains et\/ou les plantes des pieds. Laisser agir 1 heure \u00e0 2 heures, puis frotter d\u00e9licatement pour enlever la peau morte<\/p>\n","protected":false},"excerpt":{"rendered":"<p>DCP KPP SOIN, est un soin traitant des k\u00e9ratodermies palmo plantaires, des callosit\u00e9s, des cornes et des rugosit\u00e9. DCP KPP<\/p>\n","protected":false},"featured_media":32459,"comment_status":"open","ping_status":"closed","template":"","meta":[],"product_brand":[257],"product_cat":[599],"product_tag":[],"class_list":{"0":"post-32436","1":"product","2":"type-product","3":"status-publish","4":"has-post-thumbnail","6":"product_brand-dcpderm","7":"product_cat-soins-mains-et-pieds","9":"first","10":"instock","11":"sale","12":"shipping-taxable","13":"purchasable","14":"product-type-simple"},"yoast_head":"<!-- This site is optimized with the Yoast SEO plugin v26.6 - https:\/\/yoast.com\/wordpress\/plugins\/seo\/ -->\r\n<title>DCP KPP SOIN MAINS ET PIEDS 100 ML - Paracherkaoui.ma<\/title>\r\n<meta name=\"robots\" content=\"index, follow, max-snippet:-1, max-image-preview:large, max-video-preview:-1\" \/>\r\n<link rel=\"canonical\" href=\"https:\/\/paracherkaoui.ma\/index.php\/produit\/dcp-kpp-soin-mains-et-pieds-100-ml\/\" \/>\r\n<meta property=\"og:locale\" content=\"fr_FR\" \/>\r\n<meta property=\"og:type\" content=\"article\" \/>\r\n<meta property=\"og:title\" content=\"DCP KPP SOIN MAINS ET PIEDS 100 ML - Paracherkaoui.ma\" \/>\r\n<meta property=\"og:description\" content=\"DCP KPP SOIN, est un soin traitant des k\u00e9ratodermies palmo plantaires, des callosit\u00e9s, des cornes et des rugosit\u00e9. DCP KPP\" \/>\r\n<meta property=\"og:url\" content=\"https:\/\/paracherkaoui.ma\/index.php\/produit\/dcp-kpp-soin-mains-et-pieds-100-ml\/\" \/>\r\n<meta property=\"og:site_name\" content=\"Paracherkaoui.ma\" \/>\r\n<meta property=\"article:modified_time\" content=\"2025-12-12T17:38:27+00:00\" \/>\r\n<meta property=\"og:image\" content=\"https:\/\/paracherkaoui.ma\/wp-content\/uploads\/2025\/12\/dcp-kpp-soin-mains-et-pieds-100-ml.jpg\" \/>\r\n\t<meta property=\"og:image:width\" content=\"700\" \/>\r\n\t<meta property=\"og:image:height\" content=\"700\" \/>\r\n\t<meta property=\"og:image:type\" content=\"image\/jpeg\" \/>\r\n<meta name=\"twitter:card\" content=\"summary_large_image\" \/>\r\n<script type=\"application\/ld+json\" class=\"yoast-schema-graph\">{\"@context\":\"https:\/\/schema.org\",\"@graph\":[{\"@type\":\"WebPage\",\"@id\":\"https:\/\/paracherkaoui.ma\/index.php\/produit\/dcp-kpp-soin-mains-et-pieds-100-ml\/\",\"url\":\"https:\/\/paracherkaoui.ma\/index.php\/produit\/dcp-kpp-soin-mains-et-pieds-100-ml\/\",\"name\":\"DCP KPP SOIN MAINS ET PIEDS 100 ML - Paracherkaoui.ma\",\"isPartOf\":{\"@id\":\"https:\/\/paracherkaoui.ma\/#website\"},\"primaryImageOfPage\":{\"@id\":\"https:\/\/paracherkaoui.ma\/index.php\/produit\/dcp-kpp-soin-mains-et-pieds-100-ml\/#primaryimage\"},\"image\":{\"@id\":\"https:\/\/paracherkaoui.ma\/index.php\/produit\/dcp-kpp-soin-mains-et-pieds-100-ml\/#primaryimage\"},\"thumbnailUrl\":\"https:\/\/paracherkaoui.ma\/wp-content\/uploads\/2025\/12\/dcp-kpp-soin-mains-et-pieds-100-ml.jpg\",\"datePublished\":\"2025-12-12T17:38:24+00:00\",\"dateModified\":\"2025-12-12T17:38:27+00:00\",\"breadcrumb\":{\"@id\":\"https:\/\/paracherkaoui.ma\/index.php\/produit\/dcp-kpp-soin-mains-et-pieds-100-ml\/#breadcrumb\"},\"inLanguage\":\"fr-FR\",\"potentialAction\":[{\"@type\":\"ReadAction\",\"target\":[\"https:\/\/paracherkaoui.ma\/index.php\/produit\/dcp-kpp-soin-mains-et-pieds-100-ml\/\"]}]},{\"@type\":\"ImageObject\",\"inLanguage\":\"fr-FR\",\"@id\":\"https:\/\/paracherkaoui.ma\/index.php\/produit\/dcp-kpp-soin-mains-et-pieds-100-ml\/#primaryimage\",\"url\":\"https:\/\/paracherkaoui.ma\/wp-content\/uploads\/2025\/12\/dcp-kpp-soin-mains-et-pieds-100-ml.jpg\",\"contentUrl\":\"https:\/\/paracherkaoui.ma\/wp-content\/uploads\/2025\/12\/dcp-kpp-soin-mains-et-pieds-100-ml.jpg\",\"width\":700,\"height\":700},{\"@type\":\"BreadcrumbList\",\"@id\":\"https:\/\/paracherkaoui.ma\/index.php\/produit\/dcp-kpp-soin-mains-et-pieds-100-ml\/#breadcrumb\",\"itemListElement\":[{\"@type\":\"ListItem\",\"position\":1,\"name\":\"Accueil\",\"item\":\"https:\/\/paracherkaoui.ma\/\"},{\"@type\":\"ListItem\",\"position\":2,\"name\":\"Boutique\",\"item\":\"https:\/\/paracherkaoui.ma\/index.php\/boutique\/\"},{\"@type\":\"ListItem\",\"position\":3,\"name\":\"DCP KPP SOIN MAINS ET PIEDS 100 ML\"}]},{\"@type\":\"WebSite\",\"@id\":\"https:\/\/paracherkaoui.ma\/#website\",\"url\":\"https:\/\/paracherkaoui.ma\/\",\"name\":\"Paracherkaoui.ma\",\"description\":\"Achetez en ligne sur Paracherkaoui.ma\",\"potentialAction\":[{\"@type\":\"SearchAction\",\"target\":{\"@type\":\"EntryPoint\",\"urlTemplate\":\"https:\/\/paracherkaoui.ma\/?s={search_term_string}\"},\"query-input\":{\"@type\":\"PropertyValueSpecification\",\"valueRequired\":true,\"valueName\":\"search_term_string\"}}],\"inLanguage\":\"fr-FR\"}]}<\/script>\r\n<!-- \/ Yoast SEO plugin. -->","yoast_head_json":{"title":"DCP KPP SOIN MAINS ET PIEDS 100 ML - Paracherkaoui.ma","robots":{"index":"index","follow":"follow","max-snippet":"max-snippet:-1","max-image-preview":"max-image-preview:large","max-video-preview":"max-video-preview:-1"},"canonical":"https:\/\/paracherkaoui.ma\/index.php\/produit\/dcp-kpp-soin-mains-et-pieds-100-ml\/","og_locale":"fr_FR","og_type":"article","og_title":"DCP KPP SOIN MAINS ET PIEDS 100 ML - Paracherkaoui.ma","og_description":"DCP KPP SOIN, est un soin traitant des k\u00e9ratodermies palmo plantaires, des callosit\u00e9s, des cornes et des rugosit\u00e9. DCP KPP","og_url":"https:\/\/paracherkaoui.ma\/index.php\/produit\/dcp-kpp-soin-mains-et-pieds-100-ml\/","og_site_name":"Paracherkaoui.ma","article_modified_time":"2025-12-12T17:38:27+00:00","og_image":[{"width":700,"height":700,"url":"https:\/\/paracherkaoui.ma\/wp-content\/uploads\/2025\/12\/dcp-kpp-soin-mains-et-pieds-100-ml.jpg","type":"image\/jpeg"}],"twitter_card":"summary_large_image","schema":{"@context":"https:\/\/schema.org","@graph":[{"@type":"WebPage","@id":"https:\/\/paracherkaoui.ma\/index.php\/produit\/dcp-kpp-soin-mains-et-pieds-100-ml\/","url":"https:\/\/paracherkaoui.ma\/index.php\/produit\/dcp-kpp-soin-mains-et-pieds-100-ml\/","name":"DCP KPP SOIN MAINS ET PIEDS 100 ML - Paracherkaoui.ma","isPartOf":{"@id":"https:\/\/paracherkaoui.ma\/#website"},"primaryImageOfPage":{"@id":"https:\/\/paracherkaoui.ma\/index.php\/produit\/dcp-kpp-soin-mains-et-pieds-100-ml\/#primaryimage"},"image":{"@id":"https:\/\/paracherkaoui.ma\/index.php\/produit\/dcp-kpp-soin-mains-et-pieds-100-ml\/#primaryimage"},"thumbnailUrl":"https:\/\/paracherkaoui.ma\/wp-content\/uploads\/2025\/12\/dcp-kpp-soin-mains-et-pieds-100-ml.jpg","datePublished":"2025-12-12T17:38:24+00:00","dateModified":"2025-12-12T17:38:27+00:00","breadcrumb":{"@id":"https:\/\/paracherkaoui.ma\/index.php\/produit\/dcp-kpp-soin-mains-et-pieds-100-ml\/#breadcrumb"},"inLanguage":"fr-FR","potentialAction":[{"@type":"ReadAction","target":["https:\/\/paracherkaoui.ma\/index.php\/produit\/dcp-kpp-soin-mains-et-pieds-100-ml\/"]}]},{"@type":"ImageObject","inLanguage":"fr-FR","@id":"https:\/\/paracherkaoui.ma\/index.php\/produit\/dcp-kpp-soin-mains-et-pieds-100-ml\/#primaryimage","url":"https:\/\/paracherkaoui.ma\/wp-content\/uploads\/2025\/12\/dcp-kpp-soin-mains-et-pieds-100-ml.jpg","contentUrl":"https:\/\/paracherkaoui.ma\/wp-content\/uploads\/2025\/12\/dcp-kpp-soin-mains-et-pieds-100-ml.jpg","width":700,"height":700},{"@type":"BreadcrumbList","@id":"https:\/\/paracherkaoui.ma\/index.php\/produit\/dcp-kpp-soin-mains-et-pieds-100-ml\/#breadcrumb","itemListElement":[{"@type":"ListItem","position":1,"name":"Accueil","item":"https:\/\/paracherkaoui.ma\/"},{"@type":"ListItem","position":2,"name":"Boutique","item":"https:\/\/paracherkaoui.ma\/index.php\/boutique\/"},{"@type":"ListItem","position":3,"name":"DCP KPP SOIN MAINS ET PIEDS 100 ML"}]},{"@type":"WebSite","@id":"https:\/\/paracherkaoui.ma\/#website","url":"https:\/\/paracherkaoui.ma\/","name":"Paracherkaoui.ma","description":"Achetez en ligne sur Paracherkaoui.ma","potentialAction":[{"@type":"SearchAction","target":{"@type":"EntryPoint","urlTemplate":"https:\/\/paracherkaoui.ma\/?s={search_term_string}"},"query-input":{"@type":"PropertyValueSpecification","valueRequired":true,"valueName":"search_term_string"}}],"inLanguage":"fr-FR"}]}},"_links":{"self":[{"href":"https:\/\/paracherkaoui.ma\/index.php\/wp-json\/wp\/v2\/product\/32436","targetHints":{"allow":["GET"]}}],"collection":[{"href":"https:\/\/paracherkaoui.ma\/index.php\/wp-json\/wp\/v2\/product"}],"about":[{"href":"https:\/\/paracherkaoui.ma\/index.php\/wp-json\/wp\/v2\/types\/product"}],"replies":[{"embeddable":true,"href":"https:\/\/paracherkaoui.ma\/index.php\/wp-json\/wp\/v2\/comments?post=32436"}],"version-history":[{"count":1,"href":"https:\/\/paracherkaoui.ma\/index.php\/wp-json\/wp\/v2\/product\/32436\/revisions"}],"predecessor-version":[{"id":32460,"href":"https:\/\/paracherkaoui.ma\/index.php\/wp-json\/wp\/v2\/product\/32436\/revisions\/32460"}],"wp:featuredmedia":[{"embeddable":true,"href":"https:\/\/paracherkaoui.ma\/index.php\/wp-json\/wp\/v2\/media\/32459"}],"wp:attachment":[{"href":"https:\/\/paracherkaoui.ma\/index.php\/wp-json\/wp\/v2\/media?parent=32436"}],"wp:term":[{"taxonomy":"product_brand","embeddable":true,"href":"https:\/\/paracherkaoui.ma\/index.php\/wp-json\/wp\/v2\/product_brand?post=32436"},{"taxonomy":"product_cat","embeddable":true,"href":"https:\/\/paracherkaoui.ma\/index.php\/wp-json\/wp\/v2\/product_cat?post=32436"},{"taxonomy":"product_tag","embeddable":true,"href":"https:\/\/paracherkaoui.ma\/index.php\/wp-json\/wp\/v2\/product_tag?post=32436"}],"curies":[{"name":"wp","href":"https:\/\/api.w.org\/{rel}","templated":true}]}}