{"id":32431,"date":"2025-12-12T18:38:24","date_gmt":"2025-12-12T17:38:24","guid":{"rendered":"https:\/\/test.ecbeaute.com\/?post_type=product&#038;p=32431"},"modified":"2025-12-12T18:38:25","modified_gmt":"2025-12-12T17:38:25","slug":"vita-citral-creme-eclaircissante-anti-age-jeunesse-des-mains-75ml","status":"publish","type":"product","link":"https:\/\/paracherkaoui.ma\/index.php\/produit\/vita-citral-creme-eclaircissante-anti-age-jeunesse-des-mains-75ml\/","title":{"rendered":"VITA CITRAL CREME ECLAIRCISSANTE ANTI-AGE JEUNESSE DES MAINS 75ml"},"content":{"rendered":"<p>Soin Anti Taches Cr\u00e8me \u00c9claircissante Anti-\u00c2ge 75 ml est une cr\u00e8me pour les mains recommand\u00e9e pour r\u00e9duire les rides, taches pigmentaires et agir contre la perte de fermet\u00e9. Gr\u00e2ce \u00e0 son complexe \u00e9claircissant, le Whitesphere Premium, elle inhibe la formation de m\u00e9lanine et favorise la disparition des taches, et, gr\u00e2ce \u00e0 son actif anti-\u00e2ge brevet\u00e9 Iparazine 4A, elle pr\u00e9serve la jeunesse de la peau et prot\u00e8ge la d\u00e9gradation des principaux Composants du derme. Son complexe hydratant v\u00e9g\u00e9tal riche en acides gras essentiels offre confort \u00e0 la peau. La protection solaire SPF 10 prot\u00e8ge la peau des dommages li\u00e9s au soleil. Rapidement, le taux de collag\u00e8ne est augment\u00e9 et les taches pigmentaires sont nettement moins visibles. Sans paraben.<br \/>\nCONSEIL D&rsquo;Utilisation<br \/>\nAppliquer deux fois par jour pendant au moins 60 jours. \u00c9viter le contact avec les yeux. Usage externe.<\/p>\n","protected":false},"excerpt":{"rendered":"<p>Soin Anti Taches Cr\u00e8me \u00c9claircissante Anti-\u00c2ge 75 ml est une cr\u00e8me pour les mains recommand\u00e9e pour r\u00e9duire les rides, taches<\/p>\n","protected":false},"featured_media":32451,"comment_status":"open","ping_status":"closed","template":"","meta":[],"product_brand":[544],"product_cat":[599],"product_tag":[],"class_list":{"0":"post-32431","1":"product","2":"type-product","3":"status-publish","4":"has-post-thumbnail","6":"product_brand-vita-citral","7":"product_cat-soins-mains-et-pieds","9":"first","10":"instock","11":"sale","12":"shipping-taxable","13":"purchasable","14":"product-type-simple"},"yoast_head":"<!-- This site is optimized with the Yoast SEO plugin v26.6 - https:\/\/yoast.com\/wordpress\/plugins\/seo\/ -->\r\n<title>VITA CITRAL CREME ECLAIRCISSANTE ANTI-AGE JEUNESSE DES MAINS 75ml - Paracherkaoui.ma<\/title>\r\n<meta name=\"robots\" content=\"index, follow, max-snippet:-1, max-image-preview:large, max-video-preview:-1\" \/>\r\n<link rel=\"canonical\" href=\"https:\/\/paracherkaoui.ma\/index.php\/produit\/vita-citral-creme-eclaircissante-anti-age-jeunesse-des-mains-75ml\/\" \/>\r\n<meta property=\"og:locale\" content=\"fr_FR\" \/>\r\n<meta property=\"og:type\" content=\"article\" \/>\r\n<meta property=\"og:title\" content=\"VITA CITRAL CREME ECLAIRCISSANTE ANTI-AGE JEUNESSE DES MAINS 75ml - Paracherkaoui.ma\" \/>\r\n<meta property=\"og:description\" content=\"Soin Anti Taches Cr\u00e8me \u00c9claircissante Anti-\u00c2ge 75 ml est une cr\u00e8me pour les mains recommand\u00e9e pour r\u00e9duire les rides, taches\" \/>\r\n<meta property=\"og:url\" content=\"https:\/\/paracherkaoui.ma\/index.php\/produit\/vita-citral-creme-eclaircissante-anti-age-jeunesse-des-mains-75ml\/\" \/>\r\n<meta property=\"og:site_name\" content=\"Paracherkaoui.ma\" \/>\r\n<meta property=\"article:modified_time\" content=\"2025-12-12T17:38:25+00:00\" \/>\r\n<meta property=\"og:image\" content=\"https:\/\/paracherkaoui.ma\/wp-content\/uploads\/2025\/12\/vita-citral-vita-citral-creme-eclaircissante-anti-age-jeunesse-des-mains-75ml-soins-des-mains.jpg\" \/>\r\n\t<meta property=\"og:image:width\" content=\"700\" \/>\r\n\t<meta property=\"og:image:height\" content=\"700\" \/>\r\n\t<meta property=\"og:image:type\" content=\"image\/jpeg\" \/>\r\n<meta name=\"twitter:card\" content=\"summary_large_image\" \/>\r\n<meta name=\"twitter:label1\" content=\"Dur\u00e9e de lecture estim\u00e9e\" \/>\n\t<meta name=\"twitter:data1\" content=\"1 minute\" \/>\r\n<script type=\"application\/ld+json\" class=\"yoast-schema-graph\">{\"@context\":\"https:\/\/schema.org\",\"@graph\":[{\"@type\":\"WebPage\",\"@id\":\"https:\/\/paracherkaoui.ma\/index.php\/produit\/vita-citral-creme-eclaircissante-anti-age-jeunesse-des-mains-75ml\/\",\"url\":\"https:\/\/paracherkaoui.ma\/index.php\/produit\/vita-citral-creme-eclaircissante-anti-age-jeunesse-des-mains-75ml\/\",\"name\":\"VITA CITRAL CREME ECLAIRCISSANTE ANTI-AGE JEUNESSE DES MAINS 75ml - Paracherkaoui.ma\",\"isPartOf\":{\"@id\":\"https:\/\/paracherkaoui.ma\/#website\"},\"primaryImageOfPage\":{\"@id\":\"https:\/\/paracherkaoui.ma\/index.php\/produit\/vita-citral-creme-eclaircissante-anti-age-jeunesse-des-mains-75ml\/#primaryimage\"},\"image\":{\"@id\":\"https:\/\/paracherkaoui.ma\/index.php\/produit\/vita-citral-creme-eclaircissante-anti-age-jeunesse-des-mains-75ml\/#primaryimage\"},\"thumbnailUrl\":\"https:\/\/paracherkaoui.ma\/wp-content\/uploads\/2025\/12\/vita-citral-vita-citral-creme-eclaircissante-anti-age-jeunesse-des-mains-75ml-soins-des-mains.jpg\",\"datePublished\":\"2025-12-12T17:38:24+00:00\",\"dateModified\":\"2025-12-12T17:38:25+00:00\",\"breadcrumb\":{\"@id\":\"https:\/\/paracherkaoui.ma\/index.php\/produit\/vita-citral-creme-eclaircissante-anti-age-jeunesse-des-mains-75ml\/#breadcrumb\"},\"inLanguage\":\"fr-FR\",\"potentialAction\":[{\"@type\":\"ReadAction\",\"target\":[\"https:\/\/paracherkaoui.ma\/index.php\/produit\/vita-citral-creme-eclaircissante-anti-age-jeunesse-des-mains-75ml\/\"]}]},{\"@type\":\"ImageObject\",\"inLanguage\":\"fr-FR\",\"@id\":\"https:\/\/paracherkaoui.ma\/index.php\/produit\/vita-citral-creme-eclaircissante-anti-age-jeunesse-des-mains-75ml\/#primaryimage\",\"url\":\"https:\/\/paracherkaoui.ma\/wp-content\/uploads\/2025\/12\/vita-citral-vita-citral-creme-eclaircissante-anti-age-jeunesse-des-mains-75ml-soins-des-mains.jpg\",\"contentUrl\":\"https:\/\/paracherkaoui.ma\/wp-content\/uploads\/2025\/12\/vita-citral-vita-citral-creme-eclaircissante-anti-age-jeunesse-des-mains-75ml-soins-des-mains.jpg\",\"width\":700,\"height\":700},{\"@type\":\"BreadcrumbList\",\"@id\":\"https:\/\/paracherkaoui.ma\/index.php\/produit\/vita-citral-creme-eclaircissante-anti-age-jeunesse-des-mains-75ml\/#breadcrumb\",\"itemListElement\":[{\"@type\":\"ListItem\",\"position\":1,\"name\":\"Accueil\",\"item\":\"https:\/\/paracherkaoui.ma\/\"},{\"@type\":\"ListItem\",\"position\":2,\"name\":\"Boutique\",\"item\":\"https:\/\/paracherkaoui.ma\/index.php\/boutique\/\"},{\"@type\":\"ListItem\",\"position\":3,\"name\":\"VITA CITRAL CREME ECLAIRCISSANTE ANTI-AGE JEUNESSE DES MAINS 75ml\"}]},{\"@type\":\"WebSite\",\"@id\":\"https:\/\/paracherkaoui.ma\/#website\",\"url\":\"https:\/\/paracherkaoui.ma\/\",\"name\":\"Paracherkaoui.ma\",\"description\":\"Achetez en ligne sur Paracherkaoui.ma\",\"potentialAction\":[{\"@type\":\"SearchAction\",\"target\":{\"@type\":\"EntryPoint\",\"urlTemplate\":\"https:\/\/paracherkaoui.ma\/?s={search_term_string}\"},\"query-input\":{\"@type\":\"PropertyValueSpecification\",\"valueRequired\":true,\"valueName\":\"search_term_string\"}}],\"inLanguage\":\"fr-FR\"}]}<\/script>\r\n<!-- \/ Yoast SEO plugin. -->","yoast_head_json":{"title":"VITA CITRAL CREME ECLAIRCISSANTE ANTI-AGE JEUNESSE DES MAINS 75ml - Paracherkaoui.ma","robots":{"index":"index","follow":"follow","max-snippet":"max-snippet:-1","max-image-preview":"max-image-preview:large","max-video-preview":"max-video-preview:-1"},"canonical":"https:\/\/paracherkaoui.ma\/index.php\/produit\/vita-citral-creme-eclaircissante-anti-age-jeunesse-des-mains-75ml\/","og_locale":"fr_FR","og_type":"article","og_title":"VITA CITRAL CREME ECLAIRCISSANTE ANTI-AGE JEUNESSE DES MAINS 75ml - Paracherkaoui.ma","og_description":"Soin Anti Taches Cr\u00e8me \u00c9claircissante Anti-\u00c2ge 75 ml est une cr\u00e8me pour les mains recommand\u00e9e pour r\u00e9duire les rides, taches","og_url":"https:\/\/paracherkaoui.ma\/index.php\/produit\/vita-citral-creme-eclaircissante-anti-age-jeunesse-des-mains-75ml\/","og_site_name":"Paracherkaoui.ma","article_modified_time":"2025-12-12T17:38:25+00:00","og_image":[{"width":700,"height":700,"url":"https:\/\/paracherkaoui.ma\/wp-content\/uploads\/2025\/12\/vita-citral-vita-citral-creme-eclaircissante-anti-age-jeunesse-des-mains-75ml-soins-des-mains.jpg","type":"image\/jpeg"}],"twitter_card":"summary_large_image","twitter_misc":{"Dur\u00e9e de lecture estim\u00e9e":"1 minute"},"schema":{"@context":"https:\/\/schema.org","@graph":[{"@type":"WebPage","@id":"https:\/\/paracherkaoui.ma\/index.php\/produit\/vita-citral-creme-eclaircissante-anti-age-jeunesse-des-mains-75ml\/","url":"https:\/\/paracherkaoui.ma\/index.php\/produit\/vita-citral-creme-eclaircissante-anti-age-jeunesse-des-mains-75ml\/","name":"VITA CITRAL CREME ECLAIRCISSANTE ANTI-AGE JEUNESSE DES MAINS 75ml - Paracherkaoui.ma","isPartOf":{"@id":"https:\/\/paracherkaoui.ma\/#website"},"primaryImageOfPage":{"@id":"https:\/\/paracherkaoui.ma\/index.php\/produit\/vita-citral-creme-eclaircissante-anti-age-jeunesse-des-mains-75ml\/#primaryimage"},"image":{"@id":"https:\/\/paracherkaoui.ma\/index.php\/produit\/vita-citral-creme-eclaircissante-anti-age-jeunesse-des-mains-75ml\/#primaryimage"},"thumbnailUrl":"https:\/\/paracherkaoui.ma\/wp-content\/uploads\/2025\/12\/vita-citral-vita-citral-creme-eclaircissante-anti-age-jeunesse-des-mains-75ml-soins-des-mains.jpg","datePublished":"2025-12-12T17:38:24+00:00","dateModified":"2025-12-12T17:38:25+00:00","breadcrumb":{"@id":"https:\/\/paracherkaoui.ma\/index.php\/produit\/vita-citral-creme-eclaircissante-anti-age-jeunesse-des-mains-75ml\/#breadcrumb"},"inLanguage":"fr-FR","potentialAction":[{"@type":"ReadAction","target":["https:\/\/paracherkaoui.ma\/index.php\/produit\/vita-citral-creme-eclaircissante-anti-age-jeunesse-des-mains-75ml\/"]}]},{"@type":"ImageObject","inLanguage":"fr-FR","@id":"https:\/\/paracherkaoui.ma\/index.php\/produit\/vita-citral-creme-eclaircissante-anti-age-jeunesse-des-mains-75ml\/#primaryimage","url":"https:\/\/paracherkaoui.ma\/wp-content\/uploads\/2025\/12\/vita-citral-vita-citral-creme-eclaircissante-anti-age-jeunesse-des-mains-75ml-soins-des-mains.jpg","contentUrl":"https:\/\/paracherkaoui.ma\/wp-content\/uploads\/2025\/12\/vita-citral-vita-citral-creme-eclaircissante-anti-age-jeunesse-des-mains-75ml-soins-des-mains.jpg","width":700,"height":700},{"@type":"BreadcrumbList","@id":"https:\/\/paracherkaoui.ma\/index.php\/produit\/vita-citral-creme-eclaircissante-anti-age-jeunesse-des-mains-75ml\/#breadcrumb","itemListElement":[{"@type":"ListItem","position":1,"name":"Accueil","item":"https:\/\/paracherkaoui.ma\/"},{"@type":"ListItem","position":2,"name":"Boutique","item":"https:\/\/paracherkaoui.ma\/index.php\/boutique\/"},{"@type":"ListItem","position":3,"name":"VITA CITRAL CREME ECLAIRCISSANTE ANTI-AGE JEUNESSE DES MAINS 75ml"}]},{"@type":"WebSite","@id":"https:\/\/paracherkaoui.ma\/#website","url":"https:\/\/paracherkaoui.ma\/","name":"Paracherkaoui.ma","description":"Achetez en ligne sur Paracherkaoui.ma","potentialAction":[{"@type":"SearchAction","target":{"@type":"EntryPoint","urlTemplate":"https:\/\/paracherkaoui.ma\/?s={search_term_string}"},"query-input":{"@type":"PropertyValueSpecification","valueRequired":true,"valueName":"search_term_string"}}],"inLanguage":"fr-FR"}]}},"_links":{"self":[{"href":"https:\/\/paracherkaoui.ma\/index.php\/wp-json\/wp\/v2\/product\/32431","targetHints":{"allow":["GET"]}}],"collection":[{"href":"https:\/\/paracherkaoui.ma\/index.php\/wp-json\/wp\/v2\/product"}],"about":[{"href":"https:\/\/paracherkaoui.ma\/index.php\/wp-json\/wp\/v2\/types\/product"}],"replies":[{"embeddable":true,"href":"https:\/\/paracherkaoui.ma\/index.php\/wp-json\/wp\/v2\/comments?post=32431"}],"version-history":[{"count":1,"href":"https:\/\/paracherkaoui.ma\/index.php\/wp-json\/wp\/v2\/product\/32431\/revisions"}],"predecessor-version":[{"id":32452,"href":"https:\/\/paracherkaoui.ma\/index.php\/wp-json\/wp\/v2\/product\/32431\/revisions\/32452"}],"wp:featuredmedia":[{"embeddable":true,"href":"https:\/\/paracherkaoui.ma\/index.php\/wp-json\/wp\/v2\/media\/32451"}],"wp:attachment":[{"href":"https:\/\/paracherkaoui.ma\/index.php\/wp-json\/wp\/v2\/media?parent=32431"}],"wp:term":[{"taxonomy":"product_brand","embeddable":true,"href":"https:\/\/paracherkaoui.ma\/index.php\/wp-json\/wp\/v2\/product_brand?post=32431"},{"taxonomy":"product_cat","embeddable":true,"href":"https:\/\/paracherkaoui.ma\/index.php\/wp-json\/wp\/v2\/product_cat?post=32431"},{"taxonomy":"product_tag","embeddable":true,"href":"https:\/\/paracherkaoui.ma\/index.php\/wp-json\/wp\/v2\/product_tag?post=32431"}],"curies":[{"name":"wp","href":"https:\/\/api.w.org\/{rel}","templated":true}]}}