{"id":32367,"date":"2025-12-12T18:38:15","date_gmt":"2025-12-12T17:38:15","guid":{"rendered":"https:\/\/test.ecbeaute.com\/?post_type=product&#038;p=32367"},"modified":"2025-12-12T18:38:20","modified_gmt":"2025-12-12T17:38:20","slug":"beter-coupe-cors-avec-1-lame-ref-24138","status":"publish","type":"product","link":"https:\/\/paracherkaoui.ma\/index.php\/produit\/beter-coupe-cors-avec-1-lame-ref-24138\/","title":{"rendered":"BETER COUPE CORS AVEC 1 LAME REF 24138"},"content":{"rendered":"<p>Il se caract\u00e9rise par une t\u00eate exclusive qui int\u00e8gre une vis r\u00e9gulant l&rsquo;\u00e9paisseur de la coupe et garantit un maximum d&rsquo;efficacit\u00e9, de s\u00e9curit\u00e9 et de confort. Il ne doit \u00eatre utilis\u00e9 qu&rsquo;avec les lames de rechange exclusives Beter.<br \/>\nGr\u00e2ce \u00e0 sa conception, il \u00e9limine efficacement la duret\u00e9 et les callosit\u00e9s des pieds, le laissant compl\u00e8tement doux et parfait. Il n&rsquo;endommage pas la peau des pieds. Ils apportent beaut\u00e9 et sant\u00e9 \u00e0 nos pieds.<\/p>\n","protected":false},"excerpt":{"rendered":"<p>Il se caract\u00e9rise par une t\u00eate exclusive qui int\u00e8gre une vis r\u00e9gulant l&rsquo;\u00e9paisseur de la coupe et garantit un maximum<\/p>\n","protected":false},"featured_media":32408,"comment_status":"open","ping_status":"closed","template":"","meta":[],"product_brand":[400],"product_cat":[599],"product_tag":[],"class_list":{"0":"post-32367","1":"product","2":"type-product","3":"status-publish","4":"has-post-thumbnail","6":"product_brand-beter","7":"product_cat-soins-mains-et-pieds","9":"first","10":"instock","11":"sale","12":"shipping-taxable","13":"purchasable","14":"product-type-simple"},"yoast_head":"<!-- This site is optimized with the Yoast SEO plugin v26.6 - https:\/\/yoast.com\/wordpress\/plugins\/seo\/ -->\r\n<title>BETER COUPE CORS AVEC 1 LAME REF 24138 - Paracherkaoui.ma<\/title>\r\n<meta name=\"robots\" content=\"index, follow, max-snippet:-1, max-image-preview:large, max-video-preview:-1\" \/>\r\n<link rel=\"canonical\" href=\"https:\/\/paracherkaoui.ma\/index.php\/produit\/beter-coupe-cors-avec-1-lame-ref-24138\/\" \/>\r\n<meta property=\"og:locale\" content=\"fr_FR\" \/>\r\n<meta property=\"og:type\" content=\"article\" \/>\r\n<meta property=\"og:title\" content=\"BETER COUPE CORS AVEC 1 LAME REF 24138 - Paracherkaoui.ma\" \/>\r\n<meta property=\"og:description\" content=\"Il se caract\u00e9rise par une t\u00eate exclusive qui int\u00e8gre une vis r\u00e9gulant l&rsquo;\u00e9paisseur de la coupe et garantit un maximum\" \/>\r\n<meta property=\"og:url\" content=\"https:\/\/paracherkaoui.ma\/index.php\/produit\/beter-coupe-cors-avec-1-lame-ref-24138\/\" \/>\r\n<meta property=\"og:site_name\" content=\"Paracherkaoui.ma\" \/>\r\n<meta property=\"article:modified_time\" content=\"2025-12-12T17:38:20+00:00\" \/>\r\n<meta property=\"og:image\" content=\"https:\/\/paracherkaoui.ma\/wp-content\/uploads\/2025\/12\/beter-beter-coupe-cors-avec-1-lame-ref-24138-pieds.jpg\" \/>\r\n\t<meta property=\"og:image:width\" content=\"700\" \/>\r\n\t<meta property=\"og:image:height\" content=\"700\" \/>\r\n\t<meta property=\"og:image:type\" content=\"image\/jpeg\" \/>\r\n<meta name=\"twitter:card\" content=\"summary_large_image\" \/>\r\n<script type=\"application\/ld+json\" class=\"yoast-schema-graph\">{\"@context\":\"https:\/\/schema.org\",\"@graph\":[{\"@type\":\"WebPage\",\"@id\":\"https:\/\/paracherkaoui.ma\/index.php\/produit\/beter-coupe-cors-avec-1-lame-ref-24138\/\",\"url\":\"https:\/\/paracherkaoui.ma\/index.php\/produit\/beter-coupe-cors-avec-1-lame-ref-24138\/\",\"name\":\"BETER COUPE CORS AVEC 1 LAME REF 24138 - Paracherkaoui.ma\",\"isPartOf\":{\"@id\":\"https:\/\/paracherkaoui.ma\/#website\"},\"primaryImageOfPage\":{\"@id\":\"https:\/\/paracherkaoui.ma\/index.php\/produit\/beter-coupe-cors-avec-1-lame-ref-24138\/#primaryimage\"},\"image\":{\"@id\":\"https:\/\/paracherkaoui.ma\/index.php\/produit\/beter-coupe-cors-avec-1-lame-ref-24138\/#primaryimage\"},\"thumbnailUrl\":\"https:\/\/paracherkaoui.ma\/wp-content\/uploads\/2025\/12\/beter-beter-coupe-cors-avec-1-lame-ref-24138-pieds.jpg\",\"datePublished\":\"2025-12-12T17:38:15+00:00\",\"dateModified\":\"2025-12-12T17:38:20+00:00\",\"breadcrumb\":{\"@id\":\"https:\/\/paracherkaoui.ma\/index.php\/produit\/beter-coupe-cors-avec-1-lame-ref-24138\/#breadcrumb\"},\"inLanguage\":\"fr-FR\",\"potentialAction\":[{\"@type\":\"ReadAction\",\"target\":[\"https:\/\/paracherkaoui.ma\/index.php\/produit\/beter-coupe-cors-avec-1-lame-ref-24138\/\"]}]},{\"@type\":\"ImageObject\",\"inLanguage\":\"fr-FR\",\"@id\":\"https:\/\/paracherkaoui.ma\/index.php\/produit\/beter-coupe-cors-avec-1-lame-ref-24138\/#primaryimage\",\"url\":\"https:\/\/paracherkaoui.ma\/wp-content\/uploads\/2025\/12\/beter-beter-coupe-cors-avec-1-lame-ref-24138-pieds.jpg\",\"contentUrl\":\"https:\/\/paracherkaoui.ma\/wp-content\/uploads\/2025\/12\/beter-beter-coupe-cors-avec-1-lame-ref-24138-pieds.jpg\",\"width\":700,\"height\":700},{\"@type\":\"BreadcrumbList\",\"@id\":\"https:\/\/paracherkaoui.ma\/index.php\/produit\/beter-coupe-cors-avec-1-lame-ref-24138\/#breadcrumb\",\"itemListElement\":[{\"@type\":\"ListItem\",\"position\":1,\"name\":\"Accueil\",\"item\":\"https:\/\/paracherkaoui.ma\/\"},{\"@type\":\"ListItem\",\"position\":2,\"name\":\"Boutique\",\"item\":\"https:\/\/paracherkaoui.ma\/index.php\/boutique\/\"},{\"@type\":\"ListItem\",\"position\":3,\"name\":\"BETER COUPE CORS AVEC 1 LAME REF 24138\"}]},{\"@type\":\"WebSite\",\"@id\":\"https:\/\/paracherkaoui.ma\/#website\",\"url\":\"https:\/\/paracherkaoui.ma\/\",\"name\":\"Paracherkaoui.ma\",\"description\":\"Achetez en ligne sur Paracherkaoui.ma\",\"potentialAction\":[{\"@type\":\"SearchAction\",\"target\":{\"@type\":\"EntryPoint\",\"urlTemplate\":\"https:\/\/paracherkaoui.ma\/?s={search_term_string}\"},\"query-input\":{\"@type\":\"PropertyValueSpecification\",\"valueRequired\":true,\"valueName\":\"search_term_string\"}}],\"inLanguage\":\"fr-FR\"}]}<\/script>\r\n<!-- \/ Yoast SEO plugin. -->","yoast_head_json":{"title":"BETER COUPE CORS AVEC 1 LAME REF 24138 - Paracherkaoui.ma","robots":{"index":"index","follow":"follow","max-snippet":"max-snippet:-1","max-image-preview":"max-image-preview:large","max-video-preview":"max-video-preview:-1"},"canonical":"https:\/\/paracherkaoui.ma\/index.php\/produit\/beter-coupe-cors-avec-1-lame-ref-24138\/","og_locale":"fr_FR","og_type":"article","og_title":"BETER COUPE CORS AVEC 1 LAME REF 24138 - Paracherkaoui.ma","og_description":"Il se caract\u00e9rise par une t\u00eate exclusive qui int\u00e8gre une vis r\u00e9gulant l&rsquo;\u00e9paisseur de la coupe et garantit un maximum","og_url":"https:\/\/paracherkaoui.ma\/index.php\/produit\/beter-coupe-cors-avec-1-lame-ref-24138\/","og_site_name":"Paracherkaoui.ma","article_modified_time":"2025-12-12T17:38:20+00:00","og_image":[{"width":700,"height":700,"url":"https:\/\/paracherkaoui.ma\/wp-content\/uploads\/2025\/12\/beter-beter-coupe-cors-avec-1-lame-ref-24138-pieds.jpg","type":"image\/jpeg"}],"twitter_card":"summary_large_image","schema":{"@context":"https:\/\/schema.org","@graph":[{"@type":"WebPage","@id":"https:\/\/paracherkaoui.ma\/index.php\/produit\/beter-coupe-cors-avec-1-lame-ref-24138\/","url":"https:\/\/paracherkaoui.ma\/index.php\/produit\/beter-coupe-cors-avec-1-lame-ref-24138\/","name":"BETER COUPE CORS AVEC 1 LAME REF 24138 - Paracherkaoui.ma","isPartOf":{"@id":"https:\/\/paracherkaoui.ma\/#website"},"primaryImageOfPage":{"@id":"https:\/\/paracherkaoui.ma\/index.php\/produit\/beter-coupe-cors-avec-1-lame-ref-24138\/#primaryimage"},"image":{"@id":"https:\/\/paracherkaoui.ma\/index.php\/produit\/beter-coupe-cors-avec-1-lame-ref-24138\/#primaryimage"},"thumbnailUrl":"https:\/\/paracherkaoui.ma\/wp-content\/uploads\/2025\/12\/beter-beter-coupe-cors-avec-1-lame-ref-24138-pieds.jpg","datePublished":"2025-12-12T17:38:15+00:00","dateModified":"2025-12-12T17:38:20+00:00","breadcrumb":{"@id":"https:\/\/paracherkaoui.ma\/index.php\/produit\/beter-coupe-cors-avec-1-lame-ref-24138\/#breadcrumb"},"inLanguage":"fr-FR","potentialAction":[{"@type":"ReadAction","target":["https:\/\/paracherkaoui.ma\/index.php\/produit\/beter-coupe-cors-avec-1-lame-ref-24138\/"]}]},{"@type":"ImageObject","inLanguage":"fr-FR","@id":"https:\/\/paracherkaoui.ma\/index.php\/produit\/beter-coupe-cors-avec-1-lame-ref-24138\/#primaryimage","url":"https:\/\/paracherkaoui.ma\/wp-content\/uploads\/2025\/12\/beter-beter-coupe-cors-avec-1-lame-ref-24138-pieds.jpg","contentUrl":"https:\/\/paracherkaoui.ma\/wp-content\/uploads\/2025\/12\/beter-beter-coupe-cors-avec-1-lame-ref-24138-pieds.jpg","width":700,"height":700},{"@type":"BreadcrumbList","@id":"https:\/\/paracherkaoui.ma\/index.php\/produit\/beter-coupe-cors-avec-1-lame-ref-24138\/#breadcrumb","itemListElement":[{"@type":"ListItem","position":1,"name":"Accueil","item":"https:\/\/paracherkaoui.ma\/"},{"@type":"ListItem","position":2,"name":"Boutique","item":"https:\/\/paracherkaoui.ma\/index.php\/boutique\/"},{"@type":"ListItem","position":3,"name":"BETER COUPE CORS AVEC 1 LAME REF 24138"}]},{"@type":"WebSite","@id":"https:\/\/paracherkaoui.ma\/#website","url":"https:\/\/paracherkaoui.ma\/","name":"Paracherkaoui.ma","description":"Achetez en ligne sur Paracherkaoui.ma","potentialAction":[{"@type":"SearchAction","target":{"@type":"EntryPoint","urlTemplate":"https:\/\/paracherkaoui.ma\/?s={search_term_string}"},"query-input":{"@type":"PropertyValueSpecification","valueRequired":true,"valueName":"search_term_string"}}],"inLanguage":"fr-FR"}]}},"_links":{"self":[{"href":"https:\/\/paracherkaoui.ma\/index.php\/wp-json\/wp\/v2\/product\/32367","targetHints":{"allow":["GET"]}}],"collection":[{"href":"https:\/\/paracherkaoui.ma\/index.php\/wp-json\/wp\/v2\/product"}],"about":[{"href":"https:\/\/paracherkaoui.ma\/index.php\/wp-json\/wp\/v2\/types\/product"}],"replies":[{"embeddable":true,"href":"https:\/\/paracherkaoui.ma\/index.php\/wp-json\/wp\/v2\/comments?post=32367"}],"version-history":[{"count":1,"href":"https:\/\/paracherkaoui.ma\/index.php\/wp-json\/wp\/v2\/product\/32367\/revisions"}],"predecessor-version":[{"id":32409,"href":"https:\/\/paracherkaoui.ma\/index.php\/wp-json\/wp\/v2\/product\/32367\/revisions\/32409"}],"wp:featuredmedia":[{"embeddable":true,"href":"https:\/\/paracherkaoui.ma\/index.php\/wp-json\/wp\/v2\/media\/32408"}],"wp:attachment":[{"href":"https:\/\/paracherkaoui.ma\/index.php\/wp-json\/wp\/v2\/media?parent=32367"}],"wp:term":[{"taxonomy":"product_brand","embeddable":true,"href":"https:\/\/paracherkaoui.ma\/index.php\/wp-json\/wp\/v2\/product_brand?post=32367"},{"taxonomy":"product_cat","embeddable":true,"href":"https:\/\/paracherkaoui.ma\/index.php\/wp-json\/wp\/v2\/product_cat?post=32367"},{"taxonomy":"product_tag","embeddable":true,"href":"https:\/\/paracherkaoui.ma\/index.php\/wp-json\/wp\/v2\/product_tag?post=32367"}],"curies":[{"name":"wp","href":"https:\/\/api.w.org\/{rel}","templated":true}]}}