{"id":32356,"date":"2025-12-12T18:38:14","date_gmt":"2025-12-12T17:38:14","guid":{"rendered":"https:\/\/test.ecbeaute.com\/?post_type=product&#038;p=32356"},"modified":"2025-12-12T18:38:17","modified_gmt":"2025-12-12T17:38:17","slug":"herome-durcisseur-doux-pour-ongles-10-ml","status":"publish","type":"product","link":"https:\/\/paracherkaoui.ma\/index.php\/produit\/herome-durcisseur-doux-pour-ongles-10-ml\/","title":{"rendered":"HEROME DURCISSEUR DOUX POUR ONGLES 10 ML"},"content":{"rendered":"<p>Her\u00f4me Durcisseur Doux pour Ongles est con\u00e7u pour les probl\u00e8mes \u00ab l\u00e9gers \u00bb de l\u2019ongle, La k\u00e9ratine, un des ingr\u00e9dients du durcisseur doux,<br \/>\nam\u00e9liore la condition des ongles et les renforce.<br \/>\nLe durcisseur doux peut \u00eatre utilis\u00e9 en relai entre les traitements avec le durcisseur Fort ou Extra-Fort.<br \/>\nJour 1\u00a0: Appliquer une couche<br \/>\nJour 2\u00a0: appliquer une 2\u00e9me ouche<br \/>\nJour 3\u00a0: enlever les deux couches avec le dissolvant Her\u00f4me et appliquer une nouvelle couche de durcisseur doux.<br \/>\nJour 4 : Appliquer une 2\u00e9me couche etc\u2026<br \/>\nR\u00e9p\u00e9ter le traitement pendant 3 semaines.<br \/>\nNe pas se laver les mains au savon pendant plusieurs heures apr\u00e8s application.<br \/>\nPendant le traitement, prot\u00e9ger les cuticules avec la cr\u00e8me pour cuticules ou le stylo magique Her\u00f4me<\/p>\n","protected":false},"excerpt":{"rendered":"<p>Her\u00f4me Durcisseur Doux pour Ongles est con\u00e7u pour les probl\u00e8mes \u00ab l\u00e9gers \u00bb de l\u2019ongle, La k\u00e9ratine, un des ingr\u00e9dients<\/p>\n","protected":false},"featured_media":32390,"comment_status":"open","ping_status":"closed","template":"","meta":[],"product_brand":[600],"product_cat":[599],"product_tag":[],"class_list":{"0":"post-32356","1":"product","2":"type-product","3":"status-publish","4":"has-post-thumbnail","6":"product_brand-herome","7":"product_cat-soins-mains-et-pieds","9":"first","10":"instock","11":"sale","12":"shipping-taxable","13":"purchasable","14":"product-type-simple"},"yoast_head":"<!-- This site is optimized with the Yoast SEO plugin v26.6 - https:\/\/yoast.com\/wordpress\/plugins\/seo\/ -->\r\n<title>HEROME DURCISSEUR DOUX POUR ONGLES 10 ML - Paracherkaoui.ma<\/title>\r\n<meta name=\"robots\" content=\"index, follow, max-snippet:-1, max-image-preview:large, max-video-preview:-1\" \/>\r\n<link rel=\"canonical\" href=\"https:\/\/paracherkaoui.ma\/index.php\/produit\/herome-durcisseur-doux-pour-ongles-10-ml\/\" \/>\r\n<meta property=\"og:locale\" content=\"fr_FR\" \/>\r\n<meta property=\"og:type\" content=\"article\" \/>\r\n<meta property=\"og:title\" content=\"HEROME DURCISSEUR DOUX POUR ONGLES 10 ML - Paracherkaoui.ma\" \/>\r\n<meta property=\"og:description\" content=\"Her\u00f4me Durcisseur Doux pour Ongles est con\u00e7u pour les probl\u00e8mes \u00ab l\u00e9gers \u00bb de l\u2019ongle, La k\u00e9ratine, un des ingr\u00e9dients\" \/>\r\n<meta property=\"og:url\" content=\"https:\/\/paracherkaoui.ma\/index.php\/produit\/herome-durcisseur-doux-pour-ongles-10-ml\/\" \/>\r\n<meta property=\"og:site_name\" content=\"Paracherkaoui.ma\" \/>\r\n<meta property=\"article:modified_time\" content=\"2025-12-12T17:38:17+00:00\" \/>\r\n<meta property=\"og:image\" content=\"https:\/\/paracherkaoui.ma\/wp-content\/uploads\/2025\/12\/herome-herome-durcisseur-doux-pour-ongles-10-ml-ongles.jpg\" \/>\r\n\t<meta property=\"og:image:width\" content=\"700\" \/>\r\n\t<meta property=\"og:image:height\" content=\"700\" \/>\r\n\t<meta property=\"og:image:type\" content=\"image\/jpeg\" \/>\r\n<meta name=\"twitter:card\" content=\"summary_large_image\" \/>\r\n<meta name=\"twitter:label1\" content=\"Dur\u00e9e de lecture estim\u00e9e\" \/>\n\t<meta name=\"twitter:data1\" content=\"1 minute\" \/>\r\n<script type=\"application\/ld+json\" class=\"yoast-schema-graph\">{\"@context\":\"https:\/\/schema.org\",\"@graph\":[{\"@type\":\"WebPage\",\"@id\":\"https:\/\/paracherkaoui.ma\/index.php\/produit\/herome-durcisseur-doux-pour-ongles-10-ml\/\",\"url\":\"https:\/\/paracherkaoui.ma\/index.php\/produit\/herome-durcisseur-doux-pour-ongles-10-ml\/\",\"name\":\"HEROME DURCISSEUR DOUX POUR ONGLES 10 ML - Paracherkaoui.ma\",\"isPartOf\":{\"@id\":\"https:\/\/paracherkaoui.ma\/#website\"},\"primaryImageOfPage\":{\"@id\":\"https:\/\/paracherkaoui.ma\/index.php\/produit\/herome-durcisseur-doux-pour-ongles-10-ml\/#primaryimage\"},\"image\":{\"@id\":\"https:\/\/paracherkaoui.ma\/index.php\/produit\/herome-durcisseur-doux-pour-ongles-10-ml\/#primaryimage\"},\"thumbnailUrl\":\"https:\/\/paracherkaoui.ma\/wp-content\/uploads\/2025\/12\/herome-herome-durcisseur-doux-pour-ongles-10-ml-ongles.jpg\",\"datePublished\":\"2025-12-12T17:38:14+00:00\",\"dateModified\":\"2025-12-12T17:38:17+00:00\",\"breadcrumb\":{\"@id\":\"https:\/\/paracherkaoui.ma\/index.php\/produit\/herome-durcisseur-doux-pour-ongles-10-ml\/#breadcrumb\"},\"inLanguage\":\"fr-FR\",\"potentialAction\":[{\"@type\":\"ReadAction\",\"target\":[\"https:\/\/paracherkaoui.ma\/index.php\/produit\/herome-durcisseur-doux-pour-ongles-10-ml\/\"]}]},{\"@type\":\"ImageObject\",\"inLanguage\":\"fr-FR\",\"@id\":\"https:\/\/paracherkaoui.ma\/index.php\/produit\/herome-durcisseur-doux-pour-ongles-10-ml\/#primaryimage\",\"url\":\"https:\/\/paracherkaoui.ma\/wp-content\/uploads\/2025\/12\/herome-herome-durcisseur-doux-pour-ongles-10-ml-ongles.jpg\",\"contentUrl\":\"https:\/\/paracherkaoui.ma\/wp-content\/uploads\/2025\/12\/herome-herome-durcisseur-doux-pour-ongles-10-ml-ongles.jpg\",\"width\":700,\"height\":700},{\"@type\":\"BreadcrumbList\",\"@id\":\"https:\/\/paracherkaoui.ma\/index.php\/produit\/herome-durcisseur-doux-pour-ongles-10-ml\/#breadcrumb\",\"itemListElement\":[{\"@type\":\"ListItem\",\"position\":1,\"name\":\"Accueil\",\"item\":\"https:\/\/paracherkaoui.ma\/\"},{\"@type\":\"ListItem\",\"position\":2,\"name\":\"Boutique\",\"item\":\"https:\/\/paracherkaoui.ma\/index.php\/boutique\/\"},{\"@type\":\"ListItem\",\"position\":3,\"name\":\"HEROME DURCISSEUR DOUX POUR ONGLES 10 ML\"}]},{\"@type\":\"WebSite\",\"@id\":\"https:\/\/paracherkaoui.ma\/#website\",\"url\":\"https:\/\/paracherkaoui.ma\/\",\"name\":\"Paracherkaoui.ma\",\"description\":\"Achetez en ligne sur Paracherkaoui.ma\",\"potentialAction\":[{\"@type\":\"SearchAction\",\"target\":{\"@type\":\"EntryPoint\",\"urlTemplate\":\"https:\/\/paracherkaoui.ma\/?s={search_term_string}\"},\"query-input\":{\"@type\":\"PropertyValueSpecification\",\"valueRequired\":true,\"valueName\":\"search_term_string\"}}],\"inLanguage\":\"fr-FR\"}]}<\/script>\r\n<!-- \/ Yoast SEO plugin. -->","yoast_head_json":{"title":"HEROME DURCISSEUR DOUX POUR ONGLES 10 ML - Paracherkaoui.ma","robots":{"index":"index","follow":"follow","max-snippet":"max-snippet:-1","max-image-preview":"max-image-preview:large","max-video-preview":"max-video-preview:-1"},"canonical":"https:\/\/paracherkaoui.ma\/index.php\/produit\/herome-durcisseur-doux-pour-ongles-10-ml\/","og_locale":"fr_FR","og_type":"article","og_title":"HEROME DURCISSEUR DOUX POUR ONGLES 10 ML - Paracherkaoui.ma","og_description":"Her\u00f4me Durcisseur Doux pour Ongles est con\u00e7u pour les probl\u00e8mes \u00ab l\u00e9gers \u00bb de l\u2019ongle, La k\u00e9ratine, un des ingr\u00e9dients","og_url":"https:\/\/paracherkaoui.ma\/index.php\/produit\/herome-durcisseur-doux-pour-ongles-10-ml\/","og_site_name":"Paracherkaoui.ma","article_modified_time":"2025-12-12T17:38:17+00:00","og_image":[{"width":700,"height":700,"url":"https:\/\/paracherkaoui.ma\/wp-content\/uploads\/2025\/12\/herome-herome-durcisseur-doux-pour-ongles-10-ml-ongles.jpg","type":"image\/jpeg"}],"twitter_card":"summary_large_image","twitter_misc":{"Dur\u00e9e de lecture estim\u00e9e":"1 minute"},"schema":{"@context":"https:\/\/schema.org","@graph":[{"@type":"WebPage","@id":"https:\/\/paracherkaoui.ma\/index.php\/produit\/herome-durcisseur-doux-pour-ongles-10-ml\/","url":"https:\/\/paracherkaoui.ma\/index.php\/produit\/herome-durcisseur-doux-pour-ongles-10-ml\/","name":"HEROME DURCISSEUR DOUX POUR ONGLES 10 ML - Paracherkaoui.ma","isPartOf":{"@id":"https:\/\/paracherkaoui.ma\/#website"},"primaryImageOfPage":{"@id":"https:\/\/paracherkaoui.ma\/index.php\/produit\/herome-durcisseur-doux-pour-ongles-10-ml\/#primaryimage"},"image":{"@id":"https:\/\/paracherkaoui.ma\/index.php\/produit\/herome-durcisseur-doux-pour-ongles-10-ml\/#primaryimage"},"thumbnailUrl":"https:\/\/paracherkaoui.ma\/wp-content\/uploads\/2025\/12\/herome-herome-durcisseur-doux-pour-ongles-10-ml-ongles.jpg","datePublished":"2025-12-12T17:38:14+00:00","dateModified":"2025-12-12T17:38:17+00:00","breadcrumb":{"@id":"https:\/\/paracherkaoui.ma\/index.php\/produit\/herome-durcisseur-doux-pour-ongles-10-ml\/#breadcrumb"},"inLanguage":"fr-FR","potentialAction":[{"@type":"ReadAction","target":["https:\/\/paracherkaoui.ma\/index.php\/produit\/herome-durcisseur-doux-pour-ongles-10-ml\/"]}]},{"@type":"ImageObject","inLanguage":"fr-FR","@id":"https:\/\/paracherkaoui.ma\/index.php\/produit\/herome-durcisseur-doux-pour-ongles-10-ml\/#primaryimage","url":"https:\/\/paracherkaoui.ma\/wp-content\/uploads\/2025\/12\/herome-herome-durcisseur-doux-pour-ongles-10-ml-ongles.jpg","contentUrl":"https:\/\/paracherkaoui.ma\/wp-content\/uploads\/2025\/12\/herome-herome-durcisseur-doux-pour-ongles-10-ml-ongles.jpg","width":700,"height":700},{"@type":"BreadcrumbList","@id":"https:\/\/paracherkaoui.ma\/index.php\/produit\/herome-durcisseur-doux-pour-ongles-10-ml\/#breadcrumb","itemListElement":[{"@type":"ListItem","position":1,"name":"Accueil","item":"https:\/\/paracherkaoui.ma\/"},{"@type":"ListItem","position":2,"name":"Boutique","item":"https:\/\/paracherkaoui.ma\/index.php\/boutique\/"},{"@type":"ListItem","position":3,"name":"HEROME DURCISSEUR DOUX POUR ONGLES 10 ML"}]},{"@type":"WebSite","@id":"https:\/\/paracherkaoui.ma\/#website","url":"https:\/\/paracherkaoui.ma\/","name":"Paracherkaoui.ma","description":"Achetez en ligne sur Paracherkaoui.ma","potentialAction":[{"@type":"SearchAction","target":{"@type":"EntryPoint","urlTemplate":"https:\/\/paracherkaoui.ma\/?s={search_term_string}"},"query-input":{"@type":"PropertyValueSpecification","valueRequired":true,"valueName":"search_term_string"}}],"inLanguage":"fr-FR"}]}},"_links":{"self":[{"href":"https:\/\/paracherkaoui.ma\/index.php\/wp-json\/wp\/v2\/product\/32356","targetHints":{"allow":["GET"]}}],"collection":[{"href":"https:\/\/paracherkaoui.ma\/index.php\/wp-json\/wp\/v2\/product"}],"about":[{"href":"https:\/\/paracherkaoui.ma\/index.php\/wp-json\/wp\/v2\/types\/product"}],"replies":[{"embeddable":true,"href":"https:\/\/paracherkaoui.ma\/index.php\/wp-json\/wp\/v2\/comments?post=32356"}],"version-history":[{"count":1,"href":"https:\/\/paracherkaoui.ma\/index.php\/wp-json\/wp\/v2\/product\/32356\/revisions"}],"predecessor-version":[{"id":32391,"href":"https:\/\/paracherkaoui.ma\/index.php\/wp-json\/wp\/v2\/product\/32356\/revisions\/32391"}],"wp:featuredmedia":[{"embeddable":true,"href":"https:\/\/paracherkaoui.ma\/index.php\/wp-json\/wp\/v2\/media\/32390"}],"wp:attachment":[{"href":"https:\/\/paracherkaoui.ma\/index.php\/wp-json\/wp\/v2\/media?parent=32356"}],"wp:term":[{"taxonomy":"product_brand","embeddable":true,"href":"https:\/\/paracherkaoui.ma\/index.php\/wp-json\/wp\/v2\/product_brand?post=32356"},{"taxonomy":"product_cat","embeddable":true,"href":"https:\/\/paracherkaoui.ma\/index.php\/wp-json\/wp\/v2\/product_cat?post=32356"},{"taxonomy":"product_tag","embeddable":true,"href":"https:\/\/paracherkaoui.ma\/index.php\/wp-json\/wp\/v2\/product_tag?post=32356"}],"curies":[{"name":"wp","href":"https:\/\/api.w.org\/{rel}","templated":true}]}}