{"id":32297,"date":"2025-12-12T18:38:01","date_gmt":"2025-12-12T17:38:01","guid":{"rendered":"https:\/\/test.ecbeaute.com\/?post_type=product&#038;p=32297"},"modified":"2025-12-12T18:38:13","modified_gmt":"2025-12-12T17:38:13","slug":"caudalie-vinotherapist-creme-mains-et-ongles-75-ml","status":"publish","type":"product","link":"https:\/\/paracherkaoui.ma\/index.php\/produit\/caudalie-vinotherapist-creme-mains-et-ongles-75-ml\/","title":{"rendered":"CAUDALIE VINOTHERAPIST CREME MAINS ET ONGLES 75 ML"},"content":{"rendered":"<p>La formule de cette cr\u00e8me pour les mains Caudalie\u00a0repose sur un duo lipidique d&rsquo;huile d&rsquo;avocat et d&rsquo;huile d&rsquo;olive, naturellement riches en acides gras essentiels. Ces huiles sont associ\u00e9es \u00e0 l&rsquo;huile de p\u00e9pins de raisin, signature de la marque Caudalie, 100 % d&rsquo;origine naturelle et press\u00e9e \u00e0 froid. On retrouve \u00e9galement du beurre de karit\u00e9 100 % naturel, biologique et produit de mani\u00e8re durable au Burkina Faso. Cet ingr\u00e9dient mondialement connu apporte ses propri\u00e9t\u00e9s nourrissantes, r\u00e9g\u00e9n\u00e9rantes, protectrices et r\u00e9paratrices. La cr\u00e8me mains VinotherapistTM\u00a0contient aussi de la glyc\u00e9rine, qui pr\u00e9vient la d\u00e9shydratation et renforce la barri\u00e8re cutan\u00e9e face aux \u00e9l\u00e9ments ext\u00e9rieurs. Finalement, des polyph\u00e9nols extraits de p\u00e9pins de raisin assurent la protection de la peau contre le stress oxydatif et les radicaux libres.<\/p>\n","protected":false},"excerpt":{"rendered":"<p>La formule de cette cr\u00e8me pour les mains Caudalie\u00a0repose sur un duo lipidique d&rsquo;huile d&rsquo;avocat et d&rsquo;huile d&rsquo;olive, naturellement riches<\/p>\n","protected":false},"featured_media":32349,"comment_status":"open","ping_status":"closed","template":"","meta":[],"product_brand":[358],"product_cat":[599],"product_tag":[],"class_list":{"0":"post-32297","1":"product","2":"type-product","3":"status-publish","4":"has-post-thumbnail","6":"product_brand-caudalie","7":"product_cat-soins-mains-et-pieds","9":"first","10":"instock","11":"shipping-taxable","12":"purchasable","13":"product-type-simple"},"yoast_head":"<!-- This site is optimized with the Yoast SEO plugin v26.6 - https:\/\/yoast.com\/wordpress\/plugins\/seo\/ -->\r\n<title>CAUDALIE VINOTHERAPIST CREME MAINS ET ONGLES 75 ML - Paracherkaoui.ma<\/title>\r\n<meta name=\"robots\" content=\"index, follow, max-snippet:-1, max-image-preview:large, max-video-preview:-1\" \/>\r\n<link rel=\"canonical\" href=\"https:\/\/paracherkaoui.ma\/index.php\/produit\/caudalie-vinotherapist-creme-mains-et-ongles-75-ml\/\" \/>\r\n<meta property=\"og:locale\" content=\"fr_FR\" \/>\r\n<meta property=\"og:type\" content=\"article\" \/>\r\n<meta property=\"og:title\" content=\"CAUDALIE VINOTHERAPIST CREME MAINS ET ONGLES 75 ML - Paracherkaoui.ma\" \/>\r\n<meta property=\"og:description\" content=\"La formule de cette cr\u00e8me pour les mains Caudalie\u00a0repose sur un duo lipidique d&rsquo;huile d&rsquo;avocat et d&rsquo;huile d&rsquo;olive, naturellement riches\" \/>\r\n<meta property=\"og:url\" content=\"https:\/\/paracherkaoui.ma\/index.php\/produit\/caudalie-vinotherapist-creme-mains-et-ongles-75-ml\/\" \/>\r\n<meta property=\"og:site_name\" content=\"Paracherkaoui.ma\" \/>\r\n<meta property=\"article:modified_time\" content=\"2025-12-12T17:38:13+00:00\" \/>\r\n<meta property=\"og:image\" content=\"https:\/\/paracherkaoui.ma\/wp-content\/uploads\/2025\/12\/caudalie-caudalie-vinotherapist-creme-mains-et-ongles-75-ml-mains.jpg\" \/>\r\n\t<meta property=\"og:image:width\" content=\"700\" \/>\r\n\t<meta property=\"og:image:height\" content=\"700\" \/>\r\n\t<meta property=\"og:image:type\" content=\"image\/jpeg\" \/>\r\n<meta name=\"twitter:card\" content=\"summary_large_image\" \/>\r\n<meta name=\"twitter:label1\" content=\"Dur\u00e9e de lecture estim\u00e9e\" \/>\n\t<meta name=\"twitter:data1\" content=\"1 minute\" \/>\r\n<script type=\"application\/ld+json\" class=\"yoast-schema-graph\">{\"@context\":\"https:\/\/schema.org\",\"@graph\":[{\"@type\":\"WebPage\",\"@id\":\"https:\/\/paracherkaoui.ma\/index.php\/produit\/caudalie-vinotherapist-creme-mains-et-ongles-75-ml\/\",\"url\":\"https:\/\/paracherkaoui.ma\/index.php\/produit\/caudalie-vinotherapist-creme-mains-et-ongles-75-ml\/\",\"name\":\"CAUDALIE VINOTHERAPIST CREME MAINS ET ONGLES 75 ML - Paracherkaoui.ma\",\"isPartOf\":{\"@id\":\"https:\/\/paracherkaoui.ma\/#website\"},\"primaryImageOfPage\":{\"@id\":\"https:\/\/paracherkaoui.ma\/index.php\/produit\/caudalie-vinotherapist-creme-mains-et-ongles-75-ml\/#primaryimage\"},\"image\":{\"@id\":\"https:\/\/paracherkaoui.ma\/index.php\/produit\/caudalie-vinotherapist-creme-mains-et-ongles-75-ml\/#primaryimage\"},\"thumbnailUrl\":\"https:\/\/paracherkaoui.ma\/wp-content\/uploads\/2025\/12\/caudalie-caudalie-vinotherapist-creme-mains-et-ongles-75-ml-mains.jpg\",\"datePublished\":\"2025-12-12T17:38:01+00:00\",\"dateModified\":\"2025-12-12T17:38:13+00:00\",\"breadcrumb\":{\"@id\":\"https:\/\/paracherkaoui.ma\/index.php\/produit\/caudalie-vinotherapist-creme-mains-et-ongles-75-ml\/#breadcrumb\"},\"inLanguage\":\"fr-FR\",\"potentialAction\":[{\"@type\":\"ReadAction\",\"target\":[\"https:\/\/paracherkaoui.ma\/index.php\/produit\/caudalie-vinotherapist-creme-mains-et-ongles-75-ml\/\"]}]},{\"@type\":\"ImageObject\",\"inLanguage\":\"fr-FR\",\"@id\":\"https:\/\/paracherkaoui.ma\/index.php\/produit\/caudalie-vinotherapist-creme-mains-et-ongles-75-ml\/#primaryimage\",\"url\":\"https:\/\/paracherkaoui.ma\/wp-content\/uploads\/2025\/12\/caudalie-caudalie-vinotherapist-creme-mains-et-ongles-75-ml-mains.jpg\",\"contentUrl\":\"https:\/\/paracherkaoui.ma\/wp-content\/uploads\/2025\/12\/caudalie-caudalie-vinotherapist-creme-mains-et-ongles-75-ml-mains.jpg\",\"width\":700,\"height\":700},{\"@type\":\"BreadcrumbList\",\"@id\":\"https:\/\/paracherkaoui.ma\/index.php\/produit\/caudalie-vinotherapist-creme-mains-et-ongles-75-ml\/#breadcrumb\",\"itemListElement\":[{\"@type\":\"ListItem\",\"position\":1,\"name\":\"Accueil\",\"item\":\"https:\/\/paracherkaoui.ma\/\"},{\"@type\":\"ListItem\",\"position\":2,\"name\":\"Boutique\",\"item\":\"https:\/\/paracherkaoui.ma\/index.php\/boutique\/\"},{\"@type\":\"ListItem\",\"position\":3,\"name\":\"CAUDALIE VINOTHERAPIST CREME MAINS ET ONGLES 75 ML\"}]},{\"@type\":\"WebSite\",\"@id\":\"https:\/\/paracherkaoui.ma\/#website\",\"url\":\"https:\/\/paracherkaoui.ma\/\",\"name\":\"Paracherkaoui.ma\",\"description\":\"Achetez en ligne sur Paracherkaoui.ma\",\"potentialAction\":[{\"@type\":\"SearchAction\",\"target\":{\"@type\":\"EntryPoint\",\"urlTemplate\":\"https:\/\/paracherkaoui.ma\/?s={search_term_string}\"},\"query-input\":{\"@type\":\"PropertyValueSpecification\",\"valueRequired\":true,\"valueName\":\"search_term_string\"}}],\"inLanguage\":\"fr-FR\"}]}<\/script>\r\n<!-- \/ Yoast SEO plugin. -->","yoast_head_json":{"title":"CAUDALIE VINOTHERAPIST CREME MAINS ET ONGLES 75 ML - Paracherkaoui.ma","robots":{"index":"index","follow":"follow","max-snippet":"max-snippet:-1","max-image-preview":"max-image-preview:large","max-video-preview":"max-video-preview:-1"},"canonical":"https:\/\/paracherkaoui.ma\/index.php\/produit\/caudalie-vinotherapist-creme-mains-et-ongles-75-ml\/","og_locale":"fr_FR","og_type":"article","og_title":"CAUDALIE VINOTHERAPIST CREME MAINS ET ONGLES 75 ML - Paracherkaoui.ma","og_description":"La formule de cette cr\u00e8me pour les mains Caudalie\u00a0repose sur un duo lipidique d&rsquo;huile d&rsquo;avocat et d&rsquo;huile d&rsquo;olive, naturellement riches","og_url":"https:\/\/paracherkaoui.ma\/index.php\/produit\/caudalie-vinotherapist-creme-mains-et-ongles-75-ml\/","og_site_name":"Paracherkaoui.ma","article_modified_time":"2025-12-12T17:38:13+00:00","og_image":[{"width":700,"height":700,"url":"https:\/\/paracherkaoui.ma\/wp-content\/uploads\/2025\/12\/caudalie-caudalie-vinotherapist-creme-mains-et-ongles-75-ml-mains.jpg","type":"image\/jpeg"}],"twitter_card":"summary_large_image","twitter_misc":{"Dur\u00e9e de lecture estim\u00e9e":"1 minute"},"schema":{"@context":"https:\/\/schema.org","@graph":[{"@type":"WebPage","@id":"https:\/\/paracherkaoui.ma\/index.php\/produit\/caudalie-vinotherapist-creme-mains-et-ongles-75-ml\/","url":"https:\/\/paracherkaoui.ma\/index.php\/produit\/caudalie-vinotherapist-creme-mains-et-ongles-75-ml\/","name":"CAUDALIE VINOTHERAPIST CREME MAINS ET ONGLES 75 ML - Paracherkaoui.ma","isPartOf":{"@id":"https:\/\/paracherkaoui.ma\/#website"},"primaryImageOfPage":{"@id":"https:\/\/paracherkaoui.ma\/index.php\/produit\/caudalie-vinotherapist-creme-mains-et-ongles-75-ml\/#primaryimage"},"image":{"@id":"https:\/\/paracherkaoui.ma\/index.php\/produit\/caudalie-vinotherapist-creme-mains-et-ongles-75-ml\/#primaryimage"},"thumbnailUrl":"https:\/\/paracherkaoui.ma\/wp-content\/uploads\/2025\/12\/caudalie-caudalie-vinotherapist-creme-mains-et-ongles-75-ml-mains.jpg","datePublished":"2025-12-12T17:38:01+00:00","dateModified":"2025-12-12T17:38:13+00:00","breadcrumb":{"@id":"https:\/\/paracherkaoui.ma\/index.php\/produit\/caudalie-vinotherapist-creme-mains-et-ongles-75-ml\/#breadcrumb"},"inLanguage":"fr-FR","potentialAction":[{"@type":"ReadAction","target":["https:\/\/paracherkaoui.ma\/index.php\/produit\/caudalie-vinotherapist-creme-mains-et-ongles-75-ml\/"]}]},{"@type":"ImageObject","inLanguage":"fr-FR","@id":"https:\/\/paracherkaoui.ma\/index.php\/produit\/caudalie-vinotherapist-creme-mains-et-ongles-75-ml\/#primaryimage","url":"https:\/\/paracherkaoui.ma\/wp-content\/uploads\/2025\/12\/caudalie-caudalie-vinotherapist-creme-mains-et-ongles-75-ml-mains.jpg","contentUrl":"https:\/\/paracherkaoui.ma\/wp-content\/uploads\/2025\/12\/caudalie-caudalie-vinotherapist-creme-mains-et-ongles-75-ml-mains.jpg","width":700,"height":700},{"@type":"BreadcrumbList","@id":"https:\/\/paracherkaoui.ma\/index.php\/produit\/caudalie-vinotherapist-creme-mains-et-ongles-75-ml\/#breadcrumb","itemListElement":[{"@type":"ListItem","position":1,"name":"Accueil","item":"https:\/\/paracherkaoui.ma\/"},{"@type":"ListItem","position":2,"name":"Boutique","item":"https:\/\/paracherkaoui.ma\/index.php\/boutique\/"},{"@type":"ListItem","position":3,"name":"CAUDALIE VINOTHERAPIST CREME MAINS ET ONGLES 75 ML"}]},{"@type":"WebSite","@id":"https:\/\/paracherkaoui.ma\/#website","url":"https:\/\/paracherkaoui.ma\/","name":"Paracherkaoui.ma","description":"Achetez en ligne sur Paracherkaoui.ma","potentialAction":[{"@type":"SearchAction","target":{"@type":"EntryPoint","urlTemplate":"https:\/\/paracherkaoui.ma\/?s={search_term_string}"},"query-input":{"@type":"PropertyValueSpecification","valueRequired":true,"valueName":"search_term_string"}}],"inLanguage":"fr-FR"}]}},"_links":{"self":[{"href":"https:\/\/paracherkaoui.ma\/index.php\/wp-json\/wp\/v2\/product\/32297","targetHints":{"allow":["GET"]}}],"collection":[{"href":"https:\/\/paracherkaoui.ma\/index.php\/wp-json\/wp\/v2\/product"}],"about":[{"href":"https:\/\/paracherkaoui.ma\/index.php\/wp-json\/wp\/v2\/types\/product"}],"replies":[{"embeddable":true,"href":"https:\/\/paracherkaoui.ma\/index.php\/wp-json\/wp\/v2\/comments?post=32297"}],"version-history":[{"count":1,"href":"https:\/\/paracherkaoui.ma\/index.php\/wp-json\/wp\/v2\/product\/32297\/revisions"}],"predecessor-version":[{"id":32350,"href":"https:\/\/paracherkaoui.ma\/index.php\/wp-json\/wp\/v2\/product\/32297\/revisions\/32350"}],"wp:featuredmedia":[{"embeddable":true,"href":"https:\/\/paracherkaoui.ma\/index.php\/wp-json\/wp\/v2\/media\/32349"}],"wp:attachment":[{"href":"https:\/\/paracherkaoui.ma\/index.php\/wp-json\/wp\/v2\/media?parent=32297"}],"wp:term":[{"taxonomy":"product_brand","embeddable":true,"href":"https:\/\/paracherkaoui.ma\/index.php\/wp-json\/wp\/v2\/product_brand?post=32297"},{"taxonomy":"product_cat","embeddable":true,"href":"https:\/\/paracherkaoui.ma\/index.php\/wp-json\/wp\/v2\/product_cat?post=32297"},{"taxonomy":"product_tag","embeddable":true,"href":"https:\/\/paracherkaoui.ma\/index.php\/wp-json\/wp\/v2\/product_tag?post=32297"}],"curies":[{"name":"wp","href":"https:\/\/api.w.org\/{rel}","templated":true}]}}