{"id":32288,"date":"2025-12-12T18:38:01","date_gmt":"2025-12-12T17:38:01","guid":{"rendered":"https:\/\/test.ecbeaute.com\/?post_type=product&#038;p=32288"},"modified":"2025-12-12T18:38:08","modified_gmt":"2025-12-12T17:38:08","slug":"herome-24-hour-protective-hand-cream-spf-15","status":"publish","type":"product","link":"https:\/\/paracherkaoui.ma\/index.php\/produit\/herome-24-hour-protective-hand-cream-spf-15\/","title":{"rendered":"HEROME 24 Hour Protective Hand Cream SPF 15"},"content":{"rendered":"<p>La cr\u00e8me pour les mains d\u00e9pose un film ultra fin sur les mains qui renforce la protection de la peau et veille \u00e0 pr\u00e9venir le dess\u00e8chement. Gr\u00e2ce au haut facteur de protection solaire, vos mains sont prot\u00e9g\u00e9es de fa\u00e7on optimale contre les influences n\u00e9gatives du soleil et le vieillissement<\/p>\n","protected":false},"excerpt":{"rendered":"<p>La cr\u00e8me pour les mains d\u00e9pose un film ultra fin sur les mains qui renforce la protection de la peau<\/p>\n","protected":false},"featured_media":32333,"comment_status":"open","ping_status":"closed","template":"","meta":[],"product_brand":[600],"product_cat":[599],"product_tag":[],"class_list":{"0":"post-32288","1":"product","2":"type-product","3":"status-publish","4":"has-post-thumbnail","6":"product_brand-herome","7":"product_cat-soins-mains-et-pieds","9":"first","10":"instock","11":"sale","12":"shipping-taxable","13":"purchasable","14":"product-type-simple"},"yoast_head":"<!-- This site is optimized with the Yoast SEO plugin v26.6 - https:\/\/yoast.com\/wordpress\/plugins\/seo\/ -->\r\n<title>HEROME 24 Hour Protective Hand Cream SPF 15 - Paracherkaoui.ma<\/title>\r\n<meta name=\"robots\" content=\"index, follow, max-snippet:-1, max-image-preview:large, max-video-preview:-1\" \/>\r\n<link rel=\"canonical\" href=\"https:\/\/paracherkaoui.ma\/index.php\/produit\/herome-24-hour-protective-hand-cream-spf-15\/\" \/>\r\n<meta property=\"og:locale\" content=\"fr_FR\" \/>\r\n<meta property=\"og:type\" content=\"article\" \/>\r\n<meta property=\"og:title\" content=\"HEROME 24 Hour Protective Hand Cream SPF 15 - Paracherkaoui.ma\" \/>\r\n<meta property=\"og:description\" content=\"La cr\u00e8me pour les mains d\u00e9pose un film ultra fin sur les mains qui renforce la protection de la peau\" \/>\r\n<meta property=\"og:url\" content=\"https:\/\/paracherkaoui.ma\/index.php\/produit\/herome-24-hour-protective-hand-cream-spf-15\/\" \/>\r\n<meta property=\"og:site_name\" content=\"Paracherkaoui.ma\" \/>\r\n<meta property=\"article:modified_time\" content=\"2025-12-12T17:38:08+00:00\" \/>\r\n<meta property=\"og:image\" content=\"https:\/\/paracherkaoui.ma\/wp-content\/uploads\/2025\/12\/herome-herome-24-hour-protective-hand-cream-spf-15-mains.jpg\" \/>\r\n\t<meta property=\"og:image:width\" content=\"700\" \/>\r\n\t<meta property=\"og:image:height\" content=\"700\" \/>\r\n\t<meta property=\"og:image:type\" content=\"image\/jpeg\" \/>\r\n<meta name=\"twitter:card\" content=\"summary_large_image\" \/>\r\n<script type=\"application\/ld+json\" class=\"yoast-schema-graph\">{\"@context\":\"https:\/\/schema.org\",\"@graph\":[{\"@type\":\"WebPage\",\"@id\":\"https:\/\/paracherkaoui.ma\/index.php\/produit\/herome-24-hour-protective-hand-cream-spf-15\/\",\"url\":\"https:\/\/paracherkaoui.ma\/index.php\/produit\/herome-24-hour-protective-hand-cream-spf-15\/\",\"name\":\"HEROME 24 Hour Protective Hand Cream SPF 15 - Paracherkaoui.ma\",\"isPartOf\":{\"@id\":\"https:\/\/paracherkaoui.ma\/#website\"},\"primaryImageOfPage\":{\"@id\":\"https:\/\/paracherkaoui.ma\/index.php\/produit\/herome-24-hour-protective-hand-cream-spf-15\/#primaryimage\"},\"image\":{\"@id\":\"https:\/\/paracherkaoui.ma\/index.php\/produit\/herome-24-hour-protective-hand-cream-spf-15\/#primaryimage\"},\"thumbnailUrl\":\"https:\/\/paracherkaoui.ma\/wp-content\/uploads\/2025\/12\/herome-herome-24-hour-protective-hand-cream-spf-15-mains.jpg\",\"datePublished\":\"2025-12-12T17:38:01+00:00\",\"dateModified\":\"2025-12-12T17:38:08+00:00\",\"breadcrumb\":{\"@id\":\"https:\/\/paracherkaoui.ma\/index.php\/produit\/herome-24-hour-protective-hand-cream-spf-15\/#breadcrumb\"},\"inLanguage\":\"fr-FR\",\"potentialAction\":[{\"@type\":\"ReadAction\",\"target\":[\"https:\/\/paracherkaoui.ma\/index.php\/produit\/herome-24-hour-protective-hand-cream-spf-15\/\"]}]},{\"@type\":\"ImageObject\",\"inLanguage\":\"fr-FR\",\"@id\":\"https:\/\/paracherkaoui.ma\/index.php\/produit\/herome-24-hour-protective-hand-cream-spf-15\/#primaryimage\",\"url\":\"https:\/\/paracherkaoui.ma\/wp-content\/uploads\/2025\/12\/herome-herome-24-hour-protective-hand-cream-spf-15-mains.jpg\",\"contentUrl\":\"https:\/\/paracherkaoui.ma\/wp-content\/uploads\/2025\/12\/herome-herome-24-hour-protective-hand-cream-spf-15-mains.jpg\",\"width\":700,\"height\":700},{\"@type\":\"BreadcrumbList\",\"@id\":\"https:\/\/paracherkaoui.ma\/index.php\/produit\/herome-24-hour-protective-hand-cream-spf-15\/#breadcrumb\",\"itemListElement\":[{\"@type\":\"ListItem\",\"position\":1,\"name\":\"Accueil\",\"item\":\"https:\/\/paracherkaoui.ma\/\"},{\"@type\":\"ListItem\",\"position\":2,\"name\":\"Boutique\",\"item\":\"https:\/\/paracherkaoui.ma\/index.php\/boutique\/\"},{\"@type\":\"ListItem\",\"position\":3,\"name\":\"HEROME 24 Hour Protective Hand Cream SPF 15\"}]},{\"@type\":\"WebSite\",\"@id\":\"https:\/\/paracherkaoui.ma\/#website\",\"url\":\"https:\/\/paracherkaoui.ma\/\",\"name\":\"Paracherkaoui.ma\",\"description\":\"Achetez en ligne sur Paracherkaoui.ma\",\"potentialAction\":[{\"@type\":\"SearchAction\",\"target\":{\"@type\":\"EntryPoint\",\"urlTemplate\":\"https:\/\/paracherkaoui.ma\/?s={search_term_string}\"},\"query-input\":{\"@type\":\"PropertyValueSpecification\",\"valueRequired\":true,\"valueName\":\"search_term_string\"}}],\"inLanguage\":\"fr-FR\"}]}<\/script>\r\n<!-- \/ Yoast SEO plugin. -->","yoast_head_json":{"title":"HEROME 24 Hour Protective Hand Cream SPF 15 - Paracherkaoui.ma","robots":{"index":"index","follow":"follow","max-snippet":"max-snippet:-1","max-image-preview":"max-image-preview:large","max-video-preview":"max-video-preview:-1"},"canonical":"https:\/\/paracherkaoui.ma\/index.php\/produit\/herome-24-hour-protective-hand-cream-spf-15\/","og_locale":"fr_FR","og_type":"article","og_title":"HEROME 24 Hour Protective Hand Cream SPF 15 - Paracherkaoui.ma","og_description":"La cr\u00e8me pour les mains d\u00e9pose un film ultra fin sur les mains qui renforce la protection de la peau","og_url":"https:\/\/paracherkaoui.ma\/index.php\/produit\/herome-24-hour-protective-hand-cream-spf-15\/","og_site_name":"Paracherkaoui.ma","article_modified_time":"2025-12-12T17:38:08+00:00","og_image":[{"width":700,"height":700,"url":"https:\/\/paracherkaoui.ma\/wp-content\/uploads\/2025\/12\/herome-herome-24-hour-protective-hand-cream-spf-15-mains.jpg","type":"image\/jpeg"}],"twitter_card":"summary_large_image","schema":{"@context":"https:\/\/schema.org","@graph":[{"@type":"WebPage","@id":"https:\/\/paracherkaoui.ma\/index.php\/produit\/herome-24-hour-protective-hand-cream-spf-15\/","url":"https:\/\/paracherkaoui.ma\/index.php\/produit\/herome-24-hour-protective-hand-cream-spf-15\/","name":"HEROME 24 Hour Protective Hand Cream SPF 15 - Paracherkaoui.ma","isPartOf":{"@id":"https:\/\/paracherkaoui.ma\/#website"},"primaryImageOfPage":{"@id":"https:\/\/paracherkaoui.ma\/index.php\/produit\/herome-24-hour-protective-hand-cream-spf-15\/#primaryimage"},"image":{"@id":"https:\/\/paracherkaoui.ma\/index.php\/produit\/herome-24-hour-protective-hand-cream-spf-15\/#primaryimage"},"thumbnailUrl":"https:\/\/paracherkaoui.ma\/wp-content\/uploads\/2025\/12\/herome-herome-24-hour-protective-hand-cream-spf-15-mains.jpg","datePublished":"2025-12-12T17:38:01+00:00","dateModified":"2025-12-12T17:38:08+00:00","breadcrumb":{"@id":"https:\/\/paracherkaoui.ma\/index.php\/produit\/herome-24-hour-protective-hand-cream-spf-15\/#breadcrumb"},"inLanguage":"fr-FR","potentialAction":[{"@type":"ReadAction","target":["https:\/\/paracherkaoui.ma\/index.php\/produit\/herome-24-hour-protective-hand-cream-spf-15\/"]}]},{"@type":"ImageObject","inLanguage":"fr-FR","@id":"https:\/\/paracherkaoui.ma\/index.php\/produit\/herome-24-hour-protective-hand-cream-spf-15\/#primaryimage","url":"https:\/\/paracherkaoui.ma\/wp-content\/uploads\/2025\/12\/herome-herome-24-hour-protective-hand-cream-spf-15-mains.jpg","contentUrl":"https:\/\/paracherkaoui.ma\/wp-content\/uploads\/2025\/12\/herome-herome-24-hour-protective-hand-cream-spf-15-mains.jpg","width":700,"height":700},{"@type":"BreadcrumbList","@id":"https:\/\/paracherkaoui.ma\/index.php\/produit\/herome-24-hour-protective-hand-cream-spf-15\/#breadcrumb","itemListElement":[{"@type":"ListItem","position":1,"name":"Accueil","item":"https:\/\/paracherkaoui.ma\/"},{"@type":"ListItem","position":2,"name":"Boutique","item":"https:\/\/paracherkaoui.ma\/index.php\/boutique\/"},{"@type":"ListItem","position":3,"name":"HEROME 24 Hour Protective Hand Cream SPF 15"}]},{"@type":"WebSite","@id":"https:\/\/paracherkaoui.ma\/#website","url":"https:\/\/paracherkaoui.ma\/","name":"Paracherkaoui.ma","description":"Achetez en ligne sur Paracherkaoui.ma","potentialAction":[{"@type":"SearchAction","target":{"@type":"EntryPoint","urlTemplate":"https:\/\/paracherkaoui.ma\/?s={search_term_string}"},"query-input":{"@type":"PropertyValueSpecification","valueRequired":true,"valueName":"search_term_string"}}],"inLanguage":"fr-FR"}]}},"_links":{"self":[{"href":"https:\/\/paracherkaoui.ma\/index.php\/wp-json\/wp\/v2\/product\/32288","targetHints":{"allow":["GET"]}}],"collection":[{"href":"https:\/\/paracherkaoui.ma\/index.php\/wp-json\/wp\/v2\/product"}],"about":[{"href":"https:\/\/paracherkaoui.ma\/index.php\/wp-json\/wp\/v2\/types\/product"}],"replies":[{"embeddable":true,"href":"https:\/\/paracherkaoui.ma\/index.php\/wp-json\/wp\/v2\/comments?post=32288"}],"version-history":[{"count":1,"href":"https:\/\/paracherkaoui.ma\/index.php\/wp-json\/wp\/v2\/product\/32288\/revisions"}],"predecessor-version":[{"id":32334,"href":"https:\/\/paracherkaoui.ma\/index.php\/wp-json\/wp\/v2\/product\/32288\/revisions\/32334"}],"wp:featuredmedia":[{"embeddable":true,"href":"https:\/\/paracherkaoui.ma\/index.php\/wp-json\/wp\/v2\/media\/32333"}],"wp:attachment":[{"href":"https:\/\/paracherkaoui.ma\/index.php\/wp-json\/wp\/v2\/media?parent=32288"}],"wp:term":[{"taxonomy":"product_brand","embeddable":true,"href":"https:\/\/paracherkaoui.ma\/index.php\/wp-json\/wp\/v2\/product_brand?post=32288"},{"taxonomy":"product_cat","embeddable":true,"href":"https:\/\/paracherkaoui.ma\/index.php\/wp-json\/wp\/v2\/product_cat?post=32288"},{"taxonomy":"product_tag","embeddable":true,"href":"https:\/\/paracherkaoui.ma\/index.php\/wp-json\/wp\/v2\/product_tag?post=32288"}],"curies":[{"name":"wp","href":"https:\/\/api.w.org\/{rel}","templated":true}]}}