{"id":32287,"date":"2025-12-12T18:38:01","date_gmt":"2025-12-12T17:38:01","guid":{"rendered":"https:\/\/test.ecbeaute.com\/?post_type=product&#038;p=32287"},"modified":"2025-12-12T18:38:07","modified_gmt":"2025-12-12T17:38:07","slug":"herome-dissolvant-soignant-120-ml","status":"publish","type":"product","link":"https:\/\/paracherkaoui.ma\/index.php\/produit\/herome-dissolvant-soignant-120-ml\/","title":{"rendered":"HEROME DISSOLVANT SOIGNANT 120 ML"},"content":{"rendered":"<p>Le soin dissolvant Her\u00f4me ne contient pas d\u2019ac\u00e9tone, ce qui \u00e9vite la d\u00e9shydratation des ongles. La composition est tr\u00e8s douce et \u00ab l\u00e9g\u00e8re \u00bb.<\/p>\n<p>Le D-Panthenol am\u00e9liore l\u2019\u00e9lasticit\u00e9 de l\u2019ongle, la lanoline pr\u00e9vient la d\u00e9shydratation et donne une belle brillance \u00e0 l\u2019ongle.<\/p>\n<p>Le soin dissolvant Her\u00f4me est efficace et son parfum est particuli\u00e8rement d\u00e9licat, et comme il ne contient pas d\u2019ac\u00e9tone, il est possible de l\u2019utiliser avec les ongles artificiels.<\/p>\n<p>Verser le dissolvant Her\u00f4me sur du coton et l\u2019appliquer sur l\u2019ongle. Enlever le vernis (ou l\u2019huile) de la cuticule vers l\u2019extr\u00e9mit\u00e9 de l\u2019ongle. L\u2019ongle est ainsi propre, non gras et bien nourri.<\/p>\n<p>\u00b7\u00a0\u00a0\u00a0\u00a0\u00a0\u00a0\u00a0\u00a0 Sans ac\u00e9tone, utilisable m\u00eame sur les ongles artificiels.<\/p>\n<p>\u00b7\u00a0\u00a0\u00a0\u00a0\u00a0\u00a0\u00a0\u00a0 Pr\u00e9vient la d\u00e9shydratation de l\u2019ongle.<\/p>\n<p>\u00b7\u00a0\u00a0\u00a0\u00a0\u00a0\u00a0\u00a0\u00a0 Tr\u00e8s doux<\/p>\n<p>\u00b7\u00a0\u00a0\u00a0\u00a0\u00a0\u00a0\u00a0\u00a0 Parfum d\u00e9licat<\/p>\n<p>\u00b7\u00a0\u00a0\u00a0\u00a0\u00a0\u00a0\u00a0\u00a0 Am\u00e9liore l\u2019\u00e9lasticit\u00e9 de l\u2019ongle et le nourrit gr\u00e2ce \u00e0 la lanoline et D-Panthenol.<\/p>\n<p>\u00b7\u00a0\u00a0\u00a0\u00a0\u00a0\u00a0\u00a0\u00a0 Convient aux ongles artificiels<\/p>\n","protected":false},"excerpt":{"rendered":"<p>Le soin dissolvant Her\u00f4me ne contient pas d\u2019ac\u00e9tone, ce qui \u00e9vite la d\u00e9shydratation des ongles. La composition est tr\u00e8s douce<\/p>\n","protected":false},"featured_media":32331,"comment_status":"open","ping_status":"closed","template":"","meta":[],"product_brand":[600],"product_cat":[599],"product_tag":[],"class_list":{"0":"post-32287","1":"product","2":"type-product","3":"status-publish","4":"has-post-thumbnail","6":"product_brand-herome","7":"product_cat-soins-mains-et-pieds","9":"first","10":"instock","11":"sale","12":"shipping-taxable","13":"purchasable","14":"product-type-simple"},"yoast_head":"<!-- This site is optimized with the Yoast SEO plugin v26.6 - https:\/\/yoast.com\/wordpress\/plugins\/seo\/ -->\r\n<title>HEROME DISSOLVANT SOIGNANT 120 ML - Paracherkaoui.ma<\/title>\r\n<meta name=\"robots\" content=\"index, follow, max-snippet:-1, max-image-preview:large, max-video-preview:-1\" \/>\r\n<link rel=\"canonical\" href=\"https:\/\/paracherkaoui.ma\/index.php\/produit\/herome-dissolvant-soignant-120-ml\/\" \/>\r\n<meta property=\"og:locale\" content=\"fr_FR\" \/>\r\n<meta property=\"og:type\" content=\"article\" \/>\r\n<meta property=\"og:title\" content=\"HEROME DISSOLVANT SOIGNANT 120 ML - Paracherkaoui.ma\" \/>\r\n<meta property=\"og:description\" content=\"Le soin dissolvant Her\u00f4me ne contient pas d\u2019ac\u00e9tone, ce qui \u00e9vite la d\u00e9shydratation des ongles. La composition est tr\u00e8s douce\" \/>\r\n<meta property=\"og:url\" content=\"https:\/\/paracherkaoui.ma\/index.php\/produit\/herome-dissolvant-soignant-120-ml\/\" \/>\r\n<meta property=\"og:site_name\" content=\"Paracherkaoui.ma\" \/>\r\n<meta property=\"article:modified_time\" content=\"2025-12-12T17:38:07+00:00\" \/>\r\n<meta property=\"og:image\" content=\"https:\/\/paracherkaoui.ma\/wp-content\/uploads\/2025\/12\/herome-herome-dissolvant-soignant-120-ml-soins-des-mains.jpg\" \/>\r\n\t<meta property=\"og:image:width\" content=\"700\" \/>\r\n\t<meta property=\"og:image:height\" content=\"700\" \/>\r\n\t<meta property=\"og:image:type\" content=\"image\/jpeg\" \/>\r\n<meta name=\"twitter:card\" content=\"summary_large_image\" \/>\r\n<meta name=\"twitter:label1\" content=\"Dur\u00e9e de lecture estim\u00e9e\" \/>\n\t<meta name=\"twitter:data1\" content=\"1 minute\" \/>\r\n<script type=\"application\/ld+json\" class=\"yoast-schema-graph\">{\"@context\":\"https:\/\/schema.org\",\"@graph\":[{\"@type\":\"WebPage\",\"@id\":\"https:\/\/paracherkaoui.ma\/index.php\/produit\/herome-dissolvant-soignant-120-ml\/\",\"url\":\"https:\/\/paracherkaoui.ma\/index.php\/produit\/herome-dissolvant-soignant-120-ml\/\",\"name\":\"HEROME DISSOLVANT SOIGNANT 120 ML - Paracherkaoui.ma\",\"isPartOf\":{\"@id\":\"https:\/\/paracherkaoui.ma\/#website\"},\"primaryImageOfPage\":{\"@id\":\"https:\/\/paracherkaoui.ma\/index.php\/produit\/herome-dissolvant-soignant-120-ml\/#primaryimage\"},\"image\":{\"@id\":\"https:\/\/paracherkaoui.ma\/index.php\/produit\/herome-dissolvant-soignant-120-ml\/#primaryimage\"},\"thumbnailUrl\":\"https:\/\/paracherkaoui.ma\/wp-content\/uploads\/2025\/12\/herome-herome-dissolvant-soignant-120-ml-soins-des-mains.jpg\",\"datePublished\":\"2025-12-12T17:38:01+00:00\",\"dateModified\":\"2025-12-12T17:38:07+00:00\",\"breadcrumb\":{\"@id\":\"https:\/\/paracherkaoui.ma\/index.php\/produit\/herome-dissolvant-soignant-120-ml\/#breadcrumb\"},\"inLanguage\":\"fr-FR\",\"potentialAction\":[{\"@type\":\"ReadAction\",\"target\":[\"https:\/\/paracherkaoui.ma\/index.php\/produit\/herome-dissolvant-soignant-120-ml\/\"]}]},{\"@type\":\"ImageObject\",\"inLanguage\":\"fr-FR\",\"@id\":\"https:\/\/paracherkaoui.ma\/index.php\/produit\/herome-dissolvant-soignant-120-ml\/#primaryimage\",\"url\":\"https:\/\/paracherkaoui.ma\/wp-content\/uploads\/2025\/12\/herome-herome-dissolvant-soignant-120-ml-soins-des-mains.jpg\",\"contentUrl\":\"https:\/\/paracherkaoui.ma\/wp-content\/uploads\/2025\/12\/herome-herome-dissolvant-soignant-120-ml-soins-des-mains.jpg\",\"width\":700,\"height\":700},{\"@type\":\"BreadcrumbList\",\"@id\":\"https:\/\/paracherkaoui.ma\/index.php\/produit\/herome-dissolvant-soignant-120-ml\/#breadcrumb\",\"itemListElement\":[{\"@type\":\"ListItem\",\"position\":1,\"name\":\"Accueil\",\"item\":\"https:\/\/paracherkaoui.ma\/\"},{\"@type\":\"ListItem\",\"position\":2,\"name\":\"Boutique\",\"item\":\"https:\/\/paracherkaoui.ma\/index.php\/boutique\/\"},{\"@type\":\"ListItem\",\"position\":3,\"name\":\"HEROME DISSOLVANT SOIGNANT 120 ML\"}]},{\"@type\":\"WebSite\",\"@id\":\"https:\/\/paracherkaoui.ma\/#website\",\"url\":\"https:\/\/paracherkaoui.ma\/\",\"name\":\"Paracherkaoui.ma\",\"description\":\"Achetez en ligne sur Paracherkaoui.ma\",\"potentialAction\":[{\"@type\":\"SearchAction\",\"target\":{\"@type\":\"EntryPoint\",\"urlTemplate\":\"https:\/\/paracherkaoui.ma\/?s={search_term_string}\"},\"query-input\":{\"@type\":\"PropertyValueSpecification\",\"valueRequired\":true,\"valueName\":\"search_term_string\"}}],\"inLanguage\":\"fr-FR\"}]}<\/script>\r\n<!-- \/ Yoast SEO plugin. -->","yoast_head_json":{"title":"HEROME DISSOLVANT SOIGNANT 120 ML - Paracherkaoui.ma","robots":{"index":"index","follow":"follow","max-snippet":"max-snippet:-1","max-image-preview":"max-image-preview:large","max-video-preview":"max-video-preview:-1"},"canonical":"https:\/\/paracherkaoui.ma\/index.php\/produit\/herome-dissolvant-soignant-120-ml\/","og_locale":"fr_FR","og_type":"article","og_title":"HEROME DISSOLVANT SOIGNANT 120 ML - Paracherkaoui.ma","og_description":"Le soin dissolvant Her\u00f4me ne contient pas d\u2019ac\u00e9tone, ce qui \u00e9vite la d\u00e9shydratation des ongles. La composition est tr\u00e8s douce","og_url":"https:\/\/paracherkaoui.ma\/index.php\/produit\/herome-dissolvant-soignant-120-ml\/","og_site_name":"Paracherkaoui.ma","article_modified_time":"2025-12-12T17:38:07+00:00","og_image":[{"width":700,"height":700,"url":"https:\/\/paracherkaoui.ma\/wp-content\/uploads\/2025\/12\/herome-herome-dissolvant-soignant-120-ml-soins-des-mains.jpg","type":"image\/jpeg"}],"twitter_card":"summary_large_image","twitter_misc":{"Dur\u00e9e de lecture estim\u00e9e":"1 minute"},"schema":{"@context":"https:\/\/schema.org","@graph":[{"@type":"WebPage","@id":"https:\/\/paracherkaoui.ma\/index.php\/produit\/herome-dissolvant-soignant-120-ml\/","url":"https:\/\/paracherkaoui.ma\/index.php\/produit\/herome-dissolvant-soignant-120-ml\/","name":"HEROME DISSOLVANT SOIGNANT 120 ML - Paracherkaoui.ma","isPartOf":{"@id":"https:\/\/paracherkaoui.ma\/#website"},"primaryImageOfPage":{"@id":"https:\/\/paracherkaoui.ma\/index.php\/produit\/herome-dissolvant-soignant-120-ml\/#primaryimage"},"image":{"@id":"https:\/\/paracherkaoui.ma\/index.php\/produit\/herome-dissolvant-soignant-120-ml\/#primaryimage"},"thumbnailUrl":"https:\/\/paracherkaoui.ma\/wp-content\/uploads\/2025\/12\/herome-herome-dissolvant-soignant-120-ml-soins-des-mains.jpg","datePublished":"2025-12-12T17:38:01+00:00","dateModified":"2025-12-12T17:38:07+00:00","breadcrumb":{"@id":"https:\/\/paracherkaoui.ma\/index.php\/produit\/herome-dissolvant-soignant-120-ml\/#breadcrumb"},"inLanguage":"fr-FR","potentialAction":[{"@type":"ReadAction","target":["https:\/\/paracherkaoui.ma\/index.php\/produit\/herome-dissolvant-soignant-120-ml\/"]}]},{"@type":"ImageObject","inLanguage":"fr-FR","@id":"https:\/\/paracherkaoui.ma\/index.php\/produit\/herome-dissolvant-soignant-120-ml\/#primaryimage","url":"https:\/\/paracherkaoui.ma\/wp-content\/uploads\/2025\/12\/herome-herome-dissolvant-soignant-120-ml-soins-des-mains.jpg","contentUrl":"https:\/\/paracherkaoui.ma\/wp-content\/uploads\/2025\/12\/herome-herome-dissolvant-soignant-120-ml-soins-des-mains.jpg","width":700,"height":700},{"@type":"BreadcrumbList","@id":"https:\/\/paracherkaoui.ma\/index.php\/produit\/herome-dissolvant-soignant-120-ml\/#breadcrumb","itemListElement":[{"@type":"ListItem","position":1,"name":"Accueil","item":"https:\/\/paracherkaoui.ma\/"},{"@type":"ListItem","position":2,"name":"Boutique","item":"https:\/\/paracherkaoui.ma\/index.php\/boutique\/"},{"@type":"ListItem","position":3,"name":"HEROME DISSOLVANT SOIGNANT 120 ML"}]},{"@type":"WebSite","@id":"https:\/\/paracherkaoui.ma\/#website","url":"https:\/\/paracherkaoui.ma\/","name":"Paracherkaoui.ma","description":"Achetez en ligne sur Paracherkaoui.ma","potentialAction":[{"@type":"SearchAction","target":{"@type":"EntryPoint","urlTemplate":"https:\/\/paracherkaoui.ma\/?s={search_term_string}"},"query-input":{"@type":"PropertyValueSpecification","valueRequired":true,"valueName":"search_term_string"}}],"inLanguage":"fr-FR"}]}},"_links":{"self":[{"href":"https:\/\/paracherkaoui.ma\/index.php\/wp-json\/wp\/v2\/product\/32287","targetHints":{"allow":["GET"]}}],"collection":[{"href":"https:\/\/paracherkaoui.ma\/index.php\/wp-json\/wp\/v2\/product"}],"about":[{"href":"https:\/\/paracherkaoui.ma\/index.php\/wp-json\/wp\/v2\/types\/product"}],"replies":[{"embeddable":true,"href":"https:\/\/paracherkaoui.ma\/index.php\/wp-json\/wp\/v2\/comments?post=32287"}],"version-history":[{"count":1,"href":"https:\/\/paracherkaoui.ma\/index.php\/wp-json\/wp\/v2\/product\/32287\/revisions"}],"predecessor-version":[{"id":32332,"href":"https:\/\/paracherkaoui.ma\/index.php\/wp-json\/wp\/v2\/product\/32287\/revisions\/32332"}],"wp:featuredmedia":[{"embeddable":true,"href":"https:\/\/paracherkaoui.ma\/index.php\/wp-json\/wp\/v2\/media\/32331"}],"wp:attachment":[{"href":"https:\/\/paracherkaoui.ma\/index.php\/wp-json\/wp\/v2\/media?parent=32287"}],"wp:term":[{"taxonomy":"product_brand","embeddable":true,"href":"https:\/\/paracherkaoui.ma\/index.php\/wp-json\/wp\/v2\/product_brand?post=32287"},{"taxonomy":"product_cat","embeddable":true,"href":"https:\/\/paracherkaoui.ma\/index.php\/wp-json\/wp\/v2\/product_cat?post=32287"},{"taxonomy":"product_tag","embeddable":true,"href":"https:\/\/paracherkaoui.ma\/index.php\/wp-json\/wp\/v2\/product_tag?post=32287"}],"curies":[{"name":"wp","href":"https:\/\/api.w.org\/{rel}","templated":true}]}}