{"id":32280,"date":"2025-12-12T18:38:00","date_gmt":"2025-12-12T17:38:00","guid":{"rendered":"https:\/\/test.ecbeaute.com\/?post_type=product&#038;p=32280"},"modified":"2025-12-12T18:38:05","modified_gmt":"2025-12-12T17:38:05","slug":"eucerin-urea-repair-plus-creme-mains-5-d-uree-75-ml-3","status":"publish","type":"product","link":"https:\/\/paracherkaoui.ma\/index.php\/produit\/eucerin-urea-repair-plus-creme-mains-5-d-uree-75-ml-3\/","title":{"rendered":"EUCERIN UREA REPAIR PLUS CREME MAINS 5% D&rsquo; UREE 75 ML"},"content":{"rendered":"<p>L\u2019ur\u00e9e, ingr\u00e9dient star de la gamme UreaRepair, est reconnue comme le gold standard\u00a0des actifs hydratants. Elle permet de capter et de retenir l\u2019eau dans les couches sup\u00e9rieures de l\u2019\u00e9piderme, restaurant ainsi efficacement la barri\u00e8re cutan\u00e9e. Gr\u00e2ce \u00e0 sa texture riche mais non grasse, cette cr\u00e8me p\u00e9n\u00e8tre rapidement sans laisser de film collant, pour un confort instantan\u00e9.<br \/>\nCe soin r\u00e9parateur apaise imm\u00e9diatement la sensation de tiraillement et r\u00e9duit visiblement la rugosit\u00e9 des mains d\u00e8s la premi\u00e8re application. Il est \u00e9galement enrichi en c\u00e9ramides et lipides pour renforcer la barri\u00e8re cutan\u00e9e, pr\u00e9venir la d\u00e9shydratation et am\u00e9liorer la souplesse de la peau.<br \/>\nSans parfum, elle convient parfaitement aux peaux sensibles et peut \u00eatre utilis\u00e9e aussi souvent que n\u00e9cessaire. Elle est id\u00e9ale en p\u00e9riode de froid, ou apr\u00e8s un lavage fr\u00e9quent des mains.<br \/>\nConseils d\u2019utilisation :<br \/>\nAppliquer une noisette de cr\u00e8me sur les mains propres et s\u00e8ches.<br \/>\nMasser doucement jusqu\u2019\u00e0 absorption compl\u00e8te.<br \/>\nRenouveler l\u2019application autant de fois que n\u00e9cessaire, notamment apr\u00e8s chaque lavage des mains.<br \/>\nNe pas conserver \u00e0 plus de 25\u00b0C.<br \/>\nComposition<br \/>\nAqua, Glycerin, Urea, Dibutyl Adipate, Glyceryl Stearate, Stearyl Alcohol, Dicaprylyl Ether, Cetearyl Alcohol, Sodium Lactate, Tapioca Starch, Glyceryl Stearate SE, Ceramide NP, Lactic Acid, Arginine HCL, Sodium PCA, Cholesterol, Helianthus Annuus Seed Oil, Alanine, Carnitine, Glycine, Sodium Chloride, Dimethicone, Xanthan Gum, Sodium Cetearyl Sulfate, Decylene Glycol, Phenoxyethanol, Pentylene Glycol<\/p>\n","protected":false},"excerpt":{"rendered":"<p>L\u2019ur\u00e9e, ingr\u00e9dient star de la gamme UreaRepair, est reconnue comme le gold standard\u00a0des actifs hydratants. Elle permet de capter et<\/p>\n","protected":false},"featured_media":11071,"comment_status":"open","ping_status":"closed","template":"","meta":[],"product_brand":[134],"product_cat":[599],"product_tag":[],"class_list":{"0":"post-32280","1":"product","2":"type-product","3":"status-publish","4":"has-post-thumbnail","6":"product_brand-eucerin","7":"product_cat-soins-mains-et-pieds","9":"first","10":"instock","11":"sale","12":"shipping-taxable","13":"purchasable","14":"product-type-simple"},"yoast_head":"<!-- This site is optimized with the Yoast SEO plugin v26.6 - https:\/\/yoast.com\/wordpress\/plugins\/seo\/ -->\r\n<title>EUCERIN UREA REPAIR PLUS CREME MAINS 5% D&#039; UREE 75 ML - Paracherkaoui.ma<\/title>\r\n<meta name=\"robots\" content=\"index, follow, max-snippet:-1, max-image-preview:large, max-video-preview:-1\" \/>\r\n<link rel=\"canonical\" href=\"https:\/\/paracherkaoui.ma\/index.php\/produit\/eucerin-urea-repair-plus-creme-mains-5-d-uree-75-ml-3\/\" \/>\r\n<meta property=\"og:locale\" content=\"fr_FR\" \/>\r\n<meta property=\"og:type\" content=\"article\" \/>\r\n<meta property=\"og:title\" content=\"EUCERIN UREA REPAIR PLUS CREME MAINS 5% D&#039; UREE 75 ML - Paracherkaoui.ma\" \/>\r\n<meta property=\"og:description\" content=\"L\u2019ur\u00e9e, ingr\u00e9dient star de la gamme UreaRepair, est reconnue comme le gold standard\u00a0des actifs hydratants. Elle permet de capter et\" \/>\r\n<meta property=\"og:url\" content=\"https:\/\/paracherkaoui.ma\/index.php\/produit\/eucerin-urea-repair-plus-creme-mains-5-d-uree-75-ml-3\/\" \/>\r\n<meta property=\"og:site_name\" content=\"Paracherkaoui.ma\" \/>\r\n<meta property=\"article:modified_time\" content=\"2025-12-12T17:38:05+00:00\" \/>\r\n<meta property=\"og:image\" content=\"https:\/\/paracherkaoui.ma\/wp-content\/uploads\/2025\/12\/eucerin-eucerin-urea-repair-plus-creme-mains-5-d-uree-75-ml-soins-mains-et-pieds.jpg\" \/>\r\n\t<meta property=\"og:image:width\" content=\"700\" \/>\r\n\t<meta property=\"og:image:height\" content=\"700\" \/>\r\n\t<meta property=\"og:image:type\" content=\"image\/jpeg\" \/>\r\n<meta name=\"twitter:card\" content=\"summary_large_image\" \/>\r\n<meta name=\"twitter:label1\" content=\"Dur\u00e9e de lecture estim\u00e9e\" \/>\n\t<meta name=\"twitter:data1\" content=\"1 minute\" \/>\r\n<script type=\"application\/ld+json\" class=\"yoast-schema-graph\">{\"@context\":\"https:\/\/schema.org\",\"@graph\":[{\"@type\":\"WebPage\",\"@id\":\"https:\/\/paracherkaoui.ma\/index.php\/produit\/eucerin-urea-repair-plus-creme-mains-5-d-uree-75-ml-3\/\",\"url\":\"https:\/\/paracherkaoui.ma\/index.php\/produit\/eucerin-urea-repair-plus-creme-mains-5-d-uree-75-ml-3\/\",\"name\":\"EUCERIN UREA REPAIR PLUS CREME MAINS 5% D' UREE 75 ML - Paracherkaoui.ma\",\"isPartOf\":{\"@id\":\"https:\/\/paracherkaoui.ma\/#website\"},\"primaryImageOfPage\":{\"@id\":\"https:\/\/paracherkaoui.ma\/index.php\/produit\/eucerin-urea-repair-plus-creme-mains-5-d-uree-75-ml-3\/#primaryimage\"},\"image\":{\"@id\":\"https:\/\/paracherkaoui.ma\/index.php\/produit\/eucerin-urea-repair-plus-creme-mains-5-d-uree-75-ml-3\/#primaryimage\"},\"thumbnailUrl\":\"https:\/\/paracherkaoui.ma\/wp-content\/uploads\/2025\/12\/eucerin-eucerin-urea-repair-plus-creme-mains-5-d-uree-75-ml-soins-mains-et-pieds.jpg\",\"datePublished\":\"2025-12-12T17:38:00+00:00\",\"dateModified\":\"2025-12-12T17:38:05+00:00\",\"breadcrumb\":{\"@id\":\"https:\/\/paracherkaoui.ma\/index.php\/produit\/eucerin-urea-repair-plus-creme-mains-5-d-uree-75-ml-3\/#breadcrumb\"},\"inLanguage\":\"fr-FR\",\"potentialAction\":[{\"@type\":\"ReadAction\",\"target\":[\"https:\/\/paracherkaoui.ma\/index.php\/produit\/eucerin-urea-repair-plus-creme-mains-5-d-uree-75-ml-3\/\"]}]},{\"@type\":\"ImageObject\",\"inLanguage\":\"fr-FR\",\"@id\":\"https:\/\/paracherkaoui.ma\/index.php\/produit\/eucerin-urea-repair-plus-creme-mains-5-d-uree-75-ml-3\/#primaryimage\",\"url\":\"https:\/\/paracherkaoui.ma\/wp-content\/uploads\/2025\/12\/eucerin-eucerin-urea-repair-plus-creme-mains-5-d-uree-75-ml-soins-mains-et-pieds.jpg\",\"contentUrl\":\"https:\/\/paracherkaoui.ma\/wp-content\/uploads\/2025\/12\/eucerin-eucerin-urea-repair-plus-creme-mains-5-d-uree-75-ml-soins-mains-et-pieds.jpg\",\"width\":700,\"height\":700},{\"@type\":\"BreadcrumbList\",\"@id\":\"https:\/\/paracherkaoui.ma\/index.php\/produit\/eucerin-urea-repair-plus-creme-mains-5-d-uree-75-ml-3\/#breadcrumb\",\"itemListElement\":[{\"@type\":\"ListItem\",\"position\":1,\"name\":\"Accueil\",\"item\":\"https:\/\/paracherkaoui.ma\/\"},{\"@type\":\"ListItem\",\"position\":2,\"name\":\"Boutique\",\"item\":\"https:\/\/paracherkaoui.ma\/index.php\/boutique\/\"},{\"@type\":\"ListItem\",\"position\":3,\"name\":\"EUCERIN UREA REPAIR PLUS CREME MAINS 5% D&rsquo; UREE 75 ML\"}]},{\"@type\":\"WebSite\",\"@id\":\"https:\/\/paracherkaoui.ma\/#website\",\"url\":\"https:\/\/paracherkaoui.ma\/\",\"name\":\"Paracherkaoui.ma\",\"description\":\"Achetez en ligne sur Paracherkaoui.ma\",\"potentialAction\":[{\"@type\":\"SearchAction\",\"target\":{\"@type\":\"EntryPoint\",\"urlTemplate\":\"https:\/\/paracherkaoui.ma\/?s={search_term_string}\"},\"query-input\":{\"@type\":\"PropertyValueSpecification\",\"valueRequired\":true,\"valueName\":\"search_term_string\"}}],\"inLanguage\":\"fr-FR\"}]}<\/script>\r\n<!-- \/ Yoast SEO plugin. -->","yoast_head_json":{"title":"EUCERIN UREA REPAIR PLUS CREME MAINS 5% D' UREE 75 ML - Paracherkaoui.ma","robots":{"index":"index","follow":"follow","max-snippet":"max-snippet:-1","max-image-preview":"max-image-preview:large","max-video-preview":"max-video-preview:-1"},"canonical":"https:\/\/paracherkaoui.ma\/index.php\/produit\/eucerin-urea-repair-plus-creme-mains-5-d-uree-75-ml-3\/","og_locale":"fr_FR","og_type":"article","og_title":"EUCERIN UREA REPAIR PLUS CREME MAINS 5% D' UREE 75 ML - Paracherkaoui.ma","og_description":"L\u2019ur\u00e9e, ingr\u00e9dient star de la gamme UreaRepair, est reconnue comme le gold standard\u00a0des actifs hydratants. Elle permet de capter et","og_url":"https:\/\/paracherkaoui.ma\/index.php\/produit\/eucerin-urea-repair-plus-creme-mains-5-d-uree-75-ml-3\/","og_site_name":"Paracherkaoui.ma","article_modified_time":"2025-12-12T17:38:05+00:00","og_image":[{"width":700,"height":700,"url":"https:\/\/paracherkaoui.ma\/wp-content\/uploads\/2025\/12\/eucerin-eucerin-urea-repair-plus-creme-mains-5-d-uree-75-ml-soins-mains-et-pieds.jpg","type":"image\/jpeg"}],"twitter_card":"summary_large_image","twitter_misc":{"Dur\u00e9e de lecture estim\u00e9e":"1 minute"},"schema":{"@context":"https:\/\/schema.org","@graph":[{"@type":"WebPage","@id":"https:\/\/paracherkaoui.ma\/index.php\/produit\/eucerin-urea-repair-plus-creme-mains-5-d-uree-75-ml-3\/","url":"https:\/\/paracherkaoui.ma\/index.php\/produit\/eucerin-urea-repair-plus-creme-mains-5-d-uree-75-ml-3\/","name":"EUCERIN UREA REPAIR PLUS CREME MAINS 5% D' UREE 75 ML - Paracherkaoui.ma","isPartOf":{"@id":"https:\/\/paracherkaoui.ma\/#website"},"primaryImageOfPage":{"@id":"https:\/\/paracherkaoui.ma\/index.php\/produit\/eucerin-urea-repair-plus-creme-mains-5-d-uree-75-ml-3\/#primaryimage"},"image":{"@id":"https:\/\/paracherkaoui.ma\/index.php\/produit\/eucerin-urea-repair-plus-creme-mains-5-d-uree-75-ml-3\/#primaryimage"},"thumbnailUrl":"https:\/\/paracherkaoui.ma\/wp-content\/uploads\/2025\/12\/eucerin-eucerin-urea-repair-plus-creme-mains-5-d-uree-75-ml-soins-mains-et-pieds.jpg","datePublished":"2025-12-12T17:38:00+00:00","dateModified":"2025-12-12T17:38:05+00:00","breadcrumb":{"@id":"https:\/\/paracherkaoui.ma\/index.php\/produit\/eucerin-urea-repair-plus-creme-mains-5-d-uree-75-ml-3\/#breadcrumb"},"inLanguage":"fr-FR","potentialAction":[{"@type":"ReadAction","target":["https:\/\/paracherkaoui.ma\/index.php\/produit\/eucerin-urea-repair-plus-creme-mains-5-d-uree-75-ml-3\/"]}]},{"@type":"ImageObject","inLanguage":"fr-FR","@id":"https:\/\/paracherkaoui.ma\/index.php\/produit\/eucerin-urea-repair-plus-creme-mains-5-d-uree-75-ml-3\/#primaryimage","url":"https:\/\/paracherkaoui.ma\/wp-content\/uploads\/2025\/12\/eucerin-eucerin-urea-repair-plus-creme-mains-5-d-uree-75-ml-soins-mains-et-pieds.jpg","contentUrl":"https:\/\/paracherkaoui.ma\/wp-content\/uploads\/2025\/12\/eucerin-eucerin-urea-repair-plus-creme-mains-5-d-uree-75-ml-soins-mains-et-pieds.jpg","width":700,"height":700},{"@type":"BreadcrumbList","@id":"https:\/\/paracherkaoui.ma\/index.php\/produit\/eucerin-urea-repair-plus-creme-mains-5-d-uree-75-ml-3\/#breadcrumb","itemListElement":[{"@type":"ListItem","position":1,"name":"Accueil","item":"https:\/\/paracherkaoui.ma\/"},{"@type":"ListItem","position":2,"name":"Boutique","item":"https:\/\/paracherkaoui.ma\/index.php\/boutique\/"},{"@type":"ListItem","position":3,"name":"EUCERIN UREA REPAIR PLUS CREME MAINS 5% D&rsquo; UREE 75 ML"}]},{"@type":"WebSite","@id":"https:\/\/paracherkaoui.ma\/#website","url":"https:\/\/paracherkaoui.ma\/","name":"Paracherkaoui.ma","description":"Achetez en ligne sur Paracherkaoui.ma","potentialAction":[{"@type":"SearchAction","target":{"@type":"EntryPoint","urlTemplate":"https:\/\/paracherkaoui.ma\/?s={search_term_string}"},"query-input":{"@type":"PropertyValueSpecification","valueRequired":true,"valueName":"search_term_string"}}],"inLanguage":"fr-FR"}]}},"_links":{"self":[{"href":"https:\/\/paracherkaoui.ma\/index.php\/wp-json\/wp\/v2\/product\/32280","targetHints":{"allow":["GET"]}}],"collection":[{"href":"https:\/\/paracherkaoui.ma\/index.php\/wp-json\/wp\/v2\/product"}],"about":[{"href":"https:\/\/paracherkaoui.ma\/index.php\/wp-json\/wp\/v2\/types\/product"}],"replies":[{"embeddable":true,"href":"https:\/\/paracherkaoui.ma\/index.php\/wp-json\/wp\/v2\/comments?post=32280"}],"version-history":[{"count":1,"href":"https:\/\/paracherkaoui.ma\/index.php\/wp-json\/wp\/v2\/product\/32280\/revisions"}],"predecessor-version":[{"id":32320,"href":"https:\/\/paracherkaoui.ma\/index.php\/wp-json\/wp\/v2\/product\/32280\/revisions\/32320"}],"wp:featuredmedia":[{"embeddable":true,"href":"https:\/\/paracherkaoui.ma\/index.php\/wp-json\/wp\/v2\/media\/11071"}],"wp:attachment":[{"href":"https:\/\/paracherkaoui.ma\/index.php\/wp-json\/wp\/v2\/media?parent=32280"}],"wp:term":[{"taxonomy":"product_brand","embeddable":true,"href":"https:\/\/paracherkaoui.ma\/index.php\/wp-json\/wp\/v2\/product_brand?post=32280"},{"taxonomy":"product_cat","embeddable":true,"href":"https:\/\/paracherkaoui.ma\/index.php\/wp-json\/wp\/v2\/product_cat?post=32280"},{"taxonomy":"product_tag","embeddable":true,"href":"https:\/\/paracherkaoui.ma\/index.php\/wp-json\/wp\/v2\/product_tag?post=32280"}],"curies":[{"name":"wp","href":"https:\/\/api.w.org\/{rel}","templated":true}]}}