{"id":32277,"date":"2025-12-12T18:38:00","date_gmt":"2025-12-12T17:38:00","guid":{"rendered":"https:\/\/test.ecbeaute.com\/?post_type=product&#038;p=32277"},"modified":"2025-12-12T18:38:04","modified_gmt":"2025-12-12T17:38:04","slug":"neutrogena-creme-pieds-nutrition-intense-100-ml","status":"publish","type":"product","link":"https:\/\/paracherkaoui.ma\/index.php\/produit\/neutrogena-creme-pieds-nutrition-intense-100-ml\/","title":{"rendered":"NEUTROGENA CREME PIEDS NUTRITION INTENSE 100 ML"},"content":{"rendered":"<p>La cr\u00e8me pieds tr\u00e8s secs et ab\u00eem\u00e9s FORMULE NORVEGIENNE\u00aehydrate intens\u00e9ment pour soulager imm\u00e9diatement m\u00eame la peau des pieds les plus secs. D\u00e9velopp\u00e9e avec nos dermatologues, sa formule enrichie en glyc\u00e9rine aide \u00e0 r\u00e9parer la peau de vos pieds d\u00e8s le 1er jour, et:<br \/>\n\u25cf \u00a0 \u00a0 Assure une hydratation pendant 24h<br \/>\n\u25cf \u00a0 \u00a0 Aide \u00e0 pr\u00e9venir la formation de rugosit\u00e9s<br \/>\nD\u00e8s la premi\u00e8re application, vos pieds sont soulag\u00e9s, votre peau est visiblement plus douce et plus souple. Sa texture non collante est rapidement absorb\u00e9e.<\/p>\n","protected":false},"excerpt":{"rendered":"<p>La cr\u00e8me pieds tr\u00e8s secs et ab\u00eem\u00e9s FORMULE NORVEGIENNE\u00aehydrate intens\u00e9ment pour soulager imm\u00e9diatement m\u00eame la peau des pieds les plus<\/p>\n","protected":false},"featured_media":32315,"comment_status":"open","ping_status":"closed","template":"","meta":[],"product_brand":[436],"product_cat":[599],"product_tag":[],"class_list":{"0":"post-32277","1":"product","2":"type-product","3":"status-publish","4":"has-post-thumbnail","6":"product_brand-neutrogena","7":"product_cat-soins-mains-et-pieds","9":"first","10":"instock","11":"sale","12":"shipping-taxable","13":"purchasable","14":"product-type-simple"},"yoast_head":"<!-- This site is optimized with the Yoast SEO plugin v26.6 - https:\/\/yoast.com\/wordpress\/plugins\/seo\/ -->\r\n<title>NEUTROGENA CREME PIEDS NUTRITION INTENSE 100 ML - Paracherkaoui.ma<\/title>\r\n<meta name=\"robots\" content=\"index, follow, max-snippet:-1, max-image-preview:large, max-video-preview:-1\" \/>\r\n<link rel=\"canonical\" href=\"https:\/\/paracherkaoui.ma\/index.php\/produit\/neutrogena-creme-pieds-nutrition-intense-100-ml\/\" \/>\r\n<meta property=\"og:locale\" content=\"fr_FR\" \/>\r\n<meta property=\"og:type\" content=\"article\" \/>\r\n<meta property=\"og:title\" content=\"NEUTROGENA CREME PIEDS NUTRITION INTENSE 100 ML - Paracherkaoui.ma\" \/>\r\n<meta property=\"og:description\" content=\"La cr\u00e8me pieds tr\u00e8s secs et ab\u00eem\u00e9s FORMULE NORVEGIENNE\u00aehydrate intens\u00e9ment pour soulager imm\u00e9diatement m\u00eame la peau des pieds les plus\" \/>\r\n<meta property=\"og:url\" content=\"https:\/\/paracherkaoui.ma\/index.php\/produit\/neutrogena-creme-pieds-nutrition-intense-100-ml\/\" \/>\r\n<meta property=\"og:site_name\" content=\"Paracherkaoui.ma\" \/>\r\n<meta property=\"article:modified_time\" content=\"2025-12-12T17:38:04+00:00\" \/>\r\n<meta property=\"og:image\" content=\"https:\/\/paracherkaoui.ma\/wp-content\/uploads\/2025\/12\/neutrogena-neutrogena-creme-pieds-nutrition-intense-100-ml-home.jpg\" \/>\r\n\t<meta property=\"og:image:width\" content=\"700\" \/>\r\n\t<meta property=\"og:image:height\" content=\"700\" \/>\r\n\t<meta property=\"og:image:type\" content=\"image\/jpeg\" \/>\r\n<meta name=\"twitter:card\" content=\"summary_large_image\" \/>\r\n<script type=\"application\/ld+json\" class=\"yoast-schema-graph\">{\"@context\":\"https:\/\/schema.org\",\"@graph\":[{\"@type\":\"WebPage\",\"@id\":\"https:\/\/paracherkaoui.ma\/index.php\/produit\/neutrogena-creme-pieds-nutrition-intense-100-ml\/\",\"url\":\"https:\/\/paracherkaoui.ma\/index.php\/produit\/neutrogena-creme-pieds-nutrition-intense-100-ml\/\",\"name\":\"NEUTROGENA CREME PIEDS NUTRITION INTENSE 100 ML - Paracherkaoui.ma\",\"isPartOf\":{\"@id\":\"https:\/\/paracherkaoui.ma\/#website\"},\"primaryImageOfPage\":{\"@id\":\"https:\/\/paracherkaoui.ma\/index.php\/produit\/neutrogena-creme-pieds-nutrition-intense-100-ml\/#primaryimage\"},\"image\":{\"@id\":\"https:\/\/paracherkaoui.ma\/index.php\/produit\/neutrogena-creme-pieds-nutrition-intense-100-ml\/#primaryimage\"},\"thumbnailUrl\":\"https:\/\/paracherkaoui.ma\/wp-content\/uploads\/2025\/12\/neutrogena-neutrogena-creme-pieds-nutrition-intense-100-ml-home.jpg\",\"datePublished\":\"2025-12-12T17:38:00+00:00\",\"dateModified\":\"2025-12-12T17:38:04+00:00\",\"breadcrumb\":{\"@id\":\"https:\/\/paracherkaoui.ma\/index.php\/produit\/neutrogena-creme-pieds-nutrition-intense-100-ml\/#breadcrumb\"},\"inLanguage\":\"fr-FR\",\"potentialAction\":[{\"@type\":\"ReadAction\",\"target\":[\"https:\/\/paracherkaoui.ma\/index.php\/produit\/neutrogena-creme-pieds-nutrition-intense-100-ml\/\"]}]},{\"@type\":\"ImageObject\",\"inLanguage\":\"fr-FR\",\"@id\":\"https:\/\/paracherkaoui.ma\/index.php\/produit\/neutrogena-creme-pieds-nutrition-intense-100-ml\/#primaryimage\",\"url\":\"https:\/\/paracherkaoui.ma\/wp-content\/uploads\/2025\/12\/neutrogena-neutrogena-creme-pieds-nutrition-intense-100-ml-home.jpg\",\"contentUrl\":\"https:\/\/paracherkaoui.ma\/wp-content\/uploads\/2025\/12\/neutrogena-neutrogena-creme-pieds-nutrition-intense-100-ml-home.jpg\",\"width\":700,\"height\":700},{\"@type\":\"BreadcrumbList\",\"@id\":\"https:\/\/paracherkaoui.ma\/index.php\/produit\/neutrogena-creme-pieds-nutrition-intense-100-ml\/#breadcrumb\",\"itemListElement\":[{\"@type\":\"ListItem\",\"position\":1,\"name\":\"Accueil\",\"item\":\"https:\/\/paracherkaoui.ma\/\"},{\"@type\":\"ListItem\",\"position\":2,\"name\":\"Boutique\",\"item\":\"https:\/\/paracherkaoui.ma\/index.php\/boutique\/\"},{\"@type\":\"ListItem\",\"position\":3,\"name\":\"NEUTROGENA CREME PIEDS NUTRITION INTENSE 100 ML\"}]},{\"@type\":\"WebSite\",\"@id\":\"https:\/\/paracherkaoui.ma\/#website\",\"url\":\"https:\/\/paracherkaoui.ma\/\",\"name\":\"Paracherkaoui.ma\",\"description\":\"Achetez en ligne sur Paracherkaoui.ma\",\"potentialAction\":[{\"@type\":\"SearchAction\",\"target\":{\"@type\":\"EntryPoint\",\"urlTemplate\":\"https:\/\/paracherkaoui.ma\/?s={search_term_string}\"},\"query-input\":{\"@type\":\"PropertyValueSpecification\",\"valueRequired\":true,\"valueName\":\"search_term_string\"}}],\"inLanguage\":\"fr-FR\"}]}<\/script>\r\n<!-- \/ Yoast SEO plugin. -->","yoast_head_json":{"title":"NEUTROGENA CREME PIEDS NUTRITION INTENSE 100 ML - Paracherkaoui.ma","robots":{"index":"index","follow":"follow","max-snippet":"max-snippet:-1","max-image-preview":"max-image-preview:large","max-video-preview":"max-video-preview:-1"},"canonical":"https:\/\/paracherkaoui.ma\/index.php\/produit\/neutrogena-creme-pieds-nutrition-intense-100-ml\/","og_locale":"fr_FR","og_type":"article","og_title":"NEUTROGENA CREME PIEDS NUTRITION INTENSE 100 ML - Paracherkaoui.ma","og_description":"La cr\u00e8me pieds tr\u00e8s secs et ab\u00eem\u00e9s FORMULE NORVEGIENNE\u00aehydrate intens\u00e9ment pour soulager imm\u00e9diatement m\u00eame la peau des pieds les plus","og_url":"https:\/\/paracherkaoui.ma\/index.php\/produit\/neutrogena-creme-pieds-nutrition-intense-100-ml\/","og_site_name":"Paracherkaoui.ma","article_modified_time":"2025-12-12T17:38:04+00:00","og_image":[{"width":700,"height":700,"url":"https:\/\/paracherkaoui.ma\/wp-content\/uploads\/2025\/12\/neutrogena-neutrogena-creme-pieds-nutrition-intense-100-ml-home.jpg","type":"image\/jpeg"}],"twitter_card":"summary_large_image","schema":{"@context":"https:\/\/schema.org","@graph":[{"@type":"WebPage","@id":"https:\/\/paracherkaoui.ma\/index.php\/produit\/neutrogena-creme-pieds-nutrition-intense-100-ml\/","url":"https:\/\/paracherkaoui.ma\/index.php\/produit\/neutrogena-creme-pieds-nutrition-intense-100-ml\/","name":"NEUTROGENA CREME PIEDS NUTRITION INTENSE 100 ML - Paracherkaoui.ma","isPartOf":{"@id":"https:\/\/paracherkaoui.ma\/#website"},"primaryImageOfPage":{"@id":"https:\/\/paracherkaoui.ma\/index.php\/produit\/neutrogena-creme-pieds-nutrition-intense-100-ml\/#primaryimage"},"image":{"@id":"https:\/\/paracherkaoui.ma\/index.php\/produit\/neutrogena-creme-pieds-nutrition-intense-100-ml\/#primaryimage"},"thumbnailUrl":"https:\/\/paracherkaoui.ma\/wp-content\/uploads\/2025\/12\/neutrogena-neutrogena-creme-pieds-nutrition-intense-100-ml-home.jpg","datePublished":"2025-12-12T17:38:00+00:00","dateModified":"2025-12-12T17:38:04+00:00","breadcrumb":{"@id":"https:\/\/paracherkaoui.ma\/index.php\/produit\/neutrogena-creme-pieds-nutrition-intense-100-ml\/#breadcrumb"},"inLanguage":"fr-FR","potentialAction":[{"@type":"ReadAction","target":["https:\/\/paracherkaoui.ma\/index.php\/produit\/neutrogena-creme-pieds-nutrition-intense-100-ml\/"]}]},{"@type":"ImageObject","inLanguage":"fr-FR","@id":"https:\/\/paracherkaoui.ma\/index.php\/produit\/neutrogena-creme-pieds-nutrition-intense-100-ml\/#primaryimage","url":"https:\/\/paracherkaoui.ma\/wp-content\/uploads\/2025\/12\/neutrogena-neutrogena-creme-pieds-nutrition-intense-100-ml-home.jpg","contentUrl":"https:\/\/paracherkaoui.ma\/wp-content\/uploads\/2025\/12\/neutrogena-neutrogena-creme-pieds-nutrition-intense-100-ml-home.jpg","width":700,"height":700},{"@type":"BreadcrumbList","@id":"https:\/\/paracherkaoui.ma\/index.php\/produit\/neutrogena-creme-pieds-nutrition-intense-100-ml\/#breadcrumb","itemListElement":[{"@type":"ListItem","position":1,"name":"Accueil","item":"https:\/\/paracherkaoui.ma\/"},{"@type":"ListItem","position":2,"name":"Boutique","item":"https:\/\/paracherkaoui.ma\/index.php\/boutique\/"},{"@type":"ListItem","position":3,"name":"NEUTROGENA CREME PIEDS NUTRITION INTENSE 100 ML"}]},{"@type":"WebSite","@id":"https:\/\/paracherkaoui.ma\/#website","url":"https:\/\/paracherkaoui.ma\/","name":"Paracherkaoui.ma","description":"Achetez en ligne sur Paracherkaoui.ma","potentialAction":[{"@type":"SearchAction","target":{"@type":"EntryPoint","urlTemplate":"https:\/\/paracherkaoui.ma\/?s={search_term_string}"},"query-input":{"@type":"PropertyValueSpecification","valueRequired":true,"valueName":"search_term_string"}}],"inLanguage":"fr-FR"}]}},"_links":{"self":[{"href":"https:\/\/paracherkaoui.ma\/index.php\/wp-json\/wp\/v2\/product\/32277","targetHints":{"allow":["GET"]}}],"collection":[{"href":"https:\/\/paracherkaoui.ma\/index.php\/wp-json\/wp\/v2\/product"}],"about":[{"href":"https:\/\/paracherkaoui.ma\/index.php\/wp-json\/wp\/v2\/types\/product"}],"replies":[{"embeddable":true,"href":"https:\/\/paracherkaoui.ma\/index.php\/wp-json\/wp\/v2\/comments?post=32277"}],"version-history":[{"count":1,"href":"https:\/\/paracherkaoui.ma\/index.php\/wp-json\/wp\/v2\/product\/32277\/revisions"}],"predecessor-version":[{"id":32316,"href":"https:\/\/paracherkaoui.ma\/index.php\/wp-json\/wp\/v2\/product\/32277\/revisions\/32316"}],"wp:featuredmedia":[{"embeddable":true,"href":"https:\/\/paracherkaoui.ma\/index.php\/wp-json\/wp\/v2\/media\/32315"}],"wp:attachment":[{"href":"https:\/\/paracherkaoui.ma\/index.php\/wp-json\/wp\/v2\/media?parent=32277"}],"wp:term":[{"taxonomy":"product_brand","embeddable":true,"href":"https:\/\/paracherkaoui.ma\/index.php\/wp-json\/wp\/v2\/product_brand?post=32277"},{"taxonomy":"product_cat","embeddable":true,"href":"https:\/\/paracherkaoui.ma\/index.php\/wp-json\/wp\/v2\/product_cat?post=32277"},{"taxonomy":"product_tag","embeddable":true,"href":"https:\/\/paracherkaoui.ma\/index.php\/wp-json\/wp\/v2\/product_tag?post=32277"}],"curies":[{"name":"wp","href":"https:\/\/api.w.org\/{rel}","templated":true}]}}