{"id":32209,"date":"2025-12-12T18:37:43","date_gmt":"2025-12-12T17:37:43","guid":{"rendered":"https:\/\/test.ecbeaute.com\/?post_type=product&#038;p=32209"},"modified":"2025-12-12T18:37:58","modified_gmt":"2025-12-12T17:37:58","slug":"biotherm-biocorps-anti-bump-body-serum-200ml","status":"publish","type":"product","link":"https:\/\/paracherkaoui.ma\/index.php\/produit\/biotherm-biocorps-anti-bump-body-serum-200ml\/","title":{"rendered":"BIOTHERM BIOCORPS ANTI BUMP BODY SERUM 200ML"},"content":{"rendered":"<p>Ce s\u00e9rum nouvelle g\u00e9n\u00e9ration est sp\u00e9cialement con\u00e7u pour les probl\u00e9matiques cutan\u00e9es du corps, souvent n\u00e9glig\u00e9es : les imperfections, la texture rugueuse, la fameuse \u00ab\u00a0peau de fraise\u00a0\u00bb (k\u00e9ratose pilaire) et la peau \u00e0 tendance acn\u00e9ique sur des zones comme le dos, les bras ou les fesses. Sa formule unique combine le meilleur des ingr\u00e9dients actifs pour une efficacit\u00e9 prouv\u00e9e, agissant \u00e0 la fois en surface et en profondeur. Au c\u0153ur de cette innovation, un duo de choc : Le Plancton de Vie\u2122 r\u00e9g\u00e9n\u00e9rant et booster d&rsquo;efficacit\u00e9 : Cet ingr\u00e9dient bio-affinit\u00e9, exclusif \u00e0 la marque, est une v\u00e9ritable merveille de la nature. Il poss\u00e8de des propri\u00e9t\u00e9s r\u00e9g\u00e9n\u00e9rantes exceptionnelles, aidant \u00e0 r\u00e9parer la peau et \u00e0 stimuler ses m\u00e9canismes naturels de d\u00e9fense. En synergie avec les acides, il d\u00e9cuple l&rsquo;efficacit\u00e9 de la formule pour une peau d&rsquo;apparence saine et revitalis\u00e9e. Un trio d&rsquo;acides puissants \u00e0 5 % (AHA + BHA + PHA) : Cette combinaison experte d&rsquo;acides offre une exfoliation douce mais efficace et une action purifiante in\u00e9gal\u00e9e. Les AHA (Acides Alpha-Hydroxyl\u00e9s), comme l&rsquo;acide glycolique, agissent en surface pour \u00e9liminer les cellules mortes, lisser le grain de peau et r\u00e9v\u00e9ler une luminosit\u00e9 accrue. Les BHA (Acides B\u00eata-Hydroxyl\u00e9s), comme l&rsquo;acide salicylique, p\u00e9n\u00e8trent plus profond\u00e9ment dans les pores pour d\u00e9loger l&rsquo;exc\u00e8s de s\u00e9bum et les impuret\u00e9s, pr\u00e9venant ainsi les imperfections et la formation de points noirs. Les PHA (Poly-Hydroxyl\u00e9s Acides), plus doux que les AHA, exfolient d\u00e9licatement la surface de la peau tout en offrant une hydratation suppl\u00e9mentaire, parfaits m\u00eame pour les peaux sensibles. Ensemble, ils assurent une action r\u00e9g\u00e9n\u00e9rante pour une peau d&rsquo;apparence saine, plus lisse et plus lumineuse. Et pour parfaire cette formule d&rsquo;excellence, l&rsquo;Acide Hyaluronique est int\u00e9gr\u00e9. Cet ingr\u00e9dient hydratant puissant est cliniquement prouv\u00e9 pour hydrater, reconstituer et prot\u00e9ger la peau. Il attire et retient l&rsquo;humidit\u00e9, assurant une souplesse durable et une barri\u00e8re cutan\u00e9e renforc\u00e9e. La texture du s\u00e9rum BIOCORPS est un v\u00e9ritable atout : une senteur fra\u00eeche et douce qui \u00e9veille les sens, et une absorption rapide qui permet de vous habiller sans attendre. Vous pouvez facilement superposer une cr\u00e8me hydratante par-dessus pour hydrater parfaitement votre peau avant de vous habiller, sans sensation collante. Conseils d&rsquo;utilisation : Utilisez le s\u00e9rum corporel anti-imperfections BIOCORPS une \u00e0 deux fois par jour, matin et\/ou soir. Composition : AQUA \/ WATER \/ EAU, GLYCERIN, LACTIC ACID, GLUCONOLACTONE, SODIUM HYDROXIDE, SODIUM HYALURONATE, HYDROXYPROPYL GUAR, VITREOSCILLA FERMENT, TRISODIUM ETHYLENEDIAMINE DISUCCINATE, XANTHAN GUM, SALICYLIC ACID, CHLORPHENESIN, PARFUM \/ FRAGRANCE, (F.I.L. N70033574\/1).<\/p>\n","protected":false},"excerpt":{"rendered":"<p>Ce s\u00e9rum nouvelle g\u00e9n\u00e9ration est sp\u00e9cialement con\u00e7u pour les probl\u00e9matiques cutan\u00e9es du corps, souvent n\u00e9glig\u00e9es : les imperfections, la texture<\/p>\n","protected":false},"featured_media":32266,"comment_status":"open","ping_status":"closed","template":"","meta":[],"product_brand":[391],"product_cat":[596],"product_tag":[],"class_list":{"0":"post-32209","1":"product","2":"type-product","3":"status-publish","4":"has-post-thumbnail","6":"product_brand-biotherm","7":"product_cat-gommages-et-exfoliants","9":"first","10":"instock","11":"shipping-taxable","12":"purchasable","13":"product-type-simple"},"yoast_head":"<!-- This site is optimized with the Yoast SEO plugin v26.6 - https:\/\/yoast.com\/wordpress\/plugins\/seo\/ -->\r\n<title>BIOTHERM BIOCORPS ANTI BUMP BODY SERUM 200ML - Paracherkaoui.ma<\/title>\r\n<meta name=\"robots\" content=\"index, follow, max-snippet:-1, max-image-preview:large, max-video-preview:-1\" \/>\r\n<link rel=\"canonical\" href=\"https:\/\/paracherkaoui.ma\/index.php\/produit\/biotherm-biocorps-anti-bump-body-serum-200ml\/\" \/>\r\n<meta property=\"og:locale\" content=\"fr_FR\" \/>\r\n<meta property=\"og:type\" content=\"article\" \/>\r\n<meta property=\"og:title\" content=\"BIOTHERM BIOCORPS ANTI BUMP BODY SERUM 200ML - Paracherkaoui.ma\" \/>\r\n<meta property=\"og:description\" content=\"Ce s\u00e9rum nouvelle g\u00e9n\u00e9ration est sp\u00e9cialement con\u00e7u pour les probl\u00e9matiques cutan\u00e9es du corps, souvent n\u00e9glig\u00e9es : les imperfections, la texture\" \/>\r\n<meta property=\"og:url\" content=\"https:\/\/paracherkaoui.ma\/index.php\/produit\/biotherm-biocorps-anti-bump-body-serum-200ml\/\" \/>\r\n<meta property=\"og:site_name\" content=\"Paracherkaoui.ma\" \/>\r\n<meta property=\"article:modified_time\" content=\"2025-12-12T17:37:58+00:00\" \/>\r\n<meta property=\"og:image\" content=\"https:\/\/paracherkaoui.ma\/wp-content\/uploads\/2025\/12\/biotherm-biotherm-biocorps-anti-bump-body-serum-200ml-gommages-et-exfoliants.jpg\" \/>\r\n\t<meta property=\"og:image:width\" content=\"700\" \/>\r\n\t<meta property=\"og:image:height\" content=\"700\" \/>\r\n\t<meta property=\"og:image:type\" content=\"image\/jpeg\" \/>\r\n<meta name=\"twitter:card\" content=\"summary_large_image\" \/>\r\n<meta name=\"twitter:label1\" content=\"Dur\u00e9e de lecture estim\u00e9e\" \/>\n\t<meta name=\"twitter:data1\" content=\"2 minutes\" \/>\r\n<script type=\"application\/ld+json\" class=\"yoast-schema-graph\">{\"@context\":\"https:\/\/schema.org\",\"@graph\":[{\"@type\":\"WebPage\",\"@id\":\"https:\/\/paracherkaoui.ma\/index.php\/produit\/biotherm-biocorps-anti-bump-body-serum-200ml\/\",\"url\":\"https:\/\/paracherkaoui.ma\/index.php\/produit\/biotherm-biocorps-anti-bump-body-serum-200ml\/\",\"name\":\"BIOTHERM BIOCORPS ANTI BUMP BODY SERUM 200ML - Paracherkaoui.ma\",\"isPartOf\":{\"@id\":\"https:\/\/paracherkaoui.ma\/#website\"},\"primaryImageOfPage\":{\"@id\":\"https:\/\/paracherkaoui.ma\/index.php\/produit\/biotherm-biocorps-anti-bump-body-serum-200ml\/#primaryimage\"},\"image\":{\"@id\":\"https:\/\/paracherkaoui.ma\/index.php\/produit\/biotherm-biocorps-anti-bump-body-serum-200ml\/#primaryimage\"},\"thumbnailUrl\":\"https:\/\/paracherkaoui.ma\/wp-content\/uploads\/2025\/12\/biotherm-biotherm-biocorps-anti-bump-body-serum-200ml-gommages-et-exfoliants.jpg\",\"datePublished\":\"2025-12-12T17:37:43+00:00\",\"dateModified\":\"2025-12-12T17:37:58+00:00\",\"breadcrumb\":{\"@id\":\"https:\/\/paracherkaoui.ma\/index.php\/produit\/biotherm-biocorps-anti-bump-body-serum-200ml\/#breadcrumb\"},\"inLanguage\":\"fr-FR\",\"potentialAction\":[{\"@type\":\"ReadAction\",\"target\":[\"https:\/\/paracherkaoui.ma\/index.php\/produit\/biotherm-biocorps-anti-bump-body-serum-200ml\/\"]}]},{\"@type\":\"ImageObject\",\"inLanguage\":\"fr-FR\",\"@id\":\"https:\/\/paracherkaoui.ma\/index.php\/produit\/biotherm-biocorps-anti-bump-body-serum-200ml\/#primaryimage\",\"url\":\"https:\/\/paracherkaoui.ma\/wp-content\/uploads\/2025\/12\/biotherm-biotherm-biocorps-anti-bump-body-serum-200ml-gommages-et-exfoliants.jpg\",\"contentUrl\":\"https:\/\/paracherkaoui.ma\/wp-content\/uploads\/2025\/12\/biotherm-biotherm-biocorps-anti-bump-body-serum-200ml-gommages-et-exfoliants.jpg\",\"width\":700,\"height\":700},{\"@type\":\"BreadcrumbList\",\"@id\":\"https:\/\/paracherkaoui.ma\/index.php\/produit\/biotherm-biocorps-anti-bump-body-serum-200ml\/#breadcrumb\",\"itemListElement\":[{\"@type\":\"ListItem\",\"position\":1,\"name\":\"Accueil\",\"item\":\"https:\/\/paracherkaoui.ma\/\"},{\"@type\":\"ListItem\",\"position\":2,\"name\":\"Boutique\",\"item\":\"https:\/\/paracherkaoui.ma\/index.php\/boutique\/\"},{\"@type\":\"ListItem\",\"position\":3,\"name\":\"BIOTHERM BIOCORPS ANTI BUMP BODY SERUM 200ML\"}]},{\"@type\":\"WebSite\",\"@id\":\"https:\/\/paracherkaoui.ma\/#website\",\"url\":\"https:\/\/paracherkaoui.ma\/\",\"name\":\"Paracherkaoui.ma\",\"description\":\"Achetez en ligne sur Paracherkaoui.ma\",\"potentialAction\":[{\"@type\":\"SearchAction\",\"target\":{\"@type\":\"EntryPoint\",\"urlTemplate\":\"https:\/\/paracherkaoui.ma\/?s={search_term_string}\"},\"query-input\":{\"@type\":\"PropertyValueSpecification\",\"valueRequired\":true,\"valueName\":\"search_term_string\"}}],\"inLanguage\":\"fr-FR\"}]}<\/script>\r\n<!-- \/ Yoast SEO plugin. -->","yoast_head_json":{"title":"BIOTHERM BIOCORPS ANTI BUMP BODY SERUM 200ML - Paracherkaoui.ma","robots":{"index":"index","follow":"follow","max-snippet":"max-snippet:-1","max-image-preview":"max-image-preview:large","max-video-preview":"max-video-preview:-1"},"canonical":"https:\/\/paracherkaoui.ma\/index.php\/produit\/biotherm-biocorps-anti-bump-body-serum-200ml\/","og_locale":"fr_FR","og_type":"article","og_title":"BIOTHERM BIOCORPS ANTI BUMP BODY SERUM 200ML - Paracherkaoui.ma","og_description":"Ce s\u00e9rum nouvelle g\u00e9n\u00e9ration est sp\u00e9cialement con\u00e7u pour les probl\u00e9matiques cutan\u00e9es du corps, souvent n\u00e9glig\u00e9es : les imperfections, la texture","og_url":"https:\/\/paracherkaoui.ma\/index.php\/produit\/biotherm-biocorps-anti-bump-body-serum-200ml\/","og_site_name":"Paracherkaoui.ma","article_modified_time":"2025-12-12T17:37:58+00:00","og_image":[{"width":700,"height":700,"url":"https:\/\/paracherkaoui.ma\/wp-content\/uploads\/2025\/12\/biotherm-biotherm-biocorps-anti-bump-body-serum-200ml-gommages-et-exfoliants.jpg","type":"image\/jpeg"}],"twitter_card":"summary_large_image","twitter_misc":{"Dur\u00e9e de lecture estim\u00e9e":"2 minutes"},"schema":{"@context":"https:\/\/schema.org","@graph":[{"@type":"WebPage","@id":"https:\/\/paracherkaoui.ma\/index.php\/produit\/biotherm-biocorps-anti-bump-body-serum-200ml\/","url":"https:\/\/paracherkaoui.ma\/index.php\/produit\/biotherm-biocorps-anti-bump-body-serum-200ml\/","name":"BIOTHERM BIOCORPS ANTI BUMP BODY SERUM 200ML - Paracherkaoui.ma","isPartOf":{"@id":"https:\/\/paracherkaoui.ma\/#website"},"primaryImageOfPage":{"@id":"https:\/\/paracherkaoui.ma\/index.php\/produit\/biotherm-biocorps-anti-bump-body-serum-200ml\/#primaryimage"},"image":{"@id":"https:\/\/paracherkaoui.ma\/index.php\/produit\/biotherm-biocorps-anti-bump-body-serum-200ml\/#primaryimage"},"thumbnailUrl":"https:\/\/paracherkaoui.ma\/wp-content\/uploads\/2025\/12\/biotherm-biotherm-biocorps-anti-bump-body-serum-200ml-gommages-et-exfoliants.jpg","datePublished":"2025-12-12T17:37:43+00:00","dateModified":"2025-12-12T17:37:58+00:00","breadcrumb":{"@id":"https:\/\/paracherkaoui.ma\/index.php\/produit\/biotherm-biocorps-anti-bump-body-serum-200ml\/#breadcrumb"},"inLanguage":"fr-FR","potentialAction":[{"@type":"ReadAction","target":["https:\/\/paracherkaoui.ma\/index.php\/produit\/biotherm-biocorps-anti-bump-body-serum-200ml\/"]}]},{"@type":"ImageObject","inLanguage":"fr-FR","@id":"https:\/\/paracherkaoui.ma\/index.php\/produit\/biotherm-biocorps-anti-bump-body-serum-200ml\/#primaryimage","url":"https:\/\/paracherkaoui.ma\/wp-content\/uploads\/2025\/12\/biotherm-biotherm-biocorps-anti-bump-body-serum-200ml-gommages-et-exfoliants.jpg","contentUrl":"https:\/\/paracherkaoui.ma\/wp-content\/uploads\/2025\/12\/biotherm-biotherm-biocorps-anti-bump-body-serum-200ml-gommages-et-exfoliants.jpg","width":700,"height":700},{"@type":"BreadcrumbList","@id":"https:\/\/paracherkaoui.ma\/index.php\/produit\/biotherm-biocorps-anti-bump-body-serum-200ml\/#breadcrumb","itemListElement":[{"@type":"ListItem","position":1,"name":"Accueil","item":"https:\/\/paracherkaoui.ma\/"},{"@type":"ListItem","position":2,"name":"Boutique","item":"https:\/\/paracherkaoui.ma\/index.php\/boutique\/"},{"@type":"ListItem","position":3,"name":"BIOTHERM BIOCORPS ANTI BUMP BODY SERUM 200ML"}]},{"@type":"WebSite","@id":"https:\/\/paracherkaoui.ma\/#website","url":"https:\/\/paracherkaoui.ma\/","name":"Paracherkaoui.ma","description":"Achetez en ligne sur Paracherkaoui.ma","potentialAction":[{"@type":"SearchAction","target":{"@type":"EntryPoint","urlTemplate":"https:\/\/paracherkaoui.ma\/?s={search_term_string}"},"query-input":{"@type":"PropertyValueSpecification","valueRequired":true,"valueName":"search_term_string"}}],"inLanguage":"fr-FR"}]}},"_links":{"self":[{"href":"https:\/\/paracherkaoui.ma\/index.php\/wp-json\/wp\/v2\/product\/32209","targetHints":{"allow":["GET"]}}],"collection":[{"href":"https:\/\/paracherkaoui.ma\/index.php\/wp-json\/wp\/v2\/product"}],"about":[{"href":"https:\/\/paracherkaoui.ma\/index.php\/wp-json\/wp\/v2\/types\/product"}],"replies":[{"embeddable":true,"href":"https:\/\/paracherkaoui.ma\/index.php\/wp-json\/wp\/v2\/comments?post=32209"}],"version-history":[{"count":1,"href":"https:\/\/paracherkaoui.ma\/index.php\/wp-json\/wp\/v2\/product\/32209\/revisions"}],"predecessor-version":[{"id":32267,"href":"https:\/\/paracherkaoui.ma\/index.php\/wp-json\/wp\/v2\/product\/32209\/revisions\/32267"}],"wp:featuredmedia":[{"embeddable":true,"href":"https:\/\/paracherkaoui.ma\/index.php\/wp-json\/wp\/v2\/media\/32266"}],"wp:attachment":[{"href":"https:\/\/paracherkaoui.ma\/index.php\/wp-json\/wp\/v2\/media?parent=32209"}],"wp:term":[{"taxonomy":"product_brand","embeddable":true,"href":"https:\/\/paracherkaoui.ma\/index.php\/wp-json\/wp\/v2\/product_brand?post=32209"},{"taxonomy":"product_cat","embeddable":true,"href":"https:\/\/paracherkaoui.ma\/index.php\/wp-json\/wp\/v2\/product_cat?post=32209"},{"taxonomy":"product_tag","embeddable":true,"href":"https:\/\/paracherkaoui.ma\/index.php\/wp-json\/wp\/v2\/product_tag?post=32209"}],"curies":[{"name":"wp","href":"https:\/\/api.w.org\/{rel}","templated":true}]}}