{"id":32200,"date":"2025-12-12T18:37:42","date_gmt":"2025-12-12T17:37:42","guid":{"rendered":"https:\/\/test.ecbeaute.com\/?post_type=product&#038;p=32200"},"modified":"2025-12-12T18:37:55","modified_gmt":"2025-12-12T17:37:55","slug":"elancyl-gommage-energisant-150-ml","status":"publish","type":"product","link":"https:\/\/paracherkaoui.ma\/index.php\/produit\/elancyl-gommage-energisant-150-ml\/","title":{"rendered":"ELANCYL GOMMAGE ENERGISANT 150 ML"},"content":{"rendered":"<p>Description: Le gommage moussant \u00e9nergisant\u00a0des Laboratoires Elancyl s\u2019utilise plusieurs fois par semaine sur les peaux normales, afin de les nettoyer et de les exfolier, tout en tonifiant la peau.En effet, une fois votre peau parfaitement exfoli\u00e9e et les peaux mortes envol\u00e9es, celle-ci sera parfaitement pr\u00eate \u00e0 recevoir son soin minceur Elancyl afin que ce dernier p\u00e9n\u00e8tre mieux au c\u0153ur des cellules graisseuses.Le gommage moussant Elancyl contient des micro-particules exfoliantes\u00a0d\u2019origine v\u00e9g\u00e9tale afin d\u2019\u00e9liminer les squames et les impuret\u00e9s.Le gommage \u00e9nergisant Elancyl peut s\u2019utiliser en compl\u00e9ment des soins minceur Elancyl tels que le gel concentr\u00e9 minceur ou encore l\u2019huile minceur Slim Design afin d\u2019en augmenter les effets sur votre corps.Gr\u00e2ce \u00e0 une utilisation r\u00e9guli\u00e8re du gommage moussant Elancyl, votre peau retrouve tout son \u00e9clat et est parfaitement hydrat\u00e9e\u00a0gr\u00e2ce \u00e0 ses agents hydratants tels que la glyc\u00e9rine, ainsi que les poudres de noyau d\u2019abricot. Conseils d&rsquo;utilisation: Utiliser le gommage moussant Elancyl 2 \u00e0 3 fois par semaine sous la douche. Rincer abondamment.<\/p>\n","protected":false},"excerpt":{"rendered":"<p>Description: Le gommage moussant \u00e9nergisant\u00a0des Laboratoires Elancyl s\u2019utilise plusieurs fois par semaine sur les peaux normales, afin de les nettoyer<\/p>\n","protected":false},"featured_media":32248,"comment_status":"open","ping_status":"closed","template":"","meta":[],"product_brand":[597],"product_cat":[596],"product_tag":[],"class_list":{"0":"post-32200","1":"product","2":"type-product","3":"status-publish","4":"has-post-thumbnail","6":"product_brand-elancyl","7":"product_cat-gommages-et-exfoliants","9":"first","10":"instock","11":"sale","12":"shipping-taxable","13":"purchasable","14":"product-type-simple"},"yoast_head":"<!-- This site is optimized with the Yoast SEO plugin v26.6 - https:\/\/yoast.com\/wordpress\/plugins\/seo\/ -->\r\n<title>ELANCYL GOMMAGE ENERGISANT 150 ML - Paracherkaoui.ma<\/title>\r\n<meta name=\"robots\" content=\"index, follow, max-snippet:-1, max-image-preview:large, max-video-preview:-1\" \/>\r\n<link rel=\"canonical\" href=\"https:\/\/paracherkaoui.ma\/index.php\/produit\/elancyl-gommage-energisant-150-ml\/\" \/>\r\n<meta property=\"og:locale\" content=\"fr_FR\" \/>\r\n<meta property=\"og:type\" content=\"article\" \/>\r\n<meta property=\"og:title\" content=\"ELANCYL GOMMAGE ENERGISANT 150 ML - Paracherkaoui.ma\" \/>\r\n<meta property=\"og:description\" content=\"Description: Le gommage moussant \u00e9nergisant\u00a0des Laboratoires Elancyl s\u2019utilise plusieurs fois par semaine sur les peaux normales, afin de les nettoyer\" \/>\r\n<meta property=\"og:url\" content=\"https:\/\/paracherkaoui.ma\/index.php\/produit\/elancyl-gommage-energisant-150-ml\/\" \/>\r\n<meta property=\"og:site_name\" content=\"Paracherkaoui.ma\" \/>\r\n<meta property=\"article:modified_time\" content=\"2025-12-12T17:37:55+00:00\" \/>\r\n<meta property=\"og:image\" content=\"https:\/\/paracherkaoui.ma\/wp-content\/uploads\/2025\/12\/elancyl-elancyl-gommage-energisant-150-ml-gommages-et-exfoliants.jpg\" \/>\r\n\t<meta property=\"og:image:width\" content=\"700\" \/>\r\n\t<meta property=\"og:image:height\" content=\"700\" \/>\r\n\t<meta property=\"og:image:type\" content=\"image\/jpeg\" \/>\r\n<meta name=\"twitter:card\" content=\"summary_large_image\" \/>\r\n<meta name=\"twitter:label1\" content=\"Dur\u00e9e de lecture estim\u00e9e\" \/>\n\t<meta name=\"twitter:data1\" content=\"1 minute\" \/>\r\n<script type=\"application\/ld+json\" class=\"yoast-schema-graph\">{\"@context\":\"https:\/\/schema.org\",\"@graph\":[{\"@type\":\"WebPage\",\"@id\":\"https:\/\/paracherkaoui.ma\/index.php\/produit\/elancyl-gommage-energisant-150-ml\/\",\"url\":\"https:\/\/paracherkaoui.ma\/index.php\/produit\/elancyl-gommage-energisant-150-ml\/\",\"name\":\"ELANCYL GOMMAGE ENERGISANT 150 ML - Paracherkaoui.ma\",\"isPartOf\":{\"@id\":\"https:\/\/paracherkaoui.ma\/#website\"},\"primaryImageOfPage\":{\"@id\":\"https:\/\/paracherkaoui.ma\/index.php\/produit\/elancyl-gommage-energisant-150-ml\/#primaryimage\"},\"image\":{\"@id\":\"https:\/\/paracherkaoui.ma\/index.php\/produit\/elancyl-gommage-energisant-150-ml\/#primaryimage\"},\"thumbnailUrl\":\"https:\/\/paracherkaoui.ma\/wp-content\/uploads\/2025\/12\/elancyl-elancyl-gommage-energisant-150-ml-gommages-et-exfoliants.jpg\",\"datePublished\":\"2025-12-12T17:37:42+00:00\",\"dateModified\":\"2025-12-12T17:37:55+00:00\",\"breadcrumb\":{\"@id\":\"https:\/\/paracherkaoui.ma\/index.php\/produit\/elancyl-gommage-energisant-150-ml\/#breadcrumb\"},\"inLanguage\":\"fr-FR\",\"potentialAction\":[{\"@type\":\"ReadAction\",\"target\":[\"https:\/\/paracherkaoui.ma\/index.php\/produit\/elancyl-gommage-energisant-150-ml\/\"]}]},{\"@type\":\"ImageObject\",\"inLanguage\":\"fr-FR\",\"@id\":\"https:\/\/paracherkaoui.ma\/index.php\/produit\/elancyl-gommage-energisant-150-ml\/#primaryimage\",\"url\":\"https:\/\/paracherkaoui.ma\/wp-content\/uploads\/2025\/12\/elancyl-elancyl-gommage-energisant-150-ml-gommages-et-exfoliants.jpg\",\"contentUrl\":\"https:\/\/paracherkaoui.ma\/wp-content\/uploads\/2025\/12\/elancyl-elancyl-gommage-energisant-150-ml-gommages-et-exfoliants.jpg\",\"width\":700,\"height\":700},{\"@type\":\"BreadcrumbList\",\"@id\":\"https:\/\/paracherkaoui.ma\/index.php\/produit\/elancyl-gommage-energisant-150-ml\/#breadcrumb\",\"itemListElement\":[{\"@type\":\"ListItem\",\"position\":1,\"name\":\"Accueil\",\"item\":\"https:\/\/paracherkaoui.ma\/\"},{\"@type\":\"ListItem\",\"position\":2,\"name\":\"Boutique\",\"item\":\"https:\/\/paracherkaoui.ma\/index.php\/boutique\/\"},{\"@type\":\"ListItem\",\"position\":3,\"name\":\"ELANCYL GOMMAGE ENERGISANT 150 ML\"}]},{\"@type\":\"WebSite\",\"@id\":\"https:\/\/paracherkaoui.ma\/#website\",\"url\":\"https:\/\/paracherkaoui.ma\/\",\"name\":\"Paracherkaoui.ma\",\"description\":\"Achetez en ligne sur Paracherkaoui.ma\",\"potentialAction\":[{\"@type\":\"SearchAction\",\"target\":{\"@type\":\"EntryPoint\",\"urlTemplate\":\"https:\/\/paracherkaoui.ma\/?s={search_term_string}\"},\"query-input\":{\"@type\":\"PropertyValueSpecification\",\"valueRequired\":true,\"valueName\":\"search_term_string\"}}],\"inLanguage\":\"fr-FR\"}]}<\/script>\r\n<!-- \/ Yoast SEO plugin. -->","yoast_head_json":{"title":"ELANCYL GOMMAGE ENERGISANT 150 ML - Paracherkaoui.ma","robots":{"index":"index","follow":"follow","max-snippet":"max-snippet:-1","max-image-preview":"max-image-preview:large","max-video-preview":"max-video-preview:-1"},"canonical":"https:\/\/paracherkaoui.ma\/index.php\/produit\/elancyl-gommage-energisant-150-ml\/","og_locale":"fr_FR","og_type":"article","og_title":"ELANCYL GOMMAGE ENERGISANT 150 ML - Paracherkaoui.ma","og_description":"Description: Le gommage moussant \u00e9nergisant\u00a0des Laboratoires Elancyl s\u2019utilise plusieurs fois par semaine sur les peaux normales, afin de les nettoyer","og_url":"https:\/\/paracherkaoui.ma\/index.php\/produit\/elancyl-gommage-energisant-150-ml\/","og_site_name":"Paracherkaoui.ma","article_modified_time":"2025-12-12T17:37:55+00:00","og_image":[{"width":700,"height":700,"url":"https:\/\/paracherkaoui.ma\/wp-content\/uploads\/2025\/12\/elancyl-elancyl-gommage-energisant-150-ml-gommages-et-exfoliants.jpg","type":"image\/jpeg"}],"twitter_card":"summary_large_image","twitter_misc":{"Dur\u00e9e de lecture estim\u00e9e":"1 minute"},"schema":{"@context":"https:\/\/schema.org","@graph":[{"@type":"WebPage","@id":"https:\/\/paracherkaoui.ma\/index.php\/produit\/elancyl-gommage-energisant-150-ml\/","url":"https:\/\/paracherkaoui.ma\/index.php\/produit\/elancyl-gommage-energisant-150-ml\/","name":"ELANCYL GOMMAGE ENERGISANT 150 ML - Paracherkaoui.ma","isPartOf":{"@id":"https:\/\/paracherkaoui.ma\/#website"},"primaryImageOfPage":{"@id":"https:\/\/paracherkaoui.ma\/index.php\/produit\/elancyl-gommage-energisant-150-ml\/#primaryimage"},"image":{"@id":"https:\/\/paracherkaoui.ma\/index.php\/produit\/elancyl-gommage-energisant-150-ml\/#primaryimage"},"thumbnailUrl":"https:\/\/paracherkaoui.ma\/wp-content\/uploads\/2025\/12\/elancyl-elancyl-gommage-energisant-150-ml-gommages-et-exfoliants.jpg","datePublished":"2025-12-12T17:37:42+00:00","dateModified":"2025-12-12T17:37:55+00:00","breadcrumb":{"@id":"https:\/\/paracherkaoui.ma\/index.php\/produit\/elancyl-gommage-energisant-150-ml\/#breadcrumb"},"inLanguage":"fr-FR","potentialAction":[{"@type":"ReadAction","target":["https:\/\/paracherkaoui.ma\/index.php\/produit\/elancyl-gommage-energisant-150-ml\/"]}]},{"@type":"ImageObject","inLanguage":"fr-FR","@id":"https:\/\/paracherkaoui.ma\/index.php\/produit\/elancyl-gommage-energisant-150-ml\/#primaryimage","url":"https:\/\/paracherkaoui.ma\/wp-content\/uploads\/2025\/12\/elancyl-elancyl-gommage-energisant-150-ml-gommages-et-exfoliants.jpg","contentUrl":"https:\/\/paracherkaoui.ma\/wp-content\/uploads\/2025\/12\/elancyl-elancyl-gommage-energisant-150-ml-gommages-et-exfoliants.jpg","width":700,"height":700},{"@type":"BreadcrumbList","@id":"https:\/\/paracherkaoui.ma\/index.php\/produit\/elancyl-gommage-energisant-150-ml\/#breadcrumb","itemListElement":[{"@type":"ListItem","position":1,"name":"Accueil","item":"https:\/\/paracherkaoui.ma\/"},{"@type":"ListItem","position":2,"name":"Boutique","item":"https:\/\/paracherkaoui.ma\/index.php\/boutique\/"},{"@type":"ListItem","position":3,"name":"ELANCYL GOMMAGE ENERGISANT 150 ML"}]},{"@type":"WebSite","@id":"https:\/\/paracherkaoui.ma\/#website","url":"https:\/\/paracherkaoui.ma\/","name":"Paracherkaoui.ma","description":"Achetez en ligne sur Paracherkaoui.ma","potentialAction":[{"@type":"SearchAction","target":{"@type":"EntryPoint","urlTemplate":"https:\/\/paracherkaoui.ma\/?s={search_term_string}"},"query-input":{"@type":"PropertyValueSpecification","valueRequired":true,"valueName":"search_term_string"}}],"inLanguage":"fr-FR"}]}},"_links":{"self":[{"href":"https:\/\/paracherkaoui.ma\/index.php\/wp-json\/wp\/v2\/product\/32200","targetHints":{"allow":["GET"]}}],"collection":[{"href":"https:\/\/paracherkaoui.ma\/index.php\/wp-json\/wp\/v2\/product"}],"about":[{"href":"https:\/\/paracherkaoui.ma\/index.php\/wp-json\/wp\/v2\/types\/product"}],"replies":[{"embeddable":true,"href":"https:\/\/paracherkaoui.ma\/index.php\/wp-json\/wp\/v2\/comments?post=32200"}],"version-history":[{"count":1,"href":"https:\/\/paracherkaoui.ma\/index.php\/wp-json\/wp\/v2\/product\/32200\/revisions"}],"predecessor-version":[{"id":32249,"href":"https:\/\/paracherkaoui.ma\/index.php\/wp-json\/wp\/v2\/product\/32200\/revisions\/32249"}],"wp:featuredmedia":[{"embeddable":true,"href":"https:\/\/paracherkaoui.ma\/index.php\/wp-json\/wp\/v2\/media\/32248"}],"wp:attachment":[{"href":"https:\/\/paracherkaoui.ma\/index.php\/wp-json\/wp\/v2\/media?parent=32200"}],"wp:term":[{"taxonomy":"product_brand","embeddable":true,"href":"https:\/\/paracherkaoui.ma\/index.php\/wp-json\/wp\/v2\/product_brand?post=32200"},{"taxonomy":"product_cat","embeddable":true,"href":"https:\/\/paracherkaoui.ma\/index.php\/wp-json\/wp\/v2\/product_cat?post=32200"},{"taxonomy":"product_tag","embeddable":true,"href":"https:\/\/paracherkaoui.ma\/index.php\/wp-json\/wp\/v2\/product_tag?post=32200"}],"curies":[{"name":"wp","href":"https:\/\/api.w.org\/{rel}","templated":true}]}}