{"id":32191,"date":"2025-12-12T18:37:41","date_gmt":"2025-12-12T17:37:41","guid":{"rendered":"https:\/\/test.ecbeaute.com\/?post_type=product&#038;p=32191"},"modified":"2025-12-12T18:37:52","modified_gmt":"2025-12-12T17:37:52","slug":"biotherm-biocorps-gommage-corps-anti-rugosites-200-ml","status":"publish","type":"product","link":"https:\/\/paracherkaoui.ma\/index.php\/produit\/biotherm-biocorps-gommage-corps-anti-rugosites-200-ml\/","title":{"rendered":"BIOTHERM BIOCORPS GOMMAGE CORPS ANTI RUGOSITES 200 ML"},"content":{"rendered":"<p>Ce gommage corporel n&rsquo;est pas un exfoliant comme les autres ; c&rsquo;est un soin r\u00e9g\u00e9n\u00e9rant con\u00e7u avec une intelligence unique pour r\u00e9pondre aux besoins sp\u00e9cifiques de la peau du corps. Son originalit\u00e9 r\u00e9side dans sa capacit\u00e9 \u00e0 offrir une exfoliation douce et compl\u00e8te, sans jamais compromettre le confort cutan\u00e9. Fini les gommages agressifs qui irritent et dess\u00e8chent ! Avec Biotherm Biocorps, le processus d&rsquo;exfoliation devient un v\u00e9ritable moment de soin et de respect pour votre peau. Le Gommage Corps Anti-Rugosit\u00e9s BIOCORPS agit en profondeur pour \u00e9liminer les rugosit\u00e9s tenaces, ces petites imperfections de surface qui donnent un aspect irr\u00e9gulier \u00e0 la peau, souvent localis\u00e9es sur les bras, les jambes ou les fesses. En d\u00e9barrassant l&rsquo;\u00e9piderme des cellules mortes accumul\u00e9es, il r\u00e9v\u00e8le la peau neuve et plus lisse qui se cache en dessous. Conseils d&rsquo;utilisation : Utilisez le gommage 1 \u00e0 2 fois par semaine, selon les besoins de votre peau et sa sensibilit\u00e9. Une utilisation plus fr\u00e9quente pourrait \u00eatre envisag\u00e9e pour les peaux tr\u00e8s rugueuses, mais toujours en douceur. Composition : AQUA \/ WATER \/ EAU, SUCROSE, GLYCERIN, ISOPROPYL PALMITATE, PROPANEDIOL, PERLITE, BUTYLENE GLYCOL, PEG-20 METHYL GLUCOSE SESQUISTEARATE, AMMONIUM POLYACRYLOYLDIMETHYL TAURATE, PARFUM \/ FRAGRANCE, HYDROLYZED RICE PROTEIN, PRUNUS ARMENIACA SEED POWDER \/ APRICOT SEED POWDER, CITRIC ACID, SODIUM HYDROXIDE, VITREOSCILLA FERMENT, TOCOPHEROL, PRUNUS AMYGDALUS DULCIS OIL \/ SWEET ALMOND OIL, SIMMONDSIA CHINENSIS SEED OIL \/ JOJOBA SEED OIL, PENTYLENE GLYCOL, SALICYLIC ACID, SODIUM BENZOATE , (F.I.L. N70037842\/1).<\/p>\n","protected":false},"excerpt":{"rendered":"<p>Ce gommage corporel n&rsquo;est pas un exfoliant comme les autres ; c&rsquo;est un soin r\u00e9g\u00e9n\u00e9rant con\u00e7u avec une intelligence unique<\/p>\n","protected":false},"featured_media":32231,"comment_status":"open","ping_status":"closed","template":"","meta":[],"product_brand":[391],"product_cat":[596],"product_tag":[],"class_list":{"0":"post-32191","1":"product","2":"type-product","3":"status-publish","4":"has-post-thumbnail","6":"product_brand-biotherm","7":"product_cat-gommages-et-exfoliants","9":"first","10":"instock","11":"shipping-taxable","12":"purchasable","13":"product-type-simple"},"yoast_head":"<!-- This site is optimized with the Yoast SEO plugin v26.6 - https:\/\/yoast.com\/wordpress\/plugins\/seo\/ -->\r\n<title>BIOTHERM BIOCORPS GOMMAGE CORPS ANTI RUGOSITES 200 ML - Paracherkaoui.ma<\/title>\r\n<meta name=\"robots\" content=\"index, follow, max-snippet:-1, max-image-preview:large, max-video-preview:-1\" \/>\r\n<link rel=\"canonical\" href=\"https:\/\/paracherkaoui.ma\/index.php\/produit\/biotherm-biocorps-gommage-corps-anti-rugosites-200-ml\/\" \/>\r\n<meta property=\"og:locale\" content=\"fr_FR\" \/>\r\n<meta property=\"og:type\" content=\"article\" \/>\r\n<meta property=\"og:title\" content=\"BIOTHERM BIOCORPS GOMMAGE CORPS ANTI RUGOSITES 200 ML - Paracherkaoui.ma\" \/>\r\n<meta property=\"og:description\" content=\"Ce gommage corporel n&rsquo;est pas un exfoliant comme les autres ; c&rsquo;est un soin r\u00e9g\u00e9n\u00e9rant con\u00e7u avec une intelligence unique\" \/>\r\n<meta property=\"og:url\" content=\"https:\/\/paracherkaoui.ma\/index.php\/produit\/biotherm-biocorps-gommage-corps-anti-rugosites-200-ml\/\" \/>\r\n<meta property=\"og:site_name\" content=\"Paracherkaoui.ma\" \/>\r\n<meta property=\"article:modified_time\" content=\"2025-12-12T17:37:52+00:00\" \/>\r\n<meta property=\"og:image\" content=\"https:\/\/paracherkaoui.ma\/wp-content\/uploads\/2025\/12\/biotherm-biotherm-biocorps-gommage-corps-anti-rugosites-200-ml-gommages-et-exfoliants.jpg\" \/>\r\n\t<meta property=\"og:image:width\" content=\"700\" \/>\r\n\t<meta property=\"og:image:height\" content=\"700\" \/>\r\n\t<meta property=\"og:image:type\" content=\"image\/jpeg\" \/>\r\n<meta name=\"twitter:card\" content=\"summary_large_image\" \/>\r\n<meta name=\"twitter:label1\" content=\"Dur\u00e9e de lecture estim\u00e9e\" \/>\n\t<meta name=\"twitter:data1\" content=\"1 minute\" \/>\r\n<script type=\"application\/ld+json\" class=\"yoast-schema-graph\">{\"@context\":\"https:\/\/schema.org\",\"@graph\":[{\"@type\":\"WebPage\",\"@id\":\"https:\/\/paracherkaoui.ma\/index.php\/produit\/biotherm-biocorps-gommage-corps-anti-rugosites-200-ml\/\",\"url\":\"https:\/\/paracherkaoui.ma\/index.php\/produit\/biotherm-biocorps-gommage-corps-anti-rugosites-200-ml\/\",\"name\":\"BIOTHERM BIOCORPS GOMMAGE CORPS ANTI RUGOSITES 200 ML - Paracherkaoui.ma\",\"isPartOf\":{\"@id\":\"https:\/\/paracherkaoui.ma\/#website\"},\"primaryImageOfPage\":{\"@id\":\"https:\/\/paracherkaoui.ma\/index.php\/produit\/biotherm-biocorps-gommage-corps-anti-rugosites-200-ml\/#primaryimage\"},\"image\":{\"@id\":\"https:\/\/paracherkaoui.ma\/index.php\/produit\/biotherm-biocorps-gommage-corps-anti-rugosites-200-ml\/#primaryimage\"},\"thumbnailUrl\":\"https:\/\/paracherkaoui.ma\/wp-content\/uploads\/2025\/12\/biotherm-biotherm-biocorps-gommage-corps-anti-rugosites-200-ml-gommages-et-exfoliants.jpg\",\"datePublished\":\"2025-12-12T17:37:41+00:00\",\"dateModified\":\"2025-12-12T17:37:52+00:00\",\"breadcrumb\":{\"@id\":\"https:\/\/paracherkaoui.ma\/index.php\/produit\/biotherm-biocorps-gommage-corps-anti-rugosites-200-ml\/#breadcrumb\"},\"inLanguage\":\"fr-FR\",\"potentialAction\":[{\"@type\":\"ReadAction\",\"target\":[\"https:\/\/paracherkaoui.ma\/index.php\/produit\/biotherm-biocorps-gommage-corps-anti-rugosites-200-ml\/\"]}]},{\"@type\":\"ImageObject\",\"inLanguage\":\"fr-FR\",\"@id\":\"https:\/\/paracherkaoui.ma\/index.php\/produit\/biotherm-biocorps-gommage-corps-anti-rugosites-200-ml\/#primaryimage\",\"url\":\"https:\/\/paracherkaoui.ma\/wp-content\/uploads\/2025\/12\/biotherm-biotherm-biocorps-gommage-corps-anti-rugosites-200-ml-gommages-et-exfoliants.jpg\",\"contentUrl\":\"https:\/\/paracherkaoui.ma\/wp-content\/uploads\/2025\/12\/biotherm-biotherm-biocorps-gommage-corps-anti-rugosites-200-ml-gommages-et-exfoliants.jpg\",\"width\":700,\"height\":700},{\"@type\":\"BreadcrumbList\",\"@id\":\"https:\/\/paracherkaoui.ma\/index.php\/produit\/biotherm-biocorps-gommage-corps-anti-rugosites-200-ml\/#breadcrumb\",\"itemListElement\":[{\"@type\":\"ListItem\",\"position\":1,\"name\":\"Accueil\",\"item\":\"https:\/\/paracherkaoui.ma\/\"},{\"@type\":\"ListItem\",\"position\":2,\"name\":\"Boutique\",\"item\":\"https:\/\/paracherkaoui.ma\/index.php\/boutique\/\"},{\"@type\":\"ListItem\",\"position\":3,\"name\":\"BIOTHERM BIOCORPS GOMMAGE CORPS ANTI RUGOSITES 200 ML\"}]},{\"@type\":\"WebSite\",\"@id\":\"https:\/\/paracherkaoui.ma\/#website\",\"url\":\"https:\/\/paracherkaoui.ma\/\",\"name\":\"Paracherkaoui.ma\",\"description\":\"Achetez en ligne sur Paracherkaoui.ma\",\"potentialAction\":[{\"@type\":\"SearchAction\",\"target\":{\"@type\":\"EntryPoint\",\"urlTemplate\":\"https:\/\/paracherkaoui.ma\/?s={search_term_string}\"},\"query-input\":{\"@type\":\"PropertyValueSpecification\",\"valueRequired\":true,\"valueName\":\"search_term_string\"}}],\"inLanguage\":\"fr-FR\"}]}<\/script>\r\n<!-- \/ Yoast SEO plugin. -->","yoast_head_json":{"title":"BIOTHERM BIOCORPS GOMMAGE CORPS ANTI RUGOSITES 200 ML - Paracherkaoui.ma","robots":{"index":"index","follow":"follow","max-snippet":"max-snippet:-1","max-image-preview":"max-image-preview:large","max-video-preview":"max-video-preview:-1"},"canonical":"https:\/\/paracherkaoui.ma\/index.php\/produit\/biotherm-biocorps-gommage-corps-anti-rugosites-200-ml\/","og_locale":"fr_FR","og_type":"article","og_title":"BIOTHERM BIOCORPS GOMMAGE CORPS ANTI RUGOSITES 200 ML - Paracherkaoui.ma","og_description":"Ce gommage corporel n&rsquo;est pas un exfoliant comme les autres ; c&rsquo;est un soin r\u00e9g\u00e9n\u00e9rant con\u00e7u avec une intelligence unique","og_url":"https:\/\/paracherkaoui.ma\/index.php\/produit\/biotherm-biocorps-gommage-corps-anti-rugosites-200-ml\/","og_site_name":"Paracherkaoui.ma","article_modified_time":"2025-12-12T17:37:52+00:00","og_image":[{"width":700,"height":700,"url":"https:\/\/paracherkaoui.ma\/wp-content\/uploads\/2025\/12\/biotherm-biotherm-biocorps-gommage-corps-anti-rugosites-200-ml-gommages-et-exfoliants.jpg","type":"image\/jpeg"}],"twitter_card":"summary_large_image","twitter_misc":{"Dur\u00e9e de lecture estim\u00e9e":"1 minute"},"schema":{"@context":"https:\/\/schema.org","@graph":[{"@type":"WebPage","@id":"https:\/\/paracherkaoui.ma\/index.php\/produit\/biotherm-biocorps-gommage-corps-anti-rugosites-200-ml\/","url":"https:\/\/paracherkaoui.ma\/index.php\/produit\/biotherm-biocorps-gommage-corps-anti-rugosites-200-ml\/","name":"BIOTHERM BIOCORPS GOMMAGE CORPS ANTI RUGOSITES 200 ML - Paracherkaoui.ma","isPartOf":{"@id":"https:\/\/paracherkaoui.ma\/#website"},"primaryImageOfPage":{"@id":"https:\/\/paracherkaoui.ma\/index.php\/produit\/biotherm-biocorps-gommage-corps-anti-rugosites-200-ml\/#primaryimage"},"image":{"@id":"https:\/\/paracherkaoui.ma\/index.php\/produit\/biotherm-biocorps-gommage-corps-anti-rugosites-200-ml\/#primaryimage"},"thumbnailUrl":"https:\/\/paracherkaoui.ma\/wp-content\/uploads\/2025\/12\/biotherm-biotherm-biocorps-gommage-corps-anti-rugosites-200-ml-gommages-et-exfoliants.jpg","datePublished":"2025-12-12T17:37:41+00:00","dateModified":"2025-12-12T17:37:52+00:00","breadcrumb":{"@id":"https:\/\/paracherkaoui.ma\/index.php\/produit\/biotherm-biocorps-gommage-corps-anti-rugosites-200-ml\/#breadcrumb"},"inLanguage":"fr-FR","potentialAction":[{"@type":"ReadAction","target":["https:\/\/paracherkaoui.ma\/index.php\/produit\/biotherm-biocorps-gommage-corps-anti-rugosites-200-ml\/"]}]},{"@type":"ImageObject","inLanguage":"fr-FR","@id":"https:\/\/paracherkaoui.ma\/index.php\/produit\/biotherm-biocorps-gommage-corps-anti-rugosites-200-ml\/#primaryimage","url":"https:\/\/paracherkaoui.ma\/wp-content\/uploads\/2025\/12\/biotherm-biotherm-biocorps-gommage-corps-anti-rugosites-200-ml-gommages-et-exfoliants.jpg","contentUrl":"https:\/\/paracherkaoui.ma\/wp-content\/uploads\/2025\/12\/biotherm-biotherm-biocorps-gommage-corps-anti-rugosites-200-ml-gommages-et-exfoliants.jpg","width":700,"height":700},{"@type":"BreadcrumbList","@id":"https:\/\/paracherkaoui.ma\/index.php\/produit\/biotherm-biocorps-gommage-corps-anti-rugosites-200-ml\/#breadcrumb","itemListElement":[{"@type":"ListItem","position":1,"name":"Accueil","item":"https:\/\/paracherkaoui.ma\/"},{"@type":"ListItem","position":2,"name":"Boutique","item":"https:\/\/paracherkaoui.ma\/index.php\/boutique\/"},{"@type":"ListItem","position":3,"name":"BIOTHERM BIOCORPS GOMMAGE CORPS ANTI RUGOSITES 200 ML"}]},{"@type":"WebSite","@id":"https:\/\/paracherkaoui.ma\/#website","url":"https:\/\/paracherkaoui.ma\/","name":"Paracherkaoui.ma","description":"Achetez en ligne sur Paracherkaoui.ma","potentialAction":[{"@type":"SearchAction","target":{"@type":"EntryPoint","urlTemplate":"https:\/\/paracherkaoui.ma\/?s={search_term_string}"},"query-input":{"@type":"PropertyValueSpecification","valueRequired":true,"valueName":"search_term_string"}}],"inLanguage":"fr-FR"}]}},"_links":{"self":[{"href":"https:\/\/paracherkaoui.ma\/index.php\/wp-json\/wp\/v2\/product\/32191","targetHints":{"allow":["GET"]}}],"collection":[{"href":"https:\/\/paracherkaoui.ma\/index.php\/wp-json\/wp\/v2\/product"}],"about":[{"href":"https:\/\/paracherkaoui.ma\/index.php\/wp-json\/wp\/v2\/types\/product"}],"replies":[{"embeddable":true,"href":"https:\/\/paracherkaoui.ma\/index.php\/wp-json\/wp\/v2\/comments?post=32191"}],"version-history":[{"count":1,"href":"https:\/\/paracherkaoui.ma\/index.php\/wp-json\/wp\/v2\/product\/32191\/revisions"}],"predecessor-version":[{"id":32232,"href":"https:\/\/paracherkaoui.ma\/index.php\/wp-json\/wp\/v2\/product\/32191\/revisions\/32232"}],"wp:featuredmedia":[{"embeddable":true,"href":"https:\/\/paracherkaoui.ma\/index.php\/wp-json\/wp\/v2\/media\/32231"}],"wp:attachment":[{"href":"https:\/\/paracherkaoui.ma\/index.php\/wp-json\/wp\/v2\/media?parent=32191"}],"wp:term":[{"taxonomy":"product_brand","embeddable":true,"href":"https:\/\/paracherkaoui.ma\/index.php\/wp-json\/wp\/v2\/product_brand?post=32191"},{"taxonomy":"product_cat","embeddable":true,"href":"https:\/\/paracherkaoui.ma\/index.php\/wp-json\/wp\/v2\/product_cat?post=32191"},{"taxonomy":"product_tag","embeddable":true,"href":"https:\/\/paracherkaoui.ma\/index.php\/wp-json\/wp\/v2\/product_tag?post=32191"}],"curies":[{"name":"wp","href":"https:\/\/api.w.org\/{rel}","templated":true}]}}