{"id":32121,"date":"2025-12-12T18:37:32","date_gmt":"2025-12-12T17:37:32","guid":{"rendered":"https:\/\/test.ecbeaute.com\/?post_type=product&#038;p=32121"},"modified":"2025-12-12T18:37:40","modified_gmt":"2025-12-12T17:37:40","slug":"svr-xerial-gommage-corps-100-g-3","status":"publish","type":"product","link":"https:\/\/paracherkaoui.ma\/index.php\/produit\/svr-xerial-gommage-corps-100-g-3\/","title":{"rendered":"SVR XERIAL GOMMAGE CORPS 100 G"},"content":{"rendered":"<p>Le gommage Corps SVR Xerial\u00a0est dot\u00e9 d&rsquo;une composition garantie \u00e0 100% d&rsquo;origine naturelle. Sa formule est adapt\u00e9e \u00e0 une utilisation sur les peaux sensibles, ainsi que pour les \u00e9pidermes secs voire tr\u00e8s secs. Ce soin gommant renferme des noyaux d&rsquo;olives et des p\u00e9pins de raisin, qui vous aideront \u00e0 retrouver une\u00a0peau plus lisse\u00a0et \u00e0 l&rsquo;\u00e9clat naturel. Ce soin gommant poss\u00e8de une formulation minimaliste \u00e0 base de 2 ingr\u00e9dients naturels\u00a0uniquement, ce qui vous permet d&rsquo;adapter le dosage et l&rsquo;intensit\u00e9 du gommage en fonction de vos besoins. Il se r\u00e9v\u00e8le efficace pour enlever les rugosit\u00e9s, les peaux mortes et les squames, pour vous aider \u00e0 retrouver une peau toute douce. Mais le gommage Corps SVR Xerial est \u00e9galement id\u00e9al en vue de l&rsquo;application d&rsquo;un autobronzant, ou encore pour limiter l&rsquo;apparition de poils incarn\u00e9s. CONSEILS D&rsquo;UTILISATION: A utiliser sous la douche 1 \u00e0 2 fois par semaine pour \u00e9liminer imm\u00e9diatement les cellules mortes et r\u00e9duire durablement l\u2019apparition de rugosit\u00e9s et de poils incarn\u00e9s.<\/p>\n","protected":false},"excerpt":{"rendered":"<p>Le gommage Corps SVR Xerial\u00a0est dot\u00e9 d&rsquo;une composition garantie \u00e0 100% d&rsquo;origine naturelle. Sa formule est adapt\u00e9e \u00e0 une utilisation<\/p>\n","protected":false},"featured_media":11386,"comment_status":"open","ping_status":"closed","template":"","meta":[],"product_brand":[133],"product_cat":[596],"product_tag":[],"class_list":{"0":"post-32121","1":"product","2":"type-product","3":"status-publish","4":"has-post-thumbnail","6":"product_brand-svr","7":"product_cat-gommages-et-exfoliants","9":"first","10":"instock","11":"sale","12":"shipping-taxable","13":"purchasable","14":"product-type-simple"},"yoast_head":"<!-- This site is optimized with the Yoast SEO plugin v26.6 - https:\/\/yoast.com\/wordpress\/plugins\/seo\/ -->\r\n<title>SVR XERIAL GOMMAGE CORPS 100 G - Paracherkaoui.ma<\/title>\r\n<meta name=\"robots\" content=\"index, follow, max-snippet:-1, max-image-preview:large, max-video-preview:-1\" \/>\r\n<link rel=\"canonical\" href=\"https:\/\/paracherkaoui.ma\/index.php\/produit\/svr-xerial-gommage-corps-100-g-3\/\" \/>\r\n<meta property=\"og:locale\" content=\"fr_FR\" \/>\r\n<meta property=\"og:type\" content=\"article\" \/>\r\n<meta property=\"og:title\" content=\"SVR XERIAL GOMMAGE CORPS 100 G - Paracherkaoui.ma\" \/>\r\n<meta property=\"og:description\" content=\"Le gommage Corps SVR Xerial\u00a0est dot\u00e9 d&rsquo;une composition garantie \u00e0 100% d&rsquo;origine naturelle. Sa formule est adapt\u00e9e \u00e0 une utilisation\" \/>\r\n<meta property=\"og:url\" content=\"https:\/\/paracherkaoui.ma\/index.php\/produit\/svr-xerial-gommage-corps-100-g-3\/\" \/>\r\n<meta property=\"og:site_name\" content=\"Paracherkaoui.ma\" \/>\r\n<meta property=\"article:modified_time\" content=\"2025-12-12T17:37:40+00:00\" \/>\r\n<meta property=\"og:image\" content=\"https:\/\/paracherkaoui.ma\/wp-content\/uploads\/2025\/12\/svr-svr-xerial-gommage-corps-100-g-gommages-et-exfoliants.jpg\" \/>\r\n\t<meta property=\"og:image:width\" content=\"700\" \/>\r\n\t<meta property=\"og:image:height\" content=\"700\" \/>\r\n\t<meta property=\"og:image:type\" content=\"image\/jpeg\" \/>\r\n<meta name=\"twitter:card\" content=\"summary_large_image\" \/>\r\n<meta name=\"twitter:label1\" content=\"Dur\u00e9e de lecture estim\u00e9e\" \/>\n\t<meta name=\"twitter:data1\" content=\"1 minute\" \/>\r\n<script type=\"application\/ld+json\" class=\"yoast-schema-graph\">{\"@context\":\"https:\/\/schema.org\",\"@graph\":[{\"@type\":\"WebPage\",\"@id\":\"https:\/\/paracherkaoui.ma\/index.php\/produit\/svr-xerial-gommage-corps-100-g-3\/\",\"url\":\"https:\/\/paracherkaoui.ma\/index.php\/produit\/svr-xerial-gommage-corps-100-g-3\/\",\"name\":\"SVR XERIAL GOMMAGE CORPS 100 G - Paracherkaoui.ma\",\"isPartOf\":{\"@id\":\"https:\/\/paracherkaoui.ma\/#website\"},\"primaryImageOfPage\":{\"@id\":\"https:\/\/paracherkaoui.ma\/index.php\/produit\/svr-xerial-gommage-corps-100-g-3\/#primaryimage\"},\"image\":{\"@id\":\"https:\/\/paracherkaoui.ma\/index.php\/produit\/svr-xerial-gommage-corps-100-g-3\/#primaryimage\"},\"thumbnailUrl\":\"https:\/\/paracherkaoui.ma\/wp-content\/uploads\/2025\/12\/svr-svr-xerial-gommage-corps-100-g-gommages-et-exfoliants.jpg\",\"datePublished\":\"2025-12-12T17:37:32+00:00\",\"dateModified\":\"2025-12-12T17:37:40+00:00\",\"breadcrumb\":{\"@id\":\"https:\/\/paracherkaoui.ma\/index.php\/produit\/svr-xerial-gommage-corps-100-g-3\/#breadcrumb\"},\"inLanguage\":\"fr-FR\",\"potentialAction\":[{\"@type\":\"ReadAction\",\"target\":[\"https:\/\/paracherkaoui.ma\/index.php\/produit\/svr-xerial-gommage-corps-100-g-3\/\"]}]},{\"@type\":\"ImageObject\",\"inLanguage\":\"fr-FR\",\"@id\":\"https:\/\/paracherkaoui.ma\/index.php\/produit\/svr-xerial-gommage-corps-100-g-3\/#primaryimage\",\"url\":\"https:\/\/paracherkaoui.ma\/wp-content\/uploads\/2025\/12\/svr-svr-xerial-gommage-corps-100-g-gommages-et-exfoliants.jpg\",\"contentUrl\":\"https:\/\/paracherkaoui.ma\/wp-content\/uploads\/2025\/12\/svr-svr-xerial-gommage-corps-100-g-gommages-et-exfoliants.jpg\",\"width\":700,\"height\":700},{\"@type\":\"BreadcrumbList\",\"@id\":\"https:\/\/paracherkaoui.ma\/index.php\/produit\/svr-xerial-gommage-corps-100-g-3\/#breadcrumb\",\"itemListElement\":[{\"@type\":\"ListItem\",\"position\":1,\"name\":\"Accueil\",\"item\":\"https:\/\/paracherkaoui.ma\/\"},{\"@type\":\"ListItem\",\"position\":2,\"name\":\"Boutique\",\"item\":\"https:\/\/paracherkaoui.ma\/index.php\/boutique\/\"},{\"@type\":\"ListItem\",\"position\":3,\"name\":\"SVR XERIAL GOMMAGE CORPS 100 G\"}]},{\"@type\":\"WebSite\",\"@id\":\"https:\/\/paracherkaoui.ma\/#website\",\"url\":\"https:\/\/paracherkaoui.ma\/\",\"name\":\"Paracherkaoui.ma\",\"description\":\"Achetez en ligne sur Paracherkaoui.ma\",\"potentialAction\":[{\"@type\":\"SearchAction\",\"target\":{\"@type\":\"EntryPoint\",\"urlTemplate\":\"https:\/\/paracherkaoui.ma\/?s={search_term_string}\"},\"query-input\":{\"@type\":\"PropertyValueSpecification\",\"valueRequired\":true,\"valueName\":\"search_term_string\"}}],\"inLanguage\":\"fr-FR\"}]}<\/script>\r\n<!-- \/ Yoast SEO plugin. -->","yoast_head_json":{"title":"SVR XERIAL GOMMAGE CORPS 100 G - Paracherkaoui.ma","robots":{"index":"index","follow":"follow","max-snippet":"max-snippet:-1","max-image-preview":"max-image-preview:large","max-video-preview":"max-video-preview:-1"},"canonical":"https:\/\/paracherkaoui.ma\/index.php\/produit\/svr-xerial-gommage-corps-100-g-3\/","og_locale":"fr_FR","og_type":"article","og_title":"SVR XERIAL GOMMAGE CORPS 100 G - Paracherkaoui.ma","og_description":"Le gommage Corps SVR Xerial\u00a0est dot\u00e9 d&rsquo;une composition garantie \u00e0 100% d&rsquo;origine naturelle. Sa formule est adapt\u00e9e \u00e0 une utilisation","og_url":"https:\/\/paracherkaoui.ma\/index.php\/produit\/svr-xerial-gommage-corps-100-g-3\/","og_site_name":"Paracherkaoui.ma","article_modified_time":"2025-12-12T17:37:40+00:00","og_image":[{"width":700,"height":700,"url":"https:\/\/paracherkaoui.ma\/wp-content\/uploads\/2025\/12\/svr-svr-xerial-gommage-corps-100-g-gommages-et-exfoliants.jpg","type":"image\/jpeg"}],"twitter_card":"summary_large_image","twitter_misc":{"Dur\u00e9e de lecture estim\u00e9e":"1 minute"},"schema":{"@context":"https:\/\/schema.org","@graph":[{"@type":"WebPage","@id":"https:\/\/paracherkaoui.ma\/index.php\/produit\/svr-xerial-gommage-corps-100-g-3\/","url":"https:\/\/paracherkaoui.ma\/index.php\/produit\/svr-xerial-gommage-corps-100-g-3\/","name":"SVR XERIAL GOMMAGE CORPS 100 G - Paracherkaoui.ma","isPartOf":{"@id":"https:\/\/paracherkaoui.ma\/#website"},"primaryImageOfPage":{"@id":"https:\/\/paracherkaoui.ma\/index.php\/produit\/svr-xerial-gommage-corps-100-g-3\/#primaryimage"},"image":{"@id":"https:\/\/paracherkaoui.ma\/index.php\/produit\/svr-xerial-gommage-corps-100-g-3\/#primaryimage"},"thumbnailUrl":"https:\/\/paracherkaoui.ma\/wp-content\/uploads\/2025\/12\/svr-svr-xerial-gommage-corps-100-g-gommages-et-exfoliants.jpg","datePublished":"2025-12-12T17:37:32+00:00","dateModified":"2025-12-12T17:37:40+00:00","breadcrumb":{"@id":"https:\/\/paracherkaoui.ma\/index.php\/produit\/svr-xerial-gommage-corps-100-g-3\/#breadcrumb"},"inLanguage":"fr-FR","potentialAction":[{"@type":"ReadAction","target":["https:\/\/paracherkaoui.ma\/index.php\/produit\/svr-xerial-gommage-corps-100-g-3\/"]}]},{"@type":"ImageObject","inLanguage":"fr-FR","@id":"https:\/\/paracherkaoui.ma\/index.php\/produit\/svr-xerial-gommage-corps-100-g-3\/#primaryimage","url":"https:\/\/paracherkaoui.ma\/wp-content\/uploads\/2025\/12\/svr-svr-xerial-gommage-corps-100-g-gommages-et-exfoliants.jpg","contentUrl":"https:\/\/paracherkaoui.ma\/wp-content\/uploads\/2025\/12\/svr-svr-xerial-gommage-corps-100-g-gommages-et-exfoliants.jpg","width":700,"height":700},{"@type":"BreadcrumbList","@id":"https:\/\/paracherkaoui.ma\/index.php\/produit\/svr-xerial-gommage-corps-100-g-3\/#breadcrumb","itemListElement":[{"@type":"ListItem","position":1,"name":"Accueil","item":"https:\/\/paracherkaoui.ma\/"},{"@type":"ListItem","position":2,"name":"Boutique","item":"https:\/\/paracherkaoui.ma\/index.php\/boutique\/"},{"@type":"ListItem","position":3,"name":"SVR XERIAL GOMMAGE CORPS 100 G"}]},{"@type":"WebSite","@id":"https:\/\/paracherkaoui.ma\/#website","url":"https:\/\/paracherkaoui.ma\/","name":"Paracherkaoui.ma","description":"Achetez en ligne sur Paracherkaoui.ma","potentialAction":[{"@type":"SearchAction","target":{"@type":"EntryPoint","urlTemplate":"https:\/\/paracherkaoui.ma\/?s={search_term_string}"},"query-input":{"@type":"PropertyValueSpecification","valueRequired":true,"valueName":"search_term_string"}}],"inLanguage":"fr-FR"}]}},"_links":{"self":[{"href":"https:\/\/paracherkaoui.ma\/index.php\/wp-json\/wp\/v2\/product\/32121","targetHints":{"allow":["GET"]}}],"collection":[{"href":"https:\/\/paracherkaoui.ma\/index.php\/wp-json\/wp\/v2\/product"}],"about":[{"href":"https:\/\/paracherkaoui.ma\/index.php\/wp-json\/wp\/v2\/types\/product"}],"replies":[{"embeddable":true,"href":"https:\/\/paracherkaoui.ma\/index.php\/wp-json\/wp\/v2\/comments?post=32121"}],"version-history":[{"count":1,"href":"https:\/\/paracherkaoui.ma\/index.php\/wp-json\/wp\/v2\/product\/32121\/revisions"}],"predecessor-version":[{"id":32177,"href":"https:\/\/paracherkaoui.ma\/index.php\/wp-json\/wp\/v2\/product\/32121\/revisions\/32177"}],"wp:featuredmedia":[{"embeddable":true,"href":"https:\/\/paracherkaoui.ma\/index.php\/wp-json\/wp\/v2\/media\/11386"}],"wp:attachment":[{"href":"https:\/\/paracherkaoui.ma\/index.php\/wp-json\/wp\/v2\/media?parent=32121"}],"wp:term":[{"taxonomy":"product_brand","embeddable":true,"href":"https:\/\/paracherkaoui.ma\/index.php\/wp-json\/wp\/v2\/product_brand?post=32121"},{"taxonomy":"product_cat","embeddable":true,"href":"https:\/\/paracherkaoui.ma\/index.php\/wp-json\/wp\/v2\/product_cat?post=32121"},{"taxonomy":"product_tag","embeddable":true,"href":"https:\/\/paracherkaoui.ma\/index.php\/wp-json\/wp\/v2\/product_tag?post=32121"}],"curies":[{"name":"wp","href":"https:\/\/api.w.org\/{rel}","templated":true}]}}