{"id":32118,"date":"2025-12-12T18:37:32","date_gmt":"2025-12-12T17:37:32","guid":{"rendered":"https:\/\/test.ecbeaute.com\/?post_type=product&#038;p=32118"},"modified":"2025-12-12T18:37:39","modified_gmt":"2025-12-12T17:37:39","slug":"somatoline-gommage-sucre-brun-350g","status":"publish","type":"product","link":"https:\/\/paracherkaoui.ma\/index.php\/produit\/somatoline-gommage-sucre-brun-350g\/","title":{"rendered":"SOMATOLINE Gommage Sucre Brun \/ 350G"},"content":{"rendered":"<p>Le gommage exfoliant qui revitalise et pr\u00e9pare la peau \u00e0 recevoir des soins minceur. Formule avec 100% d\u2019ingr\u00e9dients d\u2019origine naturelle qui: &#8211; revitalisent et \u00e9claircissent la peau, m\u00eame les peaux sensibles; &#8211; exfolient et adoucissent; &#8211; nourrissent en profondeur les tissus cutan\u00e9s. Avec du sucre de canne, du sel marin, de l\u2019huile d\u2019amande, de l\u2019huile de soja et de la vitamine E. M\u00e9langer \u00e0 l&rsquo;aide de la spatule avant utilisation. Appliquer sur la peau mouill\u00e9e, masser d\u00e9licatement pour exfolier puis rincer soigneusement \u00e0 l&rsquo;eau claire. Appliquer ensuite un soin minceur\u00a0Somatoline Cosmetic. Une utilisation r\u00e9guli\u00e8re, 1 \u00e0 2 fois par semaine, est recommand\u00e9e. Aussi pour peaux sensibles<\/p>\n","protected":false},"excerpt":{"rendered":"<p>Le gommage exfoliant qui revitalise et pr\u00e9pare la peau \u00e0 recevoir des soins minceur. Formule avec 100% d\u2019ingr\u00e9dients d\u2019origine naturelle<\/p>\n","protected":false},"featured_media":32171,"comment_status":"open","ping_status":"closed","template":"","meta":[],"product_brand":[589],"product_cat":[596],"product_tag":[],"class_list":{"0":"post-32118","1":"product","2":"type-product","3":"status-publish","4":"has-post-thumbnail","6":"product_brand-somatoline","7":"product_cat-gommages-et-exfoliants","9":"first","10":"instock","11":"sale","12":"shipping-taxable","13":"purchasable","14":"product-type-simple"},"yoast_head":"<!-- This site is optimized with the Yoast SEO plugin v26.6 - https:\/\/yoast.com\/wordpress\/plugins\/seo\/ -->\r\n<title>SOMATOLINE Gommage Sucre Brun \/ 350G - Paracherkaoui.ma<\/title>\r\n<meta name=\"robots\" content=\"index, follow, max-snippet:-1, max-image-preview:large, max-video-preview:-1\" \/>\r\n<link rel=\"canonical\" href=\"https:\/\/paracherkaoui.ma\/index.php\/produit\/somatoline-gommage-sucre-brun-350g\/\" \/>\r\n<meta property=\"og:locale\" content=\"fr_FR\" \/>\r\n<meta property=\"og:type\" content=\"article\" \/>\r\n<meta property=\"og:title\" content=\"SOMATOLINE Gommage Sucre Brun \/ 350G - Paracherkaoui.ma\" \/>\r\n<meta property=\"og:description\" content=\"Le gommage exfoliant qui revitalise et pr\u00e9pare la peau \u00e0 recevoir des soins minceur. Formule avec 100% d\u2019ingr\u00e9dients d\u2019origine naturelle\" \/>\r\n<meta property=\"og:url\" content=\"https:\/\/paracherkaoui.ma\/index.php\/produit\/somatoline-gommage-sucre-brun-350g\/\" \/>\r\n<meta property=\"og:site_name\" content=\"Paracherkaoui.ma\" \/>\r\n<meta property=\"article:modified_time\" content=\"2025-12-12T17:37:39+00:00\" \/>\r\n<meta property=\"og:image\" content=\"https:\/\/paracherkaoui.ma\/wp-content\/uploads\/2025\/12\/somatoline-somatoline-gommage-sucre-brun-350g-gommage-et-exfoliant-corps.jpg\" \/>\r\n\t<meta property=\"og:image:width\" content=\"700\" \/>\r\n\t<meta property=\"og:image:height\" content=\"700\" \/>\r\n\t<meta property=\"og:image:type\" content=\"image\/jpeg\" \/>\r\n<meta name=\"twitter:card\" content=\"summary_large_image\" \/>\r\n<meta name=\"twitter:label1\" content=\"Dur\u00e9e de lecture estim\u00e9e\" \/>\n\t<meta name=\"twitter:data1\" content=\"1 minute\" \/>\r\n<script type=\"application\/ld+json\" class=\"yoast-schema-graph\">{\"@context\":\"https:\/\/schema.org\",\"@graph\":[{\"@type\":\"WebPage\",\"@id\":\"https:\/\/paracherkaoui.ma\/index.php\/produit\/somatoline-gommage-sucre-brun-350g\/\",\"url\":\"https:\/\/paracherkaoui.ma\/index.php\/produit\/somatoline-gommage-sucre-brun-350g\/\",\"name\":\"SOMATOLINE Gommage Sucre Brun \/ 350G - Paracherkaoui.ma\",\"isPartOf\":{\"@id\":\"https:\/\/paracherkaoui.ma\/#website\"},\"primaryImageOfPage\":{\"@id\":\"https:\/\/paracherkaoui.ma\/index.php\/produit\/somatoline-gommage-sucre-brun-350g\/#primaryimage\"},\"image\":{\"@id\":\"https:\/\/paracherkaoui.ma\/index.php\/produit\/somatoline-gommage-sucre-brun-350g\/#primaryimage\"},\"thumbnailUrl\":\"https:\/\/paracherkaoui.ma\/wp-content\/uploads\/2025\/12\/somatoline-somatoline-gommage-sucre-brun-350g-gommage-et-exfoliant-corps.jpg\",\"datePublished\":\"2025-12-12T17:37:32+00:00\",\"dateModified\":\"2025-12-12T17:37:39+00:00\",\"breadcrumb\":{\"@id\":\"https:\/\/paracherkaoui.ma\/index.php\/produit\/somatoline-gommage-sucre-brun-350g\/#breadcrumb\"},\"inLanguage\":\"fr-FR\",\"potentialAction\":[{\"@type\":\"ReadAction\",\"target\":[\"https:\/\/paracherkaoui.ma\/index.php\/produit\/somatoline-gommage-sucre-brun-350g\/\"]}]},{\"@type\":\"ImageObject\",\"inLanguage\":\"fr-FR\",\"@id\":\"https:\/\/paracherkaoui.ma\/index.php\/produit\/somatoline-gommage-sucre-brun-350g\/#primaryimage\",\"url\":\"https:\/\/paracherkaoui.ma\/wp-content\/uploads\/2025\/12\/somatoline-somatoline-gommage-sucre-brun-350g-gommage-et-exfoliant-corps.jpg\",\"contentUrl\":\"https:\/\/paracherkaoui.ma\/wp-content\/uploads\/2025\/12\/somatoline-somatoline-gommage-sucre-brun-350g-gommage-et-exfoliant-corps.jpg\",\"width\":700,\"height\":700},{\"@type\":\"BreadcrumbList\",\"@id\":\"https:\/\/paracherkaoui.ma\/index.php\/produit\/somatoline-gommage-sucre-brun-350g\/#breadcrumb\",\"itemListElement\":[{\"@type\":\"ListItem\",\"position\":1,\"name\":\"Accueil\",\"item\":\"https:\/\/paracherkaoui.ma\/\"},{\"@type\":\"ListItem\",\"position\":2,\"name\":\"Boutique\",\"item\":\"https:\/\/paracherkaoui.ma\/index.php\/boutique\/\"},{\"@type\":\"ListItem\",\"position\":3,\"name\":\"SOMATOLINE Gommage Sucre Brun \/ 350G\"}]},{\"@type\":\"WebSite\",\"@id\":\"https:\/\/paracherkaoui.ma\/#website\",\"url\":\"https:\/\/paracherkaoui.ma\/\",\"name\":\"Paracherkaoui.ma\",\"description\":\"Achetez en ligne sur Paracherkaoui.ma\",\"potentialAction\":[{\"@type\":\"SearchAction\",\"target\":{\"@type\":\"EntryPoint\",\"urlTemplate\":\"https:\/\/paracherkaoui.ma\/?s={search_term_string}\"},\"query-input\":{\"@type\":\"PropertyValueSpecification\",\"valueRequired\":true,\"valueName\":\"search_term_string\"}}],\"inLanguage\":\"fr-FR\"}]}<\/script>\r\n<!-- \/ Yoast SEO plugin. -->","yoast_head_json":{"title":"SOMATOLINE Gommage Sucre Brun \/ 350G - Paracherkaoui.ma","robots":{"index":"index","follow":"follow","max-snippet":"max-snippet:-1","max-image-preview":"max-image-preview:large","max-video-preview":"max-video-preview:-1"},"canonical":"https:\/\/paracherkaoui.ma\/index.php\/produit\/somatoline-gommage-sucre-brun-350g\/","og_locale":"fr_FR","og_type":"article","og_title":"SOMATOLINE Gommage Sucre Brun \/ 350G - Paracherkaoui.ma","og_description":"Le gommage exfoliant qui revitalise et pr\u00e9pare la peau \u00e0 recevoir des soins minceur. Formule avec 100% d\u2019ingr\u00e9dients d\u2019origine naturelle","og_url":"https:\/\/paracherkaoui.ma\/index.php\/produit\/somatoline-gommage-sucre-brun-350g\/","og_site_name":"Paracherkaoui.ma","article_modified_time":"2025-12-12T17:37:39+00:00","og_image":[{"width":700,"height":700,"url":"https:\/\/paracherkaoui.ma\/wp-content\/uploads\/2025\/12\/somatoline-somatoline-gommage-sucre-brun-350g-gommage-et-exfoliant-corps.jpg","type":"image\/jpeg"}],"twitter_card":"summary_large_image","twitter_misc":{"Dur\u00e9e de lecture estim\u00e9e":"1 minute"},"schema":{"@context":"https:\/\/schema.org","@graph":[{"@type":"WebPage","@id":"https:\/\/paracherkaoui.ma\/index.php\/produit\/somatoline-gommage-sucre-brun-350g\/","url":"https:\/\/paracherkaoui.ma\/index.php\/produit\/somatoline-gommage-sucre-brun-350g\/","name":"SOMATOLINE Gommage Sucre Brun \/ 350G - Paracherkaoui.ma","isPartOf":{"@id":"https:\/\/paracherkaoui.ma\/#website"},"primaryImageOfPage":{"@id":"https:\/\/paracherkaoui.ma\/index.php\/produit\/somatoline-gommage-sucre-brun-350g\/#primaryimage"},"image":{"@id":"https:\/\/paracherkaoui.ma\/index.php\/produit\/somatoline-gommage-sucre-brun-350g\/#primaryimage"},"thumbnailUrl":"https:\/\/paracherkaoui.ma\/wp-content\/uploads\/2025\/12\/somatoline-somatoline-gommage-sucre-brun-350g-gommage-et-exfoliant-corps.jpg","datePublished":"2025-12-12T17:37:32+00:00","dateModified":"2025-12-12T17:37:39+00:00","breadcrumb":{"@id":"https:\/\/paracherkaoui.ma\/index.php\/produit\/somatoline-gommage-sucre-brun-350g\/#breadcrumb"},"inLanguage":"fr-FR","potentialAction":[{"@type":"ReadAction","target":["https:\/\/paracherkaoui.ma\/index.php\/produit\/somatoline-gommage-sucre-brun-350g\/"]}]},{"@type":"ImageObject","inLanguage":"fr-FR","@id":"https:\/\/paracherkaoui.ma\/index.php\/produit\/somatoline-gommage-sucre-brun-350g\/#primaryimage","url":"https:\/\/paracherkaoui.ma\/wp-content\/uploads\/2025\/12\/somatoline-somatoline-gommage-sucre-brun-350g-gommage-et-exfoliant-corps.jpg","contentUrl":"https:\/\/paracherkaoui.ma\/wp-content\/uploads\/2025\/12\/somatoline-somatoline-gommage-sucre-brun-350g-gommage-et-exfoliant-corps.jpg","width":700,"height":700},{"@type":"BreadcrumbList","@id":"https:\/\/paracherkaoui.ma\/index.php\/produit\/somatoline-gommage-sucre-brun-350g\/#breadcrumb","itemListElement":[{"@type":"ListItem","position":1,"name":"Accueil","item":"https:\/\/paracherkaoui.ma\/"},{"@type":"ListItem","position":2,"name":"Boutique","item":"https:\/\/paracherkaoui.ma\/index.php\/boutique\/"},{"@type":"ListItem","position":3,"name":"SOMATOLINE Gommage Sucre Brun \/ 350G"}]},{"@type":"WebSite","@id":"https:\/\/paracherkaoui.ma\/#website","url":"https:\/\/paracherkaoui.ma\/","name":"Paracherkaoui.ma","description":"Achetez en ligne sur Paracherkaoui.ma","potentialAction":[{"@type":"SearchAction","target":{"@type":"EntryPoint","urlTemplate":"https:\/\/paracherkaoui.ma\/?s={search_term_string}"},"query-input":{"@type":"PropertyValueSpecification","valueRequired":true,"valueName":"search_term_string"}}],"inLanguage":"fr-FR"}]}},"_links":{"self":[{"href":"https:\/\/paracherkaoui.ma\/index.php\/wp-json\/wp\/v2\/product\/32118","targetHints":{"allow":["GET"]}}],"collection":[{"href":"https:\/\/paracherkaoui.ma\/index.php\/wp-json\/wp\/v2\/product"}],"about":[{"href":"https:\/\/paracherkaoui.ma\/index.php\/wp-json\/wp\/v2\/types\/product"}],"replies":[{"embeddable":true,"href":"https:\/\/paracherkaoui.ma\/index.php\/wp-json\/wp\/v2\/comments?post=32118"}],"version-history":[{"count":1,"href":"https:\/\/paracherkaoui.ma\/index.php\/wp-json\/wp\/v2\/product\/32118\/revisions"}],"predecessor-version":[{"id":32172,"href":"https:\/\/paracherkaoui.ma\/index.php\/wp-json\/wp\/v2\/product\/32118\/revisions\/32172"}],"wp:featuredmedia":[{"embeddable":true,"href":"https:\/\/paracherkaoui.ma\/index.php\/wp-json\/wp\/v2\/media\/32171"}],"wp:attachment":[{"href":"https:\/\/paracherkaoui.ma\/index.php\/wp-json\/wp\/v2\/media?parent=32118"}],"wp:term":[{"taxonomy":"product_brand","embeddable":true,"href":"https:\/\/paracherkaoui.ma\/index.php\/wp-json\/wp\/v2\/product_brand?post=32118"},{"taxonomy":"product_cat","embeddable":true,"href":"https:\/\/paracherkaoui.ma\/index.php\/wp-json\/wp\/v2\/product_cat?post=32118"},{"taxonomy":"product_tag","embeddable":true,"href":"https:\/\/paracherkaoui.ma\/index.php\/wp-json\/wp\/v2\/product_tag?post=32118"}],"curies":[{"name":"wp","href":"https:\/\/api.w.org\/{rel}","templated":true}]}}