{"id":32116,"date":"2025-12-12T18:37:32","date_gmt":"2025-12-12T17:37:32","guid":{"rendered":"https:\/\/test.ecbeaute.com\/?post_type=product&#038;p=32116"},"modified":"2025-12-12T18:37:39","modified_gmt":"2025-12-12T17:37:39","slug":"filorga-skin-prep-creme-exfoliante-enzymatique-75-ml","status":"publish","type":"product","link":"https:\/\/paracherkaoui.ma\/index.php\/produit\/filorga-skin-prep-creme-exfoliante-enzymatique-75-ml\/","title":{"rendered":"FILORGA SKIN PREP CREME EXFOLIANTE ENZYMATIQUE 75 ML"},"content":{"rendered":"<p>Sa formule innovante repose sur une double action exfoliante : m\u00e9canique gr\u00e2ce aux billes de sable volcanique, et enzymatique gr\u00e2ce \u00e0 l\u2019enzyme de papa\u00efne stabilis\u00e9e. Ce duo synergique permet un nettoyage en profondeur, \u00e9liminant cellules mortes et impuret\u00e9s sans agresser la peau. La niacinamide, ingr\u00e9dient reconnu pour ses propri\u00e9t\u00e9s antioxydantes, apaisantes et anti-inflammatoires, agit en compl\u00e9ment pour r\u00e9duire les rougeurs, resserrer les pores et pr\u00e9server la barri\u00e8re cutan\u00e9e. Sa texture cr\u00e9meuse et fondante transforme chaque utilisation en un v\u00e9ritable moment de plaisir sensoriel. La peau est lisse, lumineuse, purifi\u00e9e, avec un teint visiblement plus uniforme et des pores resserr\u00e9s. Convient \u00e0 tous les types de peau, m\u00eame les plus sensibles. Fabriqu\u00e9 en France, ce soin incarne l&rsquo;expertise dermatologique et cosm\u00e9tique de Filorga. Conseils d&rsquo;utilisation Utiliser 2 fois par semaine sur le visage propre et humide. Appliquer une noisette de cr\u00e8me en \u00e9vitant le contour des yeux. Laisser poser 2 minutes pour une action enzymatique optimale. Masser d\u00e9licatement par mouvements circulaires pour activer l\u2019exfoliation m\u00e9canique. Rincer soigneusement \u00e0 l\u2019eau ti\u00e8de. Composition Aqua (Water, Eau), Glycerin, Helianthus Annuus (Sunflower) Seed Oil, Hydrogenated Vegetable Oil, Glucomannan, Propanediol, Niacinamide, Pumice, Cetearyl Alcohol, Sodium Polyacrylate Starch, Sodium Stearoyl Glutamate, Coco-Glucoside, CI 77163 (Bismuth Oxychloride), Citric Acid, Parfum (Fragrance), Sodium Benzoate, Tocopheryl Acetate, Acacia Senegal Gum, Shellac, Xanthan Gum, Potassium Sorbate, CI 77499 (Iron Oxides), Papain, 1,2-Hexanediol, Caprylyl Glycol, Carbomer, Algin<\/p>\n","protected":false},"excerpt":{"rendered":"<p>Sa formule innovante repose sur une double action exfoliante : m\u00e9canique gr\u00e2ce aux billes de sable volcanique, et enzymatique gr\u00e2ce<\/p>\n","protected":false},"featured_media":32167,"comment_status":"open","ping_status":"closed","template":"","meta":[],"product_brand":[141],"product_cat":[596],"product_tag":[],"class_list":{"0":"post-32116","1":"product","2":"type-product","3":"status-publish","4":"has-post-thumbnail","6":"product_brand-filorga","7":"product_cat-gommages-et-exfoliants","9":"first","10":"instock","11":"sale","12":"shipping-taxable","13":"purchasable","14":"product-type-simple"},"yoast_head":"<!-- This site is optimized with the Yoast SEO plugin v26.6 - https:\/\/yoast.com\/wordpress\/plugins\/seo\/ -->\r\n<title>FILORGA SKIN PREP CREME EXFOLIANTE ENZYMATIQUE 75 ML - Paracherkaoui.ma<\/title>\r\n<meta name=\"robots\" content=\"index, follow, max-snippet:-1, max-image-preview:large, max-video-preview:-1\" \/>\r\n<link rel=\"canonical\" href=\"https:\/\/paracherkaoui.ma\/index.php\/produit\/filorga-skin-prep-creme-exfoliante-enzymatique-75-ml\/\" \/>\r\n<meta property=\"og:locale\" content=\"fr_FR\" \/>\r\n<meta property=\"og:type\" content=\"article\" \/>\r\n<meta property=\"og:title\" content=\"FILORGA SKIN PREP CREME EXFOLIANTE ENZYMATIQUE 75 ML - Paracherkaoui.ma\" \/>\r\n<meta property=\"og:description\" content=\"Sa formule innovante repose sur une double action exfoliante : m\u00e9canique gr\u00e2ce aux billes de sable volcanique, et enzymatique gr\u00e2ce\" \/>\r\n<meta property=\"og:url\" content=\"https:\/\/paracherkaoui.ma\/index.php\/produit\/filorga-skin-prep-creme-exfoliante-enzymatique-75-ml\/\" \/>\r\n<meta property=\"og:site_name\" content=\"Paracherkaoui.ma\" \/>\r\n<meta property=\"article:modified_time\" content=\"2025-12-12T17:37:39+00:00\" \/>\r\n<meta property=\"og:image\" content=\"https:\/\/paracherkaoui.ma\/wp-content\/uploads\/2025\/12\/filorga-filorga-skin-prep-creme-exfoliante-enzymatique-75-ml-masques-et-gommages.jpg\" \/>\r\n\t<meta property=\"og:image:width\" content=\"700\" \/>\r\n\t<meta property=\"og:image:height\" content=\"700\" \/>\r\n\t<meta property=\"og:image:type\" content=\"image\/jpeg\" \/>\r\n<meta name=\"twitter:card\" content=\"summary_large_image\" \/>\r\n<meta name=\"twitter:label1\" content=\"Dur\u00e9e de lecture estim\u00e9e\" \/>\n\t<meta name=\"twitter:data1\" content=\"1 minute\" \/>\r\n<script type=\"application\/ld+json\" class=\"yoast-schema-graph\">{\"@context\":\"https:\/\/schema.org\",\"@graph\":[{\"@type\":\"WebPage\",\"@id\":\"https:\/\/paracherkaoui.ma\/index.php\/produit\/filorga-skin-prep-creme-exfoliante-enzymatique-75-ml\/\",\"url\":\"https:\/\/paracherkaoui.ma\/index.php\/produit\/filorga-skin-prep-creme-exfoliante-enzymatique-75-ml\/\",\"name\":\"FILORGA SKIN PREP CREME EXFOLIANTE ENZYMATIQUE 75 ML - Paracherkaoui.ma\",\"isPartOf\":{\"@id\":\"https:\/\/paracherkaoui.ma\/#website\"},\"primaryImageOfPage\":{\"@id\":\"https:\/\/paracherkaoui.ma\/index.php\/produit\/filorga-skin-prep-creme-exfoliante-enzymatique-75-ml\/#primaryimage\"},\"image\":{\"@id\":\"https:\/\/paracherkaoui.ma\/index.php\/produit\/filorga-skin-prep-creme-exfoliante-enzymatique-75-ml\/#primaryimage\"},\"thumbnailUrl\":\"https:\/\/paracherkaoui.ma\/wp-content\/uploads\/2025\/12\/filorga-filorga-skin-prep-creme-exfoliante-enzymatique-75-ml-masques-et-gommages.jpg\",\"datePublished\":\"2025-12-12T17:37:32+00:00\",\"dateModified\":\"2025-12-12T17:37:39+00:00\",\"breadcrumb\":{\"@id\":\"https:\/\/paracherkaoui.ma\/index.php\/produit\/filorga-skin-prep-creme-exfoliante-enzymatique-75-ml\/#breadcrumb\"},\"inLanguage\":\"fr-FR\",\"potentialAction\":[{\"@type\":\"ReadAction\",\"target\":[\"https:\/\/paracherkaoui.ma\/index.php\/produit\/filorga-skin-prep-creme-exfoliante-enzymatique-75-ml\/\"]}]},{\"@type\":\"ImageObject\",\"inLanguage\":\"fr-FR\",\"@id\":\"https:\/\/paracherkaoui.ma\/index.php\/produit\/filorga-skin-prep-creme-exfoliante-enzymatique-75-ml\/#primaryimage\",\"url\":\"https:\/\/paracherkaoui.ma\/wp-content\/uploads\/2025\/12\/filorga-filorga-skin-prep-creme-exfoliante-enzymatique-75-ml-masques-et-gommages.jpg\",\"contentUrl\":\"https:\/\/paracherkaoui.ma\/wp-content\/uploads\/2025\/12\/filorga-filorga-skin-prep-creme-exfoliante-enzymatique-75-ml-masques-et-gommages.jpg\",\"width\":700,\"height\":700},{\"@type\":\"BreadcrumbList\",\"@id\":\"https:\/\/paracherkaoui.ma\/index.php\/produit\/filorga-skin-prep-creme-exfoliante-enzymatique-75-ml\/#breadcrumb\",\"itemListElement\":[{\"@type\":\"ListItem\",\"position\":1,\"name\":\"Accueil\",\"item\":\"https:\/\/paracherkaoui.ma\/\"},{\"@type\":\"ListItem\",\"position\":2,\"name\":\"Boutique\",\"item\":\"https:\/\/paracherkaoui.ma\/index.php\/boutique\/\"},{\"@type\":\"ListItem\",\"position\":3,\"name\":\"FILORGA SKIN PREP CREME EXFOLIANTE ENZYMATIQUE 75 ML\"}]},{\"@type\":\"WebSite\",\"@id\":\"https:\/\/paracherkaoui.ma\/#website\",\"url\":\"https:\/\/paracherkaoui.ma\/\",\"name\":\"Paracherkaoui.ma\",\"description\":\"Achetez en ligne sur Paracherkaoui.ma\",\"potentialAction\":[{\"@type\":\"SearchAction\",\"target\":{\"@type\":\"EntryPoint\",\"urlTemplate\":\"https:\/\/paracherkaoui.ma\/?s={search_term_string}\"},\"query-input\":{\"@type\":\"PropertyValueSpecification\",\"valueRequired\":true,\"valueName\":\"search_term_string\"}}],\"inLanguage\":\"fr-FR\"}]}<\/script>\r\n<!-- \/ Yoast SEO plugin. -->","yoast_head_json":{"title":"FILORGA SKIN PREP CREME EXFOLIANTE ENZYMATIQUE 75 ML - Paracherkaoui.ma","robots":{"index":"index","follow":"follow","max-snippet":"max-snippet:-1","max-image-preview":"max-image-preview:large","max-video-preview":"max-video-preview:-1"},"canonical":"https:\/\/paracherkaoui.ma\/index.php\/produit\/filorga-skin-prep-creme-exfoliante-enzymatique-75-ml\/","og_locale":"fr_FR","og_type":"article","og_title":"FILORGA SKIN PREP CREME EXFOLIANTE ENZYMATIQUE 75 ML - Paracherkaoui.ma","og_description":"Sa formule innovante repose sur une double action exfoliante : m\u00e9canique gr\u00e2ce aux billes de sable volcanique, et enzymatique gr\u00e2ce","og_url":"https:\/\/paracherkaoui.ma\/index.php\/produit\/filorga-skin-prep-creme-exfoliante-enzymatique-75-ml\/","og_site_name":"Paracherkaoui.ma","article_modified_time":"2025-12-12T17:37:39+00:00","og_image":[{"width":700,"height":700,"url":"https:\/\/paracherkaoui.ma\/wp-content\/uploads\/2025\/12\/filorga-filorga-skin-prep-creme-exfoliante-enzymatique-75-ml-masques-et-gommages.jpg","type":"image\/jpeg"}],"twitter_card":"summary_large_image","twitter_misc":{"Dur\u00e9e de lecture estim\u00e9e":"1 minute"},"schema":{"@context":"https:\/\/schema.org","@graph":[{"@type":"WebPage","@id":"https:\/\/paracherkaoui.ma\/index.php\/produit\/filorga-skin-prep-creme-exfoliante-enzymatique-75-ml\/","url":"https:\/\/paracherkaoui.ma\/index.php\/produit\/filorga-skin-prep-creme-exfoliante-enzymatique-75-ml\/","name":"FILORGA SKIN PREP CREME EXFOLIANTE ENZYMATIQUE 75 ML - Paracherkaoui.ma","isPartOf":{"@id":"https:\/\/paracherkaoui.ma\/#website"},"primaryImageOfPage":{"@id":"https:\/\/paracherkaoui.ma\/index.php\/produit\/filorga-skin-prep-creme-exfoliante-enzymatique-75-ml\/#primaryimage"},"image":{"@id":"https:\/\/paracherkaoui.ma\/index.php\/produit\/filorga-skin-prep-creme-exfoliante-enzymatique-75-ml\/#primaryimage"},"thumbnailUrl":"https:\/\/paracherkaoui.ma\/wp-content\/uploads\/2025\/12\/filorga-filorga-skin-prep-creme-exfoliante-enzymatique-75-ml-masques-et-gommages.jpg","datePublished":"2025-12-12T17:37:32+00:00","dateModified":"2025-12-12T17:37:39+00:00","breadcrumb":{"@id":"https:\/\/paracherkaoui.ma\/index.php\/produit\/filorga-skin-prep-creme-exfoliante-enzymatique-75-ml\/#breadcrumb"},"inLanguage":"fr-FR","potentialAction":[{"@type":"ReadAction","target":["https:\/\/paracherkaoui.ma\/index.php\/produit\/filorga-skin-prep-creme-exfoliante-enzymatique-75-ml\/"]}]},{"@type":"ImageObject","inLanguage":"fr-FR","@id":"https:\/\/paracherkaoui.ma\/index.php\/produit\/filorga-skin-prep-creme-exfoliante-enzymatique-75-ml\/#primaryimage","url":"https:\/\/paracherkaoui.ma\/wp-content\/uploads\/2025\/12\/filorga-filorga-skin-prep-creme-exfoliante-enzymatique-75-ml-masques-et-gommages.jpg","contentUrl":"https:\/\/paracherkaoui.ma\/wp-content\/uploads\/2025\/12\/filorga-filorga-skin-prep-creme-exfoliante-enzymatique-75-ml-masques-et-gommages.jpg","width":700,"height":700},{"@type":"BreadcrumbList","@id":"https:\/\/paracherkaoui.ma\/index.php\/produit\/filorga-skin-prep-creme-exfoliante-enzymatique-75-ml\/#breadcrumb","itemListElement":[{"@type":"ListItem","position":1,"name":"Accueil","item":"https:\/\/paracherkaoui.ma\/"},{"@type":"ListItem","position":2,"name":"Boutique","item":"https:\/\/paracherkaoui.ma\/index.php\/boutique\/"},{"@type":"ListItem","position":3,"name":"FILORGA SKIN PREP CREME EXFOLIANTE ENZYMATIQUE 75 ML"}]},{"@type":"WebSite","@id":"https:\/\/paracherkaoui.ma\/#website","url":"https:\/\/paracherkaoui.ma\/","name":"Paracherkaoui.ma","description":"Achetez en ligne sur Paracherkaoui.ma","potentialAction":[{"@type":"SearchAction","target":{"@type":"EntryPoint","urlTemplate":"https:\/\/paracherkaoui.ma\/?s={search_term_string}"},"query-input":{"@type":"PropertyValueSpecification","valueRequired":true,"valueName":"search_term_string"}}],"inLanguage":"fr-FR"}]}},"_links":{"self":[{"href":"https:\/\/paracherkaoui.ma\/index.php\/wp-json\/wp\/v2\/product\/32116","targetHints":{"allow":["GET"]}}],"collection":[{"href":"https:\/\/paracherkaoui.ma\/index.php\/wp-json\/wp\/v2\/product"}],"about":[{"href":"https:\/\/paracherkaoui.ma\/index.php\/wp-json\/wp\/v2\/types\/product"}],"replies":[{"embeddable":true,"href":"https:\/\/paracherkaoui.ma\/index.php\/wp-json\/wp\/v2\/comments?post=32116"}],"version-history":[{"count":1,"href":"https:\/\/paracherkaoui.ma\/index.php\/wp-json\/wp\/v2\/product\/32116\/revisions"}],"predecessor-version":[{"id":32168,"href":"https:\/\/paracherkaoui.ma\/index.php\/wp-json\/wp\/v2\/product\/32116\/revisions\/32168"}],"wp:featuredmedia":[{"embeddable":true,"href":"https:\/\/paracherkaoui.ma\/index.php\/wp-json\/wp\/v2\/media\/32167"}],"wp:attachment":[{"href":"https:\/\/paracherkaoui.ma\/index.php\/wp-json\/wp\/v2\/media?parent=32116"}],"wp:term":[{"taxonomy":"product_brand","embeddable":true,"href":"https:\/\/paracherkaoui.ma\/index.php\/wp-json\/wp\/v2\/product_brand?post=32116"},{"taxonomy":"product_cat","embeddable":true,"href":"https:\/\/paracherkaoui.ma\/index.php\/wp-json\/wp\/v2\/product_cat?post=32116"},{"taxonomy":"product_tag","embeddable":true,"href":"https:\/\/paracherkaoui.ma\/index.php\/wp-json\/wp\/v2\/product_tag?post=32116"}],"curies":[{"name":"wp","href":"https:\/\/api.w.org\/{rel}","templated":true}]}}