{"id":32114,"date":"2025-12-12T18:37:32","date_gmt":"2025-12-12T17:37:32","guid":{"rendered":"https:\/\/test.ecbeaute.com\/?post_type=product&#038;p=32114"},"modified":"2025-12-12T18:37:38","modified_gmt":"2025-12-12T17:37:38","slug":"somatoline-gommage-sel-marin-350g","status":"publish","type":"product","link":"https:\/\/paracherkaoui.ma\/index.php\/produit\/somatoline-gommage-sel-marin-350g\/","title":{"rendered":"SOMATOLINE Gommage sel marin 350G"},"content":{"rendered":"<p>Somatoline Cosmetic Gommage Sel Marin compl\u00e9ment minceur est un exfoliant qui pr\u00e9pare la peau \u00e0 recevoir des soins minceur.  Il contient des sels marins aux grains de tailles diff\u00e9rentes, de l&rsquo;huile de jojoba, de l&rsquo;huile de germe de bl\u00e9, de la vitamine E qui : \u2022 r\u00e9g\u00e9n\u00e8rent et purifient la peau \u2022 exfolient et lissent l&rsquo;\u00e9piderme, en \u00e9liminant les cellules mortes et les impuret\u00e9s \u2022 aident \u00e0 stimuler la microcirculation cutan\u00e9e gr\u00e2ce aux massages circulaires \u2022 boostent l&rsquo;hydratation des tissus, en favorisant la p\u00e9n\u00e9tration des soins cosm\u00e9tiques  Formule : Exfolie et lisse la peau Parfum marin et balsamique Efficacit\u00e9 cliniquement prouv\u00e9e Test\u00e9e dermatologiquement M\u00e9langer \u00e0 l&rsquo;aide de la spatule avant application. Sous la douche, appliquer sur peau humide et masser par mouvements circulaires. Rincer \u00e0 l&rsquo;eau. Ensuite, appliquer le soin corps Somatoline Cosmetic. Une utilisation r\u00e9guli\u00e8re, 1 \u00e0 2 fois par semaine, est recommand\u00e9e. Usage externe. \u00c9viter le contact avec les yeux. En cas de contact accidentel, laver abondamment \u00e0 l&rsquo;eau fra\u00eeche. Ne pas appliquer sur une peau irrit\u00e9e ou l\u00e9s\u00e9e.<\/p>\n","protected":false},"excerpt":{"rendered":"<p>Somatoline Cosmetic Gommage Sel Marin compl\u00e9ment minceur est un exfoliant qui pr\u00e9pare la peau \u00e0 recevoir des soins minceur. Il<\/p>\n","protected":false},"featured_media":32163,"comment_status":"open","ping_status":"closed","template":"","meta":[],"product_brand":[589],"product_cat":[596],"product_tag":[],"class_list":{"0":"post-32114","1":"product","2":"type-product","3":"status-publish","4":"has-post-thumbnail","6":"product_brand-somatoline","7":"product_cat-gommages-et-exfoliants","9":"first","10":"instock","11":"sale","12":"shipping-taxable","13":"purchasable","14":"product-type-simple"},"yoast_head":"<!-- This site is optimized with the Yoast SEO plugin v26.6 - https:\/\/yoast.com\/wordpress\/plugins\/seo\/ -->\r\n<title>SOMATOLINE Gommage sel marin 350G - Paracherkaoui.ma<\/title>\r\n<meta name=\"robots\" content=\"index, follow, max-snippet:-1, max-image-preview:large, max-video-preview:-1\" \/>\r\n<link rel=\"canonical\" href=\"https:\/\/paracherkaoui.ma\/index.php\/produit\/somatoline-gommage-sel-marin-350g\/\" \/>\r\n<meta property=\"og:locale\" content=\"fr_FR\" \/>\r\n<meta property=\"og:type\" content=\"article\" \/>\r\n<meta property=\"og:title\" content=\"SOMATOLINE Gommage sel marin 350G - Paracherkaoui.ma\" \/>\r\n<meta property=\"og:description\" content=\"Somatoline Cosmetic Gommage Sel Marin compl\u00e9ment minceur est un exfoliant qui pr\u00e9pare la peau \u00e0 recevoir des soins minceur. Il\" \/>\r\n<meta property=\"og:url\" content=\"https:\/\/paracherkaoui.ma\/index.php\/produit\/somatoline-gommage-sel-marin-350g\/\" \/>\r\n<meta property=\"og:site_name\" content=\"Paracherkaoui.ma\" \/>\r\n<meta property=\"article:modified_time\" content=\"2025-12-12T17:37:38+00:00\" \/>\r\n<meta property=\"og:image\" content=\"https:\/\/paracherkaoui.ma\/wp-content\/uploads\/2025\/12\/somatoline-somatoline-gommage-sel-marin-350g-gommage-et-exfoliant-corps.jpg\" \/>\r\n\t<meta property=\"og:image:width\" content=\"700\" \/>\r\n\t<meta property=\"og:image:height\" content=\"700\" \/>\r\n\t<meta property=\"og:image:type\" content=\"image\/jpeg\" \/>\r\n<meta name=\"twitter:card\" content=\"summary_large_image\" \/>\r\n<meta name=\"twitter:label1\" content=\"Dur\u00e9e de lecture estim\u00e9e\" \/>\n\t<meta name=\"twitter:data1\" content=\"1 minute\" \/>\r\n<script type=\"application\/ld+json\" class=\"yoast-schema-graph\">{\"@context\":\"https:\/\/schema.org\",\"@graph\":[{\"@type\":\"WebPage\",\"@id\":\"https:\/\/paracherkaoui.ma\/index.php\/produit\/somatoline-gommage-sel-marin-350g\/\",\"url\":\"https:\/\/paracherkaoui.ma\/index.php\/produit\/somatoline-gommage-sel-marin-350g\/\",\"name\":\"SOMATOLINE Gommage sel marin 350G - Paracherkaoui.ma\",\"isPartOf\":{\"@id\":\"https:\/\/paracherkaoui.ma\/#website\"},\"primaryImageOfPage\":{\"@id\":\"https:\/\/paracherkaoui.ma\/index.php\/produit\/somatoline-gommage-sel-marin-350g\/#primaryimage\"},\"image\":{\"@id\":\"https:\/\/paracherkaoui.ma\/index.php\/produit\/somatoline-gommage-sel-marin-350g\/#primaryimage\"},\"thumbnailUrl\":\"https:\/\/paracherkaoui.ma\/wp-content\/uploads\/2025\/12\/somatoline-somatoline-gommage-sel-marin-350g-gommage-et-exfoliant-corps.jpg\",\"datePublished\":\"2025-12-12T17:37:32+00:00\",\"dateModified\":\"2025-12-12T17:37:38+00:00\",\"breadcrumb\":{\"@id\":\"https:\/\/paracherkaoui.ma\/index.php\/produit\/somatoline-gommage-sel-marin-350g\/#breadcrumb\"},\"inLanguage\":\"fr-FR\",\"potentialAction\":[{\"@type\":\"ReadAction\",\"target\":[\"https:\/\/paracherkaoui.ma\/index.php\/produit\/somatoline-gommage-sel-marin-350g\/\"]}]},{\"@type\":\"ImageObject\",\"inLanguage\":\"fr-FR\",\"@id\":\"https:\/\/paracherkaoui.ma\/index.php\/produit\/somatoline-gommage-sel-marin-350g\/#primaryimage\",\"url\":\"https:\/\/paracherkaoui.ma\/wp-content\/uploads\/2025\/12\/somatoline-somatoline-gommage-sel-marin-350g-gommage-et-exfoliant-corps.jpg\",\"contentUrl\":\"https:\/\/paracherkaoui.ma\/wp-content\/uploads\/2025\/12\/somatoline-somatoline-gommage-sel-marin-350g-gommage-et-exfoliant-corps.jpg\",\"width\":700,\"height\":700},{\"@type\":\"BreadcrumbList\",\"@id\":\"https:\/\/paracherkaoui.ma\/index.php\/produit\/somatoline-gommage-sel-marin-350g\/#breadcrumb\",\"itemListElement\":[{\"@type\":\"ListItem\",\"position\":1,\"name\":\"Accueil\",\"item\":\"https:\/\/paracherkaoui.ma\/\"},{\"@type\":\"ListItem\",\"position\":2,\"name\":\"Boutique\",\"item\":\"https:\/\/paracherkaoui.ma\/index.php\/boutique\/\"},{\"@type\":\"ListItem\",\"position\":3,\"name\":\"SOMATOLINE Gommage sel marin 350G\"}]},{\"@type\":\"WebSite\",\"@id\":\"https:\/\/paracherkaoui.ma\/#website\",\"url\":\"https:\/\/paracherkaoui.ma\/\",\"name\":\"Paracherkaoui.ma\",\"description\":\"Achetez en ligne sur Paracherkaoui.ma\",\"potentialAction\":[{\"@type\":\"SearchAction\",\"target\":{\"@type\":\"EntryPoint\",\"urlTemplate\":\"https:\/\/paracherkaoui.ma\/?s={search_term_string}\"},\"query-input\":{\"@type\":\"PropertyValueSpecification\",\"valueRequired\":true,\"valueName\":\"search_term_string\"}}],\"inLanguage\":\"fr-FR\"}]}<\/script>\r\n<!-- \/ Yoast SEO plugin. -->","yoast_head_json":{"title":"SOMATOLINE Gommage sel marin 350G - Paracherkaoui.ma","robots":{"index":"index","follow":"follow","max-snippet":"max-snippet:-1","max-image-preview":"max-image-preview:large","max-video-preview":"max-video-preview:-1"},"canonical":"https:\/\/paracherkaoui.ma\/index.php\/produit\/somatoline-gommage-sel-marin-350g\/","og_locale":"fr_FR","og_type":"article","og_title":"SOMATOLINE Gommage sel marin 350G - Paracherkaoui.ma","og_description":"Somatoline Cosmetic Gommage Sel Marin compl\u00e9ment minceur est un exfoliant qui pr\u00e9pare la peau \u00e0 recevoir des soins minceur. Il","og_url":"https:\/\/paracherkaoui.ma\/index.php\/produit\/somatoline-gommage-sel-marin-350g\/","og_site_name":"Paracherkaoui.ma","article_modified_time":"2025-12-12T17:37:38+00:00","og_image":[{"width":700,"height":700,"url":"https:\/\/paracherkaoui.ma\/wp-content\/uploads\/2025\/12\/somatoline-somatoline-gommage-sel-marin-350g-gommage-et-exfoliant-corps.jpg","type":"image\/jpeg"}],"twitter_card":"summary_large_image","twitter_misc":{"Dur\u00e9e de lecture estim\u00e9e":"1 minute"},"schema":{"@context":"https:\/\/schema.org","@graph":[{"@type":"WebPage","@id":"https:\/\/paracherkaoui.ma\/index.php\/produit\/somatoline-gommage-sel-marin-350g\/","url":"https:\/\/paracherkaoui.ma\/index.php\/produit\/somatoline-gommage-sel-marin-350g\/","name":"SOMATOLINE Gommage sel marin 350G - Paracherkaoui.ma","isPartOf":{"@id":"https:\/\/paracherkaoui.ma\/#website"},"primaryImageOfPage":{"@id":"https:\/\/paracherkaoui.ma\/index.php\/produit\/somatoline-gommage-sel-marin-350g\/#primaryimage"},"image":{"@id":"https:\/\/paracherkaoui.ma\/index.php\/produit\/somatoline-gommage-sel-marin-350g\/#primaryimage"},"thumbnailUrl":"https:\/\/paracherkaoui.ma\/wp-content\/uploads\/2025\/12\/somatoline-somatoline-gommage-sel-marin-350g-gommage-et-exfoliant-corps.jpg","datePublished":"2025-12-12T17:37:32+00:00","dateModified":"2025-12-12T17:37:38+00:00","breadcrumb":{"@id":"https:\/\/paracherkaoui.ma\/index.php\/produit\/somatoline-gommage-sel-marin-350g\/#breadcrumb"},"inLanguage":"fr-FR","potentialAction":[{"@type":"ReadAction","target":["https:\/\/paracherkaoui.ma\/index.php\/produit\/somatoline-gommage-sel-marin-350g\/"]}]},{"@type":"ImageObject","inLanguage":"fr-FR","@id":"https:\/\/paracherkaoui.ma\/index.php\/produit\/somatoline-gommage-sel-marin-350g\/#primaryimage","url":"https:\/\/paracherkaoui.ma\/wp-content\/uploads\/2025\/12\/somatoline-somatoline-gommage-sel-marin-350g-gommage-et-exfoliant-corps.jpg","contentUrl":"https:\/\/paracherkaoui.ma\/wp-content\/uploads\/2025\/12\/somatoline-somatoline-gommage-sel-marin-350g-gommage-et-exfoliant-corps.jpg","width":700,"height":700},{"@type":"BreadcrumbList","@id":"https:\/\/paracherkaoui.ma\/index.php\/produit\/somatoline-gommage-sel-marin-350g\/#breadcrumb","itemListElement":[{"@type":"ListItem","position":1,"name":"Accueil","item":"https:\/\/paracherkaoui.ma\/"},{"@type":"ListItem","position":2,"name":"Boutique","item":"https:\/\/paracherkaoui.ma\/index.php\/boutique\/"},{"@type":"ListItem","position":3,"name":"SOMATOLINE Gommage sel marin 350G"}]},{"@type":"WebSite","@id":"https:\/\/paracherkaoui.ma\/#website","url":"https:\/\/paracherkaoui.ma\/","name":"Paracherkaoui.ma","description":"Achetez en ligne sur Paracherkaoui.ma","potentialAction":[{"@type":"SearchAction","target":{"@type":"EntryPoint","urlTemplate":"https:\/\/paracherkaoui.ma\/?s={search_term_string}"},"query-input":{"@type":"PropertyValueSpecification","valueRequired":true,"valueName":"search_term_string"}}],"inLanguage":"fr-FR"}]}},"_links":{"self":[{"href":"https:\/\/paracherkaoui.ma\/index.php\/wp-json\/wp\/v2\/product\/32114","targetHints":{"allow":["GET"]}}],"collection":[{"href":"https:\/\/paracherkaoui.ma\/index.php\/wp-json\/wp\/v2\/product"}],"about":[{"href":"https:\/\/paracherkaoui.ma\/index.php\/wp-json\/wp\/v2\/types\/product"}],"replies":[{"embeddable":true,"href":"https:\/\/paracherkaoui.ma\/index.php\/wp-json\/wp\/v2\/comments?post=32114"}],"version-history":[{"count":1,"href":"https:\/\/paracherkaoui.ma\/index.php\/wp-json\/wp\/v2\/product\/32114\/revisions"}],"predecessor-version":[{"id":32164,"href":"https:\/\/paracherkaoui.ma\/index.php\/wp-json\/wp\/v2\/product\/32114\/revisions\/32164"}],"wp:featuredmedia":[{"embeddable":true,"href":"https:\/\/paracherkaoui.ma\/index.php\/wp-json\/wp\/v2\/media\/32163"}],"wp:attachment":[{"href":"https:\/\/paracherkaoui.ma\/index.php\/wp-json\/wp\/v2\/media?parent=32114"}],"wp:term":[{"taxonomy":"product_brand","embeddable":true,"href":"https:\/\/paracherkaoui.ma\/index.php\/wp-json\/wp\/v2\/product_brand?post=32114"},{"taxonomy":"product_cat","embeddable":true,"href":"https:\/\/paracherkaoui.ma\/index.php\/wp-json\/wp\/v2\/product_cat?post=32114"},{"taxonomy":"product_tag","embeddable":true,"href":"https:\/\/paracherkaoui.ma\/index.php\/wp-json\/wp\/v2\/product_tag?post=32114"}],"curies":[{"name":"wp","href":"https:\/\/api.w.org\/{rel}","templated":true}]}}