{"id":32112,"date":"2025-12-12T18:37:32","date_gmt":"2025-12-12T17:37:32","guid":{"rendered":"https:\/\/test.ecbeaute.com\/?post_type=product&#038;p=32112"},"modified":"2025-12-12T18:37:37","modified_gmt":"2025-12-12T17:37:37","slug":"biarritz-oceane-gommage-corps-cerifie-bio","status":"publish","type":"product","link":"https:\/\/paracherkaoui.ma\/index.php\/produit\/biarritz-oceane-gommage-corps-cerifie-bio\/","title":{"rendered":"BIARRITZ OCEANE GOMMAGE CORPS CERIFIE BIO"},"content":{"rendered":"<p>Description: Une gamme imagin\u00e9e autour d&rsquo;un\u00a0parfum d\u2019\u00e9vasion exclusif et captivant\u2026 Les soins OC\u00c9ANE conjuguent \u00e0 merveille sensorialit\u00e9 des textures, du parfum et efficacit\u00e9 d&rsquo;actifs marins bienfaisants.\u00a0Le parfum de la gamme OCEANE s&rsquo;ouvre sur un zeste de citron. Le voyage se poursuit vers les tropiques avec son c\u0153ur \u00e0 la pulpe de fruits exotiques, de fleur de tiar\u00e9 et d&rsquo;Ylang Ylang, pour s&rsquo;achever en douceur avec la vanille des \u00eeles.Micro-algue siliceuse et sable d\u2019origine volcanique combinent leurs vertus exfoliantes naturelles dans ce gommage qui \u00e9limine les cellules mortes, lisse et affine le grain de peau.Le gommage Bio laisse la peau douce et soyeuse, sans l\u2019agresser et en l\u2019enveloppant d\u2019un divin parfum.<\/p>\n","protected":false},"excerpt":{"rendered":"<p>Description: Une gamme imagin\u00e9e autour d&rsquo;un\u00a0parfum d\u2019\u00e9vasion exclusif et captivant\u2026 Les soins OC\u00c9ANE conjuguent \u00e0 merveille sensorialit\u00e9 des textures, du<\/p>\n","protected":false},"featured_media":32159,"comment_status":"open","ping_status":"closed","template":"","meta":[],"product_brand":[295],"product_cat":[596],"product_tag":[],"class_list":{"0":"post-32112","1":"product","2":"type-product","3":"status-publish","4":"has-post-thumbnail","6":"product_brand-biarritz","7":"product_cat-gommages-et-exfoliants","9":"first","10":"instock","11":"shipping-taxable","12":"purchasable","13":"product-type-simple"},"yoast_head":"<!-- This site is optimized with the Yoast SEO plugin v26.6 - https:\/\/yoast.com\/wordpress\/plugins\/seo\/ -->\r\n<title>BIARRITZ OCEANE GOMMAGE CORPS CERIFIE BIO - Paracherkaoui.ma<\/title>\r\n<meta name=\"robots\" content=\"index, follow, max-snippet:-1, max-image-preview:large, max-video-preview:-1\" \/>\r\n<link rel=\"canonical\" href=\"https:\/\/paracherkaoui.ma\/index.php\/produit\/biarritz-oceane-gommage-corps-cerifie-bio\/\" \/>\r\n<meta property=\"og:locale\" content=\"fr_FR\" \/>\r\n<meta property=\"og:type\" content=\"article\" \/>\r\n<meta property=\"og:title\" content=\"BIARRITZ OCEANE GOMMAGE CORPS CERIFIE BIO - Paracherkaoui.ma\" \/>\r\n<meta property=\"og:description\" content=\"Description: Une gamme imagin\u00e9e autour d&rsquo;un\u00a0parfum d\u2019\u00e9vasion exclusif et captivant\u2026 Les soins OC\u00c9ANE conjuguent \u00e0 merveille sensorialit\u00e9 des textures, du\" \/>\r\n<meta property=\"og:url\" content=\"https:\/\/paracherkaoui.ma\/index.php\/produit\/biarritz-oceane-gommage-corps-cerifie-bio\/\" \/>\r\n<meta property=\"og:site_name\" content=\"Paracherkaoui.ma\" \/>\r\n<meta property=\"article:modified_time\" content=\"2025-12-12T17:37:37+00:00\" \/>\r\n<meta property=\"og:image\" content=\"https:\/\/paracherkaoui.ma\/wp-content\/uploads\/2025\/12\/biarritz-oceane-gommage-corps-cerifie-bio.jpg\" \/>\r\n\t<meta property=\"og:image:width\" content=\"700\" \/>\r\n\t<meta property=\"og:image:height\" content=\"700\" \/>\r\n\t<meta property=\"og:image:type\" content=\"image\/jpeg\" \/>\r\n<meta name=\"twitter:card\" content=\"summary_large_image\" \/>\r\n<meta name=\"twitter:label1\" content=\"Dur\u00e9e de lecture estim\u00e9e\" \/>\n\t<meta name=\"twitter:data1\" content=\"1 minute\" \/>\r\n<script type=\"application\/ld+json\" class=\"yoast-schema-graph\">{\"@context\":\"https:\/\/schema.org\",\"@graph\":[{\"@type\":\"WebPage\",\"@id\":\"https:\/\/paracherkaoui.ma\/index.php\/produit\/biarritz-oceane-gommage-corps-cerifie-bio\/\",\"url\":\"https:\/\/paracherkaoui.ma\/index.php\/produit\/biarritz-oceane-gommage-corps-cerifie-bio\/\",\"name\":\"BIARRITZ OCEANE GOMMAGE CORPS CERIFIE BIO - Paracherkaoui.ma\",\"isPartOf\":{\"@id\":\"https:\/\/paracherkaoui.ma\/#website\"},\"primaryImageOfPage\":{\"@id\":\"https:\/\/paracherkaoui.ma\/index.php\/produit\/biarritz-oceane-gommage-corps-cerifie-bio\/#primaryimage\"},\"image\":{\"@id\":\"https:\/\/paracherkaoui.ma\/index.php\/produit\/biarritz-oceane-gommage-corps-cerifie-bio\/#primaryimage\"},\"thumbnailUrl\":\"https:\/\/paracherkaoui.ma\/wp-content\/uploads\/2025\/12\/biarritz-oceane-gommage-corps-cerifie-bio.jpg\",\"datePublished\":\"2025-12-12T17:37:32+00:00\",\"dateModified\":\"2025-12-12T17:37:37+00:00\",\"breadcrumb\":{\"@id\":\"https:\/\/paracherkaoui.ma\/index.php\/produit\/biarritz-oceane-gommage-corps-cerifie-bio\/#breadcrumb\"},\"inLanguage\":\"fr-FR\",\"potentialAction\":[{\"@type\":\"ReadAction\",\"target\":[\"https:\/\/paracherkaoui.ma\/index.php\/produit\/biarritz-oceane-gommage-corps-cerifie-bio\/\"]}]},{\"@type\":\"ImageObject\",\"inLanguage\":\"fr-FR\",\"@id\":\"https:\/\/paracherkaoui.ma\/index.php\/produit\/biarritz-oceane-gommage-corps-cerifie-bio\/#primaryimage\",\"url\":\"https:\/\/paracherkaoui.ma\/wp-content\/uploads\/2025\/12\/biarritz-oceane-gommage-corps-cerifie-bio.jpg\",\"contentUrl\":\"https:\/\/paracherkaoui.ma\/wp-content\/uploads\/2025\/12\/biarritz-oceane-gommage-corps-cerifie-bio.jpg\",\"width\":700,\"height\":700},{\"@type\":\"BreadcrumbList\",\"@id\":\"https:\/\/paracherkaoui.ma\/index.php\/produit\/biarritz-oceane-gommage-corps-cerifie-bio\/#breadcrumb\",\"itemListElement\":[{\"@type\":\"ListItem\",\"position\":1,\"name\":\"Accueil\",\"item\":\"https:\/\/paracherkaoui.ma\/\"},{\"@type\":\"ListItem\",\"position\":2,\"name\":\"Boutique\",\"item\":\"https:\/\/paracherkaoui.ma\/index.php\/boutique\/\"},{\"@type\":\"ListItem\",\"position\":3,\"name\":\"BIARRITZ OCEANE GOMMAGE CORPS CERIFIE BIO\"}]},{\"@type\":\"WebSite\",\"@id\":\"https:\/\/paracherkaoui.ma\/#website\",\"url\":\"https:\/\/paracherkaoui.ma\/\",\"name\":\"Paracherkaoui.ma\",\"description\":\"Achetez en ligne sur Paracherkaoui.ma\",\"potentialAction\":[{\"@type\":\"SearchAction\",\"target\":{\"@type\":\"EntryPoint\",\"urlTemplate\":\"https:\/\/paracherkaoui.ma\/?s={search_term_string}\"},\"query-input\":{\"@type\":\"PropertyValueSpecification\",\"valueRequired\":true,\"valueName\":\"search_term_string\"}}],\"inLanguage\":\"fr-FR\"}]}<\/script>\r\n<!-- \/ Yoast SEO plugin. -->","yoast_head_json":{"title":"BIARRITZ OCEANE GOMMAGE CORPS CERIFIE BIO - Paracherkaoui.ma","robots":{"index":"index","follow":"follow","max-snippet":"max-snippet:-1","max-image-preview":"max-image-preview:large","max-video-preview":"max-video-preview:-1"},"canonical":"https:\/\/paracherkaoui.ma\/index.php\/produit\/biarritz-oceane-gommage-corps-cerifie-bio\/","og_locale":"fr_FR","og_type":"article","og_title":"BIARRITZ OCEANE GOMMAGE CORPS CERIFIE BIO - Paracherkaoui.ma","og_description":"Description: Une gamme imagin\u00e9e autour d&rsquo;un\u00a0parfum d\u2019\u00e9vasion exclusif et captivant\u2026 Les soins OC\u00c9ANE conjuguent \u00e0 merveille sensorialit\u00e9 des textures, du","og_url":"https:\/\/paracherkaoui.ma\/index.php\/produit\/biarritz-oceane-gommage-corps-cerifie-bio\/","og_site_name":"Paracherkaoui.ma","article_modified_time":"2025-12-12T17:37:37+00:00","og_image":[{"width":700,"height":700,"url":"https:\/\/paracherkaoui.ma\/wp-content\/uploads\/2025\/12\/biarritz-oceane-gommage-corps-cerifie-bio.jpg","type":"image\/jpeg"}],"twitter_card":"summary_large_image","twitter_misc":{"Dur\u00e9e de lecture estim\u00e9e":"1 minute"},"schema":{"@context":"https:\/\/schema.org","@graph":[{"@type":"WebPage","@id":"https:\/\/paracherkaoui.ma\/index.php\/produit\/biarritz-oceane-gommage-corps-cerifie-bio\/","url":"https:\/\/paracherkaoui.ma\/index.php\/produit\/biarritz-oceane-gommage-corps-cerifie-bio\/","name":"BIARRITZ OCEANE GOMMAGE CORPS CERIFIE BIO - Paracherkaoui.ma","isPartOf":{"@id":"https:\/\/paracherkaoui.ma\/#website"},"primaryImageOfPage":{"@id":"https:\/\/paracherkaoui.ma\/index.php\/produit\/biarritz-oceane-gommage-corps-cerifie-bio\/#primaryimage"},"image":{"@id":"https:\/\/paracherkaoui.ma\/index.php\/produit\/biarritz-oceane-gommage-corps-cerifie-bio\/#primaryimage"},"thumbnailUrl":"https:\/\/paracherkaoui.ma\/wp-content\/uploads\/2025\/12\/biarritz-oceane-gommage-corps-cerifie-bio.jpg","datePublished":"2025-12-12T17:37:32+00:00","dateModified":"2025-12-12T17:37:37+00:00","breadcrumb":{"@id":"https:\/\/paracherkaoui.ma\/index.php\/produit\/biarritz-oceane-gommage-corps-cerifie-bio\/#breadcrumb"},"inLanguage":"fr-FR","potentialAction":[{"@type":"ReadAction","target":["https:\/\/paracherkaoui.ma\/index.php\/produit\/biarritz-oceane-gommage-corps-cerifie-bio\/"]}]},{"@type":"ImageObject","inLanguage":"fr-FR","@id":"https:\/\/paracherkaoui.ma\/index.php\/produit\/biarritz-oceane-gommage-corps-cerifie-bio\/#primaryimage","url":"https:\/\/paracherkaoui.ma\/wp-content\/uploads\/2025\/12\/biarritz-oceane-gommage-corps-cerifie-bio.jpg","contentUrl":"https:\/\/paracherkaoui.ma\/wp-content\/uploads\/2025\/12\/biarritz-oceane-gommage-corps-cerifie-bio.jpg","width":700,"height":700},{"@type":"BreadcrumbList","@id":"https:\/\/paracherkaoui.ma\/index.php\/produit\/biarritz-oceane-gommage-corps-cerifie-bio\/#breadcrumb","itemListElement":[{"@type":"ListItem","position":1,"name":"Accueil","item":"https:\/\/paracherkaoui.ma\/"},{"@type":"ListItem","position":2,"name":"Boutique","item":"https:\/\/paracherkaoui.ma\/index.php\/boutique\/"},{"@type":"ListItem","position":3,"name":"BIARRITZ OCEANE GOMMAGE CORPS CERIFIE BIO"}]},{"@type":"WebSite","@id":"https:\/\/paracherkaoui.ma\/#website","url":"https:\/\/paracherkaoui.ma\/","name":"Paracherkaoui.ma","description":"Achetez en ligne sur Paracherkaoui.ma","potentialAction":[{"@type":"SearchAction","target":{"@type":"EntryPoint","urlTemplate":"https:\/\/paracherkaoui.ma\/?s={search_term_string}"},"query-input":{"@type":"PropertyValueSpecification","valueRequired":true,"valueName":"search_term_string"}}],"inLanguage":"fr-FR"}]}},"_links":{"self":[{"href":"https:\/\/paracherkaoui.ma\/index.php\/wp-json\/wp\/v2\/product\/32112","targetHints":{"allow":["GET"]}}],"collection":[{"href":"https:\/\/paracherkaoui.ma\/index.php\/wp-json\/wp\/v2\/product"}],"about":[{"href":"https:\/\/paracherkaoui.ma\/index.php\/wp-json\/wp\/v2\/types\/product"}],"replies":[{"embeddable":true,"href":"https:\/\/paracherkaoui.ma\/index.php\/wp-json\/wp\/v2\/comments?post=32112"}],"version-history":[{"count":1,"href":"https:\/\/paracherkaoui.ma\/index.php\/wp-json\/wp\/v2\/product\/32112\/revisions"}],"predecessor-version":[{"id":32160,"href":"https:\/\/paracherkaoui.ma\/index.php\/wp-json\/wp\/v2\/product\/32112\/revisions\/32160"}],"wp:featuredmedia":[{"embeddable":true,"href":"https:\/\/paracherkaoui.ma\/index.php\/wp-json\/wp\/v2\/media\/32159"}],"wp:attachment":[{"href":"https:\/\/paracherkaoui.ma\/index.php\/wp-json\/wp\/v2\/media?parent=32112"}],"wp:term":[{"taxonomy":"product_brand","embeddable":true,"href":"https:\/\/paracherkaoui.ma\/index.php\/wp-json\/wp\/v2\/product_brand?post=32112"},{"taxonomy":"product_cat","embeddable":true,"href":"https:\/\/paracherkaoui.ma\/index.php\/wp-json\/wp\/v2\/product_cat?post=32112"},{"taxonomy":"product_tag","embeddable":true,"href":"https:\/\/paracherkaoui.ma\/index.php\/wp-json\/wp\/v2\/product_tag?post=32112"}],"curies":[{"name":"wp","href":"https:\/\/api.w.org\/{rel}","templated":true}]}}