{"id":32104,"date":"2025-12-12T18:37:31","date_gmt":"2025-12-12T17:37:31","guid":{"rendered":"https:\/\/test.ecbeaute.com\/?post_type=product&#038;p=32104"},"modified":"2025-12-12T18:37:36","modified_gmt":"2025-12-12T17:37:36","slug":"beter-coffee-o-clock-gant-exfoliant-en-sisal-niveau-1-ref-22275","status":"publish","type":"product","link":"https:\/\/paracherkaoui.ma\/index.php\/produit\/beter-coffee-o-clock-gant-exfoliant-en-sisal-niveau-1-ref-22275\/","title":{"rendered":"BETER COFFEE O CLOCK GANT EXFOLIANT EN SISAL NIVEAU 1 REF 22275"},"content":{"rendered":"<p>Fabriqu\u00e9 avec 100 % de fibres v\u00e9g\u00e9tales de sisal et de lin. Indispensable dans le bain ou la douche, il aide \u00e0 activer la circulation et \u00e0 exfolier votre peau, la laissant plus lisse et plus propre en \u00e9liminant les cellules mortes. Gommage niveau 2<\/p>\n","protected":false},"excerpt":{"rendered":"<p>Fabriqu\u00e9 avec 100 % de fibres v\u00e9g\u00e9tales de sisal et de lin. Indispensable dans le bain ou la douche, il<\/p>\n","protected":false},"featured_media":32145,"comment_status":"open","ping_status":"closed","template":"","meta":[],"product_brand":[400],"product_cat":[596],"product_tag":[],"class_list":{"0":"post-32104","1":"product","2":"type-product","3":"status-publish","4":"has-post-thumbnail","6":"product_brand-beter","7":"product_cat-gommages-et-exfoliants","9":"first","10":"instock","11":"sale","12":"shipping-taxable","13":"purchasable","14":"product-type-simple"},"yoast_head":"<!-- This site is optimized with the Yoast SEO plugin v26.6 - https:\/\/yoast.com\/wordpress\/plugins\/seo\/ -->\r\n<title>BETER COFFEE O CLOCK GANT EXFOLIANT EN SISAL NIVEAU 1 REF 22275 - Paracherkaoui.ma<\/title>\r\n<meta name=\"robots\" content=\"index, follow, max-snippet:-1, max-image-preview:large, max-video-preview:-1\" \/>\r\n<link rel=\"canonical\" href=\"https:\/\/paracherkaoui.ma\/index.php\/produit\/beter-coffee-o-clock-gant-exfoliant-en-sisal-niveau-1-ref-22275\/\" \/>\r\n<meta property=\"og:locale\" content=\"fr_FR\" \/>\r\n<meta property=\"og:type\" content=\"article\" \/>\r\n<meta property=\"og:title\" content=\"BETER COFFEE O CLOCK GANT EXFOLIANT EN SISAL NIVEAU 1 REF 22275 - Paracherkaoui.ma\" \/>\r\n<meta property=\"og:description\" content=\"Fabriqu\u00e9 avec 100 % de fibres v\u00e9g\u00e9tales de sisal et de lin. Indispensable dans le bain ou la douche, il\" \/>\r\n<meta property=\"og:url\" content=\"https:\/\/paracherkaoui.ma\/index.php\/produit\/beter-coffee-o-clock-gant-exfoliant-en-sisal-niveau-1-ref-22275\/\" \/>\r\n<meta property=\"og:site_name\" content=\"Paracherkaoui.ma\" \/>\r\n<meta property=\"article:modified_time\" content=\"2025-12-12T17:37:36+00:00\" \/>\r\n<meta property=\"og:image\" content=\"https:\/\/paracherkaoui.ma\/wp-content\/uploads\/2025\/12\/beter-beter-coffee-o-clock-gant-exfoliant-en-sisal-niveau-1-ref-22275-gommages-et-exfoliants.jpg\" \/>\r\n\t<meta property=\"og:image:width\" content=\"700\" \/>\r\n\t<meta property=\"og:image:height\" content=\"700\" \/>\r\n\t<meta property=\"og:image:type\" content=\"image\/jpeg\" \/>\r\n<meta name=\"twitter:card\" content=\"summary_large_image\" \/>\r\n<script type=\"application\/ld+json\" class=\"yoast-schema-graph\">{\"@context\":\"https:\/\/schema.org\",\"@graph\":[{\"@type\":\"WebPage\",\"@id\":\"https:\/\/paracherkaoui.ma\/index.php\/produit\/beter-coffee-o-clock-gant-exfoliant-en-sisal-niveau-1-ref-22275\/\",\"url\":\"https:\/\/paracherkaoui.ma\/index.php\/produit\/beter-coffee-o-clock-gant-exfoliant-en-sisal-niveau-1-ref-22275\/\",\"name\":\"BETER COFFEE O CLOCK GANT EXFOLIANT EN SISAL NIVEAU 1 REF 22275 - Paracherkaoui.ma\",\"isPartOf\":{\"@id\":\"https:\/\/paracherkaoui.ma\/#website\"},\"primaryImageOfPage\":{\"@id\":\"https:\/\/paracherkaoui.ma\/index.php\/produit\/beter-coffee-o-clock-gant-exfoliant-en-sisal-niveau-1-ref-22275\/#primaryimage\"},\"image\":{\"@id\":\"https:\/\/paracherkaoui.ma\/index.php\/produit\/beter-coffee-o-clock-gant-exfoliant-en-sisal-niveau-1-ref-22275\/#primaryimage\"},\"thumbnailUrl\":\"https:\/\/paracherkaoui.ma\/wp-content\/uploads\/2025\/12\/beter-beter-coffee-o-clock-gant-exfoliant-en-sisal-niveau-1-ref-22275-gommages-et-exfoliants.jpg\",\"datePublished\":\"2025-12-12T17:37:31+00:00\",\"dateModified\":\"2025-12-12T17:37:36+00:00\",\"breadcrumb\":{\"@id\":\"https:\/\/paracherkaoui.ma\/index.php\/produit\/beter-coffee-o-clock-gant-exfoliant-en-sisal-niveau-1-ref-22275\/#breadcrumb\"},\"inLanguage\":\"fr-FR\",\"potentialAction\":[{\"@type\":\"ReadAction\",\"target\":[\"https:\/\/paracherkaoui.ma\/index.php\/produit\/beter-coffee-o-clock-gant-exfoliant-en-sisal-niveau-1-ref-22275\/\"]}]},{\"@type\":\"ImageObject\",\"inLanguage\":\"fr-FR\",\"@id\":\"https:\/\/paracherkaoui.ma\/index.php\/produit\/beter-coffee-o-clock-gant-exfoliant-en-sisal-niveau-1-ref-22275\/#primaryimage\",\"url\":\"https:\/\/paracherkaoui.ma\/wp-content\/uploads\/2025\/12\/beter-beter-coffee-o-clock-gant-exfoliant-en-sisal-niveau-1-ref-22275-gommages-et-exfoliants.jpg\",\"contentUrl\":\"https:\/\/paracherkaoui.ma\/wp-content\/uploads\/2025\/12\/beter-beter-coffee-o-clock-gant-exfoliant-en-sisal-niveau-1-ref-22275-gommages-et-exfoliants.jpg\",\"width\":700,\"height\":700},{\"@type\":\"BreadcrumbList\",\"@id\":\"https:\/\/paracherkaoui.ma\/index.php\/produit\/beter-coffee-o-clock-gant-exfoliant-en-sisal-niveau-1-ref-22275\/#breadcrumb\",\"itemListElement\":[{\"@type\":\"ListItem\",\"position\":1,\"name\":\"Accueil\",\"item\":\"https:\/\/paracherkaoui.ma\/\"},{\"@type\":\"ListItem\",\"position\":2,\"name\":\"Boutique\",\"item\":\"https:\/\/paracherkaoui.ma\/index.php\/boutique\/\"},{\"@type\":\"ListItem\",\"position\":3,\"name\":\"BETER COFFEE O CLOCK GANT EXFOLIANT EN SISAL NIVEAU 1 REF 22275\"}]},{\"@type\":\"WebSite\",\"@id\":\"https:\/\/paracherkaoui.ma\/#website\",\"url\":\"https:\/\/paracherkaoui.ma\/\",\"name\":\"Paracherkaoui.ma\",\"description\":\"Achetez en ligne sur Paracherkaoui.ma\",\"potentialAction\":[{\"@type\":\"SearchAction\",\"target\":{\"@type\":\"EntryPoint\",\"urlTemplate\":\"https:\/\/paracherkaoui.ma\/?s={search_term_string}\"},\"query-input\":{\"@type\":\"PropertyValueSpecification\",\"valueRequired\":true,\"valueName\":\"search_term_string\"}}],\"inLanguage\":\"fr-FR\"}]}<\/script>\r\n<!-- \/ Yoast SEO plugin. -->","yoast_head_json":{"title":"BETER COFFEE O CLOCK GANT EXFOLIANT EN SISAL NIVEAU 1 REF 22275 - Paracherkaoui.ma","robots":{"index":"index","follow":"follow","max-snippet":"max-snippet:-1","max-image-preview":"max-image-preview:large","max-video-preview":"max-video-preview:-1"},"canonical":"https:\/\/paracherkaoui.ma\/index.php\/produit\/beter-coffee-o-clock-gant-exfoliant-en-sisal-niveau-1-ref-22275\/","og_locale":"fr_FR","og_type":"article","og_title":"BETER COFFEE O CLOCK GANT EXFOLIANT EN SISAL NIVEAU 1 REF 22275 - Paracherkaoui.ma","og_description":"Fabriqu\u00e9 avec 100 % de fibres v\u00e9g\u00e9tales de sisal et de lin. Indispensable dans le bain ou la douche, il","og_url":"https:\/\/paracherkaoui.ma\/index.php\/produit\/beter-coffee-o-clock-gant-exfoliant-en-sisal-niveau-1-ref-22275\/","og_site_name":"Paracherkaoui.ma","article_modified_time":"2025-12-12T17:37:36+00:00","og_image":[{"width":700,"height":700,"url":"https:\/\/paracherkaoui.ma\/wp-content\/uploads\/2025\/12\/beter-beter-coffee-o-clock-gant-exfoliant-en-sisal-niveau-1-ref-22275-gommages-et-exfoliants.jpg","type":"image\/jpeg"}],"twitter_card":"summary_large_image","schema":{"@context":"https:\/\/schema.org","@graph":[{"@type":"WebPage","@id":"https:\/\/paracherkaoui.ma\/index.php\/produit\/beter-coffee-o-clock-gant-exfoliant-en-sisal-niveau-1-ref-22275\/","url":"https:\/\/paracherkaoui.ma\/index.php\/produit\/beter-coffee-o-clock-gant-exfoliant-en-sisal-niveau-1-ref-22275\/","name":"BETER COFFEE O CLOCK GANT EXFOLIANT EN SISAL NIVEAU 1 REF 22275 - Paracherkaoui.ma","isPartOf":{"@id":"https:\/\/paracherkaoui.ma\/#website"},"primaryImageOfPage":{"@id":"https:\/\/paracherkaoui.ma\/index.php\/produit\/beter-coffee-o-clock-gant-exfoliant-en-sisal-niveau-1-ref-22275\/#primaryimage"},"image":{"@id":"https:\/\/paracherkaoui.ma\/index.php\/produit\/beter-coffee-o-clock-gant-exfoliant-en-sisal-niveau-1-ref-22275\/#primaryimage"},"thumbnailUrl":"https:\/\/paracherkaoui.ma\/wp-content\/uploads\/2025\/12\/beter-beter-coffee-o-clock-gant-exfoliant-en-sisal-niveau-1-ref-22275-gommages-et-exfoliants.jpg","datePublished":"2025-12-12T17:37:31+00:00","dateModified":"2025-12-12T17:37:36+00:00","breadcrumb":{"@id":"https:\/\/paracherkaoui.ma\/index.php\/produit\/beter-coffee-o-clock-gant-exfoliant-en-sisal-niveau-1-ref-22275\/#breadcrumb"},"inLanguage":"fr-FR","potentialAction":[{"@type":"ReadAction","target":["https:\/\/paracherkaoui.ma\/index.php\/produit\/beter-coffee-o-clock-gant-exfoliant-en-sisal-niveau-1-ref-22275\/"]}]},{"@type":"ImageObject","inLanguage":"fr-FR","@id":"https:\/\/paracherkaoui.ma\/index.php\/produit\/beter-coffee-o-clock-gant-exfoliant-en-sisal-niveau-1-ref-22275\/#primaryimage","url":"https:\/\/paracherkaoui.ma\/wp-content\/uploads\/2025\/12\/beter-beter-coffee-o-clock-gant-exfoliant-en-sisal-niveau-1-ref-22275-gommages-et-exfoliants.jpg","contentUrl":"https:\/\/paracherkaoui.ma\/wp-content\/uploads\/2025\/12\/beter-beter-coffee-o-clock-gant-exfoliant-en-sisal-niveau-1-ref-22275-gommages-et-exfoliants.jpg","width":700,"height":700},{"@type":"BreadcrumbList","@id":"https:\/\/paracherkaoui.ma\/index.php\/produit\/beter-coffee-o-clock-gant-exfoliant-en-sisal-niveau-1-ref-22275\/#breadcrumb","itemListElement":[{"@type":"ListItem","position":1,"name":"Accueil","item":"https:\/\/paracherkaoui.ma\/"},{"@type":"ListItem","position":2,"name":"Boutique","item":"https:\/\/paracherkaoui.ma\/index.php\/boutique\/"},{"@type":"ListItem","position":3,"name":"BETER COFFEE O CLOCK GANT EXFOLIANT EN SISAL NIVEAU 1 REF 22275"}]},{"@type":"WebSite","@id":"https:\/\/paracherkaoui.ma\/#website","url":"https:\/\/paracherkaoui.ma\/","name":"Paracherkaoui.ma","description":"Achetez en ligne sur Paracherkaoui.ma","potentialAction":[{"@type":"SearchAction","target":{"@type":"EntryPoint","urlTemplate":"https:\/\/paracherkaoui.ma\/?s={search_term_string}"},"query-input":{"@type":"PropertyValueSpecification","valueRequired":true,"valueName":"search_term_string"}}],"inLanguage":"fr-FR"}]}},"_links":{"self":[{"href":"https:\/\/paracherkaoui.ma\/index.php\/wp-json\/wp\/v2\/product\/32104","targetHints":{"allow":["GET"]}}],"collection":[{"href":"https:\/\/paracherkaoui.ma\/index.php\/wp-json\/wp\/v2\/product"}],"about":[{"href":"https:\/\/paracherkaoui.ma\/index.php\/wp-json\/wp\/v2\/types\/product"}],"replies":[{"embeddable":true,"href":"https:\/\/paracherkaoui.ma\/index.php\/wp-json\/wp\/v2\/comments?post=32104"}],"version-history":[{"count":1,"href":"https:\/\/paracherkaoui.ma\/index.php\/wp-json\/wp\/v2\/product\/32104\/revisions"}],"predecessor-version":[{"id":32146,"href":"https:\/\/paracherkaoui.ma\/index.php\/wp-json\/wp\/v2\/product\/32104\/revisions\/32146"}],"wp:featuredmedia":[{"embeddable":true,"href":"https:\/\/paracherkaoui.ma\/index.php\/wp-json\/wp\/v2\/media\/32145"}],"wp:attachment":[{"href":"https:\/\/paracherkaoui.ma\/index.php\/wp-json\/wp\/v2\/media?parent=32104"}],"wp:term":[{"taxonomy":"product_brand","embeddable":true,"href":"https:\/\/paracherkaoui.ma\/index.php\/wp-json\/wp\/v2\/product_brand?post=32104"},{"taxonomy":"product_cat","embeddable":true,"href":"https:\/\/paracherkaoui.ma\/index.php\/wp-json\/wp\/v2\/product_cat?post=32104"},{"taxonomy":"product_tag","embeddable":true,"href":"https:\/\/paracherkaoui.ma\/index.php\/wp-json\/wp\/v2\/product_tag?post=32104"}],"curies":[{"name":"wp","href":"https:\/\/api.w.org\/{rel}","templated":true}]}}