{"id":32102,"date":"2025-12-12T18:37:31","date_gmt":"2025-12-12T17:37:31","guid":{"rendered":"https:\/\/test.ecbeaute.com\/?post_type=product&#038;p=32102"},"modified":"2025-12-12T18:37:35","modified_gmt":"2025-12-12T17:37:35","slug":"isispharma-glyco-a-intense-peeling-30-ml","status":"publish","type":"product","link":"https:\/\/paracherkaoui.ma\/index.php\/produit\/isispharma-glyco-a-intense-peeling-30-ml\/","title":{"rendered":"ISISPHARMA GLYCO-A INTENSE PEELING 30 ML"},"content":{"rendered":"<p>La cr\u00e8me de nuit GLYCO-A INTENSE Peeling offre \u00e0 tous l\u2019efficacit\u00e9 d\u2019un peeling chez soi, avec une concentration d\u2019acide glycolique id\u00e9ale de 25% pour une peau plus lisse, plus ferme et un teint lumineux; Le pH de GLYCO-A INTENSE Peeling est de 3,1 pour un parfait \u00e9quilibre entre tol\u00e9rance de la peau et efficacit\u00e9 du soin. Conseils d&rsquo;utilsation: Le soir uniquement, 2 \u00e0 3 fois par semaine et apr\u00e8s un nettoyage soign\u00e9, appliquer une fine couche sur l\u2019ensemble du visage et masser d\u00e9licatement jusqu\u2019\u00e0 p\u00e9n\u00e9tration compl\u00e8te du produit.<\/p>\n","protected":false},"excerpt":{"rendered":"<p>La cr\u00e8me de nuit GLYCO-A INTENSE Peeling offre \u00e0 tous l\u2019efficacit\u00e9 d\u2019un peeling chez soi, avec une concentration d\u2019acide glycolique<\/p>\n","protected":false},"featured_media":32141,"comment_status":"open","ping_status":"closed","template":"","meta":[],"product_brand":[321],"product_cat":[596],"product_tag":[],"class_list":{"0":"post-32102","1":"product","2":"type-product","3":"status-publish","4":"has-post-thumbnail","6":"product_brand-isispharma","7":"product_cat-gommages-et-exfoliants","9":"first","10":"instock","11":"sale","12":"shipping-taxable","13":"purchasable","14":"product-type-simple"},"yoast_head":"<!-- This site is optimized with the Yoast SEO plugin v26.6 - https:\/\/yoast.com\/wordpress\/plugins\/seo\/ -->\r\n<title>ISISPHARMA GLYCO-A INTENSE PEELING 30 ML - Paracherkaoui.ma<\/title>\r\n<meta name=\"robots\" content=\"index, follow, max-snippet:-1, max-image-preview:large, max-video-preview:-1\" \/>\r\n<link rel=\"canonical\" href=\"https:\/\/paracherkaoui.ma\/index.php\/produit\/isispharma-glyco-a-intense-peeling-30-ml\/\" \/>\r\n<meta property=\"og:locale\" content=\"fr_FR\" \/>\r\n<meta property=\"og:type\" content=\"article\" \/>\r\n<meta property=\"og:title\" content=\"ISISPHARMA GLYCO-A INTENSE PEELING 30 ML - Paracherkaoui.ma\" \/>\r\n<meta property=\"og:description\" content=\"La cr\u00e8me de nuit GLYCO-A INTENSE Peeling offre \u00e0 tous l\u2019efficacit\u00e9 d\u2019un peeling chez soi, avec une concentration d\u2019acide glycolique\" \/>\r\n<meta property=\"og:url\" content=\"https:\/\/paracherkaoui.ma\/index.php\/produit\/isispharma-glyco-a-intense-peeling-30-ml\/\" \/>\r\n<meta property=\"og:site_name\" content=\"Paracherkaoui.ma\" \/>\r\n<meta property=\"article:modified_time\" content=\"2025-12-12T17:37:35+00:00\" \/>\r\n<meta property=\"og:image\" content=\"https:\/\/paracherkaoui.ma\/wp-content\/uploads\/2025\/12\/isispharma-isispharma-glyco-a-intense-peeling-30-ml-gommages-et-exfoliants.jpg\" \/>\r\n\t<meta property=\"og:image:width\" content=\"700\" \/>\r\n\t<meta property=\"og:image:height\" content=\"700\" \/>\r\n\t<meta property=\"og:image:type\" content=\"image\/jpeg\" \/>\r\n<meta name=\"twitter:card\" content=\"summary_large_image\" \/>\r\n<script type=\"application\/ld+json\" class=\"yoast-schema-graph\">{\"@context\":\"https:\/\/schema.org\",\"@graph\":[{\"@type\":\"WebPage\",\"@id\":\"https:\/\/paracherkaoui.ma\/index.php\/produit\/isispharma-glyco-a-intense-peeling-30-ml\/\",\"url\":\"https:\/\/paracherkaoui.ma\/index.php\/produit\/isispharma-glyco-a-intense-peeling-30-ml\/\",\"name\":\"ISISPHARMA GLYCO-A INTENSE PEELING 30 ML - Paracherkaoui.ma\",\"isPartOf\":{\"@id\":\"https:\/\/paracherkaoui.ma\/#website\"},\"primaryImageOfPage\":{\"@id\":\"https:\/\/paracherkaoui.ma\/index.php\/produit\/isispharma-glyco-a-intense-peeling-30-ml\/#primaryimage\"},\"image\":{\"@id\":\"https:\/\/paracherkaoui.ma\/index.php\/produit\/isispharma-glyco-a-intense-peeling-30-ml\/#primaryimage\"},\"thumbnailUrl\":\"https:\/\/paracherkaoui.ma\/wp-content\/uploads\/2025\/12\/isispharma-isispharma-glyco-a-intense-peeling-30-ml-gommages-et-exfoliants.jpg\",\"datePublished\":\"2025-12-12T17:37:31+00:00\",\"dateModified\":\"2025-12-12T17:37:35+00:00\",\"breadcrumb\":{\"@id\":\"https:\/\/paracherkaoui.ma\/index.php\/produit\/isispharma-glyco-a-intense-peeling-30-ml\/#breadcrumb\"},\"inLanguage\":\"fr-FR\",\"potentialAction\":[{\"@type\":\"ReadAction\",\"target\":[\"https:\/\/paracherkaoui.ma\/index.php\/produit\/isispharma-glyco-a-intense-peeling-30-ml\/\"]}]},{\"@type\":\"ImageObject\",\"inLanguage\":\"fr-FR\",\"@id\":\"https:\/\/paracherkaoui.ma\/index.php\/produit\/isispharma-glyco-a-intense-peeling-30-ml\/#primaryimage\",\"url\":\"https:\/\/paracherkaoui.ma\/wp-content\/uploads\/2025\/12\/isispharma-isispharma-glyco-a-intense-peeling-30-ml-gommages-et-exfoliants.jpg\",\"contentUrl\":\"https:\/\/paracherkaoui.ma\/wp-content\/uploads\/2025\/12\/isispharma-isispharma-glyco-a-intense-peeling-30-ml-gommages-et-exfoliants.jpg\",\"width\":700,\"height\":700},{\"@type\":\"BreadcrumbList\",\"@id\":\"https:\/\/paracherkaoui.ma\/index.php\/produit\/isispharma-glyco-a-intense-peeling-30-ml\/#breadcrumb\",\"itemListElement\":[{\"@type\":\"ListItem\",\"position\":1,\"name\":\"Accueil\",\"item\":\"https:\/\/paracherkaoui.ma\/\"},{\"@type\":\"ListItem\",\"position\":2,\"name\":\"Boutique\",\"item\":\"https:\/\/paracherkaoui.ma\/index.php\/boutique\/\"},{\"@type\":\"ListItem\",\"position\":3,\"name\":\"ISISPHARMA GLYCO-A INTENSE PEELING 30 ML\"}]},{\"@type\":\"WebSite\",\"@id\":\"https:\/\/paracherkaoui.ma\/#website\",\"url\":\"https:\/\/paracherkaoui.ma\/\",\"name\":\"Paracherkaoui.ma\",\"description\":\"Achetez en ligne sur Paracherkaoui.ma\",\"potentialAction\":[{\"@type\":\"SearchAction\",\"target\":{\"@type\":\"EntryPoint\",\"urlTemplate\":\"https:\/\/paracherkaoui.ma\/?s={search_term_string}\"},\"query-input\":{\"@type\":\"PropertyValueSpecification\",\"valueRequired\":true,\"valueName\":\"search_term_string\"}}],\"inLanguage\":\"fr-FR\"}]}<\/script>\r\n<!-- \/ Yoast SEO plugin. -->","yoast_head_json":{"title":"ISISPHARMA GLYCO-A INTENSE PEELING 30 ML - Paracherkaoui.ma","robots":{"index":"index","follow":"follow","max-snippet":"max-snippet:-1","max-image-preview":"max-image-preview:large","max-video-preview":"max-video-preview:-1"},"canonical":"https:\/\/paracherkaoui.ma\/index.php\/produit\/isispharma-glyco-a-intense-peeling-30-ml\/","og_locale":"fr_FR","og_type":"article","og_title":"ISISPHARMA GLYCO-A INTENSE PEELING 30 ML - Paracherkaoui.ma","og_description":"La cr\u00e8me de nuit GLYCO-A INTENSE Peeling offre \u00e0 tous l\u2019efficacit\u00e9 d\u2019un peeling chez soi, avec une concentration d\u2019acide glycolique","og_url":"https:\/\/paracherkaoui.ma\/index.php\/produit\/isispharma-glyco-a-intense-peeling-30-ml\/","og_site_name":"Paracherkaoui.ma","article_modified_time":"2025-12-12T17:37:35+00:00","og_image":[{"width":700,"height":700,"url":"https:\/\/paracherkaoui.ma\/wp-content\/uploads\/2025\/12\/isispharma-isispharma-glyco-a-intense-peeling-30-ml-gommages-et-exfoliants.jpg","type":"image\/jpeg"}],"twitter_card":"summary_large_image","schema":{"@context":"https:\/\/schema.org","@graph":[{"@type":"WebPage","@id":"https:\/\/paracherkaoui.ma\/index.php\/produit\/isispharma-glyco-a-intense-peeling-30-ml\/","url":"https:\/\/paracherkaoui.ma\/index.php\/produit\/isispharma-glyco-a-intense-peeling-30-ml\/","name":"ISISPHARMA GLYCO-A INTENSE PEELING 30 ML - Paracherkaoui.ma","isPartOf":{"@id":"https:\/\/paracherkaoui.ma\/#website"},"primaryImageOfPage":{"@id":"https:\/\/paracherkaoui.ma\/index.php\/produit\/isispharma-glyco-a-intense-peeling-30-ml\/#primaryimage"},"image":{"@id":"https:\/\/paracherkaoui.ma\/index.php\/produit\/isispharma-glyco-a-intense-peeling-30-ml\/#primaryimage"},"thumbnailUrl":"https:\/\/paracherkaoui.ma\/wp-content\/uploads\/2025\/12\/isispharma-isispharma-glyco-a-intense-peeling-30-ml-gommages-et-exfoliants.jpg","datePublished":"2025-12-12T17:37:31+00:00","dateModified":"2025-12-12T17:37:35+00:00","breadcrumb":{"@id":"https:\/\/paracherkaoui.ma\/index.php\/produit\/isispharma-glyco-a-intense-peeling-30-ml\/#breadcrumb"},"inLanguage":"fr-FR","potentialAction":[{"@type":"ReadAction","target":["https:\/\/paracherkaoui.ma\/index.php\/produit\/isispharma-glyco-a-intense-peeling-30-ml\/"]}]},{"@type":"ImageObject","inLanguage":"fr-FR","@id":"https:\/\/paracherkaoui.ma\/index.php\/produit\/isispharma-glyco-a-intense-peeling-30-ml\/#primaryimage","url":"https:\/\/paracherkaoui.ma\/wp-content\/uploads\/2025\/12\/isispharma-isispharma-glyco-a-intense-peeling-30-ml-gommages-et-exfoliants.jpg","contentUrl":"https:\/\/paracherkaoui.ma\/wp-content\/uploads\/2025\/12\/isispharma-isispharma-glyco-a-intense-peeling-30-ml-gommages-et-exfoliants.jpg","width":700,"height":700},{"@type":"BreadcrumbList","@id":"https:\/\/paracherkaoui.ma\/index.php\/produit\/isispharma-glyco-a-intense-peeling-30-ml\/#breadcrumb","itemListElement":[{"@type":"ListItem","position":1,"name":"Accueil","item":"https:\/\/paracherkaoui.ma\/"},{"@type":"ListItem","position":2,"name":"Boutique","item":"https:\/\/paracherkaoui.ma\/index.php\/boutique\/"},{"@type":"ListItem","position":3,"name":"ISISPHARMA GLYCO-A INTENSE PEELING 30 ML"}]},{"@type":"WebSite","@id":"https:\/\/paracherkaoui.ma\/#website","url":"https:\/\/paracherkaoui.ma\/","name":"Paracherkaoui.ma","description":"Achetez en ligne sur Paracherkaoui.ma","potentialAction":[{"@type":"SearchAction","target":{"@type":"EntryPoint","urlTemplate":"https:\/\/paracherkaoui.ma\/?s={search_term_string}"},"query-input":{"@type":"PropertyValueSpecification","valueRequired":true,"valueName":"search_term_string"}}],"inLanguage":"fr-FR"}]}},"_links":{"self":[{"href":"https:\/\/paracherkaoui.ma\/index.php\/wp-json\/wp\/v2\/product\/32102","targetHints":{"allow":["GET"]}}],"collection":[{"href":"https:\/\/paracherkaoui.ma\/index.php\/wp-json\/wp\/v2\/product"}],"about":[{"href":"https:\/\/paracherkaoui.ma\/index.php\/wp-json\/wp\/v2\/types\/product"}],"replies":[{"embeddable":true,"href":"https:\/\/paracherkaoui.ma\/index.php\/wp-json\/wp\/v2\/comments?post=32102"}],"version-history":[{"count":1,"href":"https:\/\/paracherkaoui.ma\/index.php\/wp-json\/wp\/v2\/product\/32102\/revisions"}],"predecessor-version":[{"id":32142,"href":"https:\/\/paracherkaoui.ma\/index.php\/wp-json\/wp\/v2\/product\/32102\/revisions\/32142"}],"wp:featuredmedia":[{"embeddable":true,"href":"https:\/\/paracherkaoui.ma\/index.php\/wp-json\/wp\/v2\/media\/32141"}],"wp:attachment":[{"href":"https:\/\/paracherkaoui.ma\/index.php\/wp-json\/wp\/v2\/media?parent=32102"}],"wp:term":[{"taxonomy":"product_brand","embeddable":true,"href":"https:\/\/paracherkaoui.ma\/index.php\/wp-json\/wp\/v2\/product_brand?post=32102"},{"taxonomy":"product_cat","embeddable":true,"href":"https:\/\/paracherkaoui.ma\/index.php\/wp-json\/wp\/v2\/product_cat?post=32102"},{"taxonomy":"product_tag","embeddable":true,"href":"https:\/\/paracherkaoui.ma\/index.php\/wp-json\/wp\/v2\/product_tag?post=32102"}],"curies":[{"name":"wp","href":"https:\/\/api.w.org\/{rel}","templated":true}]}}