{"id":32097,"date":"2025-12-12T18:37:31","date_gmt":"2025-12-12T17:37:31","guid":{"rendered":"https:\/\/test.ecbeaute.com\/?post_type=product&#038;p=32097"},"modified":"2025-12-12T18:37:34","modified_gmt":"2025-12-12T17:37:34","slug":"new-derm-gel-nettoyant-eclaircissant-visage-et-corps-250-ml","status":"publish","type":"product","link":"https:\/\/paracherkaoui.ma\/index.php\/produit\/new-derm-gel-nettoyant-eclaircissant-visage-et-corps-250-ml\/","title":{"rendered":"NEW DERM GEL NETTOYANT ECLAIRCISSANT VISAGE ET CORPS 250 ML"},"content":{"rendered":"<p>Formul\u00e9 avec des agents \u00e9claircissants naturels, ce gel aide \u00e0 r\u00e9duire les taches brunes et \u00e0 uniformiser le teint, laissant la peau plus lumineuse et radieuse. Les agents nettoyants doux \u00e9liminent efficacement les impuret\u00e9s, l&rsquo;exc\u00e8s de s\u00e9bum et les r\u00e9sidus de maquillage sans ass\u00e9cher la peau.: Enrichi en ingr\u00e9dients hydratants, ce gel maintient l&rsquo;hydratation naturelle de la peau, assurant une sensation de confort et de douceur apr\u00e8s chaque utilisation.: Polyvalent, il convient \u00e0 une utilisation quotidienne sur le visage et le corps, id\u00e9al pour une routine de soins compl\u00e8te. CONSEIL D\u2019UTILISATION Pour des r\u00e9sultats optimaux, utilisez le NEWDERM Gel Nettoyant \u00c9claircissant Visage et Corps 250 ml comme suit : Appliquez une petite quantit\u00e9 de gel sur une peau humide.\u00a0 Massez d\u00e9licatement en mouvements circulaires pour cr\u00e9er une mousse l\u00e9g\u00e8re, en insistant sur les zones sujettes aux taches et au teint terne.\u00a0 Rincez abondamment \u00e0 l&rsquo;eau ti\u00e8de jusqu&rsquo;\u00e0 ce que tout le produit soit \u00e9limin\u00e9. Suivez avec votre cr\u00e8me hydratante pr\u00e9f\u00e9r\u00e9e pour maintenir l&rsquo;hydratation de la peau. \u00c9vitez tout contact avec les yeux. En cas de contact, rincez abondamment \u00e0 l&rsquo;eau claire. Usage externe uniquement. Conservez hors de port\u00e9e des enfants.<\/p>\n","protected":false},"excerpt":{"rendered":"<p>Formul\u00e9 avec des agents \u00e9claircissants naturels, ce gel aide \u00e0 r\u00e9duire les taches brunes et \u00e0 uniformiser le teint, laissant<\/p>\n","protected":false},"featured_media":32131,"comment_status":"open","ping_status":"closed","template":"","meta":[],"product_brand":[394],"product_cat":[596],"product_tag":[],"class_list":{"0":"post-32097","1":"product","2":"type-product","3":"status-publish","4":"has-post-thumbnail","6":"product_brand-new-derm","7":"product_cat-gommages-et-exfoliants","9":"first","10":"instock","11":"sale","12":"shipping-taxable","13":"purchasable","14":"product-type-simple"},"yoast_head":"<!-- This site is optimized with the Yoast SEO plugin v26.6 - https:\/\/yoast.com\/wordpress\/plugins\/seo\/ -->\r\n<title>NEW DERM GEL NETTOYANT ECLAIRCISSANT VISAGE ET CORPS 250 ML - Paracherkaoui.ma<\/title>\r\n<meta name=\"robots\" content=\"index, follow, max-snippet:-1, max-image-preview:large, max-video-preview:-1\" \/>\r\n<link rel=\"canonical\" href=\"https:\/\/paracherkaoui.ma\/index.php\/produit\/new-derm-gel-nettoyant-eclaircissant-visage-et-corps-250-ml\/\" \/>\r\n<meta property=\"og:locale\" content=\"fr_FR\" \/>\r\n<meta property=\"og:type\" content=\"article\" \/>\r\n<meta property=\"og:title\" content=\"NEW DERM GEL NETTOYANT ECLAIRCISSANT VISAGE ET CORPS 250 ML - Paracherkaoui.ma\" \/>\r\n<meta property=\"og:description\" content=\"Formul\u00e9 avec des agents \u00e9claircissants naturels, ce gel aide \u00e0 r\u00e9duire les taches brunes et \u00e0 uniformiser le teint, laissant\" \/>\r\n<meta property=\"og:url\" content=\"https:\/\/paracherkaoui.ma\/index.php\/produit\/new-derm-gel-nettoyant-eclaircissant-visage-et-corps-250-ml\/\" \/>\r\n<meta property=\"og:site_name\" content=\"Paracherkaoui.ma\" \/>\r\n<meta property=\"article:modified_time\" content=\"2025-12-12T17:37:34+00:00\" \/>\r\n<meta property=\"og:image\" content=\"https:\/\/paracherkaoui.ma\/wp-content\/uploads\/2025\/12\/new-derm-new-derm-gel-nettoyant-eclaircissant-visage-et-corps-250-ml-gommages-et-exfoliants.jpg\" \/>\r\n\t<meta property=\"og:image:width\" content=\"700\" \/>\r\n\t<meta property=\"og:image:height\" content=\"700\" \/>\r\n\t<meta property=\"og:image:type\" content=\"image\/jpeg\" \/>\r\n<meta name=\"twitter:card\" content=\"summary_large_image\" \/>\r\n<meta name=\"twitter:label1\" content=\"Dur\u00e9e de lecture estim\u00e9e\" \/>\n\t<meta name=\"twitter:data1\" content=\"1 minute\" \/>\r\n<script type=\"application\/ld+json\" class=\"yoast-schema-graph\">{\"@context\":\"https:\/\/schema.org\",\"@graph\":[{\"@type\":\"WebPage\",\"@id\":\"https:\/\/paracherkaoui.ma\/index.php\/produit\/new-derm-gel-nettoyant-eclaircissant-visage-et-corps-250-ml\/\",\"url\":\"https:\/\/paracherkaoui.ma\/index.php\/produit\/new-derm-gel-nettoyant-eclaircissant-visage-et-corps-250-ml\/\",\"name\":\"NEW DERM GEL NETTOYANT ECLAIRCISSANT VISAGE ET CORPS 250 ML - Paracherkaoui.ma\",\"isPartOf\":{\"@id\":\"https:\/\/paracherkaoui.ma\/#website\"},\"primaryImageOfPage\":{\"@id\":\"https:\/\/paracherkaoui.ma\/index.php\/produit\/new-derm-gel-nettoyant-eclaircissant-visage-et-corps-250-ml\/#primaryimage\"},\"image\":{\"@id\":\"https:\/\/paracherkaoui.ma\/index.php\/produit\/new-derm-gel-nettoyant-eclaircissant-visage-et-corps-250-ml\/#primaryimage\"},\"thumbnailUrl\":\"https:\/\/paracherkaoui.ma\/wp-content\/uploads\/2025\/12\/new-derm-new-derm-gel-nettoyant-eclaircissant-visage-et-corps-250-ml-gommages-et-exfoliants.jpg\",\"datePublished\":\"2025-12-12T17:37:31+00:00\",\"dateModified\":\"2025-12-12T17:37:34+00:00\",\"breadcrumb\":{\"@id\":\"https:\/\/paracherkaoui.ma\/index.php\/produit\/new-derm-gel-nettoyant-eclaircissant-visage-et-corps-250-ml\/#breadcrumb\"},\"inLanguage\":\"fr-FR\",\"potentialAction\":[{\"@type\":\"ReadAction\",\"target\":[\"https:\/\/paracherkaoui.ma\/index.php\/produit\/new-derm-gel-nettoyant-eclaircissant-visage-et-corps-250-ml\/\"]}]},{\"@type\":\"ImageObject\",\"inLanguage\":\"fr-FR\",\"@id\":\"https:\/\/paracherkaoui.ma\/index.php\/produit\/new-derm-gel-nettoyant-eclaircissant-visage-et-corps-250-ml\/#primaryimage\",\"url\":\"https:\/\/paracherkaoui.ma\/wp-content\/uploads\/2025\/12\/new-derm-new-derm-gel-nettoyant-eclaircissant-visage-et-corps-250-ml-gommages-et-exfoliants.jpg\",\"contentUrl\":\"https:\/\/paracherkaoui.ma\/wp-content\/uploads\/2025\/12\/new-derm-new-derm-gel-nettoyant-eclaircissant-visage-et-corps-250-ml-gommages-et-exfoliants.jpg\",\"width\":700,\"height\":700},{\"@type\":\"BreadcrumbList\",\"@id\":\"https:\/\/paracherkaoui.ma\/index.php\/produit\/new-derm-gel-nettoyant-eclaircissant-visage-et-corps-250-ml\/#breadcrumb\",\"itemListElement\":[{\"@type\":\"ListItem\",\"position\":1,\"name\":\"Accueil\",\"item\":\"https:\/\/paracherkaoui.ma\/\"},{\"@type\":\"ListItem\",\"position\":2,\"name\":\"Boutique\",\"item\":\"https:\/\/paracherkaoui.ma\/index.php\/boutique\/\"},{\"@type\":\"ListItem\",\"position\":3,\"name\":\"NEW DERM GEL NETTOYANT ECLAIRCISSANT VISAGE ET CORPS 250 ML\"}]},{\"@type\":\"WebSite\",\"@id\":\"https:\/\/paracherkaoui.ma\/#website\",\"url\":\"https:\/\/paracherkaoui.ma\/\",\"name\":\"Paracherkaoui.ma\",\"description\":\"Achetez en ligne sur Paracherkaoui.ma\",\"potentialAction\":[{\"@type\":\"SearchAction\",\"target\":{\"@type\":\"EntryPoint\",\"urlTemplate\":\"https:\/\/paracherkaoui.ma\/?s={search_term_string}\"},\"query-input\":{\"@type\":\"PropertyValueSpecification\",\"valueRequired\":true,\"valueName\":\"search_term_string\"}}],\"inLanguage\":\"fr-FR\"}]}<\/script>\r\n<!-- \/ Yoast SEO plugin. -->","yoast_head_json":{"title":"NEW DERM GEL NETTOYANT ECLAIRCISSANT VISAGE ET CORPS 250 ML - Paracherkaoui.ma","robots":{"index":"index","follow":"follow","max-snippet":"max-snippet:-1","max-image-preview":"max-image-preview:large","max-video-preview":"max-video-preview:-1"},"canonical":"https:\/\/paracherkaoui.ma\/index.php\/produit\/new-derm-gel-nettoyant-eclaircissant-visage-et-corps-250-ml\/","og_locale":"fr_FR","og_type":"article","og_title":"NEW DERM GEL NETTOYANT ECLAIRCISSANT VISAGE ET CORPS 250 ML - Paracherkaoui.ma","og_description":"Formul\u00e9 avec des agents \u00e9claircissants naturels, ce gel aide \u00e0 r\u00e9duire les taches brunes et \u00e0 uniformiser le teint, laissant","og_url":"https:\/\/paracherkaoui.ma\/index.php\/produit\/new-derm-gel-nettoyant-eclaircissant-visage-et-corps-250-ml\/","og_site_name":"Paracherkaoui.ma","article_modified_time":"2025-12-12T17:37:34+00:00","og_image":[{"width":700,"height":700,"url":"https:\/\/paracherkaoui.ma\/wp-content\/uploads\/2025\/12\/new-derm-new-derm-gel-nettoyant-eclaircissant-visage-et-corps-250-ml-gommages-et-exfoliants.jpg","type":"image\/jpeg"}],"twitter_card":"summary_large_image","twitter_misc":{"Dur\u00e9e de lecture estim\u00e9e":"1 minute"},"schema":{"@context":"https:\/\/schema.org","@graph":[{"@type":"WebPage","@id":"https:\/\/paracherkaoui.ma\/index.php\/produit\/new-derm-gel-nettoyant-eclaircissant-visage-et-corps-250-ml\/","url":"https:\/\/paracherkaoui.ma\/index.php\/produit\/new-derm-gel-nettoyant-eclaircissant-visage-et-corps-250-ml\/","name":"NEW DERM GEL NETTOYANT ECLAIRCISSANT VISAGE ET CORPS 250 ML - Paracherkaoui.ma","isPartOf":{"@id":"https:\/\/paracherkaoui.ma\/#website"},"primaryImageOfPage":{"@id":"https:\/\/paracherkaoui.ma\/index.php\/produit\/new-derm-gel-nettoyant-eclaircissant-visage-et-corps-250-ml\/#primaryimage"},"image":{"@id":"https:\/\/paracherkaoui.ma\/index.php\/produit\/new-derm-gel-nettoyant-eclaircissant-visage-et-corps-250-ml\/#primaryimage"},"thumbnailUrl":"https:\/\/paracherkaoui.ma\/wp-content\/uploads\/2025\/12\/new-derm-new-derm-gel-nettoyant-eclaircissant-visage-et-corps-250-ml-gommages-et-exfoliants.jpg","datePublished":"2025-12-12T17:37:31+00:00","dateModified":"2025-12-12T17:37:34+00:00","breadcrumb":{"@id":"https:\/\/paracherkaoui.ma\/index.php\/produit\/new-derm-gel-nettoyant-eclaircissant-visage-et-corps-250-ml\/#breadcrumb"},"inLanguage":"fr-FR","potentialAction":[{"@type":"ReadAction","target":["https:\/\/paracherkaoui.ma\/index.php\/produit\/new-derm-gel-nettoyant-eclaircissant-visage-et-corps-250-ml\/"]}]},{"@type":"ImageObject","inLanguage":"fr-FR","@id":"https:\/\/paracherkaoui.ma\/index.php\/produit\/new-derm-gel-nettoyant-eclaircissant-visage-et-corps-250-ml\/#primaryimage","url":"https:\/\/paracherkaoui.ma\/wp-content\/uploads\/2025\/12\/new-derm-new-derm-gel-nettoyant-eclaircissant-visage-et-corps-250-ml-gommages-et-exfoliants.jpg","contentUrl":"https:\/\/paracherkaoui.ma\/wp-content\/uploads\/2025\/12\/new-derm-new-derm-gel-nettoyant-eclaircissant-visage-et-corps-250-ml-gommages-et-exfoliants.jpg","width":700,"height":700},{"@type":"BreadcrumbList","@id":"https:\/\/paracherkaoui.ma\/index.php\/produit\/new-derm-gel-nettoyant-eclaircissant-visage-et-corps-250-ml\/#breadcrumb","itemListElement":[{"@type":"ListItem","position":1,"name":"Accueil","item":"https:\/\/paracherkaoui.ma\/"},{"@type":"ListItem","position":2,"name":"Boutique","item":"https:\/\/paracherkaoui.ma\/index.php\/boutique\/"},{"@type":"ListItem","position":3,"name":"NEW DERM GEL NETTOYANT ECLAIRCISSANT VISAGE ET CORPS 250 ML"}]},{"@type":"WebSite","@id":"https:\/\/paracherkaoui.ma\/#website","url":"https:\/\/paracherkaoui.ma\/","name":"Paracherkaoui.ma","description":"Achetez en ligne sur Paracherkaoui.ma","potentialAction":[{"@type":"SearchAction","target":{"@type":"EntryPoint","urlTemplate":"https:\/\/paracherkaoui.ma\/?s={search_term_string}"},"query-input":{"@type":"PropertyValueSpecification","valueRequired":true,"valueName":"search_term_string"}}],"inLanguage":"fr-FR"}]}},"_links":{"self":[{"href":"https:\/\/paracherkaoui.ma\/index.php\/wp-json\/wp\/v2\/product\/32097","targetHints":{"allow":["GET"]}}],"collection":[{"href":"https:\/\/paracherkaoui.ma\/index.php\/wp-json\/wp\/v2\/product"}],"about":[{"href":"https:\/\/paracherkaoui.ma\/index.php\/wp-json\/wp\/v2\/types\/product"}],"replies":[{"embeddable":true,"href":"https:\/\/paracherkaoui.ma\/index.php\/wp-json\/wp\/v2\/comments?post=32097"}],"version-history":[{"count":1,"href":"https:\/\/paracherkaoui.ma\/index.php\/wp-json\/wp\/v2\/product\/32097\/revisions"}],"predecessor-version":[{"id":32132,"href":"https:\/\/paracherkaoui.ma\/index.php\/wp-json\/wp\/v2\/product\/32097\/revisions\/32132"}],"wp:featuredmedia":[{"embeddable":true,"href":"https:\/\/paracherkaoui.ma\/index.php\/wp-json\/wp\/v2\/media\/32131"}],"wp:attachment":[{"href":"https:\/\/paracherkaoui.ma\/index.php\/wp-json\/wp\/v2\/media?parent=32097"}],"wp:term":[{"taxonomy":"product_brand","embeddable":true,"href":"https:\/\/paracherkaoui.ma\/index.php\/wp-json\/wp\/v2\/product_brand?post=32097"},{"taxonomy":"product_cat","embeddable":true,"href":"https:\/\/paracherkaoui.ma\/index.php\/wp-json\/wp\/v2\/product_cat?post=32097"},{"taxonomy":"product_tag","embeddable":true,"href":"https:\/\/paracherkaoui.ma\/index.php\/wp-json\/wp\/v2\/product_tag?post=32097"}],"curies":[{"name":"wp","href":"https:\/\/api.w.org\/{rel}","templated":true}]}}