{"id":32096,"date":"2025-12-12T18:37:31","date_gmt":"2025-12-12T17:37:31","guid":{"rendered":"https:\/\/test.ecbeaute.com\/?post_type=product&#038;p=32096"},"modified":"2025-12-12T18:37:34","modified_gmt":"2025-12-12T17:37:34","slug":"isispharma-glyco-a-post-peeling-creme-apaisante-40-ml","status":"publish","type":"product","link":"https:\/\/paracherkaoui.ma\/index.php\/produit\/isispharma-glyco-a-post-peeling-creme-apaisante-40-ml\/","title":{"rendered":"ISISPHARMA GLYCO-A POST PEELING CR\u00c8ME APAISANTE 40 ML"},"content":{"rendered":"<p>Description: Apaisez et restaurez votre barri\u00e8re cutan\u00e9e avec la cr\u00e8me GLYCO-A\u00a0Post Peeling, \u00e0 la formule sp\u00e9cialement con\u00e7ue pour une sensation de confort imm\u00e9diat. Ce soin riche en huile de coton adoucissante, apaise et respecte votre peau gr\u00e2ce \u00e0 son pH physiologique tout en prolongeant les effets du peeling \u00e0 l\u2019aide de ses agents r\u00e9parateurs et restructurants. Peau irrit\u00e9e et sensibilis\u00e9e par l\u2019application de peelings ou proc\u00e9dures esth\u00e9tiques. CONSEILS D&rsquo;UTILISATION : Appliquer le matin sur le visage et aussi souvent que n\u00e9cessaire la journ\u00e9e.<\/p>\n","protected":false},"excerpt":{"rendered":"<p>Description: Apaisez et restaurez votre barri\u00e8re cutan\u00e9e avec la cr\u00e8me GLYCO-A\u00a0Post Peeling, \u00e0 la formule sp\u00e9cialement con\u00e7ue pour une sensation<\/p>\n","protected":false},"featured_media":32129,"comment_status":"open","ping_status":"closed","template":"","meta":[],"product_brand":[321],"product_cat":[596],"product_tag":[],"class_list":{"0":"post-32096","1":"product","2":"type-product","3":"status-publish","4":"has-post-thumbnail","6":"product_brand-isispharma","7":"product_cat-gommages-et-exfoliants","9":"first","10":"instock","11":"sale","12":"shipping-taxable","13":"purchasable","14":"product-type-simple"},"yoast_head":"<!-- This site is optimized with the Yoast SEO plugin v26.6 - https:\/\/yoast.com\/wordpress\/plugins\/seo\/ -->\r\n<title>ISISPHARMA GLYCO-A POST PEELING CR\u00c8ME APAISANTE 40 ML - Paracherkaoui.ma<\/title>\r\n<meta name=\"robots\" content=\"index, follow, max-snippet:-1, max-image-preview:large, max-video-preview:-1\" \/>\r\n<link rel=\"canonical\" href=\"https:\/\/paracherkaoui.ma\/index.php\/produit\/isispharma-glyco-a-post-peeling-creme-apaisante-40-ml\/\" \/>\r\n<meta property=\"og:locale\" content=\"fr_FR\" \/>\r\n<meta property=\"og:type\" content=\"article\" \/>\r\n<meta property=\"og:title\" content=\"ISISPHARMA GLYCO-A POST PEELING CR\u00c8ME APAISANTE 40 ML - Paracherkaoui.ma\" \/>\r\n<meta property=\"og:description\" content=\"Description: Apaisez et restaurez votre barri\u00e8re cutan\u00e9e avec la cr\u00e8me GLYCO-A\u00a0Post Peeling, \u00e0 la formule sp\u00e9cialement con\u00e7ue pour une sensation\" \/>\r\n<meta property=\"og:url\" content=\"https:\/\/paracherkaoui.ma\/index.php\/produit\/isispharma-glyco-a-post-peeling-creme-apaisante-40-ml\/\" \/>\r\n<meta property=\"og:site_name\" content=\"Paracherkaoui.ma\" \/>\r\n<meta property=\"article:modified_time\" content=\"2025-12-12T17:37:34+00:00\" \/>\r\n<meta property=\"og:image\" content=\"https:\/\/paracherkaoui.ma\/wp-content\/uploads\/2025\/12\/isispharma-isispharma-glyco-a-post-peeling-creme-apaisante-40-ml-gommages-et-exfoliants.jpg\" \/>\r\n\t<meta property=\"og:image:width\" content=\"700\" \/>\r\n\t<meta property=\"og:image:height\" content=\"700\" \/>\r\n\t<meta property=\"og:image:type\" content=\"image\/jpeg\" \/>\r\n<meta name=\"twitter:card\" content=\"summary_large_image\" \/>\r\n<script type=\"application\/ld+json\" class=\"yoast-schema-graph\">{\"@context\":\"https:\/\/schema.org\",\"@graph\":[{\"@type\":\"WebPage\",\"@id\":\"https:\/\/paracherkaoui.ma\/index.php\/produit\/isispharma-glyco-a-post-peeling-creme-apaisante-40-ml\/\",\"url\":\"https:\/\/paracherkaoui.ma\/index.php\/produit\/isispharma-glyco-a-post-peeling-creme-apaisante-40-ml\/\",\"name\":\"ISISPHARMA GLYCO-A POST PEELING CR\u00c8ME APAISANTE 40 ML - Paracherkaoui.ma\",\"isPartOf\":{\"@id\":\"https:\/\/paracherkaoui.ma\/#website\"},\"primaryImageOfPage\":{\"@id\":\"https:\/\/paracherkaoui.ma\/index.php\/produit\/isispharma-glyco-a-post-peeling-creme-apaisante-40-ml\/#primaryimage\"},\"image\":{\"@id\":\"https:\/\/paracherkaoui.ma\/index.php\/produit\/isispharma-glyco-a-post-peeling-creme-apaisante-40-ml\/#primaryimage\"},\"thumbnailUrl\":\"https:\/\/paracherkaoui.ma\/wp-content\/uploads\/2025\/12\/isispharma-isispharma-glyco-a-post-peeling-creme-apaisante-40-ml-gommages-et-exfoliants.jpg\",\"datePublished\":\"2025-12-12T17:37:31+00:00\",\"dateModified\":\"2025-12-12T17:37:34+00:00\",\"breadcrumb\":{\"@id\":\"https:\/\/paracherkaoui.ma\/index.php\/produit\/isispharma-glyco-a-post-peeling-creme-apaisante-40-ml\/#breadcrumb\"},\"inLanguage\":\"fr-FR\",\"potentialAction\":[{\"@type\":\"ReadAction\",\"target\":[\"https:\/\/paracherkaoui.ma\/index.php\/produit\/isispharma-glyco-a-post-peeling-creme-apaisante-40-ml\/\"]}]},{\"@type\":\"ImageObject\",\"inLanguage\":\"fr-FR\",\"@id\":\"https:\/\/paracherkaoui.ma\/index.php\/produit\/isispharma-glyco-a-post-peeling-creme-apaisante-40-ml\/#primaryimage\",\"url\":\"https:\/\/paracherkaoui.ma\/wp-content\/uploads\/2025\/12\/isispharma-isispharma-glyco-a-post-peeling-creme-apaisante-40-ml-gommages-et-exfoliants.jpg\",\"contentUrl\":\"https:\/\/paracherkaoui.ma\/wp-content\/uploads\/2025\/12\/isispharma-isispharma-glyco-a-post-peeling-creme-apaisante-40-ml-gommages-et-exfoliants.jpg\",\"width\":700,\"height\":700},{\"@type\":\"BreadcrumbList\",\"@id\":\"https:\/\/paracherkaoui.ma\/index.php\/produit\/isispharma-glyco-a-post-peeling-creme-apaisante-40-ml\/#breadcrumb\",\"itemListElement\":[{\"@type\":\"ListItem\",\"position\":1,\"name\":\"Accueil\",\"item\":\"https:\/\/paracherkaoui.ma\/\"},{\"@type\":\"ListItem\",\"position\":2,\"name\":\"Boutique\",\"item\":\"https:\/\/paracherkaoui.ma\/index.php\/boutique\/\"},{\"@type\":\"ListItem\",\"position\":3,\"name\":\"ISISPHARMA GLYCO-A POST PEELING CR\u00c8ME APAISANTE 40 ML\"}]},{\"@type\":\"WebSite\",\"@id\":\"https:\/\/paracherkaoui.ma\/#website\",\"url\":\"https:\/\/paracherkaoui.ma\/\",\"name\":\"Paracherkaoui.ma\",\"description\":\"Achetez en ligne sur Paracherkaoui.ma\",\"potentialAction\":[{\"@type\":\"SearchAction\",\"target\":{\"@type\":\"EntryPoint\",\"urlTemplate\":\"https:\/\/paracherkaoui.ma\/?s={search_term_string}\"},\"query-input\":{\"@type\":\"PropertyValueSpecification\",\"valueRequired\":true,\"valueName\":\"search_term_string\"}}],\"inLanguage\":\"fr-FR\"}]}<\/script>\r\n<!-- \/ Yoast SEO plugin. -->","yoast_head_json":{"title":"ISISPHARMA GLYCO-A POST PEELING CR\u00c8ME APAISANTE 40 ML - Paracherkaoui.ma","robots":{"index":"index","follow":"follow","max-snippet":"max-snippet:-1","max-image-preview":"max-image-preview:large","max-video-preview":"max-video-preview:-1"},"canonical":"https:\/\/paracherkaoui.ma\/index.php\/produit\/isispharma-glyco-a-post-peeling-creme-apaisante-40-ml\/","og_locale":"fr_FR","og_type":"article","og_title":"ISISPHARMA GLYCO-A POST PEELING CR\u00c8ME APAISANTE 40 ML - Paracherkaoui.ma","og_description":"Description: Apaisez et restaurez votre barri\u00e8re cutan\u00e9e avec la cr\u00e8me GLYCO-A\u00a0Post Peeling, \u00e0 la formule sp\u00e9cialement con\u00e7ue pour une sensation","og_url":"https:\/\/paracherkaoui.ma\/index.php\/produit\/isispharma-glyco-a-post-peeling-creme-apaisante-40-ml\/","og_site_name":"Paracherkaoui.ma","article_modified_time":"2025-12-12T17:37:34+00:00","og_image":[{"width":700,"height":700,"url":"https:\/\/paracherkaoui.ma\/wp-content\/uploads\/2025\/12\/isispharma-isispharma-glyco-a-post-peeling-creme-apaisante-40-ml-gommages-et-exfoliants.jpg","type":"image\/jpeg"}],"twitter_card":"summary_large_image","schema":{"@context":"https:\/\/schema.org","@graph":[{"@type":"WebPage","@id":"https:\/\/paracherkaoui.ma\/index.php\/produit\/isispharma-glyco-a-post-peeling-creme-apaisante-40-ml\/","url":"https:\/\/paracherkaoui.ma\/index.php\/produit\/isispharma-glyco-a-post-peeling-creme-apaisante-40-ml\/","name":"ISISPHARMA GLYCO-A POST PEELING CR\u00c8ME APAISANTE 40 ML - Paracherkaoui.ma","isPartOf":{"@id":"https:\/\/paracherkaoui.ma\/#website"},"primaryImageOfPage":{"@id":"https:\/\/paracherkaoui.ma\/index.php\/produit\/isispharma-glyco-a-post-peeling-creme-apaisante-40-ml\/#primaryimage"},"image":{"@id":"https:\/\/paracherkaoui.ma\/index.php\/produit\/isispharma-glyco-a-post-peeling-creme-apaisante-40-ml\/#primaryimage"},"thumbnailUrl":"https:\/\/paracherkaoui.ma\/wp-content\/uploads\/2025\/12\/isispharma-isispharma-glyco-a-post-peeling-creme-apaisante-40-ml-gommages-et-exfoliants.jpg","datePublished":"2025-12-12T17:37:31+00:00","dateModified":"2025-12-12T17:37:34+00:00","breadcrumb":{"@id":"https:\/\/paracherkaoui.ma\/index.php\/produit\/isispharma-glyco-a-post-peeling-creme-apaisante-40-ml\/#breadcrumb"},"inLanguage":"fr-FR","potentialAction":[{"@type":"ReadAction","target":["https:\/\/paracherkaoui.ma\/index.php\/produit\/isispharma-glyco-a-post-peeling-creme-apaisante-40-ml\/"]}]},{"@type":"ImageObject","inLanguage":"fr-FR","@id":"https:\/\/paracherkaoui.ma\/index.php\/produit\/isispharma-glyco-a-post-peeling-creme-apaisante-40-ml\/#primaryimage","url":"https:\/\/paracherkaoui.ma\/wp-content\/uploads\/2025\/12\/isispharma-isispharma-glyco-a-post-peeling-creme-apaisante-40-ml-gommages-et-exfoliants.jpg","contentUrl":"https:\/\/paracherkaoui.ma\/wp-content\/uploads\/2025\/12\/isispharma-isispharma-glyco-a-post-peeling-creme-apaisante-40-ml-gommages-et-exfoliants.jpg","width":700,"height":700},{"@type":"BreadcrumbList","@id":"https:\/\/paracherkaoui.ma\/index.php\/produit\/isispharma-glyco-a-post-peeling-creme-apaisante-40-ml\/#breadcrumb","itemListElement":[{"@type":"ListItem","position":1,"name":"Accueil","item":"https:\/\/paracherkaoui.ma\/"},{"@type":"ListItem","position":2,"name":"Boutique","item":"https:\/\/paracherkaoui.ma\/index.php\/boutique\/"},{"@type":"ListItem","position":3,"name":"ISISPHARMA GLYCO-A POST PEELING CR\u00c8ME APAISANTE 40 ML"}]},{"@type":"WebSite","@id":"https:\/\/paracherkaoui.ma\/#website","url":"https:\/\/paracherkaoui.ma\/","name":"Paracherkaoui.ma","description":"Achetez en ligne sur Paracherkaoui.ma","potentialAction":[{"@type":"SearchAction","target":{"@type":"EntryPoint","urlTemplate":"https:\/\/paracherkaoui.ma\/?s={search_term_string}"},"query-input":{"@type":"PropertyValueSpecification","valueRequired":true,"valueName":"search_term_string"}}],"inLanguage":"fr-FR"}]}},"_links":{"self":[{"href":"https:\/\/paracherkaoui.ma\/index.php\/wp-json\/wp\/v2\/product\/32096","targetHints":{"allow":["GET"]}}],"collection":[{"href":"https:\/\/paracherkaoui.ma\/index.php\/wp-json\/wp\/v2\/product"}],"about":[{"href":"https:\/\/paracherkaoui.ma\/index.php\/wp-json\/wp\/v2\/types\/product"}],"replies":[{"embeddable":true,"href":"https:\/\/paracherkaoui.ma\/index.php\/wp-json\/wp\/v2\/comments?post=32096"}],"version-history":[{"count":1,"href":"https:\/\/paracherkaoui.ma\/index.php\/wp-json\/wp\/v2\/product\/32096\/revisions"}],"predecessor-version":[{"id":32130,"href":"https:\/\/paracherkaoui.ma\/index.php\/wp-json\/wp\/v2\/product\/32096\/revisions\/32130"}],"wp:featuredmedia":[{"embeddable":true,"href":"https:\/\/paracherkaoui.ma\/index.php\/wp-json\/wp\/v2\/media\/32129"}],"wp:attachment":[{"href":"https:\/\/paracherkaoui.ma\/index.php\/wp-json\/wp\/v2\/media?parent=32096"}],"wp:term":[{"taxonomy":"product_brand","embeddable":true,"href":"https:\/\/paracherkaoui.ma\/index.php\/wp-json\/wp\/v2\/product_brand?post=32096"},{"taxonomy":"product_cat","embeddable":true,"href":"https:\/\/paracherkaoui.ma\/index.php\/wp-json\/wp\/v2\/product_cat?post=32096"},{"taxonomy":"product_tag","embeddable":true,"href":"https:\/\/paracherkaoui.ma\/index.php\/wp-json\/wp\/v2\/product_tag?post=32096"}],"curies":[{"name":"wp","href":"https:\/\/api.w.org\/{rel}","templated":true}]}}