{"id":31938,"date":"2025-12-12T18:37:09","date_gmt":"2025-12-12T17:37:09","guid":{"rendered":"https:\/\/test.ecbeaute.com\/?post_type=product&#038;p=31938"},"modified":"2025-12-12T18:37:13","modified_gmt":"2025-12-12T17:37:13","slug":"martiderm-platinum-neck-line-serum-corrector-cou-et-decollete-50ml-2","status":"publish","type":"product","link":"https:\/\/paracherkaoui.ma\/index.php\/produit\/martiderm-platinum-neck-line-serum-corrector-cou-et-decollete-50ml-2\/","title":{"rendered":"MARTIDERM PLATINUM NECK LINE SERUM CORRECTOR COU ET DECOLLETE 50ML"},"content":{"rendered":"<p>Neck-line Correct Serum Platinium\u00a0de MARTIDERM permet de\u00a0raffermir\u00a0la peau et d&rsquo;unifier le teint. Il va\u00a0rajeunir\u00a0le cou, le d\u00e9collet\u00e9 et l&rsquo;ovale du visage tout en \u00e9vitant l&rsquo;affaisement.Les\u00a0rides\u00a0au niveau du\u00a0cou\u00a0et du\u00a0d\u00e9collet\u00e9\u00a0sont instantan\u00e9ment att\u00e9nuer. Le S\u00e9rum va r\u00e9duire le\u00a0double menton\u00a0et le remoderler en stimulant la lipolyse.\u00a0La texture de ce soin est de type \u00ab\u00a0gel\u00a0\u00bb.\u00a0Il s&rsquo;applique tr\u00e8s facilement et poss\u00e8de un\u00a0fini soyeux.\u00a0Le S\u00e9rum Martiderm convient \u00e0\u00a0tous les types de peaux. Conseils d&rsquo;utilisation Application : Matin et\/ou soir. Appliquez le S\u00e9rum sur l&rsquo;ensemble de la zone du cou et du d\u00e9collet\u00e9.\u00a0Faites des mouvements allant du d\u00e9collet\u00e9 \u00e0 la clavicule avec la paume de la main, glissez la main allant du centre du cou vers l&rsquo;ext\u00e9rieur, glissez le bout des doigts sous le menton jusqu&rsquo;aux oreilles.<\/p>\n","protected":false},"excerpt":{"rendered":"<p>Neck-line Correct Serum Platinium\u00a0de MARTIDERM permet de\u00a0raffermir\u00a0la peau et d&rsquo;unifier le teint. Il va\u00a0rajeunir\u00a0le cou, le d\u00e9collet\u00e9 et l&rsquo;ovale du<\/p>\n","protected":false},"featured_media":23659,"comment_status":"open","ping_status":"closed","template":"","meta":[],"product_brand":[291],"product_cat":[592],"product_tag":[],"class_list":{"0":"post-31938","1":"product","2":"type-product","3":"status-publish","4":"has-post-thumbnail","6":"product_brand-martiderm","7":"product_cat-cellulite-et-anti-vergetures","9":"first","10":"instock","11":"sale","12":"shipping-taxable","13":"purchasable","14":"product-type-simple"},"yoast_head":"<!-- This site is optimized with the Yoast SEO plugin v26.6 - https:\/\/yoast.com\/wordpress\/plugins\/seo\/ -->\r\n<title>MARTIDERM PLATINUM NECK LINE SERUM CORRECTOR COU ET DECOLLETE 50ML - Paracherkaoui.ma<\/title>\r\n<meta name=\"robots\" content=\"index, follow, max-snippet:-1, max-image-preview:large, max-video-preview:-1\" \/>\r\n<link rel=\"canonical\" href=\"https:\/\/paracherkaoui.ma\/index.php\/produit\/martiderm-platinum-neck-line-serum-corrector-cou-et-decollete-50ml-2\/\" \/>\r\n<meta property=\"og:locale\" content=\"fr_FR\" \/>\r\n<meta property=\"og:type\" content=\"article\" \/>\r\n<meta property=\"og:title\" content=\"MARTIDERM PLATINUM NECK LINE SERUM CORRECTOR COU ET DECOLLETE 50ML - Paracherkaoui.ma\" \/>\r\n<meta property=\"og:description\" content=\"Neck-line Correct Serum Platinium\u00a0de MARTIDERM permet de\u00a0raffermir\u00a0la peau et d&rsquo;unifier le teint. Il va\u00a0rajeunir\u00a0le cou, le d\u00e9collet\u00e9 et l&rsquo;ovale du\" \/>\r\n<meta property=\"og:url\" content=\"https:\/\/paracherkaoui.ma\/index.php\/produit\/martiderm-platinum-neck-line-serum-corrector-cou-et-decollete-50ml-2\/\" \/>\r\n<meta property=\"og:site_name\" content=\"Paracherkaoui.ma\" \/>\r\n<meta property=\"article:modified_time\" content=\"2025-12-12T17:37:13+00:00\" \/>\r\n<meta property=\"og:image\" content=\"https:\/\/paracherkaoui.ma\/wp-content\/uploads\/2025\/12\/martiderm-martiderm-platinum-neck-line-serum-corrector-cou-et-decollete-50ml-soins-anti-age-et-anti-rides.jpg\" \/>\r\n\t<meta property=\"og:image:width\" content=\"700\" \/>\r\n\t<meta property=\"og:image:height\" content=\"700\" \/>\r\n\t<meta property=\"og:image:type\" content=\"image\/jpeg\" \/>\r\n<meta name=\"twitter:card\" content=\"summary_large_image\" \/>\r\n<meta name=\"twitter:label1\" content=\"Dur\u00e9e de lecture estim\u00e9e\" \/>\n\t<meta name=\"twitter:data1\" content=\"1 minute\" \/>\r\n<script type=\"application\/ld+json\" class=\"yoast-schema-graph\">{\"@context\":\"https:\/\/schema.org\",\"@graph\":[{\"@type\":\"WebPage\",\"@id\":\"https:\/\/paracherkaoui.ma\/index.php\/produit\/martiderm-platinum-neck-line-serum-corrector-cou-et-decollete-50ml-2\/\",\"url\":\"https:\/\/paracherkaoui.ma\/index.php\/produit\/martiderm-platinum-neck-line-serum-corrector-cou-et-decollete-50ml-2\/\",\"name\":\"MARTIDERM PLATINUM NECK LINE SERUM CORRECTOR COU ET DECOLLETE 50ML - Paracherkaoui.ma\",\"isPartOf\":{\"@id\":\"https:\/\/paracherkaoui.ma\/#website\"},\"primaryImageOfPage\":{\"@id\":\"https:\/\/paracherkaoui.ma\/index.php\/produit\/martiderm-platinum-neck-line-serum-corrector-cou-et-decollete-50ml-2\/#primaryimage\"},\"image\":{\"@id\":\"https:\/\/paracherkaoui.ma\/index.php\/produit\/martiderm-platinum-neck-line-serum-corrector-cou-et-decollete-50ml-2\/#primaryimage\"},\"thumbnailUrl\":\"https:\/\/paracherkaoui.ma\/wp-content\/uploads\/2025\/12\/martiderm-martiderm-platinum-neck-line-serum-corrector-cou-et-decollete-50ml-soins-anti-age-et-anti-rides.jpg\",\"datePublished\":\"2025-12-12T17:37:09+00:00\",\"dateModified\":\"2025-12-12T17:37:13+00:00\",\"breadcrumb\":{\"@id\":\"https:\/\/paracherkaoui.ma\/index.php\/produit\/martiderm-platinum-neck-line-serum-corrector-cou-et-decollete-50ml-2\/#breadcrumb\"},\"inLanguage\":\"fr-FR\",\"potentialAction\":[{\"@type\":\"ReadAction\",\"target\":[\"https:\/\/paracherkaoui.ma\/index.php\/produit\/martiderm-platinum-neck-line-serum-corrector-cou-et-decollete-50ml-2\/\"]}]},{\"@type\":\"ImageObject\",\"inLanguage\":\"fr-FR\",\"@id\":\"https:\/\/paracherkaoui.ma\/index.php\/produit\/martiderm-platinum-neck-line-serum-corrector-cou-et-decollete-50ml-2\/#primaryimage\",\"url\":\"https:\/\/paracherkaoui.ma\/wp-content\/uploads\/2025\/12\/martiderm-martiderm-platinum-neck-line-serum-corrector-cou-et-decollete-50ml-soins-anti-age-et-anti-rides.jpg\",\"contentUrl\":\"https:\/\/paracherkaoui.ma\/wp-content\/uploads\/2025\/12\/martiderm-martiderm-platinum-neck-line-serum-corrector-cou-et-decollete-50ml-soins-anti-age-et-anti-rides.jpg\",\"width\":700,\"height\":700},{\"@type\":\"BreadcrumbList\",\"@id\":\"https:\/\/paracherkaoui.ma\/index.php\/produit\/martiderm-platinum-neck-line-serum-corrector-cou-et-decollete-50ml-2\/#breadcrumb\",\"itemListElement\":[{\"@type\":\"ListItem\",\"position\":1,\"name\":\"Accueil\",\"item\":\"https:\/\/paracherkaoui.ma\/\"},{\"@type\":\"ListItem\",\"position\":2,\"name\":\"Boutique\",\"item\":\"https:\/\/paracherkaoui.ma\/index.php\/boutique\/\"},{\"@type\":\"ListItem\",\"position\":3,\"name\":\"MARTIDERM PLATINUM NECK LINE SERUM CORRECTOR COU ET DECOLLETE 50ML\"}]},{\"@type\":\"WebSite\",\"@id\":\"https:\/\/paracherkaoui.ma\/#website\",\"url\":\"https:\/\/paracherkaoui.ma\/\",\"name\":\"Paracherkaoui.ma\",\"description\":\"Achetez en ligne sur Paracherkaoui.ma\",\"potentialAction\":[{\"@type\":\"SearchAction\",\"target\":{\"@type\":\"EntryPoint\",\"urlTemplate\":\"https:\/\/paracherkaoui.ma\/?s={search_term_string}\"},\"query-input\":{\"@type\":\"PropertyValueSpecification\",\"valueRequired\":true,\"valueName\":\"search_term_string\"}}],\"inLanguage\":\"fr-FR\"}]}<\/script>\r\n<!-- \/ Yoast SEO plugin. -->","yoast_head_json":{"title":"MARTIDERM PLATINUM NECK LINE SERUM CORRECTOR COU ET DECOLLETE 50ML - Paracherkaoui.ma","robots":{"index":"index","follow":"follow","max-snippet":"max-snippet:-1","max-image-preview":"max-image-preview:large","max-video-preview":"max-video-preview:-1"},"canonical":"https:\/\/paracherkaoui.ma\/index.php\/produit\/martiderm-platinum-neck-line-serum-corrector-cou-et-decollete-50ml-2\/","og_locale":"fr_FR","og_type":"article","og_title":"MARTIDERM PLATINUM NECK LINE SERUM CORRECTOR COU ET DECOLLETE 50ML - Paracherkaoui.ma","og_description":"Neck-line Correct Serum Platinium\u00a0de MARTIDERM permet de\u00a0raffermir\u00a0la peau et d&rsquo;unifier le teint. Il va\u00a0rajeunir\u00a0le cou, le d\u00e9collet\u00e9 et l&rsquo;ovale du","og_url":"https:\/\/paracherkaoui.ma\/index.php\/produit\/martiderm-platinum-neck-line-serum-corrector-cou-et-decollete-50ml-2\/","og_site_name":"Paracherkaoui.ma","article_modified_time":"2025-12-12T17:37:13+00:00","og_image":[{"width":700,"height":700,"url":"https:\/\/paracherkaoui.ma\/wp-content\/uploads\/2025\/12\/martiderm-martiderm-platinum-neck-line-serum-corrector-cou-et-decollete-50ml-soins-anti-age-et-anti-rides.jpg","type":"image\/jpeg"}],"twitter_card":"summary_large_image","twitter_misc":{"Dur\u00e9e de lecture estim\u00e9e":"1 minute"},"schema":{"@context":"https:\/\/schema.org","@graph":[{"@type":"WebPage","@id":"https:\/\/paracherkaoui.ma\/index.php\/produit\/martiderm-platinum-neck-line-serum-corrector-cou-et-decollete-50ml-2\/","url":"https:\/\/paracherkaoui.ma\/index.php\/produit\/martiderm-platinum-neck-line-serum-corrector-cou-et-decollete-50ml-2\/","name":"MARTIDERM PLATINUM NECK LINE SERUM CORRECTOR COU ET DECOLLETE 50ML - Paracherkaoui.ma","isPartOf":{"@id":"https:\/\/paracherkaoui.ma\/#website"},"primaryImageOfPage":{"@id":"https:\/\/paracherkaoui.ma\/index.php\/produit\/martiderm-platinum-neck-line-serum-corrector-cou-et-decollete-50ml-2\/#primaryimage"},"image":{"@id":"https:\/\/paracherkaoui.ma\/index.php\/produit\/martiderm-platinum-neck-line-serum-corrector-cou-et-decollete-50ml-2\/#primaryimage"},"thumbnailUrl":"https:\/\/paracherkaoui.ma\/wp-content\/uploads\/2025\/12\/martiderm-martiderm-platinum-neck-line-serum-corrector-cou-et-decollete-50ml-soins-anti-age-et-anti-rides.jpg","datePublished":"2025-12-12T17:37:09+00:00","dateModified":"2025-12-12T17:37:13+00:00","breadcrumb":{"@id":"https:\/\/paracherkaoui.ma\/index.php\/produit\/martiderm-platinum-neck-line-serum-corrector-cou-et-decollete-50ml-2\/#breadcrumb"},"inLanguage":"fr-FR","potentialAction":[{"@type":"ReadAction","target":["https:\/\/paracherkaoui.ma\/index.php\/produit\/martiderm-platinum-neck-line-serum-corrector-cou-et-decollete-50ml-2\/"]}]},{"@type":"ImageObject","inLanguage":"fr-FR","@id":"https:\/\/paracherkaoui.ma\/index.php\/produit\/martiderm-platinum-neck-line-serum-corrector-cou-et-decollete-50ml-2\/#primaryimage","url":"https:\/\/paracherkaoui.ma\/wp-content\/uploads\/2025\/12\/martiderm-martiderm-platinum-neck-line-serum-corrector-cou-et-decollete-50ml-soins-anti-age-et-anti-rides.jpg","contentUrl":"https:\/\/paracherkaoui.ma\/wp-content\/uploads\/2025\/12\/martiderm-martiderm-platinum-neck-line-serum-corrector-cou-et-decollete-50ml-soins-anti-age-et-anti-rides.jpg","width":700,"height":700},{"@type":"BreadcrumbList","@id":"https:\/\/paracherkaoui.ma\/index.php\/produit\/martiderm-platinum-neck-line-serum-corrector-cou-et-decollete-50ml-2\/#breadcrumb","itemListElement":[{"@type":"ListItem","position":1,"name":"Accueil","item":"https:\/\/paracherkaoui.ma\/"},{"@type":"ListItem","position":2,"name":"Boutique","item":"https:\/\/paracherkaoui.ma\/index.php\/boutique\/"},{"@type":"ListItem","position":3,"name":"MARTIDERM PLATINUM NECK LINE SERUM CORRECTOR COU ET DECOLLETE 50ML"}]},{"@type":"WebSite","@id":"https:\/\/paracherkaoui.ma\/#website","url":"https:\/\/paracherkaoui.ma\/","name":"Paracherkaoui.ma","description":"Achetez en ligne sur Paracherkaoui.ma","potentialAction":[{"@type":"SearchAction","target":{"@type":"EntryPoint","urlTemplate":"https:\/\/paracherkaoui.ma\/?s={search_term_string}"},"query-input":{"@type":"PropertyValueSpecification","valueRequired":true,"valueName":"search_term_string"}}],"inLanguage":"fr-FR"}]}},"_links":{"self":[{"href":"https:\/\/paracherkaoui.ma\/index.php\/wp-json\/wp\/v2\/product\/31938","targetHints":{"allow":["GET"]}}],"collection":[{"href":"https:\/\/paracherkaoui.ma\/index.php\/wp-json\/wp\/v2\/product"}],"about":[{"href":"https:\/\/paracherkaoui.ma\/index.php\/wp-json\/wp\/v2\/types\/product"}],"replies":[{"embeddable":true,"href":"https:\/\/paracherkaoui.ma\/index.php\/wp-json\/wp\/v2\/comments?post=31938"}],"version-history":[{"count":1,"href":"https:\/\/paracherkaoui.ma\/index.php\/wp-json\/wp\/v2\/product\/31938\/revisions"}],"predecessor-version":[{"id":31974,"href":"https:\/\/paracherkaoui.ma\/index.php\/wp-json\/wp\/v2\/product\/31938\/revisions\/31974"}],"wp:featuredmedia":[{"embeddable":true,"href":"https:\/\/paracherkaoui.ma\/index.php\/wp-json\/wp\/v2\/media\/23659"}],"wp:attachment":[{"href":"https:\/\/paracherkaoui.ma\/index.php\/wp-json\/wp\/v2\/media?parent=31938"}],"wp:term":[{"taxonomy":"product_brand","embeddable":true,"href":"https:\/\/paracherkaoui.ma\/index.php\/wp-json\/wp\/v2\/product_brand?post=31938"},{"taxonomy":"product_cat","embeddable":true,"href":"https:\/\/paracherkaoui.ma\/index.php\/wp-json\/wp\/v2\/product_cat?post=31938"},{"taxonomy":"product_tag","embeddable":true,"href":"https:\/\/paracherkaoui.ma\/index.php\/wp-json\/wp\/v2\/product_tag?post=31938"}],"curies":[{"name":"wp","href":"https:\/\/api.w.org\/{rel}","templated":true}]}}