{"id":31929,"date":"2025-12-12T18:37:07","date_gmt":"2025-12-12T17:37:07","guid":{"rendered":"https:\/\/test.ecbeaute.com\/?post_type=product&#038;p=31929"},"modified":"2025-12-12T18:37:12","modified_gmt":"2025-12-12T17:37:12","slug":"laino-creme-barriere-mains-cica-intense-50ml","status":"publish","type":"product","link":"https:\/\/paracherkaoui.ma\/index.php\/produit\/laino-creme-barriere-mains-cica-intense-50ml\/","title":{"rendered":"LAINO CREME BARRIERE MAINS CICA INTENSE 50ML"},"content":{"rendered":"<p>Cr\u00e8me barri\u00e8re r\u00e9paratrice, texture enveloppante r\u00e9sistante \u00e0 l\u2019eau. Elle soulage imm\u00e9diatement les sensations d\u2019inconfort, prot\u00e8ge et renforce la barri\u00e8re cutan\u00e9e des mains gerc\u00e9es et irrit\u00e9es\u00a0par les agressions du quotidien (lavage fr\u00e9quent, froid, frottements r\u00e9p\u00e9t\u00e9s). Le complexe phyto-actif de lanoline v\u00e9g\u00e9tale et d\u2019acide hyaluronique contribue \u00e0 la r\u00e9paration de l\u2019\u00e9piderme et apporte une hydratation* longue dur\u00e9e de 48h. R\u00e9sultats : Les mains sont durablement apais\u00e9es, la peau douce et souple. Test\u00e9e sous contr\u00f4le dermatologique. Fini non gras et non collant.<\/p>\n","protected":false},"excerpt":{"rendered":"<p>Cr\u00e8me barri\u00e8re r\u00e9paratrice, texture enveloppante r\u00e9sistante \u00e0 l\u2019eau. Elle soulage imm\u00e9diatement les sensations d\u2019inconfort, prot\u00e8ge et renforce la barri\u00e8re cutan\u00e9e<\/p>\n","protected":false},"featured_media":31959,"comment_status":"open","ping_status":"closed","template":"","meta":[],"product_brand":[324],"product_cat":[590],"product_tag":[],"class_list":{"0":"post-31929","1":"product","2":"type-product","3":"status-publish","4":"has-post-thumbnail","6":"product_brand-laino","7":"product_cat-cremes-cicatrisantes","9":"first","10":"instock","11":"sale","12":"shipping-taxable","13":"purchasable","14":"product-type-simple"},"yoast_head":"<!-- This site is optimized with the Yoast SEO plugin v26.6 - https:\/\/yoast.com\/wordpress\/plugins\/seo\/ -->\r\n<title>LAINO CREME BARRIERE MAINS CICA INTENSE 50ML - Paracherkaoui.ma<\/title>\r\n<meta name=\"robots\" content=\"index, follow, max-snippet:-1, max-image-preview:large, max-video-preview:-1\" \/>\r\n<link rel=\"canonical\" href=\"https:\/\/paracherkaoui.ma\/index.php\/produit\/laino-creme-barriere-mains-cica-intense-50ml\/\" \/>\r\n<meta property=\"og:locale\" content=\"fr_FR\" \/>\r\n<meta property=\"og:type\" content=\"article\" \/>\r\n<meta property=\"og:title\" content=\"LAINO CREME BARRIERE MAINS CICA INTENSE 50ML - Paracherkaoui.ma\" \/>\r\n<meta property=\"og:description\" content=\"Cr\u00e8me barri\u00e8re r\u00e9paratrice, texture enveloppante r\u00e9sistante \u00e0 l\u2019eau. Elle soulage imm\u00e9diatement les sensations d\u2019inconfort, prot\u00e8ge et renforce la barri\u00e8re cutan\u00e9e\" \/>\r\n<meta property=\"og:url\" content=\"https:\/\/paracherkaoui.ma\/index.php\/produit\/laino-creme-barriere-mains-cica-intense-50ml\/\" \/>\r\n<meta property=\"og:site_name\" content=\"Paracherkaoui.ma\" \/>\r\n<meta property=\"article:modified_time\" content=\"2025-12-12T17:37:12+00:00\" \/>\r\n<meta property=\"og:image\" content=\"https:\/\/paracherkaoui.ma\/wp-content\/uploads\/2025\/12\/laino-laino-creme-barriere-mains-cica-intense-50ml-mains.jpg\" \/>\r\n\t<meta property=\"og:image:width\" content=\"700\" \/>\r\n\t<meta property=\"og:image:height\" content=\"700\" \/>\r\n\t<meta property=\"og:image:type\" content=\"image\/jpeg\" \/>\r\n<meta name=\"twitter:card\" content=\"summary_large_image\" \/>\r\n<meta name=\"twitter:label1\" content=\"Dur\u00e9e de lecture estim\u00e9e\" \/>\n\t<meta name=\"twitter:data1\" content=\"1 minute\" \/>\r\n<script type=\"application\/ld+json\" class=\"yoast-schema-graph\">{\"@context\":\"https:\/\/schema.org\",\"@graph\":[{\"@type\":\"WebPage\",\"@id\":\"https:\/\/paracherkaoui.ma\/index.php\/produit\/laino-creme-barriere-mains-cica-intense-50ml\/\",\"url\":\"https:\/\/paracherkaoui.ma\/index.php\/produit\/laino-creme-barriere-mains-cica-intense-50ml\/\",\"name\":\"LAINO CREME BARRIERE MAINS CICA INTENSE 50ML - Paracherkaoui.ma\",\"isPartOf\":{\"@id\":\"https:\/\/paracherkaoui.ma\/#website\"},\"primaryImageOfPage\":{\"@id\":\"https:\/\/paracherkaoui.ma\/index.php\/produit\/laino-creme-barriere-mains-cica-intense-50ml\/#primaryimage\"},\"image\":{\"@id\":\"https:\/\/paracherkaoui.ma\/index.php\/produit\/laino-creme-barriere-mains-cica-intense-50ml\/#primaryimage\"},\"thumbnailUrl\":\"https:\/\/paracherkaoui.ma\/wp-content\/uploads\/2025\/12\/laino-laino-creme-barriere-mains-cica-intense-50ml-mains.jpg\",\"datePublished\":\"2025-12-12T17:37:07+00:00\",\"dateModified\":\"2025-12-12T17:37:12+00:00\",\"breadcrumb\":{\"@id\":\"https:\/\/paracherkaoui.ma\/index.php\/produit\/laino-creme-barriere-mains-cica-intense-50ml\/#breadcrumb\"},\"inLanguage\":\"fr-FR\",\"potentialAction\":[{\"@type\":\"ReadAction\",\"target\":[\"https:\/\/paracherkaoui.ma\/index.php\/produit\/laino-creme-barriere-mains-cica-intense-50ml\/\"]}]},{\"@type\":\"ImageObject\",\"inLanguage\":\"fr-FR\",\"@id\":\"https:\/\/paracherkaoui.ma\/index.php\/produit\/laino-creme-barriere-mains-cica-intense-50ml\/#primaryimage\",\"url\":\"https:\/\/paracherkaoui.ma\/wp-content\/uploads\/2025\/12\/laino-laino-creme-barriere-mains-cica-intense-50ml-mains.jpg\",\"contentUrl\":\"https:\/\/paracherkaoui.ma\/wp-content\/uploads\/2025\/12\/laino-laino-creme-barriere-mains-cica-intense-50ml-mains.jpg\",\"width\":700,\"height\":700},{\"@type\":\"BreadcrumbList\",\"@id\":\"https:\/\/paracherkaoui.ma\/index.php\/produit\/laino-creme-barriere-mains-cica-intense-50ml\/#breadcrumb\",\"itemListElement\":[{\"@type\":\"ListItem\",\"position\":1,\"name\":\"Accueil\",\"item\":\"https:\/\/paracherkaoui.ma\/\"},{\"@type\":\"ListItem\",\"position\":2,\"name\":\"Boutique\",\"item\":\"https:\/\/paracherkaoui.ma\/index.php\/boutique\/\"},{\"@type\":\"ListItem\",\"position\":3,\"name\":\"LAINO CREME BARRIERE MAINS CICA INTENSE 50ML\"}]},{\"@type\":\"WebSite\",\"@id\":\"https:\/\/paracherkaoui.ma\/#website\",\"url\":\"https:\/\/paracherkaoui.ma\/\",\"name\":\"Paracherkaoui.ma\",\"description\":\"Achetez en ligne sur Paracherkaoui.ma\",\"potentialAction\":[{\"@type\":\"SearchAction\",\"target\":{\"@type\":\"EntryPoint\",\"urlTemplate\":\"https:\/\/paracherkaoui.ma\/?s={search_term_string}\"},\"query-input\":{\"@type\":\"PropertyValueSpecification\",\"valueRequired\":true,\"valueName\":\"search_term_string\"}}],\"inLanguage\":\"fr-FR\"}]}<\/script>\r\n<!-- \/ Yoast SEO plugin. -->","yoast_head_json":{"title":"LAINO CREME BARRIERE MAINS CICA INTENSE 50ML - Paracherkaoui.ma","robots":{"index":"index","follow":"follow","max-snippet":"max-snippet:-1","max-image-preview":"max-image-preview:large","max-video-preview":"max-video-preview:-1"},"canonical":"https:\/\/paracherkaoui.ma\/index.php\/produit\/laino-creme-barriere-mains-cica-intense-50ml\/","og_locale":"fr_FR","og_type":"article","og_title":"LAINO CREME BARRIERE MAINS CICA INTENSE 50ML - Paracherkaoui.ma","og_description":"Cr\u00e8me barri\u00e8re r\u00e9paratrice, texture enveloppante r\u00e9sistante \u00e0 l\u2019eau. Elle soulage imm\u00e9diatement les sensations d\u2019inconfort, prot\u00e8ge et renforce la barri\u00e8re cutan\u00e9e","og_url":"https:\/\/paracherkaoui.ma\/index.php\/produit\/laino-creme-barriere-mains-cica-intense-50ml\/","og_site_name":"Paracherkaoui.ma","article_modified_time":"2025-12-12T17:37:12+00:00","og_image":[{"width":700,"height":700,"url":"https:\/\/paracherkaoui.ma\/wp-content\/uploads\/2025\/12\/laino-laino-creme-barriere-mains-cica-intense-50ml-mains.jpg","type":"image\/jpeg"}],"twitter_card":"summary_large_image","twitter_misc":{"Dur\u00e9e de lecture estim\u00e9e":"1 minute"},"schema":{"@context":"https:\/\/schema.org","@graph":[{"@type":"WebPage","@id":"https:\/\/paracherkaoui.ma\/index.php\/produit\/laino-creme-barriere-mains-cica-intense-50ml\/","url":"https:\/\/paracherkaoui.ma\/index.php\/produit\/laino-creme-barriere-mains-cica-intense-50ml\/","name":"LAINO CREME BARRIERE MAINS CICA INTENSE 50ML - Paracherkaoui.ma","isPartOf":{"@id":"https:\/\/paracherkaoui.ma\/#website"},"primaryImageOfPage":{"@id":"https:\/\/paracherkaoui.ma\/index.php\/produit\/laino-creme-barriere-mains-cica-intense-50ml\/#primaryimage"},"image":{"@id":"https:\/\/paracherkaoui.ma\/index.php\/produit\/laino-creme-barriere-mains-cica-intense-50ml\/#primaryimage"},"thumbnailUrl":"https:\/\/paracherkaoui.ma\/wp-content\/uploads\/2025\/12\/laino-laino-creme-barriere-mains-cica-intense-50ml-mains.jpg","datePublished":"2025-12-12T17:37:07+00:00","dateModified":"2025-12-12T17:37:12+00:00","breadcrumb":{"@id":"https:\/\/paracherkaoui.ma\/index.php\/produit\/laino-creme-barriere-mains-cica-intense-50ml\/#breadcrumb"},"inLanguage":"fr-FR","potentialAction":[{"@type":"ReadAction","target":["https:\/\/paracherkaoui.ma\/index.php\/produit\/laino-creme-barriere-mains-cica-intense-50ml\/"]}]},{"@type":"ImageObject","inLanguage":"fr-FR","@id":"https:\/\/paracherkaoui.ma\/index.php\/produit\/laino-creme-barriere-mains-cica-intense-50ml\/#primaryimage","url":"https:\/\/paracherkaoui.ma\/wp-content\/uploads\/2025\/12\/laino-laino-creme-barriere-mains-cica-intense-50ml-mains.jpg","contentUrl":"https:\/\/paracherkaoui.ma\/wp-content\/uploads\/2025\/12\/laino-laino-creme-barriere-mains-cica-intense-50ml-mains.jpg","width":700,"height":700},{"@type":"BreadcrumbList","@id":"https:\/\/paracherkaoui.ma\/index.php\/produit\/laino-creme-barriere-mains-cica-intense-50ml\/#breadcrumb","itemListElement":[{"@type":"ListItem","position":1,"name":"Accueil","item":"https:\/\/paracherkaoui.ma\/"},{"@type":"ListItem","position":2,"name":"Boutique","item":"https:\/\/paracherkaoui.ma\/index.php\/boutique\/"},{"@type":"ListItem","position":3,"name":"LAINO CREME BARRIERE MAINS CICA INTENSE 50ML"}]},{"@type":"WebSite","@id":"https:\/\/paracherkaoui.ma\/#website","url":"https:\/\/paracherkaoui.ma\/","name":"Paracherkaoui.ma","description":"Achetez en ligne sur Paracherkaoui.ma","potentialAction":[{"@type":"SearchAction","target":{"@type":"EntryPoint","urlTemplate":"https:\/\/paracherkaoui.ma\/?s={search_term_string}"},"query-input":{"@type":"PropertyValueSpecification","valueRequired":true,"valueName":"search_term_string"}}],"inLanguage":"fr-FR"}]}},"_links":{"self":[{"href":"https:\/\/paracherkaoui.ma\/index.php\/wp-json\/wp\/v2\/product\/31929","targetHints":{"allow":["GET"]}}],"collection":[{"href":"https:\/\/paracherkaoui.ma\/index.php\/wp-json\/wp\/v2\/product"}],"about":[{"href":"https:\/\/paracherkaoui.ma\/index.php\/wp-json\/wp\/v2\/types\/product"}],"replies":[{"embeddable":true,"href":"https:\/\/paracherkaoui.ma\/index.php\/wp-json\/wp\/v2\/comments?post=31929"}],"version-history":[{"count":1,"href":"https:\/\/paracherkaoui.ma\/index.php\/wp-json\/wp\/v2\/product\/31929\/revisions"}],"predecessor-version":[{"id":31960,"href":"https:\/\/paracherkaoui.ma\/index.php\/wp-json\/wp\/v2\/product\/31929\/revisions\/31960"}],"wp:featuredmedia":[{"embeddable":true,"href":"https:\/\/paracherkaoui.ma\/index.php\/wp-json\/wp\/v2\/media\/31959"}],"wp:attachment":[{"href":"https:\/\/paracherkaoui.ma\/index.php\/wp-json\/wp\/v2\/media?parent=31929"}],"wp:term":[{"taxonomy":"product_brand","embeddable":true,"href":"https:\/\/paracherkaoui.ma\/index.php\/wp-json\/wp\/v2\/product_brand?post=31929"},{"taxonomy":"product_cat","embeddable":true,"href":"https:\/\/paracherkaoui.ma\/index.php\/wp-json\/wp\/v2\/product_cat?post=31929"},{"taxonomy":"product_tag","embeddable":true,"href":"https:\/\/paracherkaoui.ma\/index.php\/wp-json\/wp\/v2\/product_tag?post=31929"}],"curies":[{"name":"wp","href":"https:\/\/api.w.org\/{rel}","templated":true}]}}