{"id":31883,"date":"2025-12-12T18:36:30","date_gmt":"2025-12-12T17:36:30","guid":{"rendered":"https:\/\/test.ecbeaute.com\/?post_type=product&#038;p=31883"},"modified":"2025-12-12T18:36:33","modified_gmt":"2025-12-12T17:36:33","slug":"svr-cicavit-sos-grattage-spray-apaisant-40ml-2","status":"publish","type":"product","link":"https:\/\/paracherkaoui.ma\/index.php\/produit\/svr-cicavit-sos-grattage-spray-apaisant-40ml-2\/","title":{"rendered":"SVR CICAVIT SOS GRATTAGE SPRAY APAISANT 40ML"},"content":{"rendered":"<p>Un puissant soin 2-en-1 :Un stop grattage apaisant imm\u00e9diat-Un soin r\u00e9parateur anti-marques- Une efficacit\u00e9 imm\u00e9diate en seulement 30 secondes pour une action anti-grattage instantan\u00e9e-Une prouesse formulatoire, ultra-concentr\u00e9e en complexe anti-irritations 15% 0 massage 0 contamination-Un produit nomade hautement concentr\u00e9 \u00e0 l\u2019application rapide et hygi\u00e9nique \u00e0 tout moment de la journ\u00e9e Conseils d&rsquo;utilisation Vaporiser sur la peau \u00e0 une distance minimale de 15 cm. Laisser p\u00e9n\u00e9trer le produit sans \u00e9taler. Pour une application sur le visage, appliquer auparavant dans le creux de la main.<\/p>\n","protected":false},"excerpt":{"rendered":"<p>Un puissant soin 2-en-1 :Un stop grattage apaisant imm\u00e9diat-Un soin r\u00e9parateur anti-marques- Une efficacit\u00e9 imm\u00e9diate en seulement 30 secondes pour<\/p>\n","protected":false},"featured_media":13812,"comment_status":"open","ping_status":"closed","template":"","meta":[],"product_brand":[133],"product_cat":[590],"product_tag":[],"class_list":{"0":"post-31883","1":"product","2":"type-product","3":"status-publish","4":"has-post-thumbnail","6":"product_brand-svr","7":"product_cat-cremes-cicatrisantes","9":"first","10":"instock","11":"sale","12":"shipping-taxable","13":"purchasable","14":"product-type-simple"},"yoast_head":"<!-- This site is optimized with the Yoast SEO plugin v26.6 - https:\/\/yoast.com\/wordpress\/plugins\/seo\/ -->\r\n<title>SVR CICAVIT SOS GRATTAGE SPRAY APAISANT 40ML - Paracherkaoui.ma<\/title>\r\n<meta name=\"robots\" content=\"index, follow, max-snippet:-1, max-image-preview:large, max-video-preview:-1\" \/>\r\n<link rel=\"canonical\" href=\"https:\/\/paracherkaoui.ma\/index.php\/produit\/svr-cicavit-sos-grattage-spray-apaisant-40ml-2\/\" \/>\r\n<meta property=\"og:locale\" content=\"fr_FR\" \/>\r\n<meta property=\"og:type\" content=\"article\" \/>\r\n<meta property=\"og:title\" content=\"SVR CICAVIT SOS GRATTAGE SPRAY APAISANT 40ML - Paracherkaoui.ma\" \/>\r\n<meta property=\"og:description\" content=\"Un puissant soin 2-en-1 :Un stop grattage apaisant imm\u00e9diat-Un soin r\u00e9parateur anti-marques- Une efficacit\u00e9 imm\u00e9diate en seulement 30 secondes pour\" \/>\r\n<meta property=\"og:url\" content=\"https:\/\/paracherkaoui.ma\/index.php\/produit\/svr-cicavit-sos-grattage-spray-apaisant-40ml-2\/\" \/>\r\n<meta property=\"og:site_name\" content=\"Paracherkaoui.ma\" \/>\r\n<meta property=\"article:modified_time\" content=\"2025-12-12T17:36:33+00:00\" \/>\r\n<meta property=\"og:image\" content=\"https:\/\/paracherkaoui.ma\/wp-content\/uploads\/2025\/12\/svr-svr-cicavit-sos-grattage-spray-apaisant-40ml-cremes-cicatrisantes.jpg\" \/>\r\n\t<meta property=\"og:image:width\" content=\"700\" \/>\r\n\t<meta property=\"og:image:height\" content=\"700\" \/>\r\n\t<meta property=\"og:image:type\" content=\"image\/jpeg\" \/>\r\n<meta name=\"twitter:card\" content=\"summary_large_image\" \/>\r\n<script type=\"application\/ld+json\" class=\"yoast-schema-graph\">{\"@context\":\"https:\/\/schema.org\",\"@graph\":[{\"@type\":\"WebPage\",\"@id\":\"https:\/\/paracherkaoui.ma\/index.php\/produit\/svr-cicavit-sos-grattage-spray-apaisant-40ml-2\/\",\"url\":\"https:\/\/paracherkaoui.ma\/index.php\/produit\/svr-cicavit-sos-grattage-spray-apaisant-40ml-2\/\",\"name\":\"SVR CICAVIT SOS GRATTAGE SPRAY APAISANT 40ML - Paracherkaoui.ma\",\"isPartOf\":{\"@id\":\"https:\/\/paracherkaoui.ma\/#website\"},\"primaryImageOfPage\":{\"@id\":\"https:\/\/paracherkaoui.ma\/index.php\/produit\/svr-cicavit-sos-grattage-spray-apaisant-40ml-2\/#primaryimage\"},\"image\":{\"@id\":\"https:\/\/paracherkaoui.ma\/index.php\/produit\/svr-cicavit-sos-grattage-spray-apaisant-40ml-2\/#primaryimage\"},\"thumbnailUrl\":\"https:\/\/paracherkaoui.ma\/wp-content\/uploads\/2025\/12\/svr-svr-cicavit-sos-grattage-spray-apaisant-40ml-cremes-cicatrisantes.jpg\",\"datePublished\":\"2025-12-12T17:36:30+00:00\",\"dateModified\":\"2025-12-12T17:36:33+00:00\",\"breadcrumb\":{\"@id\":\"https:\/\/paracherkaoui.ma\/index.php\/produit\/svr-cicavit-sos-grattage-spray-apaisant-40ml-2\/#breadcrumb\"},\"inLanguage\":\"fr-FR\",\"potentialAction\":[{\"@type\":\"ReadAction\",\"target\":[\"https:\/\/paracherkaoui.ma\/index.php\/produit\/svr-cicavit-sos-grattage-spray-apaisant-40ml-2\/\"]}]},{\"@type\":\"ImageObject\",\"inLanguage\":\"fr-FR\",\"@id\":\"https:\/\/paracherkaoui.ma\/index.php\/produit\/svr-cicavit-sos-grattage-spray-apaisant-40ml-2\/#primaryimage\",\"url\":\"https:\/\/paracherkaoui.ma\/wp-content\/uploads\/2025\/12\/svr-svr-cicavit-sos-grattage-spray-apaisant-40ml-cremes-cicatrisantes.jpg\",\"contentUrl\":\"https:\/\/paracherkaoui.ma\/wp-content\/uploads\/2025\/12\/svr-svr-cicavit-sos-grattage-spray-apaisant-40ml-cremes-cicatrisantes.jpg\",\"width\":700,\"height\":700},{\"@type\":\"BreadcrumbList\",\"@id\":\"https:\/\/paracherkaoui.ma\/index.php\/produit\/svr-cicavit-sos-grattage-spray-apaisant-40ml-2\/#breadcrumb\",\"itemListElement\":[{\"@type\":\"ListItem\",\"position\":1,\"name\":\"Accueil\",\"item\":\"https:\/\/paracherkaoui.ma\/\"},{\"@type\":\"ListItem\",\"position\":2,\"name\":\"Boutique\",\"item\":\"https:\/\/paracherkaoui.ma\/index.php\/boutique\/\"},{\"@type\":\"ListItem\",\"position\":3,\"name\":\"SVR CICAVIT SOS GRATTAGE SPRAY APAISANT 40ML\"}]},{\"@type\":\"WebSite\",\"@id\":\"https:\/\/paracherkaoui.ma\/#website\",\"url\":\"https:\/\/paracherkaoui.ma\/\",\"name\":\"Paracherkaoui.ma\",\"description\":\"Achetez en ligne sur Paracherkaoui.ma\",\"potentialAction\":[{\"@type\":\"SearchAction\",\"target\":{\"@type\":\"EntryPoint\",\"urlTemplate\":\"https:\/\/paracherkaoui.ma\/?s={search_term_string}\"},\"query-input\":{\"@type\":\"PropertyValueSpecification\",\"valueRequired\":true,\"valueName\":\"search_term_string\"}}],\"inLanguage\":\"fr-FR\"}]}<\/script>\r\n<!-- \/ Yoast SEO plugin. -->","yoast_head_json":{"title":"SVR CICAVIT SOS GRATTAGE SPRAY APAISANT 40ML - Paracherkaoui.ma","robots":{"index":"index","follow":"follow","max-snippet":"max-snippet:-1","max-image-preview":"max-image-preview:large","max-video-preview":"max-video-preview:-1"},"canonical":"https:\/\/paracherkaoui.ma\/index.php\/produit\/svr-cicavit-sos-grattage-spray-apaisant-40ml-2\/","og_locale":"fr_FR","og_type":"article","og_title":"SVR CICAVIT SOS GRATTAGE SPRAY APAISANT 40ML - Paracherkaoui.ma","og_description":"Un puissant soin 2-en-1 :Un stop grattage apaisant imm\u00e9diat-Un soin r\u00e9parateur anti-marques- Une efficacit\u00e9 imm\u00e9diate en seulement 30 secondes pour","og_url":"https:\/\/paracherkaoui.ma\/index.php\/produit\/svr-cicavit-sos-grattage-spray-apaisant-40ml-2\/","og_site_name":"Paracherkaoui.ma","article_modified_time":"2025-12-12T17:36:33+00:00","og_image":[{"width":700,"height":700,"url":"https:\/\/paracherkaoui.ma\/wp-content\/uploads\/2025\/12\/svr-svr-cicavit-sos-grattage-spray-apaisant-40ml-cremes-cicatrisantes.jpg","type":"image\/jpeg"}],"twitter_card":"summary_large_image","schema":{"@context":"https:\/\/schema.org","@graph":[{"@type":"WebPage","@id":"https:\/\/paracherkaoui.ma\/index.php\/produit\/svr-cicavit-sos-grattage-spray-apaisant-40ml-2\/","url":"https:\/\/paracherkaoui.ma\/index.php\/produit\/svr-cicavit-sos-grattage-spray-apaisant-40ml-2\/","name":"SVR CICAVIT SOS GRATTAGE SPRAY APAISANT 40ML - Paracherkaoui.ma","isPartOf":{"@id":"https:\/\/paracherkaoui.ma\/#website"},"primaryImageOfPage":{"@id":"https:\/\/paracherkaoui.ma\/index.php\/produit\/svr-cicavit-sos-grattage-spray-apaisant-40ml-2\/#primaryimage"},"image":{"@id":"https:\/\/paracherkaoui.ma\/index.php\/produit\/svr-cicavit-sos-grattage-spray-apaisant-40ml-2\/#primaryimage"},"thumbnailUrl":"https:\/\/paracherkaoui.ma\/wp-content\/uploads\/2025\/12\/svr-svr-cicavit-sos-grattage-spray-apaisant-40ml-cremes-cicatrisantes.jpg","datePublished":"2025-12-12T17:36:30+00:00","dateModified":"2025-12-12T17:36:33+00:00","breadcrumb":{"@id":"https:\/\/paracherkaoui.ma\/index.php\/produit\/svr-cicavit-sos-grattage-spray-apaisant-40ml-2\/#breadcrumb"},"inLanguage":"fr-FR","potentialAction":[{"@type":"ReadAction","target":["https:\/\/paracherkaoui.ma\/index.php\/produit\/svr-cicavit-sos-grattage-spray-apaisant-40ml-2\/"]}]},{"@type":"ImageObject","inLanguage":"fr-FR","@id":"https:\/\/paracherkaoui.ma\/index.php\/produit\/svr-cicavit-sos-grattage-spray-apaisant-40ml-2\/#primaryimage","url":"https:\/\/paracherkaoui.ma\/wp-content\/uploads\/2025\/12\/svr-svr-cicavit-sos-grattage-spray-apaisant-40ml-cremes-cicatrisantes.jpg","contentUrl":"https:\/\/paracherkaoui.ma\/wp-content\/uploads\/2025\/12\/svr-svr-cicavit-sos-grattage-spray-apaisant-40ml-cremes-cicatrisantes.jpg","width":700,"height":700},{"@type":"BreadcrumbList","@id":"https:\/\/paracherkaoui.ma\/index.php\/produit\/svr-cicavit-sos-grattage-spray-apaisant-40ml-2\/#breadcrumb","itemListElement":[{"@type":"ListItem","position":1,"name":"Accueil","item":"https:\/\/paracherkaoui.ma\/"},{"@type":"ListItem","position":2,"name":"Boutique","item":"https:\/\/paracherkaoui.ma\/index.php\/boutique\/"},{"@type":"ListItem","position":3,"name":"SVR CICAVIT SOS GRATTAGE SPRAY APAISANT 40ML"}]},{"@type":"WebSite","@id":"https:\/\/paracherkaoui.ma\/#website","url":"https:\/\/paracherkaoui.ma\/","name":"Paracherkaoui.ma","description":"Achetez en ligne sur Paracherkaoui.ma","potentialAction":[{"@type":"SearchAction","target":{"@type":"EntryPoint","urlTemplate":"https:\/\/paracherkaoui.ma\/?s={search_term_string}"},"query-input":{"@type":"PropertyValueSpecification","valueRequired":true,"valueName":"search_term_string"}}],"inLanguage":"fr-FR"}]}},"_links":{"self":[{"href":"https:\/\/paracherkaoui.ma\/index.php\/wp-json\/wp\/v2\/product\/31883","targetHints":{"allow":["GET"]}}],"collection":[{"href":"https:\/\/paracherkaoui.ma\/index.php\/wp-json\/wp\/v2\/product"}],"about":[{"href":"https:\/\/paracherkaoui.ma\/index.php\/wp-json\/wp\/v2\/types\/product"}],"replies":[{"embeddable":true,"href":"https:\/\/paracherkaoui.ma\/index.php\/wp-json\/wp\/v2\/comments?post=31883"}],"version-history":[{"count":1,"href":"https:\/\/paracherkaoui.ma\/index.php\/wp-json\/wp\/v2\/product\/31883\/revisions"}],"predecessor-version":[{"id":31912,"href":"https:\/\/paracherkaoui.ma\/index.php\/wp-json\/wp\/v2\/product\/31883\/revisions\/31912"}],"wp:featuredmedia":[{"embeddable":true,"href":"https:\/\/paracherkaoui.ma\/index.php\/wp-json\/wp\/v2\/media\/13812"}],"wp:attachment":[{"href":"https:\/\/paracherkaoui.ma\/index.php\/wp-json\/wp\/v2\/media?parent=31883"}],"wp:term":[{"taxonomy":"product_brand","embeddable":true,"href":"https:\/\/paracherkaoui.ma\/index.php\/wp-json\/wp\/v2\/product_brand?post=31883"},{"taxonomy":"product_cat","embeddable":true,"href":"https:\/\/paracherkaoui.ma\/index.php\/wp-json\/wp\/v2\/product_cat?post=31883"},{"taxonomy":"product_tag","embeddable":true,"href":"https:\/\/paracherkaoui.ma\/index.php\/wp-json\/wp\/v2\/product_tag?post=31883"}],"curies":[{"name":"wp","href":"https:\/\/api.w.org\/{rel}","templated":true}]}}