{"id":31881,"date":"2025-12-12T18:36:30","date_gmt":"2025-12-12T17:36:30","guid":{"rendered":"https:\/\/test.ecbeaute.com\/?post_type=product&#038;p=31881"},"modified":"2025-12-12T18:36:32","modified_gmt":"2025-12-12T17:36:32","slug":"addax-soin-reparateur-mains-cica-b5-15-ml","status":"publish","type":"product","link":"https:\/\/paracherkaoui.ma\/index.php\/produit\/addax-soin-reparateur-mains-cica-b5-15-ml\/","title":{"rendered":"ADDAX SOIN REPARATEUR MAINS CICA B5-15 ML"},"content":{"rendered":"<p>Soin concentr\u00e9 \u00e0 appliquer sp\u00e9cifiquement sur les zones ab\u00eem\u00e9es, il soulage et cicatrise ger\u00e7ures, fissures\u2026 de l\u2019\u00e9piderme. Sa texture \u00e9mulsion, fine et l\u00e9g\u00e8re, p\u00e9n\u00e8tre facilement.Action r\u00e9paratrice : Le CPP (Collagen Potentiating Peptide) stimule la synth\u00e8se du collag\u00e8ne et r\u00e9pare les tissus ab\u00eem\u00e9s. Ses bienfaits sont renforc\u00e9s par l\u2019allanto\u00efne, reconnue pour ses vertus r\u00e9paratrices et apaisantes. Action cicatrisante : La vitamine B5, la Centella asiatica et le calendula agissent en synergie pour stimuler la synth\u00e8se cellulaire et acc\u00e9l\u00e9rer le processus de cicatrisation. Action apaisante et anti-inflammatoire : L\u2019alpha bisabolol (extrait de camomille) et le dipotassium glycyrrhizinate soulagent l\u2019\u00e9piderme de mani\u00e8re intensive et durable. Conseils d&rsquo;utilisation : Appliquer deux fois par jour pendant une semaine sur les zones ab\u00eem\u00e9es. Renouveler si n\u00e9cessaire.<\/p>\n","protected":false},"excerpt":{"rendered":"<p>Soin concentr\u00e9 \u00e0 appliquer sp\u00e9cifiquement sur les zones ab\u00eem\u00e9es, il soulage et cicatrise ger\u00e7ures, fissures\u2026 de l\u2019\u00e9piderme. Sa texture \u00e9mulsion,<\/p>\n","protected":false},"featured_media":31907,"comment_status":"open","ping_status":"closed","template":"","meta":[],"product_brand":[483],"product_cat":[590],"product_tag":[],"class_list":{"0":"post-31881","1":"product","2":"type-product","3":"status-publish","4":"has-post-thumbnail","6":"product_brand-addax","7":"product_cat-cremes-cicatrisantes","9":"first","10":"instock","11":"sale","12":"shipping-taxable","13":"purchasable","14":"product-type-simple"},"yoast_head":"<!-- This site is optimized with the Yoast SEO plugin v26.6 - https:\/\/yoast.com\/wordpress\/plugins\/seo\/ -->\r\n<title>ADDAX SOIN REPARATEUR MAINS CICA B5-15 ML - Paracherkaoui.ma<\/title>\r\n<meta name=\"robots\" content=\"index, follow, max-snippet:-1, max-image-preview:large, max-video-preview:-1\" \/>\r\n<link rel=\"canonical\" href=\"https:\/\/paracherkaoui.ma\/index.php\/produit\/addax-soin-reparateur-mains-cica-b5-15-ml\/\" \/>\r\n<meta property=\"og:locale\" content=\"fr_FR\" \/>\r\n<meta property=\"og:type\" content=\"article\" \/>\r\n<meta property=\"og:title\" content=\"ADDAX SOIN REPARATEUR MAINS CICA B5-15 ML - Paracherkaoui.ma\" \/>\r\n<meta property=\"og:description\" content=\"Soin concentr\u00e9 \u00e0 appliquer sp\u00e9cifiquement sur les zones ab\u00eem\u00e9es, il soulage et cicatrise ger\u00e7ures, fissures\u2026 de l\u2019\u00e9piderme. Sa texture \u00e9mulsion,\" \/>\r\n<meta property=\"og:url\" content=\"https:\/\/paracherkaoui.ma\/index.php\/produit\/addax-soin-reparateur-mains-cica-b5-15-ml\/\" \/>\r\n<meta property=\"og:site_name\" content=\"Paracherkaoui.ma\" \/>\r\n<meta property=\"article:modified_time\" content=\"2025-12-12T17:36:32+00:00\" \/>\r\n<meta property=\"og:image\" content=\"https:\/\/paracherkaoui.ma\/wp-content\/uploads\/2025\/12\/addax-soin-reparateur-mains-cica-b5-15-ml.jpg\" \/>\r\n\t<meta property=\"og:image:width\" content=\"700\" \/>\r\n\t<meta property=\"og:image:height\" content=\"700\" \/>\r\n\t<meta property=\"og:image:type\" content=\"image\/jpeg\" \/>\r\n<meta name=\"twitter:card\" content=\"summary_large_image\" \/>\r\n<meta name=\"twitter:label1\" content=\"Dur\u00e9e de lecture estim\u00e9e\" \/>\n\t<meta name=\"twitter:data1\" content=\"1 minute\" \/>\r\n<script type=\"application\/ld+json\" class=\"yoast-schema-graph\">{\"@context\":\"https:\/\/schema.org\",\"@graph\":[{\"@type\":\"WebPage\",\"@id\":\"https:\/\/paracherkaoui.ma\/index.php\/produit\/addax-soin-reparateur-mains-cica-b5-15-ml\/\",\"url\":\"https:\/\/paracherkaoui.ma\/index.php\/produit\/addax-soin-reparateur-mains-cica-b5-15-ml\/\",\"name\":\"ADDAX SOIN REPARATEUR MAINS CICA B5-15 ML - Paracherkaoui.ma\",\"isPartOf\":{\"@id\":\"https:\/\/paracherkaoui.ma\/#website\"},\"primaryImageOfPage\":{\"@id\":\"https:\/\/paracherkaoui.ma\/index.php\/produit\/addax-soin-reparateur-mains-cica-b5-15-ml\/#primaryimage\"},\"image\":{\"@id\":\"https:\/\/paracherkaoui.ma\/index.php\/produit\/addax-soin-reparateur-mains-cica-b5-15-ml\/#primaryimage\"},\"thumbnailUrl\":\"https:\/\/paracherkaoui.ma\/wp-content\/uploads\/2025\/12\/addax-soin-reparateur-mains-cica-b5-15-ml.jpg\",\"datePublished\":\"2025-12-12T17:36:30+00:00\",\"dateModified\":\"2025-12-12T17:36:32+00:00\",\"breadcrumb\":{\"@id\":\"https:\/\/paracherkaoui.ma\/index.php\/produit\/addax-soin-reparateur-mains-cica-b5-15-ml\/#breadcrumb\"},\"inLanguage\":\"fr-FR\",\"potentialAction\":[{\"@type\":\"ReadAction\",\"target\":[\"https:\/\/paracherkaoui.ma\/index.php\/produit\/addax-soin-reparateur-mains-cica-b5-15-ml\/\"]}]},{\"@type\":\"ImageObject\",\"inLanguage\":\"fr-FR\",\"@id\":\"https:\/\/paracherkaoui.ma\/index.php\/produit\/addax-soin-reparateur-mains-cica-b5-15-ml\/#primaryimage\",\"url\":\"https:\/\/paracherkaoui.ma\/wp-content\/uploads\/2025\/12\/addax-soin-reparateur-mains-cica-b5-15-ml.jpg\",\"contentUrl\":\"https:\/\/paracherkaoui.ma\/wp-content\/uploads\/2025\/12\/addax-soin-reparateur-mains-cica-b5-15-ml.jpg\",\"width\":700,\"height\":700},{\"@type\":\"BreadcrumbList\",\"@id\":\"https:\/\/paracherkaoui.ma\/index.php\/produit\/addax-soin-reparateur-mains-cica-b5-15-ml\/#breadcrumb\",\"itemListElement\":[{\"@type\":\"ListItem\",\"position\":1,\"name\":\"Accueil\",\"item\":\"https:\/\/paracherkaoui.ma\/\"},{\"@type\":\"ListItem\",\"position\":2,\"name\":\"Boutique\",\"item\":\"https:\/\/paracherkaoui.ma\/index.php\/boutique\/\"},{\"@type\":\"ListItem\",\"position\":3,\"name\":\"ADDAX SOIN REPARATEUR MAINS CICA B5-15 ML\"}]},{\"@type\":\"WebSite\",\"@id\":\"https:\/\/paracherkaoui.ma\/#website\",\"url\":\"https:\/\/paracherkaoui.ma\/\",\"name\":\"Paracherkaoui.ma\",\"description\":\"Achetez en ligne sur Paracherkaoui.ma\",\"potentialAction\":[{\"@type\":\"SearchAction\",\"target\":{\"@type\":\"EntryPoint\",\"urlTemplate\":\"https:\/\/paracherkaoui.ma\/?s={search_term_string}\"},\"query-input\":{\"@type\":\"PropertyValueSpecification\",\"valueRequired\":true,\"valueName\":\"search_term_string\"}}],\"inLanguage\":\"fr-FR\"}]}<\/script>\r\n<!-- \/ Yoast SEO plugin. -->","yoast_head_json":{"title":"ADDAX SOIN REPARATEUR MAINS CICA B5-15 ML - Paracherkaoui.ma","robots":{"index":"index","follow":"follow","max-snippet":"max-snippet:-1","max-image-preview":"max-image-preview:large","max-video-preview":"max-video-preview:-1"},"canonical":"https:\/\/paracherkaoui.ma\/index.php\/produit\/addax-soin-reparateur-mains-cica-b5-15-ml\/","og_locale":"fr_FR","og_type":"article","og_title":"ADDAX SOIN REPARATEUR MAINS CICA B5-15 ML - Paracherkaoui.ma","og_description":"Soin concentr\u00e9 \u00e0 appliquer sp\u00e9cifiquement sur les zones ab\u00eem\u00e9es, il soulage et cicatrise ger\u00e7ures, fissures\u2026 de l\u2019\u00e9piderme. Sa texture \u00e9mulsion,","og_url":"https:\/\/paracherkaoui.ma\/index.php\/produit\/addax-soin-reparateur-mains-cica-b5-15-ml\/","og_site_name":"Paracherkaoui.ma","article_modified_time":"2025-12-12T17:36:32+00:00","og_image":[{"width":700,"height":700,"url":"https:\/\/paracherkaoui.ma\/wp-content\/uploads\/2025\/12\/addax-soin-reparateur-mains-cica-b5-15-ml.jpg","type":"image\/jpeg"}],"twitter_card":"summary_large_image","twitter_misc":{"Dur\u00e9e de lecture estim\u00e9e":"1 minute"},"schema":{"@context":"https:\/\/schema.org","@graph":[{"@type":"WebPage","@id":"https:\/\/paracherkaoui.ma\/index.php\/produit\/addax-soin-reparateur-mains-cica-b5-15-ml\/","url":"https:\/\/paracherkaoui.ma\/index.php\/produit\/addax-soin-reparateur-mains-cica-b5-15-ml\/","name":"ADDAX SOIN REPARATEUR MAINS CICA B5-15 ML - Paracherkaoui.ma","isPartOf":{"@id":"https:\/\/paracherkaoui.ma\/#website"},"primaryImageOfPage":{"@id":"https:\/\/paracherkaoui.ma\/index.php\/produit\/addax-soin-reparateur-mains-cica-b5-15-ml\/#primaryimage"},"image":{"@id":"https:\/\/paracherkaoui.ma\/index.php\/produit\/addax-soin-reparateur-mains-cica-b5-15-ml\/#primaryimage"},"thumbnailUrl":"https:\/\/paracherkaoui.ma\/wp-content\/uploads\/2025\/12\/addax-soin-reparateur-mains-cica-b5-15-ml.jpg","datePublished":"2025-12-12T17:36:30+00:00","dateModified":"2025-12-12T17:36:32+00:00","breadcrumb":{"@id":"https:\/\/paracherkaoui.ma\/index.php\/produit\/addax-soin-reparateur-mains-cica-b5-15-ml\/#breadcrumb"},"inLanguage":"fr-FR","potentialAction":[{"@type":"ReadAction","target":["https:\/\/paracherkaoui.ma\/index.php\/produit\/addax-soin-reparateur-mains-cica-b5-15-ml\/"]}]},{"@type":"ImageObject","inLanguage":"fr-FR","@id":"https:\/\/paracherkaoui.ma\/index.php\/produit\/addax-soin-reparateur-mains-cica-b5-15-ml\/#primaryimage","url":"https:\/\/paracherkaoui.ma\/wp-content\/uploads\/2025\/12\/addax-soin-reparateur-mains-cica-b5-15-ml.jpg","contentUrl":"https:\/\/paracherkaoui.ma\/wp-content\/uploads\/2025\/12\/addax-soin-reparateur-mains-cica-b5-15-ml.jpg","width":700,"height":700},{"@type":"BreadcrumbList","@id":"https:\/\/paracherkaoui.ma\/index.php\/produit\/addax-soin-reparateur-mains-cica-b5-15-ml\/#breadcrumb","itemListElement":[{"@type":"ListItem","position":1,"name":"Accueil","item":"https:\/\/paracherkaoui.ma\/"},{"@type":"ListItem","position":2,"name":"Boutique","item":"https:\/\/paracherkaoui.ma\/index.php\/boutique\/"},{"@type":"ListItem","position":3,"name":"ADDAX SOIN REPARATEUR MAINS CICA B5-15 ML"}]},{"@type":"WebSite","@id":"https:\/\/paracherkaoui.ma\/#website","url":"https:\/\/paracherkaoui.ma\/","name":"Paracherkaoui.ma","description":"Achetez en ligne sur Paracherkaoui.ma","potentialAction":[{"@type":"SearchAction","target":{"@type":"EntryPoint","urlTemplate":"https:\/\/paracherkaoui.ma\/?s={search_term_string}"},"query-input":{"@type":"PropertyValueSpecification","valueRequired":true,"valueName":"search_term_string"}}],"inLanguage":"fr-FR"}]}},"_links":{"self":[{"href":"https:\/\/paracherkaoui.ma\/index.php\/wp-json\/wp\/v2\/product\/31881","targetHints":{"allow":["GET"]}}],"collection":[{"href":"https:\/\/paracherkaoui.ma\/index.php\/wp-json\/wp\/v2\/product"}],"about":[{"href":"https:\/\/paracherkaoui.ma\/index.php\/wp-json\/wp\/v2\/types\/product"}],"replies":[{"embeddable":true,"href":"https:\/\/paracherkaoui.ma\/index.php\/wp-json\/wp\/v2\/comments?post=31881"}],"version-history":[{"count":1,"href":"https:\/\/paracherkaoui.ma\/index.php\/wp-json\/wp\/v2\/product\/31881\/revisions"}],"predecessor-version":[{"id":31908,"href":"https:\/\/paracherkaoui.ma\/index.php\/wp-json\/wp\/v2\/product\/31881\/revisions\/31908"}],"wp:featuredmedia":[{"embeddable":true,"href":"https:\/\/paracherkaoui.ma\/index.php\/wp-json\/wp\/v2\/media\/31907"}],"wp:attachment":[{"href":"https:\/\/paracherkaoui.ma\/index.php\/wp-json\/wp\/v2\/media?parent=31881"}],"wp:term":[{"taxonomy":"product_brand","embeddable":true,"href":"https:\/\/paracherkaoui.ma\/index.php\/wp-json\/wp\/v2\/product_brand?post=31881"},{"taxonomy":"product_cat","embeddable":true,"href":"https:\/\/paracherkaoui.ma\/index.php\/wp-json\/wp\/v2\/product_cat?post=31881"},{"taxonomy":"product_tag","embeddable":true,"href":"https:\/\/paracherkaoui.ma\/index.php\/wp-json\/wp\/v2\/product_tag?post=31881"}],"curies":[{"name":"wp","href":"https:\/\/api.w.org\/{rel}","templated":true}]}}