{"id":31878,"date":"2025-12-12T18:36:30","date_gmt":"2025-12-12T17:36:30","guid":{"rendered":"https:\/\/test.ecbeaute.com\/?post_type=product&#038;p=31878"},"modified":"2025-12-12T18:36:31","modified_gmt":"2025-12-12T17:36:31","slug":"avene-cicalfate-mains-creme-reparatrice-isolante-mains-100-ml-2","status":"publish","type":"product","link":"https:\/\/paracherkaoui.ma\/index.php\/produit\/avene-cicalfate-mains-creme-reparatrice-isolante-mains-100-ml-2\/","title":{"rendered":"AVENE CICALFATE MAINS CREME REPARATRICE ISOLANTE MAINS 100 ML"},"content":{"rendered":"<p>\u2022 R\u00c9PARATION* des mains irrit\u00e9es par le froid, les lavages r\u00e9p\u00e9t\u00e9s et l\u2019application fr\u00e9quente de solution hydroalcoolique. Le Sucralfate, actif original, favorise la r\u00e9paration de l\u2019\u00e9piderme. \u2022 APAISEMENT des irritations, sensations de br\u00fblure et tiraillements. Riche en Eau thermale d\u2019Av\u00e8ne, Cicalfate MAINS Cr\u00e8me r\u00e9paratrice isolante apaise rapidement les \u00e9pidermes fragilis\u00e9s. \u2022 ASSAINISSEMENT des ger\u00e7ures et irritations, gr\u00e2ce \u00e0 des agents antibact\u00e9riens, sulfates de cuivre et de zinc, qui limitent le risque de prolif\u00e9ration bact\u00e9rienne. Sans parfum, Cicalfate MAINS Cr\u00e8me r\u00e9paratrice isolante s\u2019applique et p\u00e9n\u00e8tre en un instant. Conseils d&rsquo;utilisations: Appliquez Cicalfate MAINS Cr\u00e8me r\u00e9paratrice isolante au moins 2 fois par jour sur toute la surface des mains, en insistant sur les zones les plus irrit\u00e9es. Ingr\u00e9dients : 45\/DODECYL GLYCOL COPOLYMER. DIMETHICONE. ALUMINUM SUCROSE OCTASULFATE. OCTYLDODECANOL. PEG-7 GLYCERYL COCOATE. ALUMINUM STARCH OCTENYLSUCCINATE. GLYCERIN. BEESWAX (CERA ALBA). CETYL ALCOHOL. COPPER SULFATE. DIMETHICONOL. DISTEARDIMONIUM HECTORITE. GLYCERYL STEARATE. MAGNESIUM SULFATE. PHENOXYETHANOL. SODIUM BENZOATE. XANTHAN GUM. ZINC SULFATE<\/p>\n","protected":false},"excerpt":{"rendered":"<p>\u2022 R\u00c9PARATION* des mains irrit\u00e9es par le froid, les lavages r\u00e9p\u00e9t\u00e9s et l\u2019application fr\u00e9quente de solution hydroalcoolique. Le Sucralfate, actif<\/p>\n","protected":false},"featured_media":14420,"comment_status":"open","ping_status":"closed","template":"","meta":[],"product_brand":[136],"product_cat":[590],"product_tag":[],"class_list":{"0":"post-31878","1":"product","2":"type-product","3":"status-publish","4":"has-post-thumbnail","6":"product_brand-avene","7":"product_cat-cremes-cicatrisantes","9":"first","10":"instock","11":"sale","12":"shipping-taxable","13":"purchasable","14":"product-type-simple"},"yoast_head":"<!-- This site is optimized with the Yoast SEO plugin v26.6 - https:\/\/yoast.com\/wordpress\/plugins\/seo\/ -->\r\n<title>AVENE CICALFATE MAINS CREME REPARATRICE ISOLANTE MAINS 100 ML - Paracherkaoui.ma<\/title>\r\n<meta name=\"robots\" content=\"index, follow, max-snippet:-1, max-image-preview:large, max-video-preview:-1\" \/>\r\n<link rel=\"canonical\" href=\"https:\/\/paracherkaoui.ma\/index.php\/produit\/avene-cicalfate-mains-creme-reparatrice-isolante-mains-100-ml-2\/\" \/>\r\n<meta property=\"og:locale\" content=\"fr_FR\" \/>\r\n<meta property=\"og:type\" content=\"article\" \/>\r\n<meta property=\"og:title\" content=\"AVENE CICALFATE MAINS CREME REPARATRICE ISOLANTE MAINS 100 ML - Paracherkaoui.ma\" \/>\r\n<meta property=\"og:description\" content=\"\u2022 R\u00c9PARATION* des mains irrit\u00e9es par le froid, les lavages r\u00e9p\u00e9t\u00e9s et l\u2019application fr\u00e9quente de solution hydroalcoolique. Le Sucralfate, actif\" \/>\r\n<meta property=\"og:url\" content=\"https:\/\/paracherkaoui.ma\/index.php\/produit\/avene-cicalfate-mains-creme-reparatrice-isolante-mains-100-ml-2\/\" \/>\r\n<meta property=\"og:site_name\" content=\"Paracherkaoui.ma\" \/>\r\n<meta property=\"article:modified_time\" content=\"2025-12-12T17:36:31+00:00\" \/>\r\n<meta property=\"og:image\" content=\"https:\/\/paracherkaoui.ma\/wp-content\/uploads\/2025\/12\/avene-avene-cicalfate-mains-creme-reparatrice-isolante-mains-100-ml-mains.jpg\" \/>\r\n\t<meta property=\"og:image:width\" content=\"700\" \/>\r\n\t<meta property=\"og:image:height\" content=\"700\" \/>\r\n\t<meta property=\"og:image:type\" content=\"image\/jpeg\" \/>\r\n<meta name=\"twitter:card\" content=\"summary_large_image\" \/>\r\n<meta name=\"twitter:label1\" content=\"Dur\u00e9e de lecture estim\u00e9e\" \/>\n\t<meta name=\"twitter:data1\" content=\"1 minute\" \/>\r\n<script type=\"application\/ld+json\" class=\"yoast-schema-graph\">{\"@context\":\"https:\/\/schema.org\",\"@graph\":[{\"@type\":\"WebPage\",\"@id\":\"https:\/\/paracherkaoui.ma\/index.php\/produit\/avene-cicalfate-mains-creme-reparatrice-isolante-mains-100-ml-2\/\",\"url\":\"https:\/\/paracherkaoui.ma\/index.php\/produit\/avene-cicalfate-mains-creme-reparatrice-isolante-mains-100-ml-2\/\",\"name\":\"AVENE CICALFATE MAINS CREME REPARATRICE ISOLANTE MAINS 100 ML - Paracherkaoui.ma\",\"isPartOf\":{\"@id\":\"https:\/\/paracherkaoui.ma\/#website\"},\"primaryImageOfPage\":{\"@id\":\"https:\/\/paracherkaoui.ma\/index.php\/produit\/avene-cicalfate-mains-creme-reparatrice-isolante-mains-100-ml-2\/#primaryimage\"},\"image\":{\"@id\":\"https:\/\/paracherkaoui.ma\/index.php\/produit\/avene-cicalfate-mains-creme-reparatrice-isolante-mains-100-ml-2\/#primaryimage\"},\"thumbnailUrl\":\"https:\/\/paracherkaoui.ma\/wp-content\/uploads\/2025\/12\/avene-avene-cicalfate-mains-creme-reparatrice-isolante-mains-100-ml-mains.jpg\",\"datePublished\":\"2025-12-12T17:36:30+00:00\",\"dateModified\":\"2025-12-12T17:36:31+00:00\",\"breadcrumb\":{\"@id\":\"https:\/\/paracherkaoui.ma\/index.php\/produit\/avene-cicalfate-mains-creme-reparatrice-isolante-mains-100-ml-2\/#breadcrumb\"},\"inLanguage\":\"fr-FR\",\"potentialAction\":[{\"@type\":\"ReadAction\",\"target\":[\"https:\/\/paracherkaoui.ma\/index.php\/produit\/avene-cicalfate-mains-creme-reparatrice-isolante-mains-100-ml-2\/\"]}]},{\"@type\":\"ImageObject\",\"inLanguage\":\"fr-FR\",\"@id\":\"https:\/\/paracherkaoui.ma\/index.php\/produit\/avene-cicalfate-mains-creme-reparatrice-isolante-mains-100-ml-2\/#primaryimage\",\"url\":\"https:\/\/paracherkaoui.ma\/wp-content\/uploads\/2025\/12\/avene-avene-cicalfate-mains-creme-reparatrice-isolante-mains-100-ml-mains.jpg\",\"contentUrl\":\"https:\/\/paracherkaoui.ma\/wp-content\/uploads\/2025\/12\/avene-avene-cicalfate-mains-creme-reparatrice-isolante-mains-100-ml-mains.jpg\",\"width\":700,\"height\":700},{\"@type\":\"BreadcrumbList\",\"@id\":\"https:\/\/paracherkaoui.ma\/index.php\/produit\/avene-cicalfate-mains-creme-reparatrice-isolante-mains-100-ml-2\/#breadcrumb\",\"itemListElement\":[{\"@type\":\"ListItem\",\"position\":1,\"name\":\"Accueil\",\"item\":\"https:\/\/paracherkaoui.ma\/\"},{\"@type\":\"ListItem\",\"position\":2,\"name\":\"Boutique\",\"item\":\"https:\/\/paracherkaoui.ma\/index.php\/boutique\/\"},{\"@type\":\"ListItem\",\"position\":3,\"name\":\"AVENE CICALFATE MAINS CREME REPARATRICE ISOLANTE MAINS 100 ML\"}]},{\"@type\":\"WebSite\",\"@id\":\"https:\/\/paracherkaoui.ma\/#website\",\"url\":\"https:\/\/paracherkaoui.ma\/\",\"name\":\"Paracherkaoui.ma\",\"description\":\"Achetez en ligne sur Paracherkaoui.ma\",\"potentialAction\":[{\"@type\":\"SearchAction\",\"target\":{\"@type\":\"EntryPoint\",\"urlTemplate\":\"https:\/\/paracherkaoui.ma\/?s={search_term_string}\"},\"query-input\":{\"@type\":\"PropertyValueSpecification\",\"valueRequired\":true,\"valueName\":\"search_term_string\"}}],\"inLanguage\":\"fr-FR\"}]}<\/script>\r\n<!-- \/ Yoast SEO plugin. -->","yoast_head_json":{"title":"AVENE CICALFATE MAINS CREME REPARATRICE ISOLANTE MAINS 100 ML - Paracherkaoui.ma","robots":{"index":"index","follow":"follow","max-snippet":"max-snippet:-1","max-image-preview":"max-image-preview:large","max-video-preview":"max-video-preview:-1"},"canonical":"https:\/\/paracherkaoui.ma\/index.php\/produit\/avene-cicalfate-mains-creme-reparatrice-isolante-mains-100-ml-2\/","og_locale":"fr_FR","og_type":"article","og_title":"AVENE CICALFATE MAINS CREME REPARATRICE ISOLANTE MAINS 100 ML - Paracherkaoui.ma","og_description":"\u2022 R\u00c9PARATION* des mains irrit\u00e9es par le froid, les lavages r\u00e9p\u00e9t\u00e9s et l\u2019application fr\u00e9quente de solution hydroalcoolique. Le Sucralfate, actif","og_url":"https:\/\/paracherkaoui.ma\/index.php\/produit\/avene-cicalfate-mains-creme-reparatrice-isolante-mains-100-ml-2\/","og_site_name":"Paracherkaoui.ma","article_modified_time":"2025-12-12T17:36:31+00:00","og_image":[{"width":700,"height":700,"url":"https:\/\/paracherkaoui.ma\/wp-content\/uploads\/2025\/12\/avene-avene-cicalfate-mains-creme-reparatrice-isolante-mains-100-ml-mains.jpg","type":"image\/jpeg"}],"twitter_card":"summary_large_image","twitter_misc":{"Dur\u00e9e de lecture estim\u00e9e":"1 minute"},"schema":{"@context":"https:\/\/schema.org","@graph":[{"@type":"WebPage","@id":"https:\/\/paracherkaoui.ma\/index.php\/produit\/avene-cicalfate-mains-creme-reparatrice-isolante-mains-100-ml-2\/","url":"https:\/\/paracherkaoui.ma\/index.php\/produit\/avene-cicalfate-mains-creme-reparatrice-isolante-mains-100-ml-2\/","name":"AVENE CICALFATE MAINS CREME REPARATRICE ISOLANTE MAINS 100 ML - Paracherkaoui.ma","isPartOf":{"@id":"https:\/\/paracherkaoui.ma\/#website"},"primaryImageOfPage":{"@id":"https:\/\/paracherkaoui.ma\/index.php\/produit\/avene-cicalfate-mains-creme-reparatrice-isolante-mains-100-ml-2\/#primaryimage"},"image":{"@id":"https:\/\/paracherkaoui.ma\/index.php\/produit\/avene-cicalfate-mains-creme-reparatrice-isolante-mains-100-ml-2\/#primaryimage"},"thumbnailUrl":"https:\/\/paracherkaoui.ma\/wp-content\/uploads\/2025\/12\/avene-avene-cicalfate-mains-creme-reparatrice-isolante-mains-100-ml-mains.jpg","datePublished":"2025-12-12T17:36:30+00:00","dateModified":"2025-12-12T17:36:31+00:00","breadcrumb":{"@id":"https:\/\/paracherkaoui.ma\/index.php\/produit\/avene-cicalfate-mains-creme-reparatrice-isolante-mains-100-ml-2\/#breadcrumb"},"inLanguage":"fr-FR","potentialAction":[{"@type":"ReadAction","target":["https:\/\/paracherkaoui.ma\/index.php\/produit\/avene-cicalfate-mains-creme-reparatrice-isolante-mains-100-ml-2\/"]}]},{"@type":"ImageObject","inLanguage":"fr-FR","@id":"https:\/\/paracherkaoui.ma\/index.php\/produit\/avene-cicalfate-mains-creme-reparatrice-isolante-mains-100-ml-2\/#primaryimage","url":"https:\/\/paracherkaoui.ma\/wp-content\/uploads\/2025\/12\/avene-avene-cicalfate-mains-creme-reparatrice-isolante-mains-100-ml-mains.jpg","contentUrl":"https:\/\/paracherkaoui.ma\/wp-content\/uploads\/2025\/12\/avene-avene-cicalfate-mains-creme-reparatrice-isolante-mains-100-ml-mains.jpg","width":700,"height":700},{"@type":"BreadcrumbList","@id":"https:\/\/paracherkaoui.ma\/index.php\/produit\/avene-cicalfate-mains-creme-reparatrice-isolante-mains-100-ml-2\/#breadcrumb","itemListElement":[{"@type":"ListItem","position":1,"name":"Accueil","item":"https:\/\/paracherkaoui.ma\/"},{"@type":"ListItem","position":2,"name":"Boutique","item":"https:\/\/paracherkaoui.ma\/index.php\/boutique\/"},{"@type":"ListItem","position":3,"name":"AVENE CICALFATE MAINS CREME REPARATRICE ISOLANTE MAINS 100 ML"}]},{"@type":"WebSite","@id":"https:\/\/paracherkaoui.ma\/#website","url":"https:\/\/paracherkaoui.ma\/","name":"Paracherkaoui.ma","description":"Achetez en ligne sur Paracherkaoui.ma","potentialAction":[{"@type":"SearchAction","target":{"@type":"EntryPoint","urlTemplate":"https:\/\/paracherkaoui.ma\/?s={search_term_string}"},"query-input":{"@type":"PropertyValueSpecification","valueRequired":true,"valueName":"search_term_string"}}],"inLanguage":"fr-FR"}]}},"_links":{"self":[{"href":"https:\/\/paracherkaoui.ma\/index.php\/wp-json\/wp\/v2\/product\/31878","targetHints":{"allow":["GET"]}}],"collection":[{"href":"https:\/\/paracherkaoui.ma\/index.php\/wp-json\/wp\/v2\/product"}],"about":[{"href":"https:\/\/paracherkaoui.ma\/index.php\/wp-json\/wp\/v2\/types\/product"}],"replies":[{"embeddable":true,"href":"https:\/\/paracherkaoui.ma\/index.php\/wp-json\/wp\/v2\/comments?post=31878"}],"version-history":[{"count":1,"href":"https:\/\/paracherkaoui.ma\/index.php\/wp-json\/wp\/v2\/product\/31878\/revisions"}],"predecessor-version":[{"id":31901,"href":"https:\/\/paracherkaoui.ma\/index.php\/wp-json\/wp\/v2\/product\/31878\/revisions\/31901"}],"wp:featuredmedia":[{"embeddable":true,"href":"https:\/\/paracherkaoui.ma\/index.php\/wp-json\/wp\/v2\/media\/14420"}],"wp:attachment":[{"href":"https:\/\/paracherkaoui.ma\/index.php\/wp-json\/wp\/v2\/media?parent=31878"}],"wp:term":[{"taxonomy":"product_brand","embeddable":true,"href":"https:\/\/paracherkaoui.ma\/index.php\/wp-json\/wp\/v2\/product_brand?post=31878"},{"taxonomy":"product_cat","embeddable":true,"href":"https:\/\/paracherkaoui.ma\/index.php\/wp-json\/wp\/v2\/product_cat?post=31878"},{"taxonomy":"product_tag","embeddable":true,"href":"https:\/\/paracherkaoui.ma\/index.php\/wp-json\/wp\/v2\/product_tag?post=31878"}],"curies":[{"name":"wp","href":"https:\/\/api.w.org\/{rel}","templated":true}]}}