{"id":31807,"date":"2025-12-12T18:36:20","date_gmt":"2025-12-12T17:36:20","guid":{"rendered":"https:\/\/test.ecbeaute.com\/?post_type=product&#038;p=31807"},"modified":"2025-12-12T18:36:27","modified_gmt":"2025-12-12T17:36:27","slug":"hei-poa-eau-de-toilette-tiare-et-vanille-50-ml","status":"publish","type":"product","link":"https:\/\/paracherkaoui.ma\/index.php\/produit\/hei-poa-eau-de-toilette-tiare-et-vanille-50-ml\/","title":{"rendered":"HEI POA EAU DE TOILETTE TIARE ET VANILLE 50 ML"},"content":{"rendered":"<p>D\u00e8s les premi\u00e8res notes, cette eau de toilette s\u00e9duit par un trio d\u2019agrumes lumineux, qui ouvre la fragrance avec fra\u00eecheur et l\u00e9g\u00e8ret\u00e9. Le c\u0153ur d\u00e9voile une fusion florale et sensuelle, o\u00f9 la fleur de tiar\u00e9 et la vanille rencontrent l\u2019iris, le jasmin et la fleur d\u2019oranger. Enfin, la signature bois\u00e9e du patchouli et du santal laisse un sillage profond, myst\u00e9rieux et \u00e9l\u00e9gant.<br \/>\nCon\u00e7ue pour toutes celles qui r\u00eavent d\u2019un parfum solaire et f\u00e9minin, HUILE POA Eau de Toilette Tiar\u00e9 et Vanille peut s\u2019utiliser \u00e0 tout moment de la journ\u00e9e. Son format 50 ml, pratique et nomade, se glisse facilement dans votre sac pour un parfumage discret et raffin\u00e9 \u00e0 tout instant.<br \/>\nConseils d\u2019utilisation<br \/>\nVaporisez \u00e0 quelques centim\u00e8tres de la peau, notamment sur le cou et les poignets.<br \/>\nPour une chevelure subtilement parfum\u00e9e, vaporisez sur votre brosse avant le coiffage.<br \/>\nEmportez-la partout pour raviver ses notes sensuelles \u00e0 tout moment de la journ\u00e9e.<br \/>\nComposition<br \/>\nAlcohol denat., aqua, parfum, limonene, coumarin, geraniol, linalool, benzyl salicylate, citral, alpha-isomethyl ionone, benzyl benzoate, citronellol, benzyl cinnamate, cinnamyl alcohol<\/p>\n","protected":false},"excerpt":{"rendered":"<p>D\u00e8s les premi\u00e8res notes, cette eau de toilette s\u00e9duit par un trio d\u2019agrumes lumineux, qui ouvre la fragrance avec fra\u00eecheur<\/p>\n","protected":false},"featured_media":31861,"comment_status":"open","ping_status":"closed","template":"","meta":[],"product_brand":[274],"product_cat":[569],"product_tag":[],"class_list":{"0":"post-31807","1":"product","2":"type-product","3":"status-publish","4":"has-post-thumbnail","6":"product_brand-hei-poa","7":"product_cat-parfums","9":"first","10":"instock","11":"sale","12":"shipping-taxable","13":"purchasable","14":"product-type-simple"},"yoast_head":"<!-- This site is optimized with the Yoast SEO plugin v26.6 - https:\/\/yoast.com\/wordpress\/plugins\/seo\/ -->\r\n<title>HEI POA EAU DE TOILETTE TIARE ET VANILLE 50 ML - Paracherkaoui.ma<\/title>\r\n<meta name=\"robots\" content=\"index, follow, max-snippet:-1, max-image-preview:large, max-video-preview:-1\" \/>\r\n<link rel=\"canonical\" href=\"https:\/\/paracherkaoui.ma\/index.php\/produit\/hei-poa-eau-de-toilette-tiare-et-vanille-50-ml\/\" \/>\r\n<meta property=\"og:locale\" content=\"fr_FR\" \/>\r\n<meta property=\"og:type\" content=\"article\" \/>\r\n<meta property=\"og:title\" content=\"HEI POA EAU DE TOILETTE TIARE ET VANILLE 50 ML - Paracherkaoui.ma\" \/>\r\n<meta property=\"og:description\" content=\"D\u00e8s les premi\u00e8res notes, cette eau de toilette s\u00e9duit par un trio d\u2019agrumes lumineux, qui ouvre la fragrance avec fra\u00eecheur\" \/>\r\n<meta property=\"og:url\" content=\"https:\/\/paracherkaoui.ma\/index.php\/produit\/hei-poa-eau-de-toilette-tiare-et-vanille-50-ml\/\" \/>\r\n<meta property=\"og:site_name\" content=\"Paracherkaoui.ma\" \/>\r\n<meta property=\"article:modified_time\" content=\"2025-12-12T17:36:27+00:00\" \/>\r\n<meta property=\"og:image\" content=\"https:\/\/paracherkaoui.ma\/wp-content\/uploads\/2025\/12\/hei-poa-hei-poa-eau-de-toilette-tiare-et-vanille-50-ml-parfums.jpg\" \/>\r\n\t<meta property=\"og:image:width\" content=\"700\" \/>\r\n\t<meta property=\"og:image:height\" content=\"700\" \/>\r\n\t<meta property=\"og:image:type\" content=\"image\/jpeg\" \/>\r\n<meta name=\"twitter:card\" content=\"summary_large_image\" \/>\r\n<meta name=\"twitter:label1\" content=\"Dur\u00e9e de lecture estim\u00e9e\" \/>\n\t<meta name=\"twitter:data1\" content=\"1 minute\" \/>\r\n<script type=\"application\/ld+json\" class=\"yoast-schema-graph\">{\"@context\":\"https:\/\/schema.org\",\"@graph\":[{\"@type\":\"WebPage\",\"@id\":\"https:\/\/paracherkaoui.ma\/index.php\/produit\/hei-poa-eau-de-toilette-tiare-et-vanille-50-ml\/\",\"url\":\"https:\/\/paracherkaoui.ma\/index.php\/produit\/hei-poa-eau-de-toilette-tiare-et-vanille-50-ml\/\",\"name\":\"HEI POA EAU DE TOILETTE TIARE ET VANILLE 50 ML - Paracherkaoui.ma\",\"isPartOf\":{\"@id\":\"https:\/\/paracherkaoui.ma\/#website\"},\"primaryImageOfPage\":{\"@id\":\"https:\/\/paracherkaoui.ma\/index.php\/produit\/hei-poa-eau-de-toilette-tiare-et-vanille-50-ml\/#primaryimage\"},\"image\":{\"@id\":\"https:\/\/paracherkaoui.ma\/index.php\/produit\/hei-poa-eau-de-toilette-tiare-et-vanille-50-ml\/#primaryimage\"},\"thumbnailUrl\":\"https:\/\/paracherkaoui.ma\/wp-content\/uploads\/2025\/12\/hei-poa-hei-poa-eau-de-toilette-tiare-et-vanille-50-ml-parfums.jpg\",\"datePublished\":\"2025-12-12T17:36:20+00:00\",\"dateModified\":\"2025-12-12T17:36:27+00:00\",\"breadcrumb\":{\"@id\":\"https:\/\/paracherkaoui.ma\/index.php\/produit\/hei-poa-eau-de-toilette-tiare-et-vanille-50-ml\/#breadcrumb\"},\"inLanguage\":\"fr-FR\",\"potentialAction\":[{\"@type\":\"ReadAction\",\"target\":[\"https:\/\/paracherkaoui.ma\/index.php\/produit\/hei-poa-eau-de-toilette-tiare-et-vanille-50-ml\/\"]}]},{\"@type\":\"ImageObject\",\"inLanguage\":\"fr-FR\",\"@id\":\"https:\/\/paracherkaoui.ma\/index.php\/produit\/hei-poa-eau-de-toilette-tiare-et-vanille-50-ml\/#primaryimage\",\"url\":\"https:\/\/paracherkaoui.ma\/wp-content\/uploads\/2025\/12\/hei-poa-hei-poa-eau-de-toilette-tiare-et-vanille-50-ml-parfums.jpg\",\"contentUrl\":\"https:\/\/paracherkaoui.ma\/wp-content\/uploads\/2025\/12\/hei-poa-hei-poa-eau-de-toilette-tiare-et-vanille-50-ml-parfums.jpg\",\"width\":700,\"height\":700},{\"@type\":\"BreadcrumbList\",\"@id\":\"https:\/\/paracherkaoui.ma\/index.php\/produit\/hei-poa-eau-de-toilette-tiare-et-vanille-50-ml\/#breadcrumb\",\"itemListElement\":[{\"@type\":\"ListItem\",\"position\":1,\"name\":\"Accueil\",\"item\":\"https:\/\/paracherkaoui.ma\/\"},{\"@type\":\"ListItem\",\"position\":2,\"name\":\"Boutique\",\"item\":\"https:\/\/paracherkaoui.ma\/index.php\/boutique\/\"},{\"@type\":\"ListItem\",\"position\":3,\"name\":\"HEI POA EAU DE TOILETTE TIARE ET VANILLE 50 ML\"}]},{\"@type\":\"WebSite\",\"@id\":\"https:\/\/paracherkaoui.ma\/#website\",\"url\":\"https:\/\/paracherkaoui.ma\/\",\"name\":\"Paracherkaoui.ma\",\"description\":\"Achetez en ligne sur Paracherkaoui.ma\",\"potentialAction\":[{\"@type\":\"SearchAction\",\"target\":{\"@type\":\"EntryPoint\",\"urlTemplate\":\"https:\/\/paracherkaoui.ma\/?s={search_term_string}\"},\"query-input\":{\"@type\":\"PropertyValueSpecification\",\"valueRequired\":true,\"valueName\":\"search_term_string\"}}],\"inLanguage\":\"fr-FR\"}]}<\/script>\r\n<!-- \/ Yoast SEO plugin. -->","yoast_head_json":{"title":"HEI POA EAU DE TOILETTE TIARE ET VANILLE 50 ML - Paracherkaoui.ma","robots":{"index":"index","follow":"follow","max-snippet":"max-snippet:-1","max-image-preview":"max-image-preview:large","max-video-preview":"max-video-preview:-1"},"canonical":"https:\/\/paracherkaoui.ma\/index.php\/produit\/hei-poa-eau-de-toilette-tiare-et-vanille-50-ml\/","og_locale":"fr_FR","og_type":"article","og_title":"HEI POA EAU DE TOILETTE TIARE ET VANILLE 50 ML - Paracherkaoui.ma","og_description":"D\u00e8s les premi\u00e8res notes, cette eau de toilette s\u00e9duit par un trio d\u2019agrumes lumineux, qui ouvre la fragrance avec fra\u00eecheur","og_url":"https:\/\/paracherkaoui.ma\/index.php\/produit\/hei-poa-eau-de-toilette-tiare-et-vanille-50-ml\/","og_site_name":"Paracherkaoui.ma","article_modified_time":"2025-12-12T17:36:27+00:00","og_image":[{"width":700,"height":700,"url":"https:\/\/paracherkaoui.ma\/wp-content\/uploads\/2025\/12\/hei-poa-hei-poa-eau-de-toilette-tiare-et-vanille-50-ml-parfums.jpg","type":"image\/jpeg"}],"twitter_card":"summary_large_image","twitter_misc":{"Dur\u00e9e de lecture estim\u00e9e":"1 minute"},"schema":{"@context":"https:\/\/schema.org","@graph":[{"@type":"WebPage","@id":"https:\/\/paracherkaoui.ma\/index.php\/produit\/hei-poa-eau-de-toilette-tiare-et-vanille-50-ml\/","url":"https:\/\/paracherkaoui.ma\/index.php\/produit\/hei-poa-eau-de-toilette-tiare-et-vanille-50-ml\/","name":"HEI POA EAU DE TOILETTE TIARE ET VANILLE 50 ML - Paracherkaoui.ma","isPartOf":{"@id":"https:\/\/paracherkaoui.ma\/#website"},"primaryImageOfPage":{"@id":"https:\/\/paracherkaoui.ma\/index.php\/produit\/hei-poa-eau-de-toilette-tiare-et-vanille-50-ml\/#primaryimage"},"image":{"@id":"https:\/\/paracherkaoui.ma\/index.php\/produit\/hei-poa-eau-de-toilette-tiare-et-vanille-50-ml\/#primaryimage"},"thumbnailUrl":"https:\/\/paracherkaoui.ma\/wp-content\/uploads\/2025\/12\/hei-poa-hei-poa-eau-de-toilette-tiare-et-vanille-50-ml-parfums.jpg","datePublished":"2025-12-12T17:36:20+00:00","dateModified":"2025-12-12T17:36:27+00:00","breadcrumb":{"@id":"https:\/\/paracherkaoui.ma\/index.php\/produit\/hei-poa-eau-de-toilette-tiare-et-vanille-50-ml\/#breadcrumb"},"inLanguage":"fr-FR","potentialAction":[{"@type":"ReadAction","target":["https:\/\/paracherkaoui.ma\/index.php\/produit\/hei-poa-eau-de-toilette-tiare-et-vanille-50-ml\/"]}]},{"@type":"ImageObject","inLanguage":"fr-FR","@id":"https:\/\/paracherkaoui.ma\/index.php\/produit\/hei-poa-eau-de-toilette-tiare-et-vanille-50-ml\/#primaryimage","url":"https:\/\/paracherkaoui.ma\/wp-content\/uploads\/2025\/12\/hei-poa-hei-poa-eau-de-toilette-tiare-et-vanille-50-ml-parfums.jpg","contentUrl":"https:\/\/paracherkaoui.ma\/wp-content\/uploads\/2025\/12\/hei-poa-hei-poa-eau-de-toilette-tiare-et-vanille-50-ml-parfums.jpg","width":700,"height":700},{"@type":"BreadcrumbList","@id":"https:\/\/paracherkaoui.ma\/index.php\/produit\/hei-poa-eau-de-toilette-tiare-et-vanille-50-ml\/#breadcrumb","itemListElement":[{"@type":"ListItem","position":1,"name":"Accueil","item":"https:\/\/paracherkaoui.ma\/"},{"@type":"ListItem","position":2,"name":"Boutique","item":"https:\/\/paracherkaoui.ma\/index.php\/boutique\/"},{"@type":"ListItem","position":3,"name":"HEI POA EAU DE TOILETTE TIARE ET VANILLE 50 ML"}]},{"@type":"WebSite","@id":"https:\/\/paracherkaoui.ma\/#website","url":"https:\/\/paracherkaoui.ma\/","name":"Paracherkaoui.ma","description":"Achetez en ligne sur Paracherkaoui.ma","potentialAction":[{"@type":"SearchAction","target":{"@type":"EntryPoint","urlTemplate":"https:\/\/paracherkaoui.ma\/?s={search_term_string}"},"query-input":{"@type":"PropertyValueSpecification","valueRequired":true,"valueName":"search_term_string"}}],"inLanguage":"fr-FR"}]}},"_links":{"self":[{"href":"https:\/\/paracherkaoui.ma\/index.php\/wp-json\/wp\/v2\/product\/31807","targetHints":{"allow":["GET"]}}],"collection":[{"href":"https:\/\/paracherkaoui.ma\/index.php\/wp-json\/wp\/v2\/product"}],"about":[{"href":"https:\/\/paracherkaoui.ma\/index.php\/wp-json\/wp\/v2\/types\/product"}],"replies":[{"embeddable":true,"href":"https:\/\/paracherkaoui.ma\/index.php\/wp-json\/wp\/v2\/comments?post=31807"}],"version-history":[{"count":1,"href":"https:\/\/paracherkaoui.ma\/index.php\/wp-json\/wp\/v2\/product\/31807\/revisions"}],"predecessor-version":[{"id":31862,"href":"https:\/\/paracherkaoui.ma\/index.php\/wp-json\/wp\/v2\/product\/31807\/revisions\/31862"}],"wp:featuredmedia":[{"embeddable":true,"href":"https:\/\/paracherkaoui.ma\/index.php\/wp-json\/wp\/v2\/media\/31861"}],"wp:attachment":[{"href":"https:\/\/paracherkaoui.ma\/index.php\/wp-json\/wp\/v2\/media?parent=31807"}],"wp:term":[{"taxonomy":"product_brand","embeddable":true,"href":"https:\/\/paracherkaoui.ma\/index.php\/wp-json\/wp\/v2\/product_brand?post=31807"},{"taxonomy":"product_cat","embeddable":true,"href":"https:\/\/paracherkaoui.ma\/index.php\/wp-json\/wp\/v2\/product_cat?post=31807"},{"taxonomy":"product_tag","embeddable":true,"href":"https:\/\/paracherkaoui.ma\/index.php\/wp-json\/wp\/v2\/product_tag?post=31807"}],"curies":[{"name":"wp","href":"https:\/\/api.w.org\/{rel}","templated":true}]}}